{"id":10198,"date":"2022-11-11T14:20:35","date_gmt":"2022-11-11T14:20:35","guid":{"rendered":"https:\/\/amantesdeteruel.es\/tickets\/"},"modified":"2024-07-26T05:19:58","modified_gmt":"2024-07-26T05:19:58","slug":"tickets","status":"publish","type":"page","link":"https:\/\/amantesdeteruel.es\/en\/tickets\/","title":{"rendered":"Tickets"},"content":{"rendered":"<p>[et_pb_section fb_built=&#8221;1&#8243; _builder_version=&#8221;4.17.4&#8243; _module_preset=&#8221;default&#8221; global_colors_info=&#8221;{}&#8221;][et_pb_row use_custom_gutter=&#8221;on&#8221; gutter_width=&#8221;4&#8243; _builder_version=&#8221;4.17.4&#8243; _module_preset=&#8221;default&#8221; max_width=&#8221;2560px&#8221; global_colors_info=&#8221;{}&#8221;][et_pb_column type=&#8221;4_4&#8243; _builder_version=&#8221;4.17.4&#8243; _module_preset=&#8221;default&#8221; global_colors_info=&#8221;{}&#8221;][et_pb_text _builder_version=&#8221;4.17.4&#8243; _module_preset=&#8221;default&#8221; text_font=&#8221;Montserrat|700|||||||&#8221; text_text_color=&#8221;#333333&#8243; text_font_size=&#8221;48px&#8221; text_line_height=&#8221;1em&#8221; global_colors_info=&#8221;{}&#8221;]<\/p>\n<p>SELECT RATE<\/p>\n<p>[\/et_pb_text][\/et_pb_column][\/et_pb_row][et_pb_row column_structure=&#8221;1_4,1_4,1_4,1_4&#8243; use_custom_gutter=&#8221;on&#8221; gutter_width=&#8221;2&#8243; make_equal=&#8221;on&#8221; _builder_version=&#8221;4.19.2&#8243; _module_preset=&#8221;default&#8221; max_width=&#8221;2560px&#8221; custom_margin=&#8221;||||false|false&#8221; custom_padding=&#8221;||||false|false&#8221; global_colors_info=&#8221;{}&#8221;][et_pb_column type=&#8221;1_4&#8243; _builder_version=&#8221;4.19.2&#8243; _module_preset=&#8221;default&#8221; background_color=&#8221;#f3f3f3&#8243; custom_padding=&#8221;20px|20px|20px|20px|false|false&#8221; link_option_url=&#8221;https:\/\/entradas.amantesdeteruel.es\/reservarEntradas.aspx?opc=2&#038;m=WEB&#038;lg=es-ES&#8221; link_option_url_new_window=&#8221;on&#8221; border_radii=&#8221;on|10px|10px|10px|10px&#8221; global_colors_info=&#8221;{}&#8221;][et_pb_text _builder_version=&#8221;4.17.4&#8243; _module_preset=&#8221;default&#8221; text_font=&#8221;Montserrat|700|||||||&#8221; text_text_color=&#8221;#71283b&#8221; text_font_size=&#8221;25px&#8221; custom_margin=&#8221;0px||30px||false|false&#8221; custom_padding=&#8221;0px||0px||false|false&#8221; global_colors_info=&#8221;{}&#8221;]<\/p>\n<p style=\"text-align: center;\">Visit without the tower and the outer walk.<\/p>\n<p>[\/et_pb_text][et_pb_text _builder_version=&#8221;4.24.3&#8243; _module_preset=&#8221;default&#8221; text_font=&#8221;Montserrat|600|||||||&#8221; text_text_color=&#8221;#535353&#8243; text_font_size=&#8221;18px&#8221; text_orientation=&#8221;center&#8221; min_height=&#8221;120px&#8221; custom_margin=&#8221;0px|40px|25px|40px|false|false&#8221; custom_padding=&#8221;0px||0px||false|false&#8221; hover_enabled=&#8221;0&#8243; text_orientation_tablet=&#8221;center&#8221; text_orientation_phone=&#8221;center&#8221; text_orientation_last_edited=&#8221;on|tablet&#8221; global_colors_info=&#8221;{}&#8221; sticky_enabled=&#8221;0&#8243;]<\/p>\n<h3 style=\"text-align: center; text-transform: uppercase;\">includes<\/h3>\n<p>Mausoleum of the Amantes<br \/>Church of San Pedro<br \/>Claustro Mud\u00e9jar de San Pedro<br \/>\u00c1bside y jard\u00edn de San Pedro<\/p>\n<p>[\/et_pb_text][et_pb_image src=&#8221;https:\/\/amantesdeteruel.es\/wp-content\/uploads\/2022\/11\/tarifa1.jpg&#8221; title_text=&#8221;ticket1&#8243; force_fullwidth=&#8221;on&#8221; _builder_version=&#8221;4.17.4&#8243; _module_preset=&#8221;default&#8221; global_colors_info=&#8221;{}&#8221;][\/et_pb_image][et_pb_text _builder_version=&#8221;4.19.2&#8243; _module_preset=&#8221;default&#8221; text_font=&#8221;Montserrat|600|||||||&#8221; text_text_color=&#8221;#535353&#8243; custom_margin=&#8221;0px||20px||false|false&#8221; custom_padding=&#8221;0px||0px||false|false&#8221; global_colors_info=&#8221;{}&#8221;]<\/p>\n<p><img decoding=\"async\" src=\"https:\/\/amantesdeteruel.es\/wp-content\/uploads\/2022\/11\/incompleto.png\" width=\"120\" height=\"\" alt=\"\" class=\"wp-image-3622 alignleft size-full\">Guided visit<br \/>Visit lenght: 45\u2019 approx.<\/p>\n<p>&nbsp;<\/p>\n<p>[\/et_pb_text][\/et_pb_column][et_pb_column type=&#8221;1_4&#8243; _builder_version=&#8221;4.19.2&#8243; _module_preset=&#8221;default&#8221; background_color=&#8221;#f3f3f3&#8243; custom_padding=&#8221;20px|20px|20px|20px|false|false&#8221; link_option_url=&#8221;https:\/\/entradas.amantesdeteruel.es\/reservarEntradas.aspx?opc=3&#038;m=WEB&#038;lg=es-ES&#8221; link_option_url_new_window=&#8221;on&#8221; border_radii=&#8221;on|10px|10px|10px|10px&#8221; global_colors_info=&#8221;{}&#8221;][et_pb_text _builder_version=&#8221;4.17.4&#8243; _module_preset=&#8221;default&#8221; text_font=&#8221;Montserrat|700|||||||&#8221; text_text_color=&#8221;#71283b&#8221; text_font_size=&#8221;25px&#8221; custom_margin=&#8221;0px||30px||false|false&#8221; custom_padding=&#8221;0px||0px||false|false&#8221; global_colors_info=&#8221;{}&#8221;]<\/p>\n<p style=\"text-align: center;\">visit full<\/p>\n<p>[\/et_pb_text][et_pb_text _builder_version=&#8221;4.24.3&#8243; _module_preset=&#8221;default&#8221; text_font=&#8221;Montserrat|600|||||||&#8221; text_text_color=&#8221;#535353&#8243; text_font_size=&#8221;18px&#8221; text_orientation=&#8221;center&#8221; min_height=&#8221;120px&#8221; custom_margin=&#8221;0px|40px|25px|40px|false|false&#8221; custom_padding=&#8221;0px||0px||false|false&#8221; hover_enabled=&#8221;0&#8243; text_orientation_tablet=&#8221;center&#8221; text_orientation_phone=&#8221;center&#8221; text_orientation_last_edited=&#8221;on|tablet&#8221; global_colors_info=&#8221;{}&#8221; sticky_enabled=&#8221;0&#8243;]<\/p>\n<h3 style=\"text-align: center; text-transform: uppercase;\">includes<\/h3>\n<p style=\"text-align: center;\">Mausoleum of the Amantes<br \/>Church of San Pedro<br \/>Claustro Mud\u00e9jar de San Pedro<br \/>\u00c1bside y jard\u00edn de San Pedro<br \/>San Pedro Tower and \u00c1ndito<\/p>\n<p>[\/et_pb_text][et_pb_image src=&#8221;https:\/\/amantesdeteruel.es\/wp-content\/uploads\/2022\/11\/tarifa2.jpg&#8221; title_text=&#8221;ticket2&#8243; force_fullwidth=&#8221;on&#8221; _builder_version=&#8221;4.17.4&#8243; _module_preset=&#8221;default&#8221; global_colors_info=&#8221;{}&#8221;][\/et_pb_image][et_pb_text _builder_version=&#8221;4.19.2&#8243; _module_preset=&#8221;default&#8221; text_font=&#8221;Montserrat|600|||||||&#8221; text_text_color=&#8221;#535353&#8243; custom_margin=&#8221;0px||20px||false|false&#8221; custom_padding=&#8221;0px||0px||false|false&#8221; global_colors_info=&#8221;{}&#8221;]<\/p>\n<p><img decoding=\"async\" src=\"https:\/\/amantesdeteruel.es\/wp-content\/uploads\/2022\/11\/completo.png\" width=\"120\" height=\"\" alt=\"\" class=\"wp-image-3622 alignleft size-full\"><\/p>\n<p>Guided visit<\/p>\n<p>Duration of the visit approx. 1 hour.<\/p>\n<p>&nbsp;<\/p>\n<p>[\/et_pb_text][\/et_pb_column][et_pb_column type=&#8221;1_4&#8243; _builder_version=&#8221;4.19.2&#8243; _module_preset=&#8221;default&#8221; background_color=&#8221;#f3f3f3&#8243; custom_padding=&#8221;20px|20px|20px|20px|false|false&#8221; link_option_url=&#8221;https:\/\/entradas.amantesdeteruel.es\/reservarEntradas.aspx?opc=5&#038;m=WEB&#038;lg=es-ES&#8221; link_option_url_new_window=&#8221;on&#8221; border_radii=&#8221;on|10px|10px|10px|10px&#8221; global_colors_info=&#8221;{}&#8221;][et_pb_text _builder_version=&#8221;4.19.2&#8243; _module_preset=&#8221;default&#8221; text_font=&#8221;Montserrat|700|||||||&#8221; text_text_color=&#8221;#71283b&#8221; text_font_size=&#8221;25px&#8221; custom_margin=&#8221;0px||30px||false|false&#8221; custom_padding=&#8221;0px||0px||false|false&#8221; global_colors_info=&#8221;{}&#8221;]<\/p>\n<p style=\"text-align: center;\">Visit without the tower and the outer walk.<br \/>\n<span style=\"font-size:0.75em\">(Audio guide included.)<\/span><\/p>\n<p>[\/et_pb_text][et_pb_text _builder_version=&#8221;4.24.3&#8243; _module_preset=&#8221;default&#8221; text_font=&#8221;Montserrat|600|||||||&#8221; text_text_color=&#8221;#535353&#8243; text_font_size=&#8221;18px&#8221; text_orientation=&#8221;center&#8221; min_height=&#8221;120px&#8221; custom_margin=&#8221;0px|40px|25px|40px|false|false&#8221; custom_padding=&#8221;0px||0px||false|false&#8221; hover_enabled=&#8221;0&#8243; text_orientation_tablet=&#8221;center&#8221; text_orientation_phone=&#8221;center&#8221; text_orientation_last_edited=&#8221;on|tablet&#8221; global_colors_info=&#8221;{}&#8221; sticky_enabled=&#8221;0&#8243;]<\/p>\n<h3 style=\"text-align: center; text-transform: uppercase;\">includes<\/h3>\n<p>Mausoleum of the Amantes<br \/>Church of San Pedro<br \/>Mudejar Cloister of San Pedro<br \/>\u00c1bside y jard\u00edn de San Pedro<\/p>\n<p>[\/et_pb_text][et_pb_image src=&#8221;https:\/\/amantesdeteruel.es\/wp-content\/uploads\/2022\/11\/tarifa1.jpg&#8221; title_text=&#8221;ticket1&#8243; force_fullwidth=&#8221;on&#8221; _builder_version=&#8221;4.17.4&#8243; _module_preset=&#8221;default&#8221; global_colors_info=&#8221;{}&#8221;][\/et_pb_image][et_pb_text _builder_version=&#8221;4.19.2&#8243; _module_preset=&#8221;default&#8221; text_font=&#8221;Montserrat|600|||||||&#8221; text_text_color=&#8221;#535353&#8243; custom_margin=&#8221;0px||20px||false|false&#8221; custom_padding=&#8221;0px||0px||false|false&#8221; global_colors_info=&#8221;{}&#8221;]<\/p>\n<p><img decoding=\"async\" src=\"https:\/\/amantesdeteruel.es\/wp-content\/uploads\/2022\/11\/incompleto.png\" width=\"120\" height=\"\" alt=\"\" class=\"wp-image-3622 alignleft size-full\"><strong>NOT <\/strong> guided visit.<br \/>Visit lenght: 45\u2019 approx.<br \/>This visit option can be done independently or with an audio guide.<\/p>\n<p>[\/et_pb_text][\/et_pb_column][et_pb_column type=&#8221;1_4&#8243; _builder_version=&#8221;4.19.2&#8243; _module_preset=&#8221;default&#8221; background_color=&#8221;#f3f3f3&#8243; custom_padding=&#8221;20px|20px|20px|20px|false|false&#8221; link_option_url=&#8221;https:\/\/entradas.amantesdeteruel.es\/reservarEntradas.aspx?opc=4&#038;m=WEB&#038;lg=es-ES&#8221; link_option_url_new_window=&#8221;on&#8221; border_radii=&#8221;on|10px|10px|10px|10px&#8221; global_colors_info=&#8221;{}&#8221;][et_pb_text _builder_version=&#8221;4.17.4&#8243; _module_preset=&#8221;default&#8221; text_font=&#8221;Montserrat|700|||||||&#8221; text_text_color=&#8221;#71283b&#8221; text_font_size=&#8221;25px&#8221; custom_margin=&#8221;0px||30px||false|false&#8221; custom_padding=&#8221;0px||0px||false|false&#8221; global_colors_info=&#8221;{}&#8221;]<\/p>\n<p style=\"text-align: center;\">Family visit<\/p>\n<p>[\/et_pb_text][et_pb_text _builder_version=&#8221;4.24.3&#8243; _module_preset=&#8221;default&#8221; text_font=&#8221;Montserrat|600|||||||&#8221; text_text_color=&#8221;#535353&#8243; text_font_size=&#8221;18px&#8221; text_orientation=&#8221;center&#8221; min_height=&#8221;120px&#8221; custom_margin=&#8221;0px|40px|25px|40px|false|false&#8221; custom_padding=&#8221;0px||0px||false|false&#8221; hover_enabled=&#8221;0&#8243; text_orientation_tablet=&#8221;center&#8221; text_orientation_phone=&#8221;center&#8221; text_orientation_last_edited=&#8221;on|tablet&#8221; global_colors_info=&#8221;{}&#8221; sticky_enabled=&#8221;0&#8243;]<\/p>\n<h3 style=\"text-align: center; text-transform: uppercase;\">includes<\/h3>\n<p>Mausoleum of the Amantes<br \/>Church of San Pedro<br \/>Mudejar Cloister of San Pedro<br \/>\u00c1bside y jard\u00edn de San Pedro<br \/>San Pedro Tower and \u00c1ndito<\/p>\n<p>[\/et_pb_text][et_pb_image src=&#8221;https:\/\/amantesdeteruel.es\/wp-content\/uploads\/2022\/11\/tarifa3.jpg&#8221; title_text=&#8221;ticket3&#8243; force_fullwidth=&#8221;on&#8221; _builder_version=&#8221;4.17.4&#8243; _module_preset=&#8221;default&#8221; global_colors_info=&#8221;{}&#8221;][\/et_pb_image][et_pb_text _builder_version=&#8221;4.19.2&#8243; _module_preset=&#8221;default&#8221; text_font=&#8221;Montserrat|600|||||||&#8221; text_text_color=&#8221;#535353&#8243; custom_margin=&#8221;0px||20px||false|false&#8221; custom_padding=&#8221;0px||0px||false|false&#8221; global_colors_info=&#8221;{}&#8221;]<\/p>\n<p><img decoding=\"async\" src=\"https:\/\/amantesdeteruel.es\/wp-content\/uploads\/2022\/11\/completo.png\" width=\"120\" height=\"\" alt=\"\" class=\"wp-image-3622 alignleft size-full\">Guided visit Duration of the visit approx. 1 hour.<\/p>\n<p>The family visit is aimed at children between 6 and 12 years old.<\/p>\n<p>[\/et_pb_text][\/et_pb_column][\/et_pb_row][et_pb_row use_custom_gutter=&#8221;on&#8221; gutter_width=&#8221;4&#8243; _builder_version=&#8221;4.17.4&#8243; _module_preset=&#8221;default&#8221; max_width=&#8221;2560px&#8221; global_colors_info=&#8221;{}&#8221;][et_pb_column type=&#8221;4_4&#8243; _builder_version=&#8221;4.17.4&#8243; _module_preset=&#8221;default&#8221; global_colors_info=&#8221;{}&#8221;][et_pb_text _builder_version=&#8221;4.19.2&#8243; _module_preset=&#8221;default&#8221; text_font=&#8221;Montserrat|700|||||||&#8221; text_text_color=&#8221;#71283b&#8221; text_font_size=&#8221;20px&#8221; header_font=&#8221;Montserrat||||||||&#8221; header_text_color=&#8221;#71283b&#8221; global_colors_info=&#8221;{}&#8221;]<\/p>\n<h6 style=\"color: #71283b; font-weight: 600; text-align: center;\">It was declared world heritage site by the UNESCO in 1986<\/h6>\n<p>[\/et_pb_text][et_pb_text disabled_on=&#8221;on|on|on&#8221; _builder_version=&#8221;4.19.2&#8243; _module_preset=&#8221;default&#8221; text_font=&#8221;Montserrat|700|||||||&#8221; text_text_color=&#8221;#333333&#8243; text_font_size=&#8221;20px&#8221; disabled=&#8221;on&#8221; global_colors_info=&#8221;{}&#8221;]<\/p>\n<p>IMPORTANT WARNING<\/p>\n<p style=\"font-size: 14px;\">If tickets are sold out for the VISIT WITHOUT TOWER AND THE OUTER WALK or FULL VISIT, PURCHASE TICKETS: VISIT WITHOUT TOWER AND WALKWAY WITH AUDIO GUIDE or choose another time schedule.<\/p>\n<p>[\/et_pb_text][et_pb_text _builder_version=&#8221;4.19.2&#8243; _module_preset=&#8221;default&#8221; text_font=&#8221;Montserrat|700|||||||&#8221; text_text_color=&#8221;#333333&#8243; text_font_size=&#8221;20px&#8221; global_colors_info=&#8221;{}&#8221;]IMPORTANT WARNING<\/p>\n<p style=\"font-size: 14px;\">If tickets are sold out for the VISIT WITHOUT TOWER AND THE OUTER WALK or FULL VISIT, PURCHASE TICKETS: VISIT WITHOUT TOWER AND WALKWAY WITH AUDIO GUIDE or choose another time schedule.<\/p>\n<p>[\/et_pb_text][et_pb_text _builder_version=&#8221;4.19.2&#8243; _module_preset=&#8221;default&#8221; text_font=&#8221;Nunito||||||||&#8221; text_text_color=&#8221;#5a6268&#8243; header_text_align=&#8221;left&#8221; header_text_color=&#8221;#000000&#8243; custom_margin=&#8221;||||false|false&#8221; custom_padding=&#8221;||||false|false&#8221; locked=&#8221;off&#8221; global_colors_info=&#8221;{}&#8221;]<\/p>\n<p style=\"text-align: center;\">Admission includes guided tour or audio guide.<br \/>Access is with a time pass, select date and time when purchasing your ticket.<br \/>Free and reduced tickets require official, valid, and updated identification to be presented at the ticket office on the day of the visit.<\/p>\n<p>[\/et_pb_text][\/et_pb_column][\/et_pb_row][\/et_pb_section]<\/p>\n","protected":false},"excerpt":{"rendered":"<p>SELECT RATEVisit without the tower and the outer walk.includes Mausoleum of the AmantesChurch of San PedroClaustro Mud\u00e9jar de San Pedro\u00c1bside y jard\u00edn de San PedroGuided visitVisit lenght: 45\u2019 approx. &nbsp;visit fullincludes Mausoleum of the AmantesChurch of San PedroClaustro Mud\u00e9jar de San Pedro\u00c1bside y jard\u00edn de San PedroSan Pedro Tower and \u00c1ndito Guided visit Duration of [&hellip;]<\/p>\n","protected":false},"author":1,"featured_media":0,"parent":0,"menu_order":0,"comment_status":"closed","ping_status":"closed","template":"","meta":{"_acf_changed":false,"_et_pb_use_builder":"on","_et_pb_old_content":"","_et_gb_content_width":"","footnotes":""},"class_list":["post-10198","page","type-page","status-publish","hentry"],"acf":[],"_links":{"self":[{"href":"https:\/\/amantesdeteruel.es\/en\/wp-json\/wp\/v2\/pages\/10198","targetHints":{"allow":["GET"]}}],"collection":[{"href":"https:\/\/amantesdeteruel.es\/en\/wp-json\/wp\/v2\/pages"}],"about":[{"href":"https:\/\/amantesdeteruel.es\/en\/wp-json\/wp\/v2\/types\/page"}],"author":[{"embeddable":true,"href":"https:\/\/amantesdeteruel.es\/en\/wp-json\/wp\/v2\/users\/1"}],"replies":[{"embeddable":true,"href":"https:\/\/amantesdeteruel.es\/en\/wp-json\/wp\/v2\/comments?post=10198"}],"version-history":[{"count":3,"href":"https:\/\/amantesdeteruel.es\/en\/wp-json\/wp\/v2\/pages\/10198\/revisions"}],"predecessor-version":[{"id":11080,"href":"https:\/\/amantesdeteruel.es\/en\/wp-json\/wp\/v2\/pages\/10198\/revisions\/11080"}],"wp:attachment":[{"href":"https:\/\/amantesdeteruel.es\/en\/wp-json\/wp\/v2\/media?parent=10198"}],"curies":[{"name":"wp","href":"https:\/\/api.w.org\/{rel}","templated":true}]}}