{"id":10602,"date":"2024-05-23T22:13:22","date_gmt":"2024-05-23T22:13:22","guid":{"rendered":"https:\/\/amantesdeteruel.es\/?page_id=10602"},"modified":"2024-06-05T15:57:48","modified_gmt":"2024-06-05T15:57:48","slug":"una-noche-con-los-amantes-de-teruel","status":"publish","type":"page","link":"https:\/\/amantesdeteruel.es\/en\/centro-hartzenbusch\/publicaciones\/publicaciones-fundacion-amantes\/una-noche-con-los-amantes-de-teruel\/","title":{"rendered":"Una noche con los Amantes de Teruel"},"content":{"rendered":"<p>[et_pb_section fb_built=&#8221;1&#8243; _builder_version=&#8221;4.24.3&#8243; _module_preset=&#8221;default&#8221; background_image=&#8221;https:\/\/amantesdeteruel.es\/wp-content\/uploads\/2024\/04\/portada_publicaciones_centro_hartzenbusch.jpg&#8221; height=&#8221;425px&#8221; custom_padding=&#8221;|10vh||10vh|false|true&#8221; global_colors_info=&#8221;{}&#8221;][et_pb_row _builder_version=&#8221;4.24.3&#8243; _module_preset=&#8221;default&#8221; width=&#8221;100%&#8221; max_width=&#8221;2560px&#8221; global_colors_info=&#8221;{}&#8221;][et_pb_column type=&#8221;4_4&#8243; _builder_version=&#8221;4.24.3&#8243; _module_preset=&#8221;default&#8221; global_colors_info=&#8221;{}&#8221;][et_pb_text _builder_version=&#8221;4.24.3&#8243; _module_preset=&#8221;default&#8221; header_font=&#8221;Montserrat|200||on|||||&#8221; header_text_color=&#8221;#FFFFFF&#8221; header_font_size=&#8221;80px&#8221; header_letter_spacing=&#8221;6px&#8221; locked=&#8221;off&#8221; global_colors_info=&#8221;{}&#8221;]<\/p>\n<h1><strong>PUBLICACIONES<\/strong><\/h1>\n<p>[\/et_pb_text][\/et_pb_column][\/et_pb_row][\/et_pb_section][et_pb_section fb_built=&#8221;1&#8243; _builder_version=&#8221;4.24.3&#8243; _module_preset=&#8221;default&#8221; background_color=&#8221;#773442&#8243; custom_margin=&#8221;-2px||||false|false&#8221; custom_padding=&#8221;0px||10px||false|false&#8221; locked=&#8221;off&#8221; global_colors_info=&#8221;{}&#8221;][et_pb_row _builder_version=&#8221;4.24.3&#8243; _module_preset=&#8221;default&#8221; global_colors_info=&#8221;{}&#8221;][et_pb_column type=&#8221;4_4&#8243; _builder_version=&#8221;4.24.3&#8243; _module_preset=&#8221;default&#8221; global_colors_info=&#8221;{}&#8221;][et_pb_menu menu_id=&#8221;262&#8243; module_id=&#8221;menu_recursos&#8221; _builder_version=&#8221;4.24.3&#8243; _module_preset=&#8221;default&#8221; menu_font=&#8221;Nunito||||||||&#8221; menu_text_color=&#8221;#FFFFFF&#8221; menu_font_size=&#8221;16px&#8221; background_color=&#8221;RGBA(255,255,255,0)&#8221; global_colors_info=&#8221;{}&#8221;][\/et_pb_menu][\/et_pb_column][\/et_pb_row][\/et_pb_section][et_pb_section fb_built=&#8221;1&#8243; _builder_version=&#8221;4.24.3&#8243; _module_preset=&#8221;default&#8221; background_enable_image=&#8221;off&#8221; custom_margin=&#8221;60px|0px|0px|0px|false|false&#8221; custom_padding=&#8221;0px|0px|0px|0px|false|false&#8221; global_colors_info=&#8221;{}&#8221;][et_pb_row _builder_version=&#8221;4.24.3&#8243; _module_preset=&#8221;default&#8221; custom_margin=&#8221;||0px||false|false&#8221; custom_padding=&#8221;||0px||false|false&#8221; global_colors_info=&#8221;{}&#8221;][et_pb_column type=&#8221;4_4&#8243; _builder_version=&#8221;4.24.3&#8243; _module_preset=&#8221;default&#8221; global_colors_info=&#8221;{}&#8221;][et_pb_text _builder_version=&#8221;4.24.3&#8243; _module_preset=&#8221;default&#8221; text_font=&#8221;Nunito|300|||||||&#8221; text_text_color=&#8221;#6d6d6d&#8221; text_font_size=&#8221;16px&#8221; text_line_height=&#8221;1.3em&#8221; header_text_align=&#8221;left&#8221; header_text_color=&#8221;#000000&#8243; header_2_font=&#8221;Montserrat|800|||||||&#8221; header_2_text_color=&#8221;#773442&#8243; header_2_font_size=&#8221;25px&#8221; header_3_font=&#8221;Montserrat|800|||||||&#8221; header_3_text_color=&#8221;#773442&#8243; header_3_font_size=&#8221;20px&#8221; header_4_font=&#8221;Montserrat|700|||||||&#8221; header_4_text_color=&#8221;#773442&#8243; header_4_font_size=&#8221;16px&#8221; custom_margin=&#8221;||||false|false&#8221; custom_padding=&#8221;||||false|false&#8221; global_colors_info=&#8221;{}&#8221;]<\/p>\n<h2>Una noche con los Amantes de Teruel<\/h2>\n<p>[\/et_pb_text][\/et_pb_column][\/et_pb_row][\/et_pb_section][et_pb_section fb_built=&#8221;1&#8243; use_custom_gutter=&#8221;on&#8221; gutter_width=&#8221;2&#8243; specialty=&#8221;on&#8221; _builder_version=&#8221;4.24.3&#8243; _module_preset=&#8221;default&#8221; custom_margin=&#8221;0px||||false|false&#8221; custom_padding=&#8221;0px||||false|false&#8221; global_colors_info=&#8221;{}&#8221;][et_pb_column type=&#8221;1_3&#8243; _builder_version=&#8221;4.16&#8243; custom_padding=&#8221;|||&#8221; global_colors_info=&#8221;{}&#8221; custom_padding__hover=&#8221;|||&#8221;][et_pb_image src=&#8221;https:\/\/amantesdeteruel.es\/wp-content\/uploads\/2024\/05\/una_noche_amantes_portada.jpg&#8221; alt=&#8221;Portada Una noche con los Amantes de Teruel&#8221; title_text=&#8221;Portada Una noche con los Amantes de Teruel&#8221; _builder_version=&#8221;4.24.3&#8243; _module_preset=&#8221;default&#8221; custom_margin=&#8221;0px||||false|false&#8221; custom_padding=&#8221;0px||||false|false&#8221; global_colors_info=&#8221;{}&#8221;][\/et_pb_image][\/et_pb_column][et_pb_column type=&#8221;2_3&#8243; specialty_columns=&#8221;2&#8243; _builder_version=&#8221;4.16&#8243; custom_padding=&#8221;|||&#8221; global_colors_info=&#8221;{}&#8221; custom_padding__hover=&#8221;|||&#8221;][et_pb_row_inner _builder_version=&#8221;4.24.3&#8243; _module_preset=&#8221;default&#8221; custom_margin=&#8221;30px||||false|false&#8221; custom_padding=&#8221;20px||10px||false|false&#8221; custom_css_free_form=&#8221;.entry-content table:not(.variations) {||    border: 0px solid #fff;||}||||.entry-content tr td {||    border-top: 0px solid #fff;||}&#8221; border_width_all=&#8221;1px&#8221; border_color_all=&#8221;#eeeeee&#8221; global_colors_info=&#8221;{}&#8221;][et_pb_column_inner saved_specialty_column_type=&#8221;2_3&#8243; _builder_version=&#8221;4.24.3&#8243; _module_preset=&#8221;default&#8221; global_colors_info=&#8221;{}&#8221;][et_pb_text _builder_version=&#8221;4.24.3&#8243; _module_preset=&#8221;default&#8221; text_font=&#8221;Nunito|300|||||||&#8221; text_text_color=&#8221;#6d6d6d&#8221; text_font_size=&#8221;16px&#8221; text_line_height=&#8221;1.3em&#8221; header_text_align=&#8221;left&#8221; header_text_color=&#8221;#000000&#8243; header_2_font=&#8221;Montserrat|800|||||||&#8221; header_2_text_color=&#8221;#773442&#8243; header_2_font_size=&#8221;25px&#8221; header_3_font=&#8221;Montserrat|800|||||||&#8221; header_3_text_color=&#8221;#773442&#8243; header_3_font_size=&#8221;16px&#8221; header_4_font=&#8221;Montserrat|700|||||||&#8221; header_4_text_color=&#8221;#773442&#8243; header_4_font_size=&#8221;16px&#8221; custom_margin=&#8221;||||false|false&#8221; custom_padding=&#8221;||||false|false&#8221; border_color_all=&#8221;#FFFFFF&#8221; global_colors_info=&#8221;{}&#8221;]<\/p>\n<table width=\"100%\" border=\"0\">\n<tbody>\n<tr>\n<td>\n<h3>A\u00f1o<\/h3>\n<\/td>\n<td><strong>2015<\/strong><\/td>\n<\/tr>\n<tr>\n<td>\n<h3>Autor<\/h3>\n<\/td>\n<td><strong>Centro Hartzembush<\/strong><\/td>\n<\/tr>\n<tr>\n<td valign=\"top\">\n<h3>Descripci\u00f3n<\/h3>\n<\/td>\n<td>\n<p><span>Autor: Javier Sierra<\/span><\/p>\n<p><span>Cuaderno de viaje escrito por Javier Sierra, elaborado de manera artesanal y del que se lanzan en la primera edici\u00f3n 3.000 ejemplares numerados, consta de 40 p\u00e1ginas en las que Sierra cuenta al detalle la experiencia vivida Una noche con los Amantes de Teruel \u00a0y relata sus conclusiones sobre una historia que ha hecho a la ciudad de Teruel mundialmente conocida<\/span><span style=\"font-family: inherit; font-size: inherit;\">.<\/span><\/p>\n<p><span class=\"\" fsl=\"\">El escritor Javier Sierra, uno de los autores espa\u00f1oles con m\u00e1s proyecci\u00f3n internacional, presenta el viernes 5 de febrero, a las 20 horas en la iglesia de San Pedro de Teruel, el cuaderno de viaje Una noche con los Amantes de Teruel, una obra editada por el Ayuntamiento de la capital turolense, la Fundaci\u00f3n Amantes y Diario de Teruel.<\/span><\/p>\n<p>El autor, que ha vendido millones de ejemplares en m\u00e1s de 40 pa\u00edses, acept\u00f3 el reto de repetir la experiencia que tuvo en 2002 en la Gran Pir\u00e1mide de Egipto, que despu\u00e9s volc\u00f3 en el best seller La pir\u00e1mide inmortal. Sierra se encerr\u00f3 el 14 de mayo de 2015 en el Mausoleo que acoge las momias de Isabel de Segura y Diego de Marcilla, los Amantes de Teruel y all\u00ed, adem\u00e1s, se entrevist\u00f3 con diferentes expertos y estudiosos que trabajan para arrojar luz sobre una de las historias rom\u00e1nticas m\u00e1s conocidas en todo el mundo.<\/p>\n<p>El cuaderno de viaje, elaborado de manera artesanal y del que se lanzan en la primera edici\u00f3n 3.000 ejemplares numerados, consta de 40 p\u00e1ginas en las que Sierra cuenta al detalle la experiencia vivida y relata sus conclusiones sobre una historia que ha hecho a la ciudad de Teruel mundialmente conocida.<\/p>\n<\/td>\n<\/tr>\n<\/tbody>\n<\/table>\n<p>[\/et_pb_text][et_pb_gallery gallery_ids=&#8221;10608,10605&#8243; orientation=&#8221;portrait&#8221; show_title_and_caption=&#8221;off&#8221; _builder_version=&#8221;4.24.3&#8243; _module_preset=&#8221;default&#8221; custom_margin=&#8221;||||false|false&#8221; custom_padding=&#8221;|20px|10px|20px|false|true&#8221; global_colors_info=&#8221;{}&#8221;][\/et_pb_gallery][et_pb_button button_url=&#8221;https:\/\/amantesdeteruel.es\/producto\/una-noche-con-los-amantes-de-teruel\/&#8221; button_text=&#8221;COMPRAR PUBLICACI\u00d3N&#8221; button_alignment=&#8221;right&#8221; _builder_version=&#8221;4.24.3&#8243; _module_preset=&#8221;default&#8221; custom_button=&#8221;on&#8221; button_text_size=&#8221;16px&#8221; button_border_width=&#8221;0px&#8221; custom_margin=&#8221;0px|20px|10px|20px|false|false&#8221; custom_padding=&#8221;||||false|false&#8221; locked=&#8221;off&#8221; global_colors_info=&#8221;{}&#8221;][\/et_pb_button][\/et_pb_column_inner][\/et_pb_row_inner][\/et_pb_column][\/et_pb_section][et_pb_section fb_built=&#8221;1&#8243; _builder_version=&#8221;4.24.3&#8243; _module_preset=&#8221;default&#8221; background_enable_image=&#8221;off&#8221; custom_margin=&#8221;60px|0px|60px|0px|true|false&#8221; custom_padding=&#8221;0px|0px|0px|0px|false|false&#8221; global_colors_info=&#8221;{}&#8221;][et_pb_row disabled_on=&#8221;on|on|off&#8221; _builder_version=&#8221;4.17.4&#8243; _module_preset=&#8221;default&#8221; background_color=&#8221;#773442&#8243; width=&#8221;100%&#8221; max_width=&#8221;2560px&#8221; min_height=&#8221;0px&#8221; custom_margin=&#8221;0px||0px||false|false&#8221; custom_padding=&#8221;15px||15px||false|false&#8221; border_width_all=&#8221;1px&#8221; border_color_all=&#8221;#707070&#8243; locked=&#8221;off&#8221; global_colors_info=&#8221;{}&#8221;][et_pb_column type=&#8221;4_4&#8243; _builder_version=&#8221;4.17.4&#8243; _module_preset=&#8221;default&#8221; global_colors_info=&#8221;{}&#8221;][et_pb_code _builder_version=&#8221;4.24.3&#8243; _module_preset=&#8221;default&#8221; global_colors_info=&#8221;{}&#8221;]<\/p>\n<div class=\"entradas-container\"><!-- [et_pb_line_break_holder] -->  <\/p>\n<div class=\"entradas-col\"><!-- [et_pb_line_break_holder] -->  \t<span style=\"font-weight: lighter\"><STRONG>TIENDA AMANTES<\/STRONG><\/span>  <!-- [et_pb_line_break_holder] -->    <span style=\"font-weight: normal\">C\/ Mat\u00edas Abad, 3<\/span>  <!-- [et_pb_line_break_holder] -->    <span style=\"font-weight: normal\">44001 Teruel &#8211; 978 618 398<\/span>  <!-- [et_pb_line_break_holder] -->\t<\/div>\n<p><!-- [et_pb_line_break_holder] --><!-- [et_pb_line_break_holder] -->\t<\/p>\n<div class=\"entradas-separator\"><\/div>\n<p><!-- [et_pb_line_break_holder] -->  <!-- [et_pb_line_break_holder] -->  <svg style=\"height:52px; fill: white; margin: auto 0\" xmlns=\"http:\/\/www.w3.org\/2000\/svg\" viewBox=\"0 0 512 512\"><!--! Font Awesome Pro 6.2.0 by @fontawesome - https:\/\/fontawesome.com License - https:\/\/fontawesome.com\/license (Commercial License) Copyright 2022 Fonticons, Inc. --><path d=\"M232 120C232 106.7 242.7 96 256 96C269.3 96 280 106.7 280 120V243.2L365.3 300C376.3 307.4 379.3 322.3 371.1 333.3C364.6 344.3 349.7 347.3 338.7 339.1L242.7 275.1C236 271.5 232 264 232 255.1L232 120zM256 0C397.4 0 512 114.6 512 256C512 397.4 397.4 512 256 512C114.6 512 0 397.4 0 256C0 114.6 114.6 0 256 0zM48 256C48 370.9 141.1 464 256 464C370.9 464 464 370.9 464 256C464 141.1 370.9 48 256 48C141.1 48 48 141.1 48 256z\"\/><\/svg><!-- [et_pb_line_break_holder] --><!-- [et_pb_line_break_holder] -->  <\/p>\n<div class=\"entradas-col\"><!-- [et_pb_line_break_holder] -->  \t<span style=\"font-weight: lighter\">De lunes a domingo<\/span>  <!-- [et_pb_line_break_holder] -->    <span style=\"font-weight: normal\">10:00 a 14:00 horas<\/span>  <!-- [et_pb_line_break_holder] -->    <span style=\"font-weight: normal\">16:00 a 20:00 horas<\/span>  <!-- [et_pb_line_break_holder] -->\t<\/div>\n<p><!-- [et_pb_line_break_holder] --><!-- [et_pb_line_break_holder] -->  <\/p>\n<div class=\"entradas-separator\"><\/div>\n<p><!-- [et_pb_line_break_holder] --><!-- [et_pb_line_break_holder] -->\t<a href=\"https:\/\/amantesdeteruel.es\/categoria-producto\/publicaciones\/\" style=\"background: white; border: none; height: fit-content; padding: 9px; text-transform: uppercase; margin: auto 15px; font-weight: 900; font-size: 15px; color: #773442;\"><!-- [et_pb_line_break_holder] -->    Venta de publicaciones<!-- [et_pb_line_break_holder] -->  <\/a><!-- [et_pb_line_break_holder] --><\/div>\n<p>[\/et_pb_code][\/et_pb_column][\/et_pb_row][\/et_pb_section]<\/p>\n","protected":false},"excerpt":{"rendered":"<p>PUBLICACIONESUna noche con los Amantes de Teruel A\u00f1o 2015 Autor Centro Hartzembush Descripci\u00f3n Autor: Javier Sierra Cuaderno de viaje escrito por Javier Sierra, elaborado de manera artesanal y del que se lanzan en la primera edici\u00f3n 3.000 ejemplares numerados, consta de 40 p\u00e1ginas en las que Sierra cuenta al detalle la experiencia vivida Una noche [&hellip;]<\/p>\n","protected":false},"author":2,"featured_media":0,"parent":9595,"menu_order":0,"comment_status":"closed","ping_status":"closed","template":"","meta":{"_acf_changed":false,"_et_pb_use_builder":"on","_et_pb_old_content":"","_et_gb_content_width":"","footnotes":""},"class_list":["post-10602","page","type-page","status-publish","hentry"],"acf":[],"_links":{"self":[{"href":"https:\/\/amantesdeteruel.es\/en\/wp-json\/wp\/v2\/pages\/10602","targetHints":{"allow":["GET"]}}],"collection":[{"href":"https:\/\/amantesdeteruel.es\/en\/wp-json\/wp\/v2\/pages"}],"about":[{"href":"https:\/\/amantesdeteruel.es\/en\/wp-json\/wp\/v2\/types\/page"}],"author":[{"embeddable":true,"href":"https:\/\/amantesdeteruel.es\/en\/wp-json\/wp\/v2\/users\/2"}],"replies":[{"embeddable":true,"href":"https:\/\/amantesdeteruel.es\/en\/wp-json\/wp\/v2\/comments?post=10602"}],"version-history":[{"count":4,"href":"https:\/\/amantesdeteruel.es\/en\/wp-json\/wp\/v2\/pages\/10602\/revisions"}],"predecessor-version":[{"id":10731,"href":"https:\/\/amantesdeteruel.es\/en\/wp-json\/wp\/v2\/pages\/10602\/revisions\/10731"}],"up":[{"embeddable":true,"href":"https:\/\/amantesdeteruel.es\/en\/wp-json\/wp\/v2\/pages\/9595"}],"wp:attachment":[{"href":"https:\/\/amantesdeteruel.es\/en\/wp-json\/wp\/v2\/media?parent=10602"}],"curies":[{"name":"wp","href":"https:\/\/api.w.org\/{rel}","templated":true}]}}