{"id":11908,"date":"2024-04-18T11:48:32","date_gmt":"2024-04-18T11:48:32","guid":{"rendered":"https:\/\/amantesdeteruel.es\/centro-hartzenbusch\/amantes-bibliography\/"},"modified":"2024-10-08T21:52:17","modified_gmt":"2024-10-08T21:52:17","slug":"amantes-bibliography","status":"publish","type":"page","link":"https:\/\/amantesdeteruel.es\/en\/centro-hartzenbusch\/amantes-bibliography\/","title":{"rendered":"Amantes Bibliography"},"content":{"rendered":"<p>[et_pb_section fb_built=&#8221;1&#8243; _builder_version=&#8221;4.24.3&#8243; _module_preset=&#8221;default&#8221; background_image=&#8221;https:\/\/amantesdeteruel.es\/wp-content\/uploads\/2024\/04\/portada_bibliografia_amantes_centro_hartzenbusch.jpg&#8221; height=&#8221;425px&#8221; custom_padding=&#8221;|10vh||10vh|false|true&#8221; global_colors_info=&#8221;{}&#8221;][et_pb_row _builder_version=&#8221;4.24.3&#8243; _module_preset=&#8221;default&#8221; width=&#8221;100%&#8221; max_width=&#8221;2560px&#8221; global_colors_info=&#8221;{}&#8221;][et_pb_column type=&#8221;4_4&#8243; _builder_version=&#8221;4.24.3&#8243; _module_preset=&#8221;default&#8221; global_colors_info=&#8221;{}&#8221;][et_pb_text _builder_version=&#8221;4.24.3&#8243; _module_preset=&#8221;default&#8221; header_font=&#8221;Montserrat|200||on|||||&#8221; header_text_color=&#8221;#FFFFFF&#8221; header_font_size=&#8221;6vw&#8221; header_letter_spacing=&#8221;6px&#8221; header_font_size_tablet=&#8221;8vw&#8221; header_font_size_phone=&#8221;10vw&#8221; header_font_size_last_edited=&#8221;on|phone&#8221; header_letter_spacing_tablet=&#8221;4px&#8221; header_letter_spacing_phone=&#8221;2px&#8221; header_letter_spacing_last_edited=&#8221;on|phone&#8221; custom_css_main_element=&#8221;overflow-wrap: normal;&#8221; global_colors_info=&#8221;{}&#8221;]<\/p>\n<h1>BIBLIOGRAF\u00cdA<br \/><strong>AMANTES<\/strong><\/h1>\n<p>[\/et_pb_text][\/et_pb_column][\/et_pb_row][\/et_pb_section][et_pb_section fb_built=&#8221;1&#8243; _builder_version=&#8221;4.24.3&#8243; _module_preset=&#8221;default&#8221; background_enable_image=&#8221;off&#8221; custom_margin=&#8221;60px|0px|60px|0px|true|false&#8221; custom_padding=&#8221;0px|0px|0px|0px|false|false&#8221; global_colors_info=&#8221;{}&#8221;][et_pb_row custom_padding_last_edited=&#8221;on|phone&#8221; _builder_version=&#8221;4.24.3&#8243; _module_preset=&#8221;default&#8221; custom_margin=&#8221;||60px||false|false&#8221; custom_padding=&#8221;|7%|||false|false&#8221; custom_padding_tablet=&#8221;50px||||false|false&#8221; custom_padding_phone=&#8221;50px||||false|false&#8221; global_colors_info=&#8221;{}&#8221;][et_pb_column type=&#8221;4_4&#8243; _builder_version=&#8221;4.17.4&#8243; _module_preset=&#8221;default&#8221; global_colors_info=&#8221;{}&#8221;][et_pb_text _builder_version=&#8221;4.24.3&#8243; _module_preset=&#8221;default&#8221; text_font=&#8221;Lato||||||||&#8221; text_text_color=&#8221;#6d6d6d&#8221; text_font_size=&#8221;16px&#8221; header_text_align=&#8221;left&#8221; header_text_color=&#8221;#000000&#8243; header_3_font=&#8221;Montserrat|800|||||||&#8221; header_3_text_color=&#8221;#3b3d3d&#8221; custom_margin=&#8221;||20px||false|false&#8221; custom_padding=&#8221;||||false|false&#8221; global_colors_info=&#8221;{}&#8221;]<\/p>\n<h3>BIBLIOGRAPHY AMANTES DE TERUEL<\/h3>\n<p>[\/et_pb_text][et_pb_button button_url=&#8221;https:\/\/amantesdeteruel.es\/wp-content\/uploads\/2024\/05\/bibliografia_amantes.pdf&#8221; url_new_window=&#8221;on&#8221; button_text=&#8221;Download document here&#8221; _builder_version=&#8221;4.24.3&#8243; _module_preset=&#8221;default&#8221; custom_button=&#8221;on&#8221; button_text_size=&#8221;16px&#8221; button_bg_color=&#8221;#5a6268&#8243; button_border_radius=&#8221;0px&#8221; global_colors_info=&#8221;{}&#8221;][\/et_pb_button][et_pb_text _builder_version=&#8221;4.24.3&#8243; _module_preset=&#8221;default&#8221; text_font=&#8221;Nunito|300|||||||&#8221; text_text_color=&#8221;#6d6d6d&#8221; text_font_size=&#8221;16px&#8221; text_line_height=&#8221;1.3em&#8221; header_text_align=&#8221;left&#8221; header_text_color=&#8221;#000000&#8243; header_3_font=&#8221;Montserrat|800|||||||&#8221; header_3_text_color=&#8221;#773442&#8243; header_4_font=&#8221;Montserrat|700|||||||&#8221; header_4_text_color=&#8221;#773442&#8243; header_4_font_size=&#8221;16px&#8221; custom_margin=&#8221;||||false|false&#8221; custom_padding=&#8221;||||false|false&#8221; global_colors_info=&#8221;{}&#8221;]<\/p>\n<p>Acta de traslaci\u00f3n de las momias de los celebrados Amantes de Teruel, Don Diego Mart\u00ednez de Marcilla y D\u00aa Isabel de Segura, 27 de mayo de 1902.<\/p>\n<p>Acta de traslado de las momias de los Amantes, 11 de enero de 1940.<\/p>\n<p>Acta de traslado 1959. -AGUADO, L., &#8220;Isabel de Segura y Juan de Marcilla, los locos de amor&#8221;, Gaceta Ilustrada, 23-2-1963. <\/p>\n<p>AGUIRRE, F.J., &#8220;Teruel y sus amantes&#8221;, Tr\u00e9bede, n\u00ba 51, Zaragoza, Cremallo ediciones, 2001 pp. 59-67. x<\/p>\n<p>AGUIRRE, F.J., &#8220;Los Amantes de Teruel en la m\u00fasica contempor\u00e1nea&#8221;, Arag\u00f3n Tur\u00edstico y Monumental, n\u00ba 356, S.I.P.A., Zaragoza, 2003.<\/p>\n<p>AGUIRRE LAHUERTA, \u00c1., La fuente del canto, Valencia, Imp. Pascual Ib\u00e1\u00f1ez, 1976.<\/p>\n<p>ALCINA FRANCH, J., Teatro Rom\u00e1ntico, Bruguera, Barcelona, varias ediciones.<\/p>\n<p>ALVENTOSA, P.de., Historia lastimosa y sentida de los dos tiernos amantes Marcilla y Segura, naturales de Teruel, ahora nuevamente copilada y dada a luz por Pedro de Alventosa, vecino de dicha ciudad. s.l., s.a. (ca. 1555). Edici\u00f3n vista por el bibli\u00f3grafo Gayangos en la biblioteca de los duques de Marlborough, en Inglaterra, en 1838. Se desconoce el paradero actual de dicho ejemplar.<\/p>\n<p>ANDR\u00c9S, R., Los Amantes de Teruel. Introducci\u00f3n y notas a la edici\u00f3n de Hartzenbusch, Barcelona, Planeta, 1989. <\/p>\n<p>ANDR\u00c9S Y TORNERO, F., &#8220;Yag\u00fae de Salas y su poema&#8221;, La Espa\u00f1a Ilustrada, Zaragoza, 1894.<\/p>\n<p>ANDR\u00c9S Y TORNERO, F., Historia cr\u00edtica de los Amantes de Teruel, Teruel, Manuscrito, Biblioteca P\u00fablica de Teruel, 1894.<\/p>\n<p>ANDR\u00c9S Y TORNERO, F., &#8220;En justa defensa&#8221;, El Eco de Teruel, marzo de 1895.<\/p>\n<p>ANDR\u00c9S Y TORNERO, F., &#8220;D. Aureliano Fern\u00e1ndez-Guerra y los Amantes de Teruel&#8221;, El Eco de Teruel, Mayo de 1895.<\/p>\n<p>ANDR\u00c9S Y TORNERO, F., Breve resumen de la Historia de los Amantes de Teruel, Imprenta de la Beneficencia, Ilustrado por Salvador Gisbert, 1895.<\/p>\n<p>ANDR\u00c9S Y TORNERO, F., Album turolense, Teruel, imprenta de Perruca 1896.<\/p>\n<p>ANDR\u00c9S Y TORNERO, F. y GISBERT, S., Leyendas y tradiciones turolenses, Teruel, Impr. de Dionisio Zarzoso, 1901.<\/p>\n<p>ANDR\u00c9S Y TORNERO, F., Los Amantes de Teruel en la literatura, Teruel, 1903.<\/p>\n<p>AN\u00d3NIMO, La Isabel. Tragedia, Madrid, s.a.(hacia 1800) <\/p>\n<p>AN\u00d3NIMO, Los Amantes de Teruel. Nueva relaci\u00f3n hist\u00f3rica y compendiada de los amores y tr\u00e1gico suceso de dichos Amantes, Pliego de cordel (dos partes), Barcelona, Viuda de A. Llorens, (siglo XIX) <\/p>\n<p>AN\u00d3NIMO, Los Amantes de Teruel, Barcelona, Sopena, (principios del XX).<\/p>\n<p>AN\u00d3NIMO, Los Amantes de Teruel. Nueva relaci\u00f3n hist\u00f3rica y compendiada de los amores y tr\u00e1gico suceso de dichos amantes don Diego de Marcilla y do\u00f1a Isabel de Segura, Primera Parte, Impr. &#8220;El Abanico&#8221;, ()  <\/p>\n<p>AN\u00d3NIMO, Los Amantes de Teruel o historia de D. Diego de Marcilla y Do\u00f1a Isabel de Segura, Barcelona, s.a., (ca. 1850)<\/p>\n<p>AN\u00d3NIMO, Mojiganga de los Amantes de Teruel. Arcadia de Entremeses escritos por los ingenios m\u00e1s cl\u00e1sicos de Espa\u00f1a, Pamplona, 1691 y 1700. <\/p>\n<p>AN\u00d3NIMO, Nueva historia de los Amantes de Teruel, Madrid, Antigua Imprenta Universal, s.s., (ca. 1850)<\/p>\n<p>AN\u00d3NIMO, Papel de letra antigua. Escrito encontrado por Juan Yag\u00fce de Salas en uno de los archivos del concejo de Teruel en abril de 1619, transcrito el d\u00eda 18 del mismo mes en su protocolo notarial correspondiente a aquel a\u00f1o (folios 128-138) y descubierto por el investigador Jaime Caruana el 9 de febrero de 1958. El mismo texto fue copiado, con abundantes variantes ortogr\u00e1ficas, por los notarios Juan Hern\u00e1ndez de Teruel y F\u00e9lix Lardi\u00e9s de Zaragoza, en sus respectivos protocolos de 1619.<\/p>\n<p>AN\u00d3NIMO, Papel de San Pedro. Escrito ap\u00f3crifo que se guardaba en la sacrist\u00eda de dicha iglesia. Fue redactado en el \u00faltimo tercio del siglo XVIII y encontrado por Isidoro de Antill\u00f3n en 1806, desaparecido despu\u00e9s.  <\/p>\n<p>AN\u00d3NIMO., Los Amantes de Teruel. Apuntes hist\u00f3ricos , Semanario Pintoresco, n 45, Madrid, 1837.<\/p>\n<p>AN\u00d3NIMO, Recuerdos de un viaje por Espa\u00f1a (vol. III), Madrid, Mellado, (1849-51)<\/p>\n<p>AN\u00d3NIMO, Relaci\u00f3n burlesca intitulada Los Amantes de Teruel, C\u00f3rdoba, Rafael Garc\u00eda Rodr\u00edguez, s.a. Segunda edici\u00f3n en Valencia, Agust\u00edn Laborda, s.a. (hacia 1812). Existen otras reediciones de C\u00f3rdoba (Cat\u00e1logo de Ramos, n 31 y 121) que cita Valdenebro en La imprenta de C\u00f3rdoba , n 1695 y 1785. <\/p>\n<p>AN\u00d3NIMO, Descubrimiento y translaciones de los cuerpos de los Amantes de Teruel , Semanario Pintoresco , n 30, Madrid, 1849.<\/p>\n<p>AN\u00d3NIMO, Relaci\u00f3n hist\u00f3rica del tr\u00e1gico suceso de los amores de Don Diego de Marcilla y Do\u00f1a Isabel de Segura, llamados los Amantes de Teruel. Teruel, Juan Garc\u00eda, 1844. Otras ediciones: Teruel, Pruneda y Zarzoso, s.a. (1860-1865) y Teruel, Zarzoso, 1883 y 1892.  <\/p>\n<p>AN\u00d3NIMO, Jornada de su majestad Felipe III y Alteza la Infanta Do\u00f1a Isabel desde Madrid (a Valencia). Relaciones hist\u00f3ricas de los siglos XVI y XVII, Sociedad de Bibli\u00f3filos Espa\u00f1oles, Madrid, 1896. <\/p>\n<p>AN\u00d3NIMO, Album turolense, Rondalla de los Amantes, Teruel, Perruca, 1900.<\/p>\n<p>AN\u00d3NIMO, Rese\u00f1a hist\u00f3rica de los Amantes de Teruel, Teruel, Zarzoso, 1901.<\/p>\n<p>AN\u00d3NIMO, Historia de los Amantes de Teruel, Teruel, s.a.<\/p>\n<p>AN\u00d3NIMO, Buhay Nang dalanang magcasintahan na si Diego Marcilla at si Isabel de Segura sa ciudad Nang Teruel (poema en verso tagalo), Manila, Imprenta de los Amigos del Pa\u00eds, (19..)<\/p>\n<p>AN\u00d3NIMO, Historia de los Amantes de Teruel, Marcilla y Segura, Valladolid, F. Santar\u00e9n, 1904.<\/p>\n<p>AN\u00d3NIMO, Teruel. Pasado, presente y porvenir. Devociones de la ciudad y su provincia, Gestas en la Cruzada Nacional. Publicaciones &#8220;Blanco y Azul&#8221;. Valencia, 1940.    <\/p>\n<p>AN\u00d3NIMO, &#8220;\u00bfExistieron los Amantes de Teruel?&#8221;, Semanario Domingo, 23-8-1953. -AN\u00d3NIMO., &#8220;Pol\u00e9mica en torno a la existencia de los Amantes de Teruel&#8221;, Diario Arriba, 5-9-1953.<\/p>\n<p>AN\u00d3NIMO, &#8220;El amor y la fatalidad en Teruel&#8221;, Diario Excelsior (M\u00e9jico), 24-04-1977.<\/p>\n<p>ANTILL\u00d3N, I. de., Noticias hist\u00f3ricas sobre los Amantes de Teruel, Madrid, Fuentenebro, 1806.<\/p>\n<p>ARELLANO, I, (director), Comedias Burlescas del Siglo de Oro, edici\u00f3n del Griso, Iberoamericana (Madrid), Universidad de Navarra (Pamplona), Vervuert (Frankfurt), Biblioteca Aura hisp\u00e1nica (13, 16, 19), 2002-2003.<\/p>\n<p>[\/et_pb_text][et_pb_text _builder_version=&#8221;4.24.3&#8243; _module_preset=&#8221;default&#8221; text_font=&#8221;Lato||||||||&#8221; text_text_color=&#8221;#6d6d6d&#8221; text_font_size=&#8221;16px&#8221; header_text_align=&#8221;left&#8221; header_text_color=&#8221;#000000&#8243; header_3_font=&#8221;Montserrat|800|||||||&#8221; header_3_text_color=&#8221;#773442&#8243; custom_margin=&#8221;||||false|false&#8221; custom_padding=&#8221;||||false|false&#8221; global_colors_info=&#8221;{}&#8221;]<\/p>\n<p><strong>Bibliographic selection made by: Jos\u00e9 Antonio L\u00e1zaro Fern\u00e1ndez<\/strong><\/p>\n<p>[\/et_pb_text][\/et_pb_column][\/et_pb_row][\/et_pb_section]<\/p>\n","protected":false},"excerpt":{"rendered":"<p>BIBLIOGRAF\u00cdAAMANTESBIBLIOGRAPHY AMANTES DE TERUELActa de traslaci\u00f3n de las momias de los celebrados Amantes de Teruel, Don Diego Mart\u00ednez de Marcilla y D\u00aa Isabel de Segura, 27 de mayo de 1902. Acta de traslado de las momias de los Amantes, 11 de enero de 1940. Acta de traslado 1959. -AGUADO, L., &#8220;Isabel de Segura y Juan [&hellip;]<\/p>\n","protected":false},"author":2,"featured_media":0,"parent":11890,"menu_order":0,"comment_status":"closed","ping_status":"closed","template":"","meta":{"_acf_changed":false,"_et_pb_use_builder":"on","_et_pb_old_content":"","_et_gb_content_width":"","footnotes":""},"class_list":["post-11908","page","type-page","status-publish","hentry"],"acf":[],"_links":{"self":[{"href":"https:\/\/amantesdeteruel.es\/en\/wp-json\/wp\/v2\/pages\/11908","targetHints":{"allow":["GET"]}}],"collection":[{"href":"https:\/\/amantesdeteruel.es\/en\/wp-json\/wp\/v2\/pages"}],"about":[{"href":"https:\/\/amantesdeteruel.es\/en\/wp-json\/wp\/v2\/types\/page"}],"author":[{"embeddable":true,"href":"https:\/\/amantesdeteruel.es\/en\/wp-json\/wp\/v2\/users\/2"}],"replies":[{"embeddable":true,"href":"https:\/\/amantesdeteruel.es\/en\/wp-json\/wp\/v2\/comments?post=11908"}],"version-history":[{"count":2,"href":"https:\/\/amantesdeteruel.es\/en\/wp-json\/wp\/v2\/pages\/11908\/revisions"}],"predecessor-version":[{"id":11910,"href":"https:\/\/amantesdeteruel.es\/en\/wp-json\/wp\/v2\/pages\/11908\/revisions\/11910"}],"up":[{"embeddable":true,"href":"https:\/\/amantesdeteruel.es\/en\/wp-json\/wp\/v2\/pages\/11890"}],"wp:attachment":[{"href":"https:\/\/amantesdeteruel.es\/en\/wp-json\/wp\/v2\/media?parent=11908"}],"curies":[{"name":"wp","href":"https:\/\/api.w.org\/{rel}","templated":true}]}}