{"id":11986,"date":"2024-04-19T09:55:04","date_gmt":"2024-04-19T09:55:04","guid":{"rendered":"https:\/\/amantesdeteruel.es\/centro-hartzenbusch\/teaching-resources\/architecture\/"},"modified":"2024-10-14T22:18:36","modified_gmt":"2024-10-14T22:18:36","slug":"architecture","status":"publish","type":"page","link":"https:\/\/amantesdeteruel.es\/en\/centro-hartzenbusch\/teaching-resources\/architecture\/","title":{"rendered":"Architecture"},"content":{"rendered":"<p>[et_pb_section fb_built=&#8221;1&#8243; _builder_version=&#8221;4.24.3&#8243; _module_preset=&#8221;default&#8221; background_image=&#8221;https:\/\/amantesdeteruel.es\/wp-content\/uploads\/2024\/04\/portada_recursos_didacticos_centro_hartzenbusch.jpg&#8221; height=&#8221;425px&#8221; custom_padding=&#8221;|10vh||10vh|false|true&#8221; global_colors_info=&#8221;{}&#8221;][et_pb_row _builder_version=&#8221;4.24.3&#8243; _module_preset=&#8221;default&#8221; width=&#8221;100%&#8221; max_width=&#8221;2560px&#8221; global_colors_info=&#8221;{}&#8221;][et_pb_column type=&#8221;4_4&#8243; _builder_version=&#8221;4.24.3&#8243; _module_preset=&#8221;default&#8221; global_colors_info=&#8221;{}&#8221;][et_pb_text _builder_version=&#8221;4.24.3&#8243; _module_preset=&#8221;default&#8221; header_font=&#8221;Montserrat|200||on|||||&#8221; header_text_color=&#8221;#FFFFFF&#8221; header_font_size=&#8221;6vw&#8221; header_letter_spacing=&#8221;6px&#8221; header_font_size_tablet=&#8221;8vw&#8221; header_font_size_phone=&#8221;10vw&#8221; header_font_size_last_edited=&#8221;on|phone&#8221; header_letter_spacing_tablet=&#8221;4px&#8221; header_letter_spacing_phone=&#8221;2px&#8221; header_letter_spacing_last_edited=&#8221;on|phone&#8221; custom_css_main_element=&#8221;overflow-wrap: normal;&#8221; locked=&#8221;off&#8221; global_colors_info=&#8221;{}&#8221;]<\/p>\n<h1><strong>RECURSOS<\/strong><br \/>DID\u00c1CTICOS<\/h1>\n<p>[\/et_pb_text][\/et_pb_column][\/et_pb_row][\/et_pb_section][et_pb_section fb_built=&#8221;1&#8243; _builder_version=&#8221;4.24.3&#8243; _module_preset=&#8221;default&#8221; background_color=&#8221;#773442&#8243; custom_margin=&#8221;-2px||||false|false&#8221; custom_padding=&#8221;0px||10px||false|false&#8221; locked=&#8221;off&#8221; global_colors_info=&#8221;{}&#8221;][et_pb_row _builder_version=&#8221;4.24.3&#8243; _module_preset=&#8221;default&#8221; global_colors_info=&#8221;{}&#8221;][et_pb_column type=&#8221;4_4&#8243; _builder_version=&#8221;4.24.3&#8243; _module_preset=&#8221;default&#8221; global_colors_info=&#8221;{}&#8221;][et_pb_menu menu_id=&#8221;261&#8243; dropdown_menu_bg_color=&#8221;#FFFFFF&#8221; dropdown_menu_line_color=&#8221;#a7adb1&#8243; dropdown_menu_text_color=&#8221;#a7adb1&#8243; dropdown_menu_active_link_color=&#8221;#50575c&#8221; mobile_menu_bg_color=&#8221;#FFFFFF&#8221; mobile_menu_text_color=&#8221;#a7adb1&#8243; menu_icon_color=&#8221;#FFFFFF&#8221; module_id=&#8221;menu_recursos&#8221; _builder_version=&#8221;4.24.3&#8243; _module_preset=&#8221;default&#8221; menu_font=&#8221;Nunito||||||||&#8221; menu_text_color=&#8221;#FFFFFF&#8221; menu_font_size=&#8221;16px&#8221; global_colors_info=&#8221;{}&#8221; active_link_color=&#8221;rgba(255,255,255,0.5)&#8221; background_color=&#8221;RGBA(255,255,255,0)&#8221;][\/et_pb_menu][\/et_pb_column][\/et_pb_row][\/et_pb_section][et_pb_section fb_built=&#8221;1&#8243; _builder_version=&#8221;4.24.3&#8243; _module_preset=&#8221;default&#8221; background_enable_image=&#8221;off&#8221; custom_margin=&#8221;60px|0px|60px|0px|true|false&#8221; custom_padding=&#8221;0px|0px|0px|0px|false|false&#8221; global_colors_info=&#8221;{}&#8221;][et_pb_row _builder_version=&#8221;4.24.3&#8243; _module_preset=&#8221;default&#8221; global_colors_info=&#8221;{}&#8221;][et_pb_column type=&#8221;4_4&#8243; _builder_version=&#8221;4.24.3&#8243; _module_preset=&#8221;default&#8221; global_colors_info=&#8221;{}&#8221;][et_pb_text _builder_version=&#8221;4.24.3&#8243; _module_preset=&#8221;default&#8221; text_font=&#8221;Nunito|300|||||||&#8221; text_text_color=&#8221;#6d6d6d&#8221; text_font_size=&#8221;16px&#8221; text_line_height=&#8221;1.3em&#8221; header_text_align=&#8221;left&#8221; header_text_color=&#8221;#000000&#8243; header_2_font=&#8221;Montserrat|800|||||||&#8221; header_2_text_color=&#8221;#773442&#8243; header_2_font_size=&#8221;25px&#8221; header_3_font=&#8221;Montserrat|800|||||||&#8221; header_3_text_color=&#8221;#773442&#8243; header_3_font_size=&#8221;20px&#8221; header_4_font=&#8221;Montserrat|700|||||||&#8221; header_4_text_color=&#8221;#773442&#8243; header_4_font_size=&#8221;16px&#8221; custom_margin=&#8221;||||false|false&#8221; custom_padding=&#8221;||||false|false&#8221; global_colors_info=&#8221;{}&#8221;]<\/p>\n<h2>ARCHITECTURE: ISABELLINE CLASSICISM<\/h2>\n<p>The foundation of the Special School of Architecture in Madrid in 1844, followed by the creation of a second school in Barcelona in 1859, meant, in addition to the attempt to obtain better technical training (mathematics, physics, history, legislation), the opening to historicism, although not the abandonment of academic classicism, which continued to be supported by the corresponding Academies in this field. This, however, did not limit the artistic vocation of the School of Architecture, as was clear from 1855, when its students stopped sharing their first courses with engineers at the School of Roads, Canals and Ports. <\/p>\n<p>In general, the period is marked by a weak renewal in the theoretical field, more interested in the resolution of technical questions raised by the introduction of new materials, such as iron or large glass surfaces. However, problems of this order were usually solved from translations of English and French treatises or, in any case, practical manuals intended to solve very specific questions, such as Observations on the Practice of the Art of Building (1857) or the Album of Original Architectural Projects (1846), both by Manuel Forn\u00e9s, to which we can add the poor Lessons on Civil Architecture (1847) by Juan Miguel Incl\u00e1n Vald\u00e9s. <\/p>\n<p>The evident crisis of the Academies can be seen, on the other hand, in the hesitations that the classical code began to provoke among the architects most attentive to the French innovations contained, for example, in the treaties of Durand or Celles, which allowed them to recover the teachings of the medieval past, incorporating them into an eclecticism that relegated classicism to official buildings, while the architectural orders began to become detached from their normative meaning to become symbols of prestige at the service of the bourgeoisie.<\/p>\n<p>Indeed, the architecture of the Romantic era was characterised by the absolute dominance, prior to the development of the different historicisms that began to emerge from the middle of the century, of a late neoclassicism, which served, having already lost its initial revolutionary connotations, as an expression of the social order to which the more moderate liberal bourgeoisie aspired. Far from being exhausted, architecture in the central decades of the 19th century maintained a marked attachment to the classical tradition, especially in its Renaissance-Mannerist version, canonically established as a synthesis between order and imagination. <\/p>\n<p>Historicism thus spread progressively, without major ruptures, on a classical basis, which did not lose its vigor definitively until the end of the century. Its foundation, clearly integrated into the project of formulating a genuinely national architecture, was based on the constant search for the adaptation of architecture to its environment, on the one hand, and on the uniqueness of the building, as an unrepeatable event, on the other. <\/p>\n<p>Beginning with the debate on the concept of style, the impossibility of articulating, within the relativistic framework sponsored by romanticism, a dominant stylistic formula resulted in the hegemony of eclecticism, understood as the imitation of increasingly defined and differentiated styles, combined and recombined in buildings that often became a lesson in the history of art or literature rather than a work of art or literature.<\/p>\n<p>The success of neo-medieval architecture, which made function and style congruent, was scarce in the period prior to the Restoration period. The main reason was the delay in the urbanisation process, which made the construction of new temples unnecessary for a Church that was, on the other hand, very economically weakened. However, it is worth highlighting the unrealised projects of San Lu\u00eds de los Franceses (1857), signed by Manuel Seco y Rodr\u00edguez, in a very purist neo-Gothic style, inspired by the cathedral of Burgos, or that of the church and hospital of Buen Suceso (1860), by Juan Segundo de Lema, endowed with greater stylistic freedom. We can also add the palace of Bendinat (1858), in Mallorca, the work of Bartolom\u00e9 Ferr\u00e1, similar to a fortress.   <\/p>\n<p>Nor did neo-Muslim architecture, generally limited to recreational environments (private rooms, mansions, caf\u00e9s, casinos, spas, bullrings, etc.), have much impact in this period, outside of what is strictly decorative. The evocative hedonism with which it is associated, common to all orientalist ideology, only had a place, as a picturesque alternative to neo-Gothic rationalism, in works such as the Arab Cabinet of the Palace of Aranjuez (1848), by the Granadan <span> <\/span><strong>Rafael Contreras<\/strong>, inspired by the Hall of the Two Sisters of the Alhambra, or the Arab Hall of the Vista Alegre Palace, based on the Hall of the Boat of the Alhambra. Only after the war of Morocco (1859-1861), the neo-Muslim style began to be applied to the integral architecture of the building, being displayed on the outside, as in the Xifr\u00e9 Palace (1862), of <span> <\/span><strong>Emile Boeswillwald<\/strong>.<\/p>\n<h3><\/h3>\n<h3>Official architecture<\/h3>\n<p>Although the problems of public finances prevented the development of a more substantial official architecture, there is no doubt that the administration was, together with the private initiative of the bourgeoisie, the main patron of the architecture of the period. The Renaissance-inspired language, typical of Elizabethan classicism, continued to dominate these buildings, although treated with increasing freedom, seeking to achieve an eclectic synthesis of the various classical currents, occasionally moving, since the 1960s, to the most moderate versions of Second Empire architecture. <\/p>\n<p>Of special importance is the Palace of the Congress of Deputies (1842-1850),<span> <\/span><strong>Narciso Pascual Colomer<\/strong><span> <\/span>(1801-1870). Edificio de planta axial y sim\u00e9trica, el sal\u00f3n de sesiones qued\u00f3 organizado en forma de una discreta herradura cubierta por la b\u00f3veda que pint\u00f3 <span> <\/span><strong>Carlos Lu\u00eds de Ribera<\/strong>. The main fa\u00e7ade is structured on three floors and three bodies, with a central protruding portico, of Corinthian hexastyle type, topped by a pediment with a tympanum with an allegorical theme. <\/p>\n<p>The national library, started by<span> <\/span><strong>Francisco Jare\u00f1o Alarc\u00f3n<\/strong><span> <\/span>(1818-1892), also the designer of the neighbouring Casa de la Moneda (1861), now defunct, has a rectangular floor plan with four bays in the shape of a cross and an octagonal space in the centre covered by a dome made of cloth. The Universidad Central (1842) is in the same line, <span> <\/span><strong>Francisco Javier Mari\u00e1tegui,<\/strong> preceded by an austere neoclassical fa\u00e7ade with a clear dominance of horizontal lines; or the disappeared fa\u00e7ade of the Senate Palace (1840), by<span> <\/span><strong>An\u00edbal \u00c1lvarez Bouquet<\/strong>, designed in the image and likeness of the triumphal arches.<\/p>\n<p>Worthy of attention are the buildings intended to house some of the emerging Provincial Councils, such as that of \u00c1lava (1833), designed by<span> <\/span><strong>Mart\u00edn Miguel de Sarac\u00edbar<\/strong>, o la Diputaci\u00f3n Foral de Navarra (1847), by<span> <\/span><strong>Jos\u00e9 Nagus\u00eda<\/strong>,an obvious example of the survival of classical models. Of a typology close to that of the palace, some town halls also stand out, such as that of San Sebasti\u00e1n (1823), <span> <\/span><strong>Silvestre P\u00e9rez<\/strong>, a model for other similar buildings, characterized by their severe cubic volumes, as also shown by those in Barcelona,<span> <\/span><strong>Jos\u00e9 Mas<\/strong><span> <\/span>(1847); Las Palmas de Gran Canaria (1856), by<span> <\/span><strong>Juan Daura<\/strong>; or those of Gij\u00f3n (1861) and Llanes, both by<span> <\/span><strong>Andr\u00e9s Coello<\/strong>.<\/p>\n<h3><\/h3>\n<h3>Theaters<\/h3>\n<p>If the cathedral is the emblem of the medieval city, with the rise of the bourgeoisie, it will be the theatre building that occupies this position of urban representation. Although the increasingly ostentatious fa\u00e7ades tended to remain faithful to the classical language of architectural orders, inside the building the search for more egalitarian and functional spatial solutions, privileging ease of circulation, optics and acoustics, were the central issues to be elucidated. <\/p>\n<p>This chapter highlights some architects specialising in this type of building, such a<span>s<\/span> <strong>Jer\u00f3nimo de la G\u00e1ndara<\/strong>, author of the projects for the Teatro de la Zarzuela (1856), the Lope de Vega (1861) or the porches of the Calder\u00f3n de la Barca (1864), all in Madrid, in addition to the Calder\u00f3n theatre in Valladolid (1864) or the one in J\u00e9rez de la Frontera (1866).<\/p>\n<p>The construction of the now defunct Old Theatre of Bilbao (1833), b<span>y<\/span> <strong>Juan Bautista Escondrillas<\/strong>, corresponds to this period; the Principal Theatre of La Coru\u00f1a (1840), b<span>y<\/span> <strong>Jos\u00e9 M\u00aa Nolla<\/strong>; the Principal Theatre of Burgos (1843-1857), b<span>y<\/span> <strong>Francisco Angoitia<\/strong>; the Theatre of Palma de Mallorca (1854), b<span>y<\/span> <strong>Antonio Sureda; <\/strong>the Municipal Theatre of Figueres (1850), b<span>y<\/span> <strong>Josep Roca i Bros<\/strong>; the Principal Theatre of San Sebasti\u00e1n (1844), b<span>y<\/span> <strong>Joaqu\u00edn Ram\u00f3n Echeveste<\/strong>, etc.<\/p>\n<p>Among all of them, however, the Teatro Principal de Valencia (1854) stands out,<span> <\/span><strong>Jos\u00e9 Zacar\u00edas Cama\u00f1a<\/strong>, with a tetrastyle portico of Ionic order topped by a balustrade; or the sober Teatro Principal of Alicante (1845),<span> <\/span><strong>Emilio Jover<\/strong>, with its hexastyle portico of Tuscan order columns topped by a smooth pediment. Another important building is the Gran Teatro del Liceo in Barcelona (1862), by <span> <\/span><strong>Jos\u00e9 Oriol Mestres Espulgues<\/strong><span> <\/span>(1815-1895), also with a horseshoe plan and an eclectic fa\u00e7ade with regionalist references, topped by a semicircular pediment. In any case, the canonical model was the Teatro Real in Madrid (1818-1850), after the Opera, designed by <span> <\/span><strong>Isidro Gonz\u00e1lez Vel\u00e1zquez<\/strong><span> <\/span>and<span> <\/span><strong>Antonio L\u00f3pez Aguado<\/strong>, but concluded by<span> <\/span><strong>Custodio Moreno<\/strong><span> <\/span>and<span> <\/span><strong>Francisco Cabezuelo<\/strong>. By opting for a horseshoe shape for the auditorium, Aguado&#8217;s design added a whole series of leisure and transit spaces that made the building more comfortable and safe. <\/p>\n<h2><\/h2>\n<h3>Bullrings<\/h3>\n<p>Although its typology arose in the 18th century from the buildings of ancient entertainment, it was not until the following century that the canonical model became widespread. The sobriety of the one in Valencia (1850), designed by <span> <\/span><strong>Sebasti\u00e1n Monle\u00f3n<\/strong>,still neoclassical in design and inspired by Roman amphitheatres, with a 48-sided polygonal plan and four porticoed floors.<\/p>\n<h3>Palaces<\/h3>\n<p>In the middle decades of the 19th century, Isabelline Madrid was filled with small palaces in the Renaissance style, mostly Italianate, but also with some more traditional Plateresque references, commissioned by the bourgeoisie. They are generally isolated buildings surrounded by a garden, not too high, with very symmetrical and decorated facades. <\/p>\n<p>A good example of this is the &#8220;Capricho&#8221; (1834-1844), in the Alameda de Osuna, commissioned by the Duke of Osuna to Antonio L\u00f3pez Aguado, a typical example of romantic classicism of English inspiration.<span> <\/span><strong>Mart\u00edn L\u00f3pez Aguado<\/strong>, Mart\u00edn L\u00f3pez Aguado, son of the previous one, was responsible for another outstanding project, the palace of the Count of Villahermosa (1843), on Fuencarral Street, with clear Italian Renaissance and Mannerist influences, also evident in the palace commissioned by the banker Gaviria (1847) to<span> <\/span><strong>An\u00edbal \u00c1lvarez Bouquel<\/strong>, greatly influenced by the Farnese Palace of Sangallo and Michelangelo. Similar is the case of the palace of the Duke of Granada of Ega (1859), a work of <span> <\/span><strong>Mat\u00edas Lavi\u00f1a<\/strong>, located on the Cuesta de Santo Domingo and inspired by the Chancellery of Rome. Even the late palace of the Duke of Veragua (1860), also designed by Lavi\u00f1a, maintains this fidelity to the classicist language, in this case tracing its fa\u00e7ade in the style of that of the Central University of Madrid. The same can be said of the palace on Calle de San Pedro (1858), by  <span> <\/span><strong>Juan Antonio S\u00e1nchez<\/strong>, o el del duque de Sesto (1865), by <strong><span> F<\/span>rancisco de Cubas<\/strong>, author also of palacio de L\u00f3pez-D\u00f3riga (1872).<\/p>\n<p>As for the suburban palaces, that of the Marquis of Salamanca (1845-1858), a work designed b<span>y<\/span> <strong>Narciso Pascual and Colomer <\/strong><span>o<\/span>n the Paseo de Recoletos, has been considered the prototype of romantic architecture in its neo-Renaissance version.<\/p>\n<h2><\/h2>\n<h3>Domestic architecture<\/h3>\n<p>Heir to the models created in the 18th century based on traditional tradition and Italian influences, the domestic architecture of the first half of the 19th century continued to be based on the rigid modular symmetry of facades organized by the rhythmic repetition of openings.<\/p>\n<p>In Barcelona, the most notable are the Casas Xifr\u00e9 (1836-1840), b<span>y<\/span> <strong>Josep Boixareu<\/strong> <span>a<\/span>n<span>d<\/span> <strong>Francesc Vila<\/strong>, with a rectangular floor plan, four interior courtyards and porticoed galleries, intended for commercial premises, on the fa\u00e7ades.<\/p>\n<p>In Madrid the Casas del Cordero (1842-1845), designed by<span> <\/span><strong>Juan Jos\u00e9 S\u00e1nchez Pescador<\/strong>, responded to the same approach of dignifying domestic architecture demanded by the emerging middle class. Numerous projects with similar approaches followed, such as the houses in the Plaza de Oriente (1844), by <span> <\/span><strong>Narciso Pascual Colomer<\/strong>, o la Casa de Rivas (1846), by<span> <\/span><strong>Jos\u00e9 Alejandro y \u00c1lvarez.<\/strong><\/p>\n<h3><\/h3>\n<h3>Town planning<\/h3>\n<p>El incremento demogr\u00e1fico que van a experimentar las principales ciudades a lo largo de todo el siglo XIX, exigir\u00e1 respuestas urban\u00edsticas que hasta bien avanzada la centuria continuaron siendo deudoras de los postulados ilustrados. Buena muestra de ello es el papel ordenador que se le continu\u00f3 otorgando a las plazas regulares, cerradas y porticadas, tan afines a lo neocl\u00e1sico, que fueron frecuentes sustitutas de los edificios desamortizados. Algunos ejemplos a destacar son la plaza de Sant Jaume(1848), de  <span> <\/span><strong>Josep Mas i Vila<\/strong>, and above all the Plaza Real (1850-1865), by<span> <\/span><strong>Francesc Daniel i Molina,<\/strong> both in Barcelona. Along the same lines, it is also worth remembering the Plaza de la Independencia, in Gerona (1855), by <span> <\/span><strong>Mart\u00edn Sureda Deulevol<\/strong>, la Plaza del Mercado de Santa Cruz de Tenerife (1857), by<span> <\/span><strong>Manuel de Or\u00e1a<\/strong><span> <\/span>or, in Sevilla, the Plaza Nueva, (1850), by<span> <\/span><strong>\u00c1ngel de Ayala.<\/strong><\/p>\n<p>Although not always guided by foresight and planning, the disentailment also allowed the development of new extensions and alignment plans, initially interior, as occurred with the remodeling of Madrid&#8217;s Puerta del Sol (1858-1861),<span> <\/span><strong>Lucio del Valle<\/strong>. Later, after the widespread demolition of the medieval walls, peripheral expansions began, responsible for the authentic transition to the bourgeois city. As occurred with that of Barcelona (1856-1860), designed by  <span> <\/span><strong>Ildefonso Cerd\u00e1<\/strong>, these extensions became authentic orthogonal &#8220;new cities&#8221;, primarily for residential and commercial purposes, dominated by criteria of order, hygiene and circulation.<\/p>\n<h3>Restorations<\/h3>\n<p>Awareness of the problems generated by the destruction of heritage as a result of the confiscations led to the creation, within the Royal Academy of San Fernando, of the Central Commission of Monuments, as well as the Provincial Commissions of Monuments in 1857. However, the lack of budget and political will made their work totally ineffective throughout the century. <\/p>\n<p>The anti-interventionist theories of Stern and Ruskin, who advocated consolidating the ruin rather than reconstructing the building, were less accepted in Spain than the positivist ideas of Viollet-le-Duc, who was in favour of returning to the Gothic building all its stylistic purity, even restoring it to an ideal that may not have existed, for example, by recreating parts that were not finished at the time. It was only at the end of the 19th century, following the proposals of Boito, that the criterion of conserving rather than restoring became widespread again. <\/p>\n<p>The restoration of San Jer\u00f3nimo el Real in Madrid, begun by Narciso Pascual in 1848, is a good example of the distortions introduced by this desire to recover a non-existent ideal, especially with regard to the two new towers added to the chevet. Something similar happened with the cathedral of Le\u00f3n, whose controversial restoration, begun in 1860 by <span> <\/span><strong>Mat\u00edas Lavi\u00f1a Blasco<\/strong>, created a building free of the dynamism of Renaissance and Baroque additions, in line with the rationalist interventions promoted by Viollet-le-Duc. The cathedrals of Palma de Mallorca and Barcelona, San Vicente de \u00c1vila, Santa Mar\u00eda de Ripoll, the Alhambra and the mosque of C\u00f3rdoba were other buildings restored during this period based on similar criteria. <\/p>\n<h2><\/h2>\n<h3>LITERATURE<\/h3>\n<p>ARIAS ANGL\u00c9S, E. (1999) Historia del Arte Espa\u00f1ol. Del Neoclasicismo al Impresionismo, Madrid, Akal. <\/p>\n<p>ARIZA MU\u00d1OZ, C. (1988) Los jardines de Madrid en el siglo XIX, Madrid.<\/p>\n<p>ARRECHEA MIGUEL, M. J. (1989) Arquitectura y romanticismo. El pensamiento arquitect\u00f3nico en la Espa\u00f1a del siglo XIX, Valladolid, Universidad de Valladolid-Caja Salamanca. <\/p>\n<p>BENET, J. (1983) Ingenier\u00eda de la \u00e9poca rom\u00e1ntica, Madrid.<\/p>\n<p>FERN\u00c1NDEZ MU\u00d1OZ, A. L. (1988) Arquitectura teatral en Madrid. Del corral de comedias al cinemat\u00f3grafo, Madrid. <\/p>\n<p>GARC\u00cdA MELERO, J. E. (1998) Arte espa\u00f1ol de la Ilustraci\u00f3n y del siglo XIX. En torno a la imagen del pasado, Madrid, Ediciones Encuentro. <\/p>\n<p>HERNANDO CARRASCO, J. (1989) Arquitectura en Espa\u00f1a, 1770-1900, C\u00e1tedra, Madrid.<\/p>\n<p>NAVASCU\u00c9S PALACIO, P. (1993) Arquitectura espa\u00f1ola (1808-1914), Espasa Calpe, Madrid (Summa Artis, XXXV).<\/p>\n<p>[\/et_pb_text][\/et_pb_column][\/et_pb_row][\/et_pb_section]<\/p>\n","protected":false},"excerpt":{"rendered":"<p>RECURSOSDID\u00c1CTICOSARCHITECTURE: ISABELLINE CLASSICISM The foundation of the Special School of Architecture in Madrid in 1844, followed by the creation of a second school in Barcelona in 1859, meant, in addition to the attempt to obtain better technical training (mathematics, physics, history, legislation), the opening to historicism, although not the abandonment of academic classicism, which continued [&hellip;]<\/p>\n","protected":false},"author":2,"featured_media":0,"parent":11962,"menu_order":0,"comment_status":"closed","ping_status":"closed","template":"","meta":{"_acf_changed":false,"_et_pb_use_builder":"on","_et_pb_old_content":"","_et_gb_content_width":"","footnotes":""},"class_list":["post-11986","page","type-page","status-publish","hentry"],"acf":[],"_links":{"self":[{"href":"https:\/\/amantesdeteruel.es\/en\/wp-json\/wp\/v2\/pages\/11986","targetHints":{"allow":["GET"]}}],"collection":[{"href":"https:\/\/amantesdeteruel.es\/en\/wp-json\/wp\/v2\/pages"}],"about":[{"href":"https:\/\/amantesdeteruel.es\/en\/wp-json\/wp\/v2\/types\/page"}],"author":[{"embeddable":true,"href":"https:\/\/amantesdeteruel.es\/en\/wp-json\/wp\/v2\/users\/2"}],"replies":[{"embeddable":true,"href":"https:\/\/amantesdeteruel.es\/en\/wp-json\/wp\/v2\/comments?post=11986"}],"version-history":[{"count":2,"href":"https:\/\/amantesdeteruel.es\/en\/wp-json\/wp\/v2\/pages\/11986\/revisions"}],"predecessor-version":[{"id":11988,"href":"https:\/\/amantesdeteruel.es\/en\/wp-json\/wp\/v2\/pages\/11986\/revisions\/11988"}],"up":[{"embeddable":true,"href":"https:\/\/amantesdeteruel.es\/en\/wp-json\/wp\/v2\/pages\/11962"}],"wp:attachment":[{"href":"https:\/\/amantesdeteruel.es\/en\/wp-json\/wp\/v2\/media?parent=11986"}],"curies":[{"name":"wp","href":"https:\/\/api.w.org\/{rel}","templated":true}]}}