{"id":13369,"date":"2026-04-29T10:05:55","date_gmt":"2026-04-29T10:05:55","guid":{"rendered":"https:\/\/amantesdeteruel.es\/?page_id=13369"},"modified":"2026-04-29T12:46:55","modified_gmt":"2026-04-29T12:46:55","slug":"escape-room","status":"publish","type":"page","link":"https:\/\/amantesdeteruel.es\/en\/escape-room\/","title":{"rendered":"Escape room"},"content":{"rendered":"<p>[et_pb_section fb_built=&#8221;1&#8243; _builder_version=&#8221;4.17.4&#8243; _module_preset=&#8221;default&#8221; locked=&#8221;off&#8221; global_colors_info=&#8221;{}&#8221;][et_pb_row column_structure=&#8221;3_5,2_5&#8243; use_custom_gutter=&#8221;on&#8221; gutter_width=&#8221;4&#8243; _builder_version=&#8221;4.24.3&#8243; _module_preset=&#8221;default&#8221; max_width=&#8221;2560px&#8221; global_colors_info=&#8221;{}&#8221;][et_pb_column type=&#8221;3_5&#8243; _builder_version=&#8221;4.17.4&#8243; _module_preset=&#8221;default&#8221; global_colors_info=&#8221;{}&#8221;][et_pb_button button_url=&#8221;@ET-DC@eyJkeW5hbWljIjp0cnVlLCJjb250ZW50IjoicG9zdF9saW5rX3VybF9wYWdlIiwic2V0dGluZ3MiOnsicG9zdF9pZCI6IjIzMiJ9fQ==@&#8221; button_text=&#8221;Volver a educaci\u00f3n&#8221; _builder_version=&#8221;4.17.4&#8243; _dynamic_attributes=&#8221;button_url&#8221; _module_preset=&#8221;default&#8221; custom_button=&#8221;on&#8221; button_text_size=&#8221;15px&#8221; button_text_color=&#8221;#adadad&#8221; button_bg_color=&#8221;RGBA(255,255,255,0)&#8221; button_border_width=&#8221;0px&#8221; button_border_color=&#8221;RGBA(255,255,255,0)&#8221; button_border_radius=&#8221;0px&#8221; button_font=&#8221;Nunito||||||||&#8221; button_icon=&#8221;&#x34;||divi||400&#8243; button_icon_placement=&#8221;left&#8221; custom_margin=&#8221;||30px||false|false&#8221; locked=&#8221;off&#8221; global_colors_info=&#8221;{}&#8221;][\/et_pb_button][et_pb_text _builder_version=&#8221;4.17.4&#8243; _module_preset=&#8221;default&#8221; text_font=&#8221;Montserrat|700|||||||&#8221; text_text_color=&#8221;#333333&#8243; text_font_size=&#8221;48px&#8221; text_line_height=&#8221;1em&#8221; custom_margin=&#8221;||27px|||&#8221; global_colors_info=&#8221;{}&#8221;]<\/p>\n<p>Escape room: El enigma de los Amantes<\/p>\n<p>[\/et_pb_text][et_pb_text _builder_version=&#8221;4.24.3&#8243; _module_preset=&#8221;default&#8221; text_font=&#8221;Nunito||||||||&#8221; global_colors_info=&#8221;{}&#8221;]<\/p>\n<p>&nbsp;<\/p>\n<p class=\"western\"><b>\u00a1Descifra el mensaje secreto de los Amantes de Teruel!<\/b><\/p>\n<p class=\"western\">Un misterioso mensaje ha aparecido en el Mausoleo, anunciando que un antiguo secreto se esconde en el Conjunto Amantes. Solo se revelar\u00e1 a aquellos que demuestren su amor por la historia y su habilidad para resolver enigmas.<\/p>\n<p class=\"western\">Nuestro robot EROX ser\u00e1 el gu\u00eda en esta aventura inmersiva que convierte la leyenda de los Amantes en un juego de l\u00f3gica, historia y colaboraci\u00f3n.<\/p>\n<p class=\"western\">\u00a1Acepta el desaf\u00edo!<\/p>\n<p class=\"western\"><b>Informaci\u00f3n Pr\u00e1ctica<\/b><\/p>\n<ul>\n<li>\n<p class=\"western\"><b>Grupos Destinatarios:<\/b> Familias con ni\u00f1os a partir de 6 a\u00f1os.<\/p>\n<\/li>\n<li>\n<p class=\"western\"><b>Participantes:<\/b> M\u00e1ximo 5 equipos, con hasta 4 personas por equipo.<\/p>\n<\/li>\n<li>\n<p class=\"western\"><b>Duraci\u00f3n:<\/b> 1 hora.<\/p>\n<\/li>\n<li>\n<p class=\"western\"><b>Condici\u00f3n:<\/b> Los ni\u00f1os deben ir acompa\u00f1ados por un adulto.<\/p>\n<\/li>\n<\/ul>\n<ul><\/ul>\n<p>&nbsp;<\/p>\n<p>[\/et_pb_text][et_pb_button button_url=&#8221;https:\/\/entradaseventos.amantesdeteruel.es\/o\/1\/home&#8221; button_text=&#8221;Entradas actividades&#8221; _builder_version=&#8221;4.24.3&#8243; _module_preset=&#8221;default&#8221; global_colors_info=&#8221;{}&#8221;][\/et_pb_button][\/et_pb_column][et_pb_column type=&#8221;2_5&#8243; _builder_version=&#8221;4.17.4&#8243; _module_preset=&#8221;default&#8221; global_colors_info=&#8221;{}&#8221;][et_pb_image src=&#8221;https:\/\/amantesdeteruel.es\/wp-content\/uploads\/2026\/04\/fundacionamantes25-0749_net.jpg&#8221; title_text=&#8221;fundacionamantes25-0749_net&#8221; force_fullwidth=&#8221;on&#8221; _builder_version=&#8221;4.24.3&#8243; _module_preset=&#8221;default&#8221; height=&#8221;800px&#8221; hover_enabled=&#8221;0&#8243; global_colors_info=&#8221;{}&#8221; sticky_enabled=&#8221;0&#8243;][\/et_pb_image][\/et_pb_column][\/et_pb_row][\/et_pb_section]<\/p>\n","protected":false},"excerpt":{"rendered":"<p>Escape room: El enigma de los Amantes&nbsp; \u00a1Descifra el mensaje secreto de los Amantes de Teruel! Un misterioso mensaje ha aparecido en el Mausoleo, anunciando que un antiguo secreto se esconde en el Conjunto Amantes. Solo se revelar\u00e1 a aquellos que demuestren su amor por la historia y su habilidad para resolver enigmas. Nuestro robot [&hellip;]<\/p>\n","protected":false},"author":2,"featured_media":0,"parent":0,"menu_order":0,"comment_status":"closed","ping_status":"closed","template":"","meta":{"_acf_changed":false,"_et_pb_use_builder":"on","_et_pb_old_content":"","_et_gb_content_width":"","footnotes":""},"class_list":["post-13369","page","type-page","status-publish","hentry"],"acf":[],"_links":{"self":[{"href":"https:\/\/amantesdeteruel.es\/en\/wp-json\/wp\/v2\/pages\/13369","targetHints":{"allow":["GET"]}}],"collection":[{"href":"https:\/\/amantesdeteruel.es\/en\/wp-json\/wp\/v2\/pages"}],"about":[{"href":"https:\/\/amantesdeteruel.es\/en\/wp-json\/wp\/v2\/types\/page"}],"author":[{"embeddable":true,"href":"https:\/\/amantesdeteruel.es\/en\/wp-json\/wp\/v2\/users\/2"}],"replies":[{"embeddable":true,"href":"https:\/\/amantesdeteruel.es\/en\/wp-json\/wp\/v2\/comments?post=13369"}],"version-history":[{"count":6,"href":"https:\/\/amantesdeteruel.es\/en\/wp-json\/wp\/v2\/pages\/13369\/revisions"}],"predecessor-version":[{"id":13473,"href":"https:\/\/amantesdeteruel.es\/en\/wp-json\/wp\/v2\/pages\/13369\/revisions\/13473"}],"wp:attachment":[{"href":"https:\/\/amantesdeteruel.es\/en\/wp-json\/wp\/v2\/media?parent=13369"}],"curies":[{"name":"wp","href":"https:\/\/api.w.org\/{rel}","templated":true}]}}