{"id":13387,"date":"2026-04-29T10:13:44","date_gmt":"2026-04-29T10:13:44","guid":{"rendered":"https:\/\/amantesdeteruel.es\/?page_id=13387"},"modified":"2026-04-29T10:23:13","modified_gmt":"2026-04-29T10:23:13","slug":"visitas-familiares","status":"publish","type":"page","link":"https:\/\/amantesdeteruel.es\/en\/visitas-familiares\/","title":{"rendered":"Visitas familiares"},"content":{"rendered":"<p>[et_pb_section fb_built=&#8221;1&#8243; _builder_version=&#8221;4.17.4&#8243; _module_preset=&#8221;default&#8221; locked=&#8221;off&#8221; global_colors_info=&#8221;{}&#8221;][et_pb_row column_structure=&#8221;3_5,2_5&#8243; use_custom_gutter=&#8221;on&#8221; gutter_width=&#8221;4&#8243; _builder_version=&#8221;4.24.3&#8243; _module_preset=&#8221;default&#8221; max_width=&#8221;2560px&#8221; global_colors_info=&#8221;{}&#8221;][et_pb_column type=&#8221;3_5&#8243; _builder_version=&#8221;4.17.4&#8243; _module_preset=&#8221;default&#8221; global_colors_info=&#8221;{}&#8221;][et_pb_button button_url=&#8221;@ET-DC@eyJkeW5hbWljIjp0cnVlLCJjb250ZW50IjoicG9zdF9saW5rX3VybF9wYWdlIiwic2V0dGluZ3MiOnsicG9zdF9pZCI6IjIzMiJ9fQ==@&#8221; button_text=&#8221;Volver a educaci\u00f3n&#8221; _builder_version=&#8221;4.17.4&#8243; _dynamic_attributes=&#8221;button_url&#8221; _module_preset=&#8221;default&#8221; custom_button=&#8221;on&#8221; button_text_size=&#8221;15px&#8221; button_text_color=&#8221;#adadad&#8221; button_bg_color=&#8221;RGBA(255,255,255,0)&#8221; button_border_width=&#8221;0px&#8221; button_border_color=&#8221;RGBA(255,255,255,0)&#8221; button_border_radius=&#8221;0px&#8221; button_font=&#8221;Nunito||||||||&#8221; button_icon=&#8221;&#x34;||divi||400&#8243; button_icon_placement=&#8221;left&#8221; custom_margin=&#8221;||30px||false|false&#8221; locked=&#8221;off&#8221; global_colors_info=&#8221;{}&#8221;][\/et_pb_button][et_pb_text _builder_version=&#8221;4.24.3&#8243; _module_preset=&#8221;default&#8221; text_font=&#8221;Montserrat|700|||||||&#8221; text_text_color=&#8221;#333333&#8243; text_font_size=&#8221;48px&#8221; text_line_height=&#8221;1em&#8221; custom_margin=&#8221;||27px|||&#8221; global_colors_info=&#8221;{}&#8221;]<\/p>\n<p>Visitas familiares<\/p>\n<p>[\/et_pb_text][et_pb_text _builder_version=&#8221;4.24.3&#8243; _module_preset=&#8221;default&#8221; text_font=&#8221;Nunito||||||||&#8221; global_colors_info=&#8221;{}&#8221;]<\/p>\n<p>&nbsp;<\/p>\n<p class=\"western\">Ven a disfrutar en familia con los m\u00e1s peque\u00f1os de una visita diferente al Conjunto Amantes. Conocer\u00e1s la historia de los Amantes y uno de los m\u00e1s bellos conjuntos mud\u00e9jares de Teruel con la ayuda de nuestro robot EROX. La visita ser\u00e1 cercana, divertida y adaptada para que los m\u00e1s peque\u00f1os disfruten de esta experiencia en familia.<\/p>\n<p class=\"western\">\u00a0<\/p>\n<ul>\n<li>\n<p class=\"western\">Tipo de actividad: Visita guiada familiar. Adaptada a ni\u00f1os a partir de 7 a\u00f1os (nivel primaria)<\/p>\n<\/li>\n<li>\n<p class=\"western\">Duraci\u00f3n:\u00a01:15 horas aproximadamente.<\/p>\n<\/li>\n<li>\n<p class=\"western\">Incluye: Visita guiada por el Mausoleo de los Amantes y el Conjunto Mud\u00e9jar de San Pedro.<\/p>\n<\/li>\n<li>\n<p class=\"western\">Requisitos: Es una visita familiar. Los ni\u00f1os deben ir acompa\u00f1ados por al menos un adulto.<\/p>\n<\/li>\n<li>\n<p class=\"western\">Fechas:\u00a0S\u00e1bados, domingos y puentes a las 12:00 y 18:00 h.<\/p>\n<\/li>\n<\/ul>\n<ul><\/ul>\n<ul><\/ul>\n<p>&nbsp;<\/p>\n<p>[\/et_pb_text][et_pb_button button_text=&#8221;ENTRADAS&#8221; _builder_version=&#8221;4.24.3&#8243; _module_preset=&#8221;default&#8221; button_url=&#8221;\/entradas&#8221; hover_enabled=&#8221;0&#8243; sticky_enabled=&#8221;0&#8243;][\/et_pb_button][\/et_pb_column][et_pb_column type=&#8221;2_5&#8243; _builder_version=&#8221;4.17.4&#8243; _module_preset=&#8221;default&#8221; global_colors_info=&#8221;{}&#8221;][et_pb_image src=&#8221;https:\/\/amantesdeteruel.es\/wp-content\/uploads\/2026\/04\/fundacionamantes24-0070_net.jpg&#8221; title_text=&#8221;fundacionamantes24-0070_net&#8221; force_fullwidth=&#8221;on&#8221; _builder_version=&#8221;4.24.3&#8243; _module_preset=&#8221;default&#8221; height=&#8221;800px&#8221; hover_enabled=&#8221;0&#8243; global_colors_info=&#8221;{}&#8221; sticky_enabled=&#8221;0&#8243;][\/et_pb_image][\/et_pb_column][\/et_pb_row][\/et_pb_section]<\/p>\n","protected":false},"excerpt":{"rendered":"<p>Visitas familiares&nbsp; Ven a disfrutar en familia con los m\u00e1s peque\u00f1os de una visita diferente al Conjunto Amantes. Conocer\u00e1s la historia de los Amantes y uno de los m\u00e1s bellos conjuntos mud\u00e9jares de Teruel con la ayuda de nuestro robot EROX. La visita ser\u00e1 cercana, divertida y adaptada para que los m\u00e1s peque\u00f1os disfruten de [&hellip;]<\/p>\n","protected":false},"author":2,"featured_media":0,"parent":0,"menu_order":0,"comment_status":"closed","ping_status":"closed","template":"","meta":{"_acf_changed":false,"_et_pb_use_builder":"on","_et_pb_old_content":"","_et_gb_content_width":"","footnotes":""},"class_list":["post-13387","page","type-page","status-publish","hentry"],"acf":[],"_links":{"self":[{"href":"https:\/\/amantesdeteruel.es\/en\/wp-json\/wp\/v2\/pages\/13387","targetHints":{"allow":["GET"]}}],"collection":[{"href":"https:\/\/amantesdeteruel.es\/en\/wp-json\/wp\/v2\/pages"}],"about":[{"href":"https:\/\/amantesdeteruel.es\/en\/wp-json\/wp\/v2\/types\/page"}],"author":[{"embeddable":true,"href":"https:\/\/amantesdeteruel.es\/en\/wp-json\/wp\/v2\/users\/2"}],"replies":[{"embeddable":true,"href":"https:\/\/amantesdeteruel.es\/en\/wp-json\/wp\/v2\/comments?post=13387"}],"version-history":[{"count":4,"href":"https:\/\/amantesdeteruel.es\/en\/wp-json\/wp\/v2\/pages\/13387\/revisions"}],"predecessor-version":[{"id":13395,"href":"https:\/\/amantesdeteruel.es\/en\/wp-json\/wp\/v2\/pages\/13387\/revisions\/13395"}],"wp:attachment":[{"href":"https:\/\/amantesdeteruel.es\/en\/wp-json\/wp\/v2\/media?parent=13387"}],"curies":[{"name":"wp","href":"https:\/\/api.w.org\/{rel}","templated":true}]}}