{"id":2605,"date":"2022-11-04T09:49:48","date_gmt":"2022-11-04T09:49:48","guid":{"rendered":"https:\/\/amantesdeteruel.es\/?page_id=2605"},"modified":"2023-11-28T10:02:33","modified_gmt":"2023-11-28T10:02:33","slug":"aviso-legal-tienda","status":"publish","type":"page","link":"https:\/\/amantesdeteruel.es\/en\/aviso-legal-tienda\/","title":{"rendered":"Aviso Legal Tienda"},"content":{"rendered":"<p>[et_pb_section fb_built=&#8221;1&#8243; _builder_version=&#8221;4.17.4&#8243; _module_preset=&#8221;default&#8221; global_colors_info=&#8221;{}&#8221;][et_pb_row _builder_version=&#8221;4.17.4&#8243; _module_preset=&#8221;default&#8221; global_colors_info=&#8221;{}&#8221;][et_pb_column type=&#8221;4_4&#8243; _builder_version=&#8221;4.17.4&#8243; _module_preset=&#8221;default&#8221; global_colors_info=&#8221;{}&#8221;][et_pb_text _builder_version=&#8221;4.19.2&#8243; _module_preset=&#8221;default&#8221; hover_enabled=&#8221;0&#8243; global_colors_info=&#8221;{}&#8221; sticky_enabled=&#8221;0&#8243;]<\/p>\n<h1 style=\"font-size: 36px; text-align: center;\"><strong>AVISO LEGAL<\/strong><\/h1>\n<p>&nbsp;<\/p>\n<h3><strong>1.- Datos identificativos<\/strong><\/h3>\n<p>Denominaci\u00f3n Social: Fundaci\u00f3n Amantes de Teruel<\/p>\n<p>Nombre Comercial: Fundaci\u00f3n Amantes de Teruel<\/p>\n<p>Domicilio Social: C\/ Matias Abad N\u00ba3 44001 &#8211; Teruel<\/p>\n<p>CIF \/ NIF: G-44162774<\/p>\n<p>Tel\u00e9fono: (+34) 978618398<\/p>\n<p>Fax: (+34) 978618399<\/p>\n<p>e-Mail: fundacion@amantesdeteruel.es<\/p>\n<p>Nombre de dominio: <a href=\"http:\/\/www.amantesdeteruel.es\">www.amantesdeteruel.es<\/a><\/p>\n<p>&nbsp;<\/p>\n<h3><strong>2.- Objeto y \u00c1mbito de aplicaci\u00f3n<\/strong><\/h3>\n<p>El prestador, responsable del sitio web, pone a disposici\u00f3n de los usuarios el presente documento con el que pretende dar cumplimiento a las obligaciones dispuestas en la Ley 34\/2002, de Servicios de la Sociedad de la Informaci\u00f3n y del Comercio Electr\u00f3nico (LSSI-CE), as\u00ed como informar a todos los usuarios del sitio web respecto a cu\u00e1les son las condiciones de uso del sitio web.<\/p>\n<p>Estas son las condiciones generales (en adelante &#8220;Condiciones Generales&#8221;) que regulan el acceso, navegaci\u00f3n y uso de los sitios web bajo el dominio &#8220;amantesdeteruel.es&#8221; (en adelante, &#8220;Sitio Web&#8221;), as\u00ed como las responsabilidades derivadas de la utilizaci\u00f3n de sus contenidos (entendiendo en adelante por &#8220;Contenidos&#8221; los textos, gr\u00e1ficos, dibujos, dise\u00f1os, c\u00f3digos, software, fotograf\u00edas, m\u00fasica, v\u00eddeos, sonidos, bases de datos, im\u00e1genes, expresiones e informaciones, as\u00ed como cualquier otra creaci\u00f3n protegida por las leyes nacionales y los tratados internacionales sobre propiedad intelectual e industrial). Independientemente de las mismas, Fundaci\u00f3n Amantes de Teruel\u00a0podr\u00e1 establecer unas condiciones particulares que regulen la utilizaci\u00f3n y\/o contrataci\u00f3n de servicios espec\u00edficos ofrecidos a los usuarios a trav\u00e9s del Sitio Web.<\/p>\n<p>Toda persona que acceda a este sitio web asume el papel de usuario, comprometi\u00e9ndose a la observancia y cumplimiento riguroso de las disposiciones aqu\u00ed dispuestas, as\u00ed como a cualesquiera otra disposici\u00f3n legal que fuera de aplicaci\u00f3n.<\/p>\n<p>El prestador se reserva el derecho a modificar cualquier tipo de informaci\u00f3n que pudiera aparecer en el sitio web, sin que exista obligaci\u00f3n de preavisar o poner en conocimiento de los usuarios dichas obligaciones, entendi\u00e9ndose como suficiente con la publicaci\u00f3n en el sitio web del prestador.<\/p>\n<p>&nbsp;<\/p>\n<h3><strong>3.- Responsabilidad<\/strong><\/h3>\n<p>El prestador se exime de cualquier tipo de responsabilidad derivada de la informaci\u00f3n publicada en su sitio web, siempre que esta informaci\u00f3n haya sido manipulada o introducida por un tercero ajeno al mismo.<\/p>\n<p>El sitio web del prestador puede utilizar cookies (peque\u00f1os archivos de informaci\u00f3n que el servidor env\u00eda al ordenador de quien accede a la p\u00e1gina) para llevar a cabo determinadas funciones que son consideradas imprescindibles para el correcto funcionamiento y visualizaci\u00f3n del sitio. Las cookies utilizadas en el sitio web tienen, en todo caso, car\u00e1cter temporal con la \u00fanica finalidad de hacer m\u00e1s eficaz su transmisi\u00f3n ulterior y desaparecen al terminar la sesi\u00f3n del usuario. En ning\u00fan caso se utilizar\u00e1n las cookies para recoger informaci\u00f3n de car\u00e1cter personal.<\/p>\n<p>Desde el sitio web del cliente es posible que se redirija a contenidos de terceros sitios web. Dado que el prestador no puede controlar siempre los contenidos introducidos por los terceros en sus sitios web, \u00e9ste no asume ning\u00fan tipo de responsabilidad respecto a dichos contenidos. En todo caso, el prestador manifiesta que proceder\u00e1 a la retirada inmediata de cualquier contenido que pudiera contravenir la legislaci\u00f3n nacional o internacional, la moral o el orden p\u00fablico, procediendo a la retirada inmediata de la redirecci\u00f3n a dicho sitio web, poniendo en conocimiento de las autoridades competentes el contenido en cuesti\u00f3n.<\/p>\n<p>El prestador no se hace responsable de la informaci\u00f3n y contenidos almacenados, a t\u00edtulo enunciativo pero no limitativo, en foros, chat\u00b4s, generadores de blogs, comentarios, redes sociales o cualesquiera otro medio que permita a terceros publicar contenidos de forma independiente en la p\u00e1gina web del prestador. No obstante y en cumplimiento de lo dispuesto en el art. 11 y 16 de la LSSI-CE, el prestador se pone a disposici\u00f3n de todos los usuarios, autoridades y fuerzas de seguridad, y colaborando de forma activa en la retirada o en su caso bloqueo de todos aquellos contenidos que pudieran afectar o contravenir la legislaci\u00f3n nacional, o internacional, derechos de terceros o la moral y el orden p\u00fablico. En caso de que el usuario considere que existe en el sitio web alg\u00fan contenido que pudiera ser susceptible de esta clasificaci\u00f3n, se ruega lo notifique de forma inmediata al administrador del sitio web.<\/p>\n<p>Este sitio web ha sido revisado y probado para que funcione correctamente. En principio, puede garantizarse el correcto funcionamiento los 365 d\u00edas del a\u00f1o, 24 horas al d\u00eda. No obstante, el prestador no descarta la posibilidad de que existan ciertos errores de programaci\u00f3n, o que acontezcan causas de fuerza mayor, cat\u00e1strofes naturales, huelgas, o circunstancias semejantes que hagan imposible el acceso a la p\u00e1gina web.<\/p>\n<p>&nbsp;<\/p>\n<h3><strong>4.- Protecci\u00f3n de datos personales<\/strong><\/h3>\n<p>Para utilizar algunos de los Servicios, los Usuarios deben proporcionar\u00e1n previamente a\u00a0Fundaci\u00f3n amantes de Teruel\u00a0ciertos datos de car\u00e1cter personal (en adelante, los &#8220;<strong>Datos Personales<\/strong>&#8220;).<br \/>\nDe conformidad con lo establecido en la Ley Org\u00e1nica de Protecci\u00f3n de Datos\u00a0 de car\u00e1cter personal (Ley Org\u00e1nica 15\/1999, de 13 de diciembre), los datos personales del Usuario se incluir\u00e1n en nuestro fichero automatizado &#8220;FICHEROS CLIENTES PROVEEDORES&#8221;. La recogida y tratamiento automatizado de los datos de car\u00e1cter personal tiene como finalidad principal facilitar\u00a0la relaci\u00f3n comercial de Fundaci\u00f3n Amantes con el usuario.<\/p>\n<p>Asimismo, y con car\u00e1cter meramente enunciativo, se se\u00f1ala que\u00a0Fundaci\u00f3n Amantes de Teruel,\u00a0podr\u00e1 emplear los datos facilitados para:<\/p>\n<ol>\n<li>\u00a0\u00a0\u00a0\u00a0 Recoger los datos b\u00e1sicos de facturaci\u00f3n en caso de que se contrate alg\u00fan servicio, o los datos necesarios en caso de promociones gratuitas.En la web se ofrecen diversos servicios on-line en los que adem\u00e1s de demandar los datos necesarios para la prestaci\u00f3n del servicio requerido y preparar la factura correspondiente, se solicitan los datos bancarios o de tarjeta de cr\u00e9dito necesarios para poder efectuar al cobro de los mismos. Estos datos se tramitan a trav\u00e9s de un servidor seguro, con el protocolo de encriptaci\u00f3n SSL (Secure socket layer) y no se almacenan en el Sitio Web. No obstante, cualquier transferencia de datos mediante Internet tiene el riesgo (aunque sea m\u00ednimo) de ser interceptada.\u00a0Fundaci\u00f3n Amantes,\u00a0no garantiza que este hecho no pueda suceder, por lo que el riesgo de enviar datos de este tipo lo asume la persona que nos env\u00eda los datos. Este tipo de informaci\u00f3n no es recibida ni almacenada por\u00a0Fundaci\u00f3n Amantes. Fundaci\u00f3n Amantes, tan s\u00f3lo la ceder\u00e1 o facilitar\u00e1 a las entidades con las que mantenga acuerdos de colaboraci\u00f3n para el cumplimiento de los fines legal y estatutariamente establecidos los datos almacenados en el Sitio Web.<\/li>\n<li>\u00a0\u00a0\u00a0\u00a0 Obtener la informaci\u00f3n b\u00e1sica necesaria para responder las consultas que se nos formulen. En los formularios de consulta que se encuentran en la web se recoge aquella informaci\u00f3n que nos ayuda a responder las consultas o preguntas que nos formulan. Esta informaci\u00f3n es recibida por\u00a0Fundaci\u00f3n Amantes, que tan s\u00f3lo la ceder\u00e1 o facilitar\u00e1 a las entidades con las que tenga acuerdos de colaboraci\u00f3n, para el cumplimiento de los fines legal y estatutariamente establecidos.<\/li>\n<li>\u00a0\u00a0\u00a0\u00a0 Realizar el servicio de notas de prensa correctamente<br \/>\nPara lo cual se solicita a los interesados en contratar este servicio un texto que va a ser enviado a los medios de comunicaci\u00f3n y periodistas. Asimismo, los periodistas y medios de comunicaci\u00f3n pueden solicitar recibir notas de prensa en su e-mail. En cualquier momento los Usuarios pueden darse de baja enviando un e-mail a\u00a0fundacion@amantesdeteruel.es\u00a0o borr\u00e1ndose como usurarios del portal.\u00a0Fundaci\u00f3n Amantes de Teruel\u00a0tan s\u00f3lo podr\u00e1 ceder o facilitar los datos a las entidades con las que tenga acuerdos de colaboraci\u00f3n para el cumplimiento de los fines legal y estatutariamente establecidos.<\/li>\n<li>\u00a0\u00a0\u00a0\u00a0 Disponer de la informaci\u00f3n b\u00e1sica para a\u00f1adir recursos, en el caso de que se quiera dar de alta un recurso en nuestros buscadores<\/li>\n<li>\u00a0\u00a0\u00a0\u00a0 Realizar el alta en los buscadores. En el denominado servicio de alta en buscadores, el Usuario debe tener en cuenta que cuando se realiza un alta, los propios buscadores solicitan algunos de los datos que el Usuario env\u00eda (ej. nombre, direcci\u00f3n, tel\u00e9fono, e-mail&#8230;, nunca datos financieros). Fundaci\u00f3n Amantes de Teruel no controla ni responde del uso que estos buscadores hacen de los mismos. Si el Usuario est\u00e1 preocupado por la confidencialidad de estos datos, no debe contratar el servicio de alta en buscadores.<\/li>\n<li>\u00a0\u00a0\u00a0\u00a0 Conocer las visitas que reciben nuestras webs.\u00a0Fundaci\u00f3n Amantes de Teruel,\u00a0dispone en su servidor de un programa estad\u00edstico que controla a nivel agregado los datos generales de los visitantes a esta web, tales como p\u00e1ginas m\u00e1s vistas, pa\u00edses de origen de los visitantes y similares. La finalidad de estas estad\u00edsticas es ofrecer a\u00a0Fundaci\u00f3n Amantes de Teruel\u00a0una visi\u00f3n general de la web y su evoluci\u00f3n, siempre a nivel agregado; por lo que no se controlan visitas de usuarios en concreto.<\/li>\n<li>\u00a0\u00a0\u00a0\u00a0 Poderle enviar el Bolet\u00edn Electr\u00f3nico, de car\u00e1cter gratuito y que se distribuye por e-mail. En algunos formularios de la web, se pide al usuario autorizaci\u00f3n para enviarle v\u00eda e-mail el bolet\u00edn de novedades y noticias de la\u00a0Fundaci\u00f3n\u00a0o cualesquiera otras entidades con las que tenga acuerdos de colaboraci\u00f3n. Esta informaci\u00f3n es recibida por\u00a0Fundaci\u00f3n Amantes de Teruel\u00a0y s\u00f3lo se podr\u00e1 ceder o facilitar a las entidades con las que tenga acuerdos de colaboraci\u00f3n para el cumplimiento de los fines legal y estatutariamente establecidos.<\/li>\n<li><\/li>\n<\/ol>\n<h3><strong>5.- Propiedad Intelectual\u00a0<\/strong><\/h3>\n<p>El sitio web, incluyendo a t\u00edtulo enunciativo pero no limitativo su programaci\u00f3n, edici\u00f3n, compilaci\u00f3n y dem\u00e1s elementos necesarios para su funcionamiento, los dise\u00f1os, logotipos, texto y\/o gr\u00e1ficos son propiedad del prestador o en su caso dispone de licencia o autorizaci\u00f3n expresa por parte de los autores. Todos los contenidos del sitio web se encuentran debidamente protegidos por la normativa de propiedad intelectual e industrial, as\u00ed como inscritos en los registros p\u00fablicos correspondientes.<\/p>\n<p>Independientemente de la finalidad para la que fueran destinados, la reproducci\u00f3n total o parcial, uso, explotaci\u00f3n, distribuci\u00f3n y comercializaci\u00f3n, requiere en todo caso de la autorizaci\u00f3n escrita previa por parte del prestador. Cualquier uso no autorizado previamente por parte del prestador ser\u00e1 considerado un incumplimiento grave de los derechos de propiedad intelectual o industrial del autor.<\/p>\n<p>Los dise\u00f1os, logotipos, texto y\/o gr\u00e1ficos ajenos al prestador y que pudieran aparecer en el sitio web, pertenecen a sus respectivos propietarios, siendo ellos mismos responsables de cualquier posible controversia que pudiera suscitarse respecto a los mismos. En todo caso, el prestador cuenta con la autorizaci\u00f3n expresa y previa por parte de los mismos.<\/p>\n<p>El prestador\u00a0<em>autoriza<\/em>\u00a0expresamente a que terceros puedan redirigir directamente a los contenidos concretos del sitio web, debiendo en todo caso redirigir al sitio web principal del prestador, siempre que se solicite permiso previamente.<\/p>\n<p>El prestador reconoce a favor de sus titulares los correspondientes derechos de propiedad industrial e intelectual, no implicando su sola menci\u00f3n o aparici\u00f3n en el sitio web la existencia de derechos o responsabilidad alguna del prestador sobre los mismos, como tampoco respaldo, patrocinio o recomendaci\u00f3n por parte del mismo.<\/p>\n<p>Para realizar cualquier tipo de observaci\u00f3n respecto a posibles incumplimientos de los derechos de propiedad intelectual o industrial, as\u00ed como sobre cualquiera de los contenidos del sitio web, puede hacerlo a trav\u00e9s del siguiente correo electr\u00f3nico.<\/p>\n<p>&nbsp;<\/p>\n<h3><strong>6.- Captura de la direcci\u00f3n IP<\/strong><\/h3>\n<p>Al acceder al portal su direcci\u00f3n IP (la direcci\u00f3n IP es el c\u00f3digo num\u00e9rico con el que usted se conecta a INTERNET y que le facilita su proveedor) se almacenar\u00e1 en nuestro servidor. Se trata de un mecanismo de seguridad para identificar a los participantes en algunos de lo m\u00f3dulos o servicios. Esta informaci\u00f3n podr\u00e1 ser visible para el moderador, el administrador y en aquellos m\u00f3dulos que se indique.<\/p>\n<p>En todos los casos se garantiza, si lo desea, el ejercicio de los derechos de acceso, cancelaci\u00f3n, rectificaci\u00f3n, oposici\u00f3n del usuario, a sus datos de car\u00e1cter personal que forman parte de nuestro fichero. Para ello dirigir\u00e1 su solicitud a trav\u00e9s del correo electr\u00f3nico fundacion@amantesdeteruel.es, bien a la direcci\u00f3n postal C\/ Mat\u00edas Abad, 3, 44001 TERUEL, a la atenci\u00f3n de FUNDACI\u00d3N AMANTES DE TERUEL, o al fax \u00a0978618399.<\/p>\n<p>FUNDACI\u00d3N AMANTES DE TERUEL ha adoptado las medidas de \u00edndole t\u00e9cnica y organizativas necesarias, seg\u00fan el nivel de seguridad de protecci\u00f3n de datos que le corresponde legalmente, para garantizar la seguridad del tratamiento de datos de car\u00e1cter personal que constituyen su fichero automatizado. Sin embargo, el usuario debe ser consciente de que en la actualidad las medidas de seguridad en Internet no son inexpugnables y por lo tanto no se est\u00e1 a salvo de posibles intromisiones ilegales e indebidas, que no ser\u00edan responsabilidad de FUNDACI\u00d3N AMANTES DE TERUEL, ya que ella ha actuado con la diligencia debida para proteger los datos conforme determina la ley.<\/p>\n<p>La web que est\u00e1 usted consultando es propiedad de FUNDACI\u00d3N AMANTES DE TERUEL. (C.I.F. G-44162774), domiciliada en la calle C\/\u00a0Mat\u00edas Abad, 3, 44001 TERUEL.<\/p>\n<p>&nbsp;<\/p>\n<h3><strong>7.-\u00a0Utilizaci\u00f3n de cookies<\/strong><\/h3>\n<p>FUNDACI\u00d3N AMANTES DE TERUEL puede utilizar<span>\u00a0<\/span><em>cookies<\/em><span>\u00a0<\/span>cuando un Usuario navega por los sitios y p\u00e1ginas web del Portal. Las<span>\u00a0<\/span><em>cookies<span>\u00a0<\/span><\/em>que se puedan utilizar en los sitios y p\u00e1ginas web del Portal se asocian \u00fanicamente con el navegador de un ordenador determinado (un Usuario an\u00f3nimo), y no proporcionan por si el nombre y apellidos del Usuario. Gracias a las<span>\u00a0<\/span><em>cookies<\/em>, resulta posible que FUNDACI\u00d3N AMANTES DE TERUEL reconozca los navegadores de los Usuarios registrados despu\u00e9s de que estos se hayan registrado por primera vez, sin que tengan que registrarse en cada visita para acceder a las \u00e1reas y Servicios reservados exclusivamente a ellos. Las<span>\u00a0<\/span><em>cookies<span>\u00a0<\/span><\/em>utilizadas no pueden leer los archivos<span>\u00a0<\/span><em>cookie<span>\u00a0<\/span><\/em>creados por otros proveedores. El Usuario tiene la posibilidad de configurar su navegador para ser avisado en pantalla de la recepci\u00f3n de<span>\u00a0<\/span><em>cookies<\/em><span>\u00a0<\/span>y para impedir la instalaci\u00f3n de<span>\u00a0<\/span><em>cookies<\/em>en su disco duro. Por favor, consulte las instrucciones y manuales de su navegador para ampliar \u00e9sta informaci\u00f3n. Para utilizar el Portal, no resulta necesario que el Usuario permita la instalaci\u00f3n de las<span>\u00a0<\/span><em>cookies<span>\u00a0<\/span><\/em>enviadas por FUNDACI\u00d3N AMANTES DE TERUEL, sin perjuicio de que en tal caso ser\u00e1 necesario que el Usuario se registre cada vez que acceda a un servicio que requiera el previo registro.<\/p>\n<p>Las<span>\u00a0<\/span><em>cookies<\/em><span>\u00a0<\/span>que se utilizan en los sitios y p\u00e1ginas web del Portal pueden ser servidas por FUNDACI\u00d3N AMANTES DE TERUEL, en cuyo caso se sirven desde los distintos servidores operados por \u00e9stas, o desde los servidores de determinados terceros que nos prestan servicios y sirven las<span>\u00a0<\/span><em>cookies<\/em><span>\u00a0<\/span>por cuenta de FUNDACI\u00d3N AMANTES DE TERUEL. Siempre que no haya activado la opci\u00f3n que impide la instalaci\u00f3n de<span>\u00a0<\/span><em>cookies<\/em><span>\u00a0<\/span>en su disco duro, el Usuario podr\u00e1 explorar su disco duro siguiendo el manual de instrucciones y ayuda de su sistema operativo (normalmente, en sistemas operativos Windows deber\u00e1 consultar la carpeta &#8220;C&#8221; (o la unidad de disco correspondiente&#8221;<em>\/Windows\/Cookies<\/em>&#8220;) para conocer con mayor detalle cada servidor desde donde se env\u00edan las<span>\u00a0<\/span><em>cookies<\/em>.<\/p>\n<p>&nbsp;<\/p>\n<h3><strong>8.- Procedimiento en caso de realizaci\u00f3n de actividades de car\u00e1cter il\u00edcito.\u00a0<\/strong><\/h3>\n<p>En el caso de que cualquier Usuario o un tercero considere que existen hechos o circunstancias que revelen el car\u00e1cter il\u00edcito de la utilizaci\u00f3n de cualquier Contenido y\/o de la realizaci\u00f3n de cualquier actividad en las p\u00e1ginas web incluidas o accesibles a trav\u00e9s del Portal, y, en particular, de la violaci\u00f3n de derechos de propiedad intelectual o industrial (patentes, modelos y dibujos industriales, marcas y nombres comerciales, etc.) u otros derechos, deber\u00e1 enviar una notificaci\u00f3n a FUNDACI\u00d3N AMANTES DE TERUEL en la que se contengan los siguientes extremos:<\/p>\n<p>(a) Datos personales del reclamante: nombre, direcci\u00f3n, n\u00famero de tel\u00e9fono y direcci\u00f3n de correo electr\u00f3nico;<\/p>\n<p>(b) especificaci\u00f3n de la supuesta actividad il\u00edcita llevada a cabo en el Portal y, en particular, cuando se trate de una supuesta violaci\u00f3n de derechos, indicaci\u00f3n precisa y concreta de los contenidos protegidos as\u00ed como de su localizaci\u00f3n en las p\u00e1ginas web;<\/p>\n<p>(c) hechos o circunstancias que revelan el car\u00e1cter il\u00edcito de dicha actividad;<\/p>\n<p>(d) en el supuesto de violaci\u00f3n de derechos, firma manuscrita o equivalente, con los datos personales del titular de los derechos supuestamente infringidos o de la persona autorizada para actuar en nombre y por cuenta de \u00e9sta;<\/p>\n<p>(e) declaraci\u00f3n expresa, clara y bajo la responsabilidad del reclamante de que la informaci\u00f3n proporcionada en la notificaci\u00f3n es exacta y del car\u00e1cter il\u00edcito de la utilizaci\u00f3n de los contenidos o de la realizaci\u00f3n de las actividades descritas.<\/p>\n<p>&nbsp;<\/p>\n<h3><strong>9.- Notificaciones<\/strong><\/h3>\n<p>Todas las notificaciones y comunicaciones (en adelante, las &#8220;<strong>Notificaciones<\/strong>&#8220;) por parte del Usuario a FUNDACI\u00d3N AMANTES DE TERUEL se considerar\u00e1n eficaces, a todos los efectos, cuando se dirijan al Servicio de Atenci\u00f3n al Usuario de alguna de las siguientes formas:<\/p>\n<p>(a) Env\u00edo por correo postal a la siguiente direcci\u00f3n: C\/\u00a0Mat\u00edas Abad, 3, 44001 TERUEL.<\/p>\n<p>(b) Comunicaci\u00f3n por medio de una llamada telef\u00f3nica al n\u00famero de tel\u00e9fono:\u00a0978 618398<\/p>\n<p>(c) Env\u00edo por correo electr\u00f3nico a la siguiente direcci\u00f3n: fundacion@amantesdeteruel.es. Todas las Notificaciones por parte de FUNDACI\u00d3N AMANTES DE TERUEL al Usuario se considerar\u00e1n eficaces, a todos los efectos, cuando se realicen de alguna de las siguientes maneras:<\/p>\n<p>(*) Env\u00edo por correo postal al domicilio del Usuario cuando \u00e9ste haya sido previamente puesto en conocimiento de FUNDACI\u00d3N AMANTES DE TERUEL;<\/p>\n<p>(*) Env\u00edo por correo electr\u00f3nico a cualquiera de los buzones que el Usuario dispone o pueda disponer como parte de cualquier otro servicio que FUNDACI\u00d3N AMANTES DE TERUEL preste al Usuario;<\/p>\n<p>(*) Comunicaci\u00f3n por medio de una llamada telef\u00f3nica al n\u00famero de tel\u00e9fono del Usuario, cuando \u00e9ste haya sido previamente puesto en conocimiento de FUNDACI\u00d3N AMANTES DE TERUEL;<\/p>\n<p>(*) Mediante mensajes emergentes enviados durante la prestaci\u00f3n de los Servicios por parte de FUNDACI\u00d3N AMANTES DE TERUEL al Usuario.<\/p>\n<p>En este sentido, todas las Notificaciones que efect\u00fae FUNDACI\u00d3N AMANTES DE TERUEL al Usuario se considerar\u00e1n v\u00e1lidamente efectuadas si se han realizado empleando los datos y a trav\u00e9s de los medios anteriormente se\u00f1alados. A estos efectos, el Usuario manifiesta que todos los datos facilitados por \u00e9l son ciertos y correctos, y se compromete a comunicar a FUNDACI\u00d3N AMANTES DE TERUEL todos los cambios relativos a los datos de notificaci\u00f3n.<\/p>\n<p>&nbsp;<\/p>\n<h3><strong>10.- Retirada y suspensi\u00f3n de los servicios<\/strong><\/h3>\n<p>FUNDACI\u00d3N AMANTES DE TERUEL podr\u00e1 retirar o suspender en cualquier momento y sin necesidad de aviso previo la prestaci\u00f3n de los Servicios a aquellos Usuarios que incumplan lo establecido en el presente Aviso Legal.<\/p>\n<p>&nbsp;<\/p>\n<h3><strong>11.- Duraci\u00f3n y terminaci\u00f3n<\/strong><\/h3>\n<p>La prestaci\u00f3n del servicio de Portal y de los dem\u00e1s Servicios tiene, en principio, una duraci\u00f3n indefinida. FUNDACI\u00d3N AMANTES DE TERUEL, no obstante, est\u00e1 autorizada para dar por terminada o suspender la prestaci\u00f3n del servicio del Portal y\/o de cualquiera de los Servicios en cualquier momento, sin perjuicio de lo que se hubiere dispuesto al respecto en las correspondientes Condiciones Particulares. Cuando ello sea razonablemente posible, FUNDACI\u00d3N AMANTES DE TERUEL advertir\u00e1 previamente la terminaci\u00f3n o suspensi\u00f3n de la prestaci\u00f3n del servicio de Portal y de los dem\u00e1s Servicios.<\/p>\n<p>&nbsp;<\/p>\n<h3><strong>12.- Legislaci\u00f3n aplicable<\/strong><\/h3>\n<p>Para la resoluci\u00f3n de todas las controversias o cuestiones relacionadas con el presente sitio web o de las actividades en \u00e9l desarrolladas, ser\u00e1 de aplicaci\u00f3n la legislaci\u00f3n espa\u00f1ola, a la que se someten expresamente las partes, siendo competentes para la resoluci\u00f3n de todos los conflictos derivados o relacionados con su uso los Juzgados y Tribunales de\u00a0Teruel.<\/p>\n<p>&nbsp;<\/p>\n<p>&nbsp;<\/p>\n<p>Para cualquier sugerencia o propuesta de colaboraci\u00f3n escr\u00edbanos por correo electr\u00f3nico a fundacion@amantesdeteruel.es , o ll\u00e1menos al siguiente n\u00famero de tel\u00e9fono (+34) 978 618398.[\/et_pb_text][\/et_pb_column][\/et_pb_row][\/et_pb_section]<\/p>\n","protected":false},"excerpt":{"rendered":"<p>AVISO LEGAL &nbsp; 1.- Datos identificativos Denominaci\u00f3n Social: Fundaci\u00f3n Amantes de Teruel Nombre Comercial: Fundaci\u00f3n Amantes de Teruel Domicilio Social: C\/ Matias Abad N\u00ba3 44001 &#8211; Teruel CIF \/ NIF: G-44162774 Tel\u00e9fono: (+34) 978618398 Fax: (+34) 978618399 e-Mail: fundacion@amantesdeteruel.es Nombre de dominio: www.amantesdeteruel.es &nbsp; 2.- Objeto y \u00c1mbito de aplicaci\u00f3n El prestador, responsable del sitio [&hellip;]<\/p>\n","protected":false},"author":1,"featured_media":0,"parent":0,"menu_order":0,"comment_status":"closed","ping_status":"closed","template":"","meta":{"_acf_changed":false,"_et_pb_use_builder":"on","_et_pb_old_content":"","_et_gb_content_width":"","footnotes":""},"class_list":["post-2605","page","type-page","status-publish","hentry"],"acf":[],"_links":{"self":[{"href":"https:\/\/amantesdeteruel.es\/en\/wp-json\/wp\/v2\/pages\/2605","targetHints":{"allow":["GET"]}}],"collection":[{"href":"https:\/\/amantesdeteruel.es\/en\/wp-json\/wp\/v2\/pages"}],"about":[{"href":"https:\/\/amantesdeteruel.es\/en\/wp-json\/wp\/v2\/types\/page"}],"author":[{"embeddable":true,"href":"https:\/\/amantesdeteruel.es\/en\/wp-json\/wp\/v2\/users\/1"}],"replies":[{"embeddable":true,"href":"https:\/\/amantesdeteruel.es\/en\/wp-json\/wp\/v2\/comments?post=2605"}],"version-history":[{"count":7,"href":"https:\/\/amantesdeteruel.es\/en\/wp-json\/wp\/v2\/pages\/2605\/revisions"}],"predecessor-version":[{"id":8021,"href":"https:\/\/amantesdeteruel.es\/en\/wp-json\/wp\/v2\/pages\/2605\/revisions\/8021"}],"wp:attachment":[{"href":"https:\/\/amantesdeteruel.es\/en\/wp-json\/wp\/v2\/media?parent=2605"}],"curies":[{"name":"wp","href":"https:\/\/api.w.org\/{rel}","templated":true}]}}