{"id":2636,"date":"2022-11-04T10:17:12","date_gmt":"2022-11-04T10:17:12","guid":{"rendered":"https:\/\/amantesdeteruel.es\/?page_id=2636"},"modified":"2023-03-29T06:24:42","modified_gmt":"2023-03-29T06:24:42","slug":"politica-de-privacidad-tienda","status":"publish","type":"page","link":"https:\/\/amantesdeteruel.es\/en\/politica-de-privacidad-tienda\/","title":{"rendered":"Pol\u00edtica de Privacidad Tienda"},"content":{"rendered":"<p>[et_pb_section fb_built=&#8221;1&#8243; _builder_version=&#8221;4.17.4&#8243; _module_preset=&#8221;default&#8221; global_colors_info=&#8221;{}&#8221;][et_pb_row _builder_version=&#8221;4.17.4&#8243; _module_preset=&#8221;default&#8221; global_colors_info=&#8221;{}&#8221;][et_pb_column type=&#8221;4_4&#8243; _builder_version=&#8221;4.17.4&#8243; _module_preset=&#8221;default&#8221; global_colors_info=&#8221;{}&#8221;][et_pb_text _builder_version=&#8221;4.19.2&#8243; _module_preset=&#8221;default&#8221; custom_margin=&#8221;||100px||false|false&#8221; global_colors_info=&#8221;{}&#8221;]<\/p>\n<h1 style=\"font-size: 36px; text-align: center;\"><strong>POL\u00cdTICA DE PRIVACIDAD<\/strong><\/h1>\n<p>&nbsp;<\/p>\n<div class=\"letra_gris_13_helvetica\">\n<p>&nbsp;<\/p>\n<p>Con la finalidad de informar a nuestros usuarios y dar cumplimiento al REGLAMENTO EUROPEO DE PROTECCI\u00d3N DE DATOS, informamos de los derechos y obligaciones ante la posible toma de datos personales para distintos prop\u00f3sitos desde nuestra p\u00e1gina web:<\/p>\n<h2><strong>REGLAMENTO EUROPEO DE PROTECCI\u00d3N DE DATOS &#8220;AMIGOS DE LOS AMANTES&#8221;<\/strong><\/h2>\n<p>&nbsp;<\/p>\n<p class=\"parrafo\"><strong>Identificaci\u00f3n del Responsable.<span>\u00a0<\/span><\/strong>Le informamos que los datos personales que Usted nos proporciona son incorporados a un tratamiento de datos personales cuyo responsable es el FUNDACI\u00d3N AMANTES DE TERUEL con CIF G44162774 y con domicilio en C\/ MATIAS ABAD, 3, 44001, TERUEL, TERUEL (ESPA\u00d1A). Puede contactar con el Responsable, bien por tel\u00e9fono en el n\u00famero 978618398 o bien mediante correo electr\u00f3nico en el buz\u00f3n fundacion@amantesdeteruel.es<\/p>\n<p class=\"parrafo\"><strong>Delegado de Protecci\u00f3n de Datos:<\/strong><span>\u00a0<\/span>No existe Delegado de protecci\u00f3n de datos en esta entidad.<\/p>\n<p class=\"parrafo\"><strong>Finalidad.<\/strong><span>\u00a0<\/span>En FUNDACI\u00d3N AMANTES DE TERUEL tratamos la informaci\u00f3n de las personas interesadas con la siguiente finalidad: Permite realizar la gesti\u00f3n y atenci\u00f3n de los suscriptores.<\/p>\n<p class=\"parrafo\"><strong>Plazo de Conservaci\u00f3n.<\/strong><span>\u00a0<\/span>El plazo de conservaci\u00f3n de sus datos personales ser\u00e1 de: Indefinido o hasta la revocaci\u00f3n del consentimiento.<\/p>\n<p class=\"parrafo\"><strong>Decisiones automatizadas y elaboraci\u00f3n de perfiles.<\/strong><span>\u00a0<\/span>Le informamos que no existen decisiones automatizadas incluyendo la elaboraci\u00f3n de perfiles.<\/p>\n<p class=\"parrafo\"><strong>Base Jur\u00eddica del Tratamiento.<\/strong><span>\u00a0<\/span>Para los tratamientos que se realizan con la finalidad de gesti\u00f3n y atenci\u00f3n de los suscriptores, la base jur\u00eddica ser\u00e1 la ejecuci\u00f3n de un contrato.<\/p>\n<p class=\"parrafo\"><strong>Destinatarios de cesiones.<\/strong><span>\u00a0<\/span>Sus datos personales podr\u00e1n ser cedidos a Administraciones, Autoridades y Organismos P\u00fablicos, incluidos Juzgados y Tribunales, cuando as\u00ed lo exija la normativa aplicable. Tambi\u00e9n podr\u00e1n tener acceso a sus datos personales los proveedores de servicios que nuestra organizaci\u00f3n contrate o pueda contratar y que tengan la condici\u00f3n de encargado de tratamiento.<\/p>\n<p class=\"parrafo\"><strong>Transferencias Internacionales.<\/strong><span>\u00a0<\/span>Le informamos que no se prev\u00e9n transferencias internacionales de datos.<\/p>\n<p class=\"parrafo\"><strong>Derechos.<\/strong><span>\u00a0<\/span>Usted podr\u00e1 ejercer sus derechos de acceso, rectificaci\u00f3n, cancelaci\u00f3n, limitaci\u00f3n del tratamiento y portabilidad de los datos en los casos y con el alcance que establezca la normativa aplicable en cada momento. Tambi\u00e9n tiene derecho a retirar el consentimiento si lo hubiera prestado y a oponerse a recibir comunicaciones comerciales. Para ejercer estos derechos podr\u00e1 dirigirse a FUNDACI\u00d3N AMANTES DE TERUEL por alguno de los siguientes canales:<\/p>\n<ul>\n<li>Correo postal, adjuntando fotocopia de su D.N.I., pasaporte o cualquier otro documento identificativo, y petici\u00f3n en que se concrete la solicitud a la siguiente direcci\u00f3n: C\/ MATIAS ABAD, 3, 44001, TERUEL (TERUEL).<\/li>\n<li>Correo electr\u00f3nico a la direcci\u00f3n fundacion@amantesdeteruel.es con la siguiente informaci\u00f3n: nombre y apellidos del interesado, domicilio a efectos de notificaciones, fotocopia del D.N.I., pasaporte o cualquier otro documento identificativo, y petici\u00f3n en que se concrete la solicitud. Se le informa, asimismo, de su derecho a presentar una reclamaci\u00f3n ante la Agencia Espa\u00f1ola de Protecci\u00f3n de Datos.<\/li>\n<\/ul>\n<p>&nbsp;<\/p>\n<h2><strong>REGLAMENTO EUROPEO DE PROTECCI\u00d3N DE DATOS &#8220;FORMULARIO DE SUSCRIPTOR&#8221;<\/strong><\/h2>\n<p>&nbsp;<\/p>\n<p class=\"parrafo\"><strong>Identificaci\u00f3n del Responsable.<span>\u00a0<\/span><\/strong>Le informamos que los datos personales que Usted nos proporciona son incorporados a un tratamiento de datos personales cuyo responsable es el FUNDACI\u00d3N AMANTES DE TERUEL con CIF G44162774 y con domicilio en C\/ MATIAS ABAD, 3, 44001, TERUEL, TERUEL (ESPA\u00d1A). Puede contactar con el Responsable, bien por tel\u00e9fono en el n\u00famero 978618398 o bien mediante correo electr\u00f3nico en el buz\u00f3n fundacion@amantesdeteruel.es<\/p>\n<p class=\"parrafo\"><strong>Delegado de Protecci\u00f3n de Datos:<\/strong><span>\u00a0<\/span>No existe Delegado de protecci\u00f3n de datos en esta entidad.<\/p>\n<p class=\"parrafo\"><strong>Finalidad.<\/strong><span>\u00a0<\/span>En FUNDACI\u00d3N AMANTES DE TERUEL tratamos la informaci\u00f3n de las personas interesadas con la siguiente finalidad: Permite realizar la gesti\u00f3n y atenci\u00f3n del programa Amigos de los Amantes.<\/p>\n<p class=\"parrafo\"><strong>Plazo de Conservaci\u00f3n.<\/strong><span>\u00a0<\/span>El plazo de conservaci\u00f3n de sus datos personales ser\u00e1 de: Indefinido o hasta la revocaci\u00f3n del consentimiento.<\/p>\n<p class=\"parrafo\"><strong>Decisiones automatizadas y elaboraci\u00f3n de perfiles.<\/strong><span>\u00a0<\/span>Le informamos que no existen decisiones automatizadas incluyendo la elaboraci\u00f3n de perfiles.<\/p>\n<p class=\"parrafo\"><strong>Base Jur\u00eddica del Tratamiento.<\/strong><span>\u00a0<\/span>Para los tratamientos que se realizan con la finalidad de gesti\u00f3n y atenci\u00f3n del programa Amigos de los Amantes, la base jur\u00eddica ser\u00e1 la ejecuci\u00f3n de un contrato.<\/p>\n<p class=\"parrafo\"><strong>Destinatarios de cesiones.<\/strong><span>\u00a0<\/span>Sus datos personales podr\u00e1n ser cedidos a Administraciones, Autoridades y Organismos P\u00fablicos, incluidos Juzgados y Tribunales, cuando as\u00ed lo exija la normativa aplicable. Tambi\u00e9n podr\u00e1n tener acceso a sus datos personales los proveedores de servicios que nuestra organizaci\u00f3n contrate o pueda contratar y que tengan la condici\u00f3n de encargado de tratamiento.<\/p>\n<p class=\"parrafo\"><strong>Transferencias Internacionales.<\/strong><span>\u00a0<\/span>Le informamos que no se prev\u00e9n transferencias internacionales de datos.<\/p>\n<p class=\"parrafo\"><strong>Derechos.<\/strong><span>\u00a0<\/span>Usted podr\u00e1 ejercer sus derechos de acceso, rectificaci\u00f3n, cancelaci\u00f3n, limitaci\u00f3n del tratamiento y portabilidad de los datos en los casos y con el alcance que establezca la normativa aplicable en cada momento. Tambi\u00e9n tiene derecho a retirar el consentimiento si lo hubiera prestado y a oponerse a recibir comunicaciones comerciales. Para ejercer estos derechos podr\u00e1 dirigirse a FUNDACI\u00d3N AMANTES DE TERUEL por alguno de los siguientes canales:<\/p>\n<ul>\n<li>Correo postal, adjuntando fotocopia de su D.N.I., pasaporte o cualquier otro documento identificativo, y petici\u00f3n en que se concrete la solicitud a la siguiente direcci\u00f3n: C\/ MATIAS ABAD, 3, 44001, TERUEL (TERUEL).<\/li>\n<li>Correo electr\u00f3nico a la direcci\u00f3n fundacion@amantesdeteruel.es con la siguiente informaci\u00f3n: nombre y apellidos del interesado, domicilio a efectos de notificaciones, fotocopia del D.N.I., pasaporte o cualquier otro documento identificativo, y petici\u00f3n en que se concrete la solicitud. Se le informa, asimismo, de su derecho a presentar una reclamaci\u00f3n ante la Agencia Espa\u00f1ola de Protecci\u00f3n de Datos.<\/li>\n<\/ul>\n<p>&nbsp;<\/p>\n<h2><strong>REGLAMENTO EUROPEO DE PROTECCI\u00d3N DE DATOS &#8220;CLIENTES TIENDA ONLINE&#8221;<\/strong><\/h2>\n<p>&nbsp;<\/p>\n<p class=\"parrafo\"><strong>Identificaci\u00f3n del Responsable.<span>\u00a0<\/span><\/strong>Le informamos que los datos personales que Usted nos proporciona son incorporados a un tratamiento de datos personales cuyo responsable es el FUNDACI\u00d3N AMANTES DE TERUEL con CIF G44162774 y con domicilio en C\/ MATIAS ABAD, 3, 44001, TERUEL, TERUEL (ESPA\u00d1A). Puede contactar con el Responsable, bien por tel\u00e9fono en el n\u00famero 978618398 o bien mediante correo electr\u00f3nico en el buz\u00f3n fundacion@amantesdeteruel.es<\/p>\n<p class=\"parrafo\"><strong>Delegado de Protecci\u00f3n de Datos:<\/strong><span>\u00a0<\/span>No existe Delegado de protecci\u00f3n de datos en esta entidad.<\/p>\n<p class=\"parrafo\"><strong>Finalidad.<\/strong><span>\u00a0<\/span>En FUNDACI\u00d3N AMANTES DE TERUEL tratamos la informaci\u00f3n de las personas interesadas con la siguiente finalidad: Permite realizar la gesti\u00f3n y atenci\u00f3n de clientes. Gesti\u00f3n administrativa de pedidos, cobros y pagos, reclamaciones e incidencias, y cualquier otra necesaria para el mantenimiento de la relaci\u00f3n comercial, etc.<\/p>\n<p class=\"parrafo\"><strong>Plazo de Conservaci\u00f3n.<\/strong><span>\u00a0<\/span>El plazo de conservaci\u00f3n de sus datos personales ser\u00e1 de: Indefinido o hasta la revocaci\u00f3n del consentimiento.<\/p>\n<p class=\"parrafo\"><strong>Decisiones automatizadas y elaboraci\u00f3n de perfiles.<\/strong><span>\u00a0<\/span>Le informamos que no existen decisiones automatizadas incluyendo la elaboraci\u00f3n de perfiles.<\/p>\n<p class=\"parrafo\"><strong>Base Jur\u00eddica del Tratamiento.<\/strong><span>\u00a0<\/span>Para los tratamientos que se realizan con la finalidad de gesti\u00f3n y atenci\u00f3n del programa Amigos de los Amantes, la base jur\u00eddica ser\u00e1 la ejecuci\u00f3n de un contrato.<\/p>\n<p class=\"parrafo\"><strong>Destinatarios de cesiones.<\/strong><span>\u00a0<\/span>Sus datos personales podr\u00e1n ser cedidos a Administraciones, Autoridades y Organismos P\u00fablicos, incluidos Juzgados y Tribunales, cuando as\u00ed lo exija la normativa aplicable. Tambi\u00e9n podr\u00e1n tener acceso a sus datos personales los proveedores de servicios que nuestra organizaci\u00f3n contrate o pueda contratar y que tengan la condici\u00f3n de encargado de tratamiento.<\/p>\n<p class=\"parrafo\"><strong>Transferencias Internacionales.<\/strong><span>\u00a0<\/span>Le informamos que no se prev\u00e9n transferencias internacionales de datos.<\/p>\n<p class=\"parrafo\"><strong>Derechos.<\/strong><span>\u00a0<\/span>Usted podr\u00e1 ejercer sus derechos de acceso, rectificaci\u00f3n, cancelaci\u00f3n, limitaci\u00f3n del tratamiento y portabilidad de los datos en los casos y con el alcance que establezca la normativa aplicable en cada momento. Tambi\u00e9n tiene derecho a retirar el consentimiento si lo hubiera prestado y a oponerse a recibir comunicaciones comerciales. Para ejercer estos derechos podr\u00e1 dirigirse a FUNDACI\u00d3N AMANTES DE TERUEL por alguno de los siguientes canales:<\/p>\n<ul>\n<li>Correo postal, adjuntando fotocopia de su D.N.I., pasaporte o cualquier otro documento identificativo, y petici\u00f3n en que se concrete la solicitud a la siguiente direcci\u00f3n: C\/ MATIAS ABAD, 3, 44001, TERUEL (TERUEL).<\/li>\n<li>Correo electr\u00f3nico a la direcci\u00f3n fundacion@amantesdeteruel.es con la siguiente informaci\u00f3n: nombre y apellidos del interesado, domicilio a efectos de notificaciones, fotocopia del D.N.I., pasaporte o cualquier otro documento identificativo, y petici\u00f3n en que se concrete la solicitud. Se le informa, asimismo, de su derecho a presentar una reclamaci\u00f3n ante la Agencia Espa\u00f1ola de Protecci\u00f3n de Datos.<\/li>\n<\/ul>\n<\/div>\n<p>[\/et_pb_text][\/et_pb_column][\/et_pb_row][\/et_pb_section]<\/p>\n","protected":false},"excerpt":{"rendered":"<p>POL\u00cdTICA DE PRIVACIDAD &nbsp; &nbsp; Con la finalidad de informar a nuestros usuarios y dar cumplimiento al REGLAMENTO EUROPEO DE PROTECCI\u00d3N DE DATOS, informamos de los derechos y obligaciones ante la posible toma de datos personales para distintos prop\u00f3sitos desde nuestra p\u00e1gina web: REGLAMENTO EUROPEO DE PROTECCI\u00d3N DE DATOS &#8220;AMIGOS DE LOS AMANTES&#8221; &nbsp; Identificaci\u00f3n [&hellip;]<\/p>\n","protected":false},"author":1,"featured_media":0,"parent":0,"menu_order":0,"comment_status":"closed","ping_status":"closed","template":"","meta":{"_acf_changed":false,"_et_pb_use_builder":"on","_et_pb_old_content":"","_et_gb_content_width":"","footnotes":""},"class_list":["post-2636","page","type-page","status-publish","hentry"],"acf":[],"_links":{"self":[{"href":"https:\/\/amantesdeteruel.es\/en\/wp-json\/wp\/v2\/pages\/2636","targetHints":{"allow":["GET"]}}],"collection":[{"href":"https:\/\/amantesdeteruel.es\/en\/wp-json\/wp\/v2\/pages"}],"about":[{"href":"https:\/\/amantesdeteruel.es\/en\/wp-json\/wp\/v2\/types\/page"}],"author":[{"embeddable":true,"href":"https:\/\/amantesdeteruel.es\/en\/wp-json\/wp\/v2\/users\/1"}],"replies":[{"embeddable":true,"href":"https:\/\/amantesdeteruel.es\/en\/wp-json\/wp\/v2\/comments?post=2636"}],"version-history":[{"count":5,"href":"https:\/\/amantesdeteruel.es\/en\/wp-json\/wp\/v2\/pages\/2636\/revisions"}],"predecessor-version":[{"id":8411,"href":"https:\/\/amantesdeteruel.es\/en\/wp-json\/wp\/v2\/pages\/2636\/revisions\/8411"}],"wp:attachment":[{"href":"https:\/\/amantesdeteruel.es\/en\/wp-json\/wp\/v2\/media?parent=2636"}],"curies":[{"name":"wp","href":"https:\/\/api.w.org\/{rel}","templated":true}]}}