{"id":2981,"date":"2022-11-09T08:55:30","date_gmt":"2022-11-09T08:55:30","guid":{"rendered":"https:\/\/amantesdeteruel.es\/?page_id=2981"},"modified":"2023-01-05T08:19:59","modified_gmt":"2023-01-05T08:19:59","slug":"noticias","status":"publish","type":"page","link":"https:\/\/amantesdeteruel.es\/en\/noticias\/","title":{"rendered":"Noticias"},"content":{"rendered":"<p>[et_pb_section fb_built=&#8221;1&#8243; _builder_version=&#8221;4.17.4&#8243; _module_preset=&#8221;default&#8221; custom_margin=&#8221;0px|0px|0px|0px|false|false&#8221; custom_padding=&#8221;0px|0px|0px|0px|false|false&#8221; global_colors_info=&#8221;{}&#8221;][et_pb_row _builder_version=&#8221;4.17.4&#8243; _module_preset=&#8221;default&#8221; width=&#8221;100%&#8221; max_width=&#8221;2560px&#8221; custom_margin=&#8221;0px|0px|0px|0px|false|false&#8221; custom_padding=&#8221;0px|0px|0px|0px|false|false&#8221; global_colors_info=&#8221;{}&#8221;][et_pb_column type=&#8221;4_4&#8243; _builder_version=&#8221;4.17.4&#8243; _module_preset=&#8221;default&#8221; global_colors_info=&#8221;{}&#8221;][et_pb_image src=&#8221;https:\/\/amantesdeteruel.es\/wp-content\/uploads\/2023\/01\/IMAGEN_NOTICIAS.jpg&#8221; title_text=&#8221;Noticias Amantes&#8221; _builder_version=&#8221;4.19.2&#8243; _module_preset=&#8221;default&#8221; custom_margin=&#8221;0px|0px|0px|0px|false|false&#8221; custom_padding=&#8221;0px|0px|0px|0px|false|false&#8221; hover_enabled=&#8221;0&#8243; global_colors_info=&#8221;{}&#8221; sticky_enabled=&#8221;0&#8243;][\/et_pb_image][\/et_pb_column][\/et_pb_row][et_pb_row _builder_version=&#8221;4.17.4&#8243; _module_preset=&#8221;default&#8221; width=&#8221;100%&#8221; max_width=&#8221;2560px&#8221; custom_margin=&#8221;||||false|false&#8221; custom_padding=&#8221;4%|5%|1%|5%|false|false&#8221; global_colors_info=&#8221;{}&#8221;][et_pb_column type=&#8221;4_4&#8243; _builder_version=&#8221;4.17.4&#8243; _module_preset=&#8221;default&#8221; global_colors_info=&#8221;{}&#8221;][et_pb_text _builder_version=&#8221;4.19.2&#8243; _module_preset=&#8221;default&#8221; global_colors_info=&#8221;{}&#8221;]<\/p>\n<h3 class=\"fundacion\">Noticias<\/h3>\n<p>[\/et_pb_text][et_pb_code _builder_version=&#8221;4.17.4&#8243; _module_preset=&#8221;default&#8221; global_colors_info=&#8221;{}&#8221;]    <div id=\"post-grid-lazy-3000\" class=\"post-grid-lazy\"><img decoding=\"async\" src=\"\"\/><\/div>\r\n    <script>\r\n        jQuery('#post-grid-lazy-3000').ready(function($){\r\n            jQuery('#post-grid-lazy-3000').fadeOut();\r\n            jQuery('#post-grid-3000').fadeIn();\r\n        })\r\n    <\/script>\r\n    <style type=\"text\/css\">\r\n        #post-grid-3000{display: none;}\r\n        .post-grid-lazy{\r\n            text-align: center;\r\n        }\r\n    <\/style>\r\n        <div data-options='{\"id\":\"3000\",\"lazy_load\":\"yes\",\"masonry_enable\":\"no\",\"view_type\":\"grid\",\"no_posts_text\":\"\"}' id=\"post-grid-3000\" class=\"post-grid grid\">\r\n                <div class=\"grid-items\">\r\n            \r\n    <div class=\"item item-8211 skin flat even 0 \">\r\n                <div class=\"layer-wrapper layout-3004\">\r\n                <div class=\"element element_1667464614720  thumb \">\r\n                    <img decoding=\"async\" src=\"https:\/\/amantesdeteruel.es\/wp-content\/uploads\/2023\/02\/perfil_25anos-02.jpg\">\r\n        \r\n\r\n    <\/div>\r\n        <div class=\"element element_1667464624191  title \">\r\n                    <a target=\"_blank\" href=\"https:\/\/amantesdeteruel.es\/en\/post_noticias\/la-fundacion-amantes-cumple-25-anos-de-su-constitucion\/\">LA FUNDACI\u00d3N AMANTES CUMPLE 25 A\u00d1OS DE SU CONSTITUCI\u00d3N<\/a>\r\n\r\n\t\t\r\n\r\n    <\/div>\r\n        <div class=\"element element_1667552265388  content \">\r\n        <p><!-- wp:paragraph --><\/p>\n<p><strong><strong>La Fundaci\u00f3n se ha consolidado como un importante motor tur\u00edstico y cultural en Teruel<\/strong><\/strong><\/p>\n<p><!-- \/wp:paragraph --><\/p>\n<p><!-- wp:paragraph --><\/p>\n<p>La Fundaci\u00f3n Amantes de Teruel cumple el 28 de enero de 2023, sus primeros 25 a\u00f1os de historia, consolidado como un proyecto cultural, tur\u00edstico y econ\u00f3mico de \u00e9xito que ha reportado 2.304.000 visitantes a la ciudad de Teruel.<\/p>\n<p><!-- \/wp:paragraph --><\/p>\n<p><!-- wp:paragraph --><\/p>\n<p>Las Instituciones (Di\u00f3cesis de Teruel y Albarrac\u00edn, Ayuntamiento de Teruel, Gobierno de Arag\u00f3n, Diputaci\u00f3n Provincial de Teruel e Ibercaja) idearon la creaci\u00f3n de esta Fundaci\u00f3n con la idea de dignificar la exposici\u00f3n p\u00fablica de los Amantes y su entorno, ante el inter\u00e9s que suscitaban, ya en ese momento, los Amantes a nivel tur\u00edstico y la importancia de estos para la ciudad de Teruel.<\/p>\n<p><!-- \/wp:paragraph --><\/p>\n    <\/div>\r\n                <div class=\"element element_1667553848930  read_more \">\r\n            Read more        <\/div>\r\n    \r\n            <\/div>\r\n    <\/div>\r\n    \r\n    <div class=\"item item-3031 skin flat odd 1 \">\r\n                <div class=\"layer-wrapper layout-3004\">\r\n                <div class=\"element element_1667464614720  thumb \">\r\n                    <img decoding=\"async\" src=\"https:\/\/amantesdeteruel.es\/wp-content\/uploads\/2022\/11\/retablo_restaurado.jpg\">\r\n        \r\n\r\n    <\/div>\r\n        <div class=\"element element_1667464624191  title \">\r\n                    <a target=\"_blank\" href=\"https:\/\/amantesdeteruel.es\/en\/post_noticias\/noticia-de-prueba\/\">RESTAURADO EL RETABLO DE SAN COSME Y SAN DAMI\u00c1N<\/a>\r\n\r\n\t\t\r\n\r\n    <\/div>\r\n        <div class=\"element element_1667552265388  content \">\r\n        <p><!-- wp:paragraph --><\/p>\n<p><strong>El retablo de Gabriel Yoli ya luce restaurado en la Iglesia de San Pedro<\/strong><\/p>\n<p><!-- \/wp:paragraph --><\/p>\n<p><!-- wp:paragraph --><\/p>\n<p>La Fundaci\u00f3n Amantes de Teruel ha invertido en esta actuaci\u00f3n 31.560\u20ac que se financiaron con cargo al Fondo de Inversiones de Teruel de 2017. La Restauraci\u00f3n ha corrido a cargo de la Fundaci\u00f3n Santa Mar\u00eda de Albarrac\u00edn.<\/p>\n<p><!-- \/wp:paragraph --><\/p>\n    <\/div>\r\n                <div class=\"element element_1667553848930  read_more \">\r\n            Read more        <\/div>\r\n    \r\n            <\/div>\r\n    <\/div>\r\n    \r\n    <div class=\"item item-5249 skin flat even 2 \">\r\n                <div class=\"layer-wrapper layout-3004\">\r\n                <div class=\"element element_1667464624191  title \">\r\n                    <a target=\"_blank\" href=\"https:\/\/amantesdeteruel.es\/en\/post_noticias\/la-fundacion-amantes-recibe-el-premio-nacional-cultura-viva\/\">LA FUNDACI\u00d3N AMANTES RECIBE EL PREMIO NACIONAL CULTURA VIVA<\/a>\r\n\r\n\t\t\r\n\r\n    <\/div>\r\n        <div class=\"element element_1667552265388  content \">\r\n        <p><!-- wp:paragraph --><\/p>\n<p><strong>Un galard\u00f3n que valora la Defensa del Patrimonio Cultural<\/strong><\/p>\n<p><!-- \/wp:paragraph --><\/p>\n<p><!-- wp:paragraph --><\/p>\n<p>La Fundaci\u00f3n Amantes de Teruel ha sido galardonada con el Premio Nacional Cultura Viva en Defensa del Patrimonio Cultural, que se entregar\u00e1 el 30 de junio en el Real Conservatorio Superior de Madrid.<\/p>\n<p><!-- \/wp:paragraph --><\/p>\n<p><!-- wp:paragraph --><\/p>\n<p>Estos premios abarcan distintas categor\u00edas y, en su XXVI edici\u00f3n, el jurado, reunido el pasado mes de marzo en el Centro de Humanidades y Ciencias Sociales del Consejo Superior de Investigaciones Cient\u00edficas, decidi\u00f3 conceder a la Fundaci\u00f3n Amantes la distinci\u00f3n en Defensa del Patrimonio Cultural.<\/p>\n<p><!-- \/wp:paragraph --><\/p>\n    <\/div>\r\n                <div class=\"element element_1667553848930  read_more \">\r\n            Read more        <\/div>\r\n    \r\n            <\/div>\r\n    <\/div>\r\n    \r\n    <div class=\"item item-5250 skin flat odd 3 \">\r\n                <div class=\"layer-wrapper layout-3004\">\r\n                <div class=\"element element_1667464624191  title \">\r\n                    <a target=\"_blank\" href=\"https:\/\/amantesdeteruel.es\/en\/post_noticias\/premio-tirwal-a-la-fundacion-amantes-de-teruel\/\">Premio Tirwal a la Fundaci\u00f3n Amantes de Teruel<\/a>\r\n\r\n\t\t\r\n\r\n    <\/div>\r\n        <div class=\"element element_1667552265388  content \">\r\n        <p><!-- wp:paragraph --><\/p>\n<p><strong>Premio otorgado por la Federaci\u00f3n de Grupos de las Bodas de Isabel<\/strong><\/p>\n<p><!-- \/wp:paragraph --><\/p>\n<p><!-- wp:paragraph --><\/p>\n<p>La Federaci\u00f3n de grupos de las Bodas ha concedido el Premio Tirwal de Honor 2017 a la Fundaci\u00f3n Amantes de Teruel. El premio lo recogi\u00f3 el nuevo Obispo de Teruel y Albarrac\u00edn, Antonio G\u00f3mez, como presidente del patronato de la Fundaci\u00f3n, junto con la alcadesa, Emma Buj y la gerente Rosa L\u00f6pez, que agradeci\u00f3 este privilegio.<\/p>\n<p><!-- \/wp:paragraph --><\/p>\n    <\/div>\r\n                <div class=\"element element_1667553848930  read_more \">\r\n            Read more        <\/div>\r\n    \r\n            <\/div>\r\n    <\/div>\r\n            <\/div>\r\n            <div class=\"pagination\">\r\n            <div class=\"paginate\">\r\n        <span aria-current=\"page\" class=\"page-numbers current\">1<\/span>\n<a class=\"page-numbers\" href=\"https:\/\/amantesdeteruel.es\/en\/wp-json\/wp\/v2\/pages\/2981\/page\/2\/\">2<\/a>\n<a class=\"next page-numbers\" href=\"https:\/\/amantesdeteruel.es\/en\/wp-json\/wp\/v2\/pages\/2981\/page\/2\/\">Siguiente \u00bb<\/a>    <\/div>\r\n    <style type=\"text\/css\">\r\n        #post-grid-3000 .pagination .page-numbers{\r\n            font-size:16px;\r\n            color:#fff;\r\n            background:#646464;\r\n        }\r\n        #post-grid-3000 .pagination .page-numbers:hover,\r\n        #post-grid-3000 .pagination .page-numbers.current{\r\n            background:#4b4b4b;\r\n        }\r\n    <\/style>\r\n        <\/div>\r\n    <style type=\"text\/css\">\r\n.layout-3004 .element_1667464614720{\r\n    overflow: hidden;\r\n}\r\n@media only screen and (min-width: 1024px ){\r\n    .layout-3004 .element_1667464614720{\r\n        }\r\n}\r\n@media only screen and ( min-width: 768px ) and ( max-width: 1023px ) {\r\n    .layout-3004 .element_1667464614720{\r\n        }\r\n}\r\n@media only screen and ( min-width: 0px ) and ( max-width: 767px ){\r\n    .layout-3004 .element_1667464614720{\r\n        }\r\n}\r\n<\/style>\r\n    <style type=\"text\/css\">\r\n.layout-3004 .element_1667464624191{\r\n    font-size: 20px;\r\n    margin: 10px 0;\r\n    text-align: left;\r\n}\r\n.layout-3004 .element_1667464624191 a{\r\n    font-size: 20px;\r\n}\r\n<\/style>\r\n    <style type=\"text\/css\">\r\n.layout-3004 .element_1667553848930{\r\n    text-align: left;\r\n}\r\n.layout-3004 .element_1667553848930 a{\r\n}\r\n<\/style>\r\n    \r\n                    <style type=\"text\/css\">\r\n            @media all and (min-width: 1550px) {\r\n\t.post-grid .grid-items .item {\r\n\t\twidth: 50% !important;\r\n\t\tmargin: 0px 0px !important;\r\n\t}\r\n}\r\n\r\n@media all and (max-width: 1550px) {\r\n\t.post-grid .grid-items .item {\r\n\t\twidth: 100% !important;\r\n\t\tmargin: 0px 0px !important;\r\n\t}\r\n}\r\n\r\n.layout-2269 {\r\n    width: 97% !important;\r\n    display: flex !important;\r\n\tflex-wrap: wrap;\r\n}        <\/style>\r\n    \r\n        <script>\r\n                    window.onload = function() {\t\r\n\tvar elmParent = document.getElementsByClassName('layout-3004');\r\n\t\r\n\tArray.prototype.forEach.call(elmParent, function(parent) {\r\n\t\tlet rowContainer = document.createElement('div');\r\n\t\tlet colContainer = document.createElement('div');\r\n\t\tlet buttonsContainer = document.createElement('div');\r\n\t\t\r\n\t\tlet noImage = document.createElement('div');\r\n\t\tnoImage.classList.add('layout-no-image');\r\n\t\t\r\n\t\trowContainer.classList.add('layout-container-all');\r\n\t\tcolContainer.classList.add('layout-container-text');\r\n\t\tbuttonsContainer.classList.add('layout-container-buttons');\r\n\t\t\r\n\t\tlet elImg = parent.querySelector('.element_1667464614720');\r\n\t\tif (elImg) { \r\n\t\t\trowContainer.appendChild(elImg);\r\n\t\t} else {\r\n\t\t\trowContainer.appendChild(noImage);\r\n\t\t}\r\n\t\t\r\n\t\tlet elmDate = parent.querySelector('.element_1667466860548');\r\n\t\tlet elmTitl = parent.querySelector('.element_1667464624191');\r\n\t\tlet elmType = parent.querySelector('.element_1667480362597');\r\n\t\tlet elmDesc = parent.querySelector('.element_1667552265388');\r\n\t\t\r\n\t\tlet elmRead = parent.querySelector('.element_1667553848930');\r\n\t\tlet elmEntr = parent.querySelector('.element_1667553838027');\r\n\t\t\r\n\t\tlet href = null;\r\n\t\tif (elmTitl) {\r\n\t\t\thref = elmTitl.querySelector('a').href;\r\n\t\t}\r\n\t\t\r\n\t\tlet hrefEntr = null;\r\n\t\tif (elmEntr) {\r\n\t\t\threfEntr = elmEntr.innerText.trim();\r\n\t\t}\r\n\t\t\r\n\t\tif (elmRead) {\r\n\t\t\tif (href != null) {\r\n\t\t\t\telmRead.innerHTML = '<a class=\"layout-info-button\" href=\"'+href+'\">M\u00c1S INFORMACI\u00d3N<\/a>'\r\n\t\t\t} else {\r\n\t\t\t\telmRead.remove();\r\n\t\t\t}\r\n\t\t}\r\n\t\t\r\n\t\tif (elmEntr) {\r\n\t\t\tif (hrefEntr != null) {\r\n\t\t\t\telmEntr.innerHTML = '<a class=\"layout-entrada-button\" href=\"'+hrefEntr+'\">ENTRADAS<\/a>'\r\n\t\t\t} else {\r\n\t\t\t\telmEntr.remove();\r\n\t\t\t}\r\n\t\t}\r\n\r\n\r\n\t\t\r\n\t\tif (elmRead) buttonsContainer.appendChild(elmRead);\r\n\t\tif (elmEntr) buttonsContainer.appendChild(elmEntr);\r\n\t\t\r\n\t\tif (elmDate) colContainer.appendChild(elmDate);\r\n\t\tif (elmTitl) colContainer.appendChild(elmTitl);\r\n\t\tif (elmType) colContainer.appendChild(elmType);\r\n\t\tif (elmDesc) colContainer.appendChild(elmDesc);\r\n\t\t\r\n\t\tcolContainer.appendChild(buttonsContainer)\r\n\t\trowContainer.appendChild(colContainer);\r\n\t\tparent.appendChild(rowContainer);\r\n\t});\r\n\t\r\n\t\r\n\r\n}            <\/script>\r\n        <style type=\"text\/css\">\r\n        #post-grid-3000 {\r\n                    padding:10px;\r\n                                        }\r\n        #post-grid-3000 .grid-items{\r\n                    text-align: center;\r\n                }\r\n        #post-grid-3000 .item{\r\n                    margin:10px;\r\n                            padding:0px;\r\n                            background:#fff;\r\n                }\r\n        #post-grid-3000  .item .layer-media{\r\n            height:auto;        }\r\n        @media only screen and ( min-width: 0px ) and ( max-width: 767px ) {\r\n            #post-grid-3000 .item{\r\n                            width:90%;\r\n                        height:auto;            }\r\n        }\r\n        @media only screen and ( min-width: 768px ) and ( max-width: 1023px ) {\r\n            #post-grid-3000 .item{\r\n                            width:280px;\r\n                        max-height:auto;            }\r\n        }\r\n        @media only screen and (min-width: 1024px ){\r\n            #post-grid-3000 .item{\r\n                            width:280px;\r\n                        height:auto;            }\r\n        }\r\n\r\n        \r\n\r\n    <\/style>\r\n        <\/div>\r\n    [\/et_pb_code][\/et_pb_column][\/et_pb_row][\/et_pb_section]<\/p>\n","protected":false},"excerpt":{"rendered":"<p>[et_pb_section fb_built=&#8221;1&#8243; _builder_version=&#8221;4.17.4&#8243; _module_preset=&#8221;default&#8221; custom_margin=&#8221;0px|0px|0px|0px|false|false&#8221; custom_padding=&#8221;0px|0px|0px|0px|false|false&#8221; global_colors_info=&#8221;{}&#8221;][et_pb_row _builder_version=&#8221;4.17.4&#8243; _module_preset=&#8221;default&#8221; width=&#8221;100%&#8221; max_width=&#8221;2560px&#8221; custom_margin=&#8221;0px|0px|0px|0px|false|false&#8221; custom_padding=&#8221;0px|0px|0px|0px|false|false&#8221; global_colors_info=&#8221;{}&#8221;][et_pb_column type=&#8221;4_4&#8243; _builder_version=&#8221;4.17.4&#8243; _module_preset=&#8221;default&#8221; global_colors_info=&#8221;{}&#8221;][et_pb_image src=&#8221;https:\/\/amantesdeteruel.es\/wp-content\/uploads\/2023\/01\/IMAGEN_NOTICIAS.jpg&#8221; title_text=&#8221;Noticias Amantes&#8221; _builder_version=&#8221;4.19.2&#8243; _module_preset=&#8221;default&#8221; custom_margin=&#8221;0px|0px|0px|0px|false|false&#8221; custom_padding=&#8221;0px|0px|0px|0px|false|false&#8221; hover_enabled=&#8221;0&#8243; global_colors_info=&#8221;{}&#8221; sticky_enabled=&#8221;0&#8243;][\/et_pb_image][\/et_pb_column][\/et_pb_row][et_pb_row _builder_version=&#8221;4.17.4&#8243; _module_preset=&#8221;default&#8221; width=&#8221;100%&#8221; max_width=&#8221;2560px&#8221; custom_margin=&#8221;||||false|false&#8221; custom_padding=&#8221;4%|5%|1%|5%|false|false&#8221; global_colors_info=&#8221;{}&#8221;][et_pb_column type=&#8221;4_4&#8243; _builder_version=&#8221;4.17.4&#8243; _module_preset=&#8221;default&#8221; global_colors_info=&#8221;{}&#8221;][et_pb_text _builder_version=&#8221;4.19.2&#8243; _module_preset=&#8221;default&#8221; global_colors_info=&#8221;{}&#8221;] Noticias [\/et_pb_text][et_pb_code _builder_version=&#8221;4.17.4&#8243; _module_preset=&#8221;default&#8221; global_colors_info=&#8221;{}&#8221;][\/et_pb_code][\/et_pb_column][\/et_pb_row][\/et_pb_section]<\/p>\n","protected":false},"author":1,"featured_media":0,"parent":0,"menu_order":0,"comment_status":"closed","ping_status":"closed","template":"","meta":{"_acf_changed":false,"_et_pb_use_builder":"on","_et_pb_old_content":"","_et_gb_content_width":"","footnotes":""},"class_list":["post-2981","page","type-page","status-publish","hentry"],"acf":[],"_links":{"self":[{"href":"https:\/\/amantesdeteruel.es\/en\/wp-json\/wp\/v2\/pages\/2981","targetHints":{"allow":["GET"]}}],"collection":[{"href":"https:\/\/amantesdeteruel.es\/en\/wp-json\/wp\/v2\/pages"}],"about":[{"href":"https:\/\/amantesdeteruel.es\/en\/wp-json\/wp\/v2\/types\/page"}],"author":[{"embeddable":true,"href":"https:\/\/amantesdeteruel.es\/en\/wp-json\/wp\/v2\/users\/1"}],"replies":[{"embeddable":true,"href":"https:\/\/amantesdeteruel.es\/en\/wp-json\/wp\/v2\/comments?post=2981"}],"version-history":[{"count":10,"href":"https:\/\/amantesdeteruel.es\/en\/wp-json\/wp\/v2\/pages\/2981\/revisions"}],"predecessor-version":[{"id":7370,"href":"https:\/\/amantesdeteruel.es\/en\/wp-json\/wp\/v2\/pages\/2981\/revisions\/7370"}],"wp:attachment":[{"href":"https:\/\/amantesdeteruel.es\/en\/wp-json\/wp\/v2\/media?parent=2981"}],"curies":[{"name":"wp","href":"https:\/\/api.w.org\/{rel}","templated":true}]}}