{"id":398,"date":"2022-10-26T12:53:37","date_gmt":"2022-10-26T12:53:37","guid":{"rendered":"https:\/\/amantesdeteruel.es\/?page_id=398"},"modified":"2023-01-16T10:12:02","modified_gmt":"2023-01-16T10:12:02","slug":"politica-de-accesibilidad","status":"publish","type":"page","link":"https:\/\/amantesdeteruel.es\/en\/politica-de-accesibilidad\/","title":{"rendered":"Pol\u00edtica de Accesibilidad"},"content":{"rendered":"<p>[et_pb_section fb_built=&#8221;1&#8243; _builder_version=&#8221;4.17.4&#8243; _module_preset=&#8221;default&#8221; global_colors_info=&#8221;{}&#8221;][et_pb_row _builder_version=&#8221;4.17.4&#8243; _module_preset=&#8221;default&#8221; global_colors_info=&#8221;{}&#8221;][et_pb_column type=&#8221;4_4&#8243; _builder_version=&#8221;4.17.4&#8243; _module_preset=&#8221;default&#8221; global_colors_info=&#8221;{}&#8221;][et_pb_text _builder_version=&#8221;4.19.2&#8243; _module_preset=&#8221;default&#8221; custom_margin=&#8221;||100px||false|false&#8221; hover_enabled=&#8221;0&#8243; global_colors_info=&#8221;{}&#8221; sticky_enabled=&#8221;0&#8243;]<\/p>\n<h3 style=\"text-align:center\" class=\"fundacion\">POL\u00cdTICA DE ACCESIBILIDAD DEL CONJUNTO AMANTES (FUNDACI\u00d3N AMANTES DE TERUEL)<\/h3>\n<p>&nbsp;<\/p>\n<div class=\"letra_gris_13_helvetica\">\n<p>&nbsp;<\/p>\n<h3 class=\"fundacion\">MISI\u00d3N<\/h3>\n<p>Creada en 1998, la Fundaci\u00f3n Amantes de Teruel es una instituci\u00f3n sin \u00e1nimo de lucro que est\u00e1 constituida por la Di\u00f3cesis de Teruel y Albarrac\u00edn, Ayuntamiento de Teruel, Gobierno de Arag\u00f3n, Diputaci\u00f3n Provincial de Teruel e Ibercaja.<\/p>\n<p>Se convierte en pionera de una nueva f\u00f3rmula de gesti\u00f3n entre instituciones p\u00fablicas y privadas, cuya eficacia se puso de manifiesto desde la apertura del Mausoleo en septiembre de 2005. Desde entonces tanto el Conjunto Amantes como la Fundaci\u00f3n que lo gestiona han crecido y evolucionado ampliando las instalaciones con la incorporaci\u00f3n en 2004 de la Iglesia, la torre de san Pedro y el \u00e1ndito, en 2005 se inaugura el Nuevo Mausoleo de los Amantes, en 2008 se restaura el Claustro de san Pedro y en 2015 el Jard\u00edn anexo al Claustro, incrementando a su vez el n\u00famero y variedad de \u00a0programas did\u00e1cticos y culturales.<\/p>\n<p>El equipo humano que hace posible el d\u00eda a d\u00eda de la instituci\u00f3n se ha visto reforzado, pero han sido su empuje y motivaci\u00f3n los motores del funcionamiento de la Fundaci\u00f3n Amantes de Teruel.<\/p>\n<p>Durante todos estos a\u00f1os la Fundaci\u00f3n ha puesto siempre un especial \u00e9nfasis en su objetivo de difundir su Patrimonio a trav\u00e9s de programas dirigidos a involucrar a todo tipo de p\u00fablicos en su proyecto cultural. Este objetivo contin\u00faa vigente, as\u00ed como el de satisfacer la demanda de visitantes y colaboradores bajo criterios de calidad e innovaci\u00f3n constantes.<\/p>\n<p>La estrategia de la Fundaci\u00f3n es alcanzar una gesti\u00f3n administrativa racionalizada, procurando maximizar la generaci\u00f3n de ingresos y controlar los necesarios gastos que conlleva la realizaci\u00f3n de un intenso programa cultural. Adem\u00e1s vela por garantizar el mantenimiento de las instalaciones y el nivel de servicios.<\/p>\n<p>El compromiso es pretender ser un referente de calidad en la oferta tur\u00edstica y cultural espa\u00f1ola a trav\u00e9s de una gesti\u00f3n transparente y eficiente.<\/p>\n<p>&nbsp;<\/p>\n<h3 class=\"fundacion\">VALORES<\/h3>\n<p>Favorecemos y potenciamos la integraci\u00f3n personal y de la propia organizaci\u00f3n con los objetivos, cultura e identidad de la Fundaci\u00f3n Amantes de Teruel.<\/p>\n<p>La calidad del servicio: Los visitantes satisfechos son nuestra \u00fanica garant\u00eda de futuro. Por eso, orientar el trabajo hacia su satisfacci\u00f3n es nuestro principal objetivo.<\/p>\n<p>La calidad en el trabajo: Nos sentimos obligados a trabajar con calidad.<\/p>\n<p>La orientaci\u00f3n did\u00e1ctica: Nuestro primer compromiso es facilitar el acercamiento del p\u00fablico a nuestro patrimonio y nuestra cultura.<\/p>\n<p>La orientaci\u00f3n econ\u00f3mica: Trabajamos optimizando la gesti\u00f3n de los recursos con el fin de conseguir la autofinanciaci\u00f3n.<\/p>\n<p>El compromiso con el entorno: Trabajamos tratando de servir de s\u00edmbolo de dinamizaci\u00f3n de la ciudad.<\/p>\n<p>El compromiso con la sociedad: Nuestro compromiso con la sociedad nos exige situar a la accesibilidad universal entre nuestras prioridades para que todas las personas disfruten de los servicios que ofrecemos.<\/p>\n<p>Desde el inicio de nuestra actividad asumimos el firme compromiso, en todos los \u00e1mbitos posibles de nuestra actividad, de lograr la accesibilidad universal. Este compromiso se ha plasmado en una serie de actuaciones reunidas bajo la norma UNE 170001 de Accesibilidad Universal.<\/p>\n<p>Para la consecuci\u00f3n de este objetivo es necesaria la colaboraci\u00f3n de todas las personas que trabajan en la Fundaci\u00f3n y en especial aquellas estrechamente relacionadas con las personas que nos visitan.<\/p>\n<p>A continuaci\u00f3n, se incluyen algunos de los aspectos fundamentales de esta norma que afecta al personal de la Fundaci\u00f3n en el desempe\u00f1o de su actividad:<\/p>\n<ol>\n<li style=\"list-style-type: none;\">\n<ol>\n<li style=\"margin: 10px 0px;\">El Conjunto Amantes cumplir\u00e1 con la legislaci\u00f3n aplicable respecto a accesibilidad procedente de todos los \u00e1mbitos legislativos, los requisitos DALCO de accesibilidad, as\u00ed como con las obligaciones derivadas de permisos, licencias, etc. otorgados por los organismos oficiales y de otros compromisos que la Fundaci\u00f3n suscriba.<\/li>\n<li style=\"margin: 10px 0px;\">El Conjunto Amantes establecer\u00e1 y mantendr\u00e1 un Sistema de Gesti\u00f3n de la Accesibilidad Universal que permita avanzar y mejorar de modo continuo en este campo. Este Sistema se ajustar\u00e1 a lo que indica la norma UNE 170001.<\/li>\n<li style=\"margin: 10px 0px;\">El personal de la Fundaci\u00f3n Amantes colaborar\u00e1 en la consecuci\u00f3n de los objetivos del Sistema de Gesti\u00f3n, en las tareas espec\u00edficas que le sean encomendadas y en todas las habituales de su labor profesional en que se presenten aspectos relacionados con la accesibilidad.<\/li>\n<li style=\"margin: 10px 0px;\">Se difundir\u00e1 internamente el Sistema de Gesti\u00f3n de la Accesibilidad Universal para dar a conocer al personal de la Fundaci\u00f3n los aspectos en que cada uno deber\u00e1 actuar en esta materia.<\/li>\n<li style=\"margin: 10px 0px;\">El Sistema ser\u00e1 un instrumento din\u00e1mico en permanente estado de progreso, tanto en lo que se refiere a su estructura (documentaci\u00f3n, organizaci\u00f3n, etc.) como en los objetivos concretos que se propongan cada a\u00f1o. Todas las personas de la Fundaci\u00f3n podr\u00e1n proponer iniciativas a este respecto, que ser\u00e1n cuidadosamente estudiadas y valoradas.<\/li>\n<li style=\"margin: 10px 0px;\">En los nuevos proyectos a desarrollar se tendr\u00e1n en cuenta los aspectos referentes a la Accesibilidad Universal. Estos principios b\u00e1sicos se concretan y despliegan en objetivos espec\u00edficos de accesibilidad que son peri\u00f3dicamente evaluados para verificar su cumplimiento, estableciendo as\u00ed las medidas necesarias en caso que dicho cumplimiento se vea amenazado.<\/li>\n<\/ol>\n<\/li>\n<\/ol>\n<\/div>\n<p>[\/et_pb_text][\/et_pb_column][\/et_pb_row][\/et_pb_section]<\/p>\n","protected":false},"excerpt":{"rendered":"<p>POL\u00cdTICA DE ACCESIBILIDAD DEL CONJUNTO AMANTES (FUNDACI\u00d3N AMANTES DE TERUEL) &nbsp; &nbsp; MISI\u00d3N Creada en 1998, la Fundaci\u00f3n Amantes de Teruel es una instituci\u00f3n sin \u00e1nimo de lucro que est\u00e1 constituida por la Di\u00f3cesis de Teruel y Albarrac\u00edn, Ayuntamiento de Teruel, Gobierno de Arag\u00f3n, Diputaci\u00f3n Provincial de Teruel e Ibercaja. Se convierte en pionera de [&hellip;]<\/p>\n","protected":false},"author":1,"featured_media":0,"parent":0,"menu_order":0,"comment_status":"closed","ping_status":"closed","template":"","meta":{"_acf_changed":false,"_et_pb_use_builder":"on","_et_pb_old_content":"","_et_gb_content_width":"","footnotes":""},"class_list":["post-398","page","type-page","status-publish","hentry"],"acf":[],"_links":{"self":[{"href":"https:\/\/amantesdeteruel.es\/en\/wp-json\/wp\/v2\/pages\/398","targetHints":{"allow":["GET"]}}],"collection":[{"href":"https:\/\/amantesdeteruel.es\/en\/wp-json\/wp\/v2\/pages"}],"about":[{"href":"https:\/\/amantesdeteruel.es\/en\/wp-json\/wp\/v2\/types\/page"}],"author":[{"embeddable":true,"href":"https:\/\/amantesdeteruel.es\/en\/wp-json\/wp\/v2\/users\/1"}],"replies":[{"embeddable":true,"href":"https:\/\/amantesdeteruel.es\/en\/wp-json\/wp\/v2\/comments?post=398"}],"version-history":[{"count":5,"href":"https:\/\/amantesdeteruel.es\/en\/wp-json\/wp\/v2\/pages\/398\/revisions"}],"predecessor-version":[{"id":7980,"href":"https:\/\/amantesdeteruel.es\/en\/wp-json\/wp\/v2\/pages\/398\/revisions\/7980"}],"wp:attachment":[{"href":"https:\/\/amantesdeteruel.es\/en\/wp-json\/wp\/v2\/media?parent=398"}],"curies":[{"name":"wp","href":"https:\/\/api.w.org\/{rel}","templated":true}]}}