{"id":5067,"date":"2022-11-18T10:45:41","date_gmt":"2022-11-18T10:45:41","guid":{"rendered":"https:\/\/amantesdeteruel.es\/?page_id=5067"},"modified":"2023-02-16T09:01:48","modified_gmt":"2023-02-16T09:01:48","slug":"visita-nuestra-tienda","status":"publish","type":"page","link":"https:\/\/amantesdeteruel.es\/en\/visita-nuestra-tienda\/","title":{"rendered":"Visita Nuestra Tienda"},"content":{"rendered":"<p>[et_pb_section fb_built=&#8221;1&#8243; _builder_version=&#8221;4.17.4&#8243; _module_preset=&#8221;default&#8221; background_color=&#8221;#f0efeb&#8221; global_colors_info=&#8221;{}&#8221;][et_pb_row column_structure=&#8221;1_2,1_2&#8243; _builder_version=&#8221;4.17.4&#8243; _module_preset=&#8221;default&#8221; global_colors_info=&#8221;{}&#8221;][et_pb_column type=&#8221;1_2&#8243; _builder_version=&#8221;4.17.4&#8243; _module_preset=&#8221;default&#8221; global_colors_info=&#8221;{}&#8221;][et_pb_image src=&#8221;https:\/\/amantesdeteruel.es\/wp-content\/uploads\/2022\/11\/Tienda-Amantes-03-optimizada.jpg&#8221; title_text=&#8221;Tienda-Amantes-03-optimizada&#8221; _builder_version=&#8221;4.17.4&#8243; _module_preset=&#8221;default&#8221; global_colors_info=&#8221;{}&#8221;][\/et_pb_image][\/et_pb_column][et_pb_column type=&#8221;1_2&#8243; _builder_version=&#8221;4.17.4&#8243; _module_preset=&#8221;default&#8221; global_colors_info=&#8221;{}&#8221;][et_pb_text _builder_version=&#8221;4.17.4&#8243; _module_preset=&#8221;default&#8221; global_colors_info=&#8221;{}&#8221;]<\/p>\n<p>La Tienda online es el canal oficial en Internet de la Tienda-librer\u00eda de la Fundaci\u00f3n Amantes de Teruel donde contribuimos al desarrollo de las actividades que organiza la Fundaci\u00f3n y a la conservaci\u00f3n de uno de los patrimonios art\u00edsticos m\u00e1s extraordinarios de nuestro pa\u00eds.<\/p>\n<p>Tanto si vienes a visitar el Museo como si buscas un regalo, puedes entrar en la Tienda-librer\u00eda sin necesidad de adquirir la entrada al Conjunto Amantes.<\/p>\n<p>La Tienda online ofrece s\u00f3lo una muestra de la amplia gama de productos y publicaciones que podr\u00e1s encontrar en nuestra Tienda-librer\u00eda, siempre relacionados con el patrimonio del Conjunto Amantes o de la ciudad de Teruel.<\/p>\n<p>En su mayor\u00eda, son productos dise\u00f1ados y producidos en exclusiva para la Fundaci\u00f3n Amantes de Teruel.<\/p>\n<p><strong>\u00a1Ven a conocernos!<\/strong><\/p>\n<p>[\/et_pb_text][\/et_pb_column][\/et_pb_row][et_pb_row column_structure=&#8221;1_2,1_2&#8243; make_equal=&#8221;on&#8221; _builder_version=&#8221;4.17.4&#8243; _module_preset=&#8221;default&#8221; min_height=&#8221;300px&#8221; global_colors_info=&#8221;{}&#8221;][et_pb_column type=&#8221;1_2&#8243; _builder_version=&#8221;4.17.4&#8243; _module_preset=&#8221;default&#8221; global_colors_info=&#8221;{}&#8221;][et_pb_text _builder_version=&#8221;4.17.4&#8243; _module_preset=&#8221;default&#8221; global_colors_info=&#8221;{}&#8221;]<\/p>\n<h2>Horarios<\/h2>\n<p>[\/et_pb_text][et_pb_text _builder_version=&#8221;4.17.4&#8243; _module_preset=&#8221;default&#8221; background_color=&#8221;#FFFFFF&#8221; custom_padding=&#8221;20px|20px|20px|20px|false|false&#8221; box_shadow_style=&#8221;preset4&#8243; box_shadow_horizontal=&#8221;5px&#8221; box_shadow_vertical=&#8221;5px&#8221; global_colors_info=&#8221;{}&#8221;]<\/p>\n<p>El horario de nuestra Tienda es:<\/p>\n<div class=\"col-md-4\"><strong>De lunes a Domingo<\/strong><br \/>10:00 a 14:00 horas<br \/>16:00 a 20:00 horas<\/div>\n<p>[\/et_pb_text][\/et_pb_column][et_pb_column type=&#8221;1_2&#8243; _builder_version=&#8221;4.17.4&#8243; _module_preset=&#8221;default&#8221; global_colors_info=&#8221;{}&#8221;][et_pb_text _builder_version=&#8221;4.17.4&#8243; _module_preset=&#8221;default&#8221; global_colors_info=&#8221;{}&#8221;]<\/p>\n<h2>Informaci\u00f3n<\/h2>\n<p>[\/et_pb_text][et_pb_text _builder_version=&#8221;4.19.2&#8243; _module_preset=&#8221;default&#8221; background_color=&#8221;#FFFFFF&#8221; custom_padding=&#8221;20px|20px|20px|20px|false|false&#8221; hover_enabled=&#8221;0&#8243; box_shadow_style=&#8221;preset4&#8243; box_shadow_horizontal=&#8221;5px&#8221; box_shadow_vertical=&#8221;5px&#8221; global_colors_info=&#8221;{}&#8221; sticky_enabled=&#8221;0&#8243;]<\/p>\n<p>Fundaci\u00f3n Amantes de Teruel,<br \/>C\/ Mat\u00edas Abad, 3<br \/>44001 &#8211; Teruel<br \/>Spain<\/p>\n<p>Ll\u00e1menos ahora: <a href=\"tel:(+34) 978 618 398\">(+34) 978 618 398<\/a><\/p>\n<p>Email:<br \/><a href=\"mailto:%66%75%6e%64%61%63%69%6f%6e@%61%6d%61%6e%74%65%73%64%65%74%65%72%75%65%6c.%65%73\">fundacion@amantesdeteruel.es<\/a><\/p>\n<p>[\/et_pb_text][\/et_pb_column][\/et_pb_row][et_pb_row _builder_version=&#8221;4.17.4&#8243; _module_preset=&#8221;default&#8221; custom_margin=&#8221;20px||0px||false|false&#8221; custom_padding=&#8221;||0px||false|false&#8221; global_colors_info=&#8221;{}&#8221;][et_pb_column type=&#8221;4_4&#8243; _builder_version=&#8221;4.17.4&#8243; _module_preset=&#8221;default&#8221; global_colors_info=&#8221;{}&#8221;][et_pb_text _builder_version=&#8221;4.17.4&#8243; _module_preset=&#8221;default&#8221; global_colors_info=&#8221;{}&#8221;]<\/p>\n<h2 style=\"text-align: center;\">C\u00f3mo Llegar<\/h2>\n<p>[\/et_pb_text][\/et_pb_column][\/et_pb_row][\/et_pb_section][et_pb_section fb_built=&#8221;1&#8243; fullwidth=&#8221;on&#8221; _builder_version=&#8221;4.17.4&#8243; _module_preset=&#8221;default&#8221; custom_margin=&#8221;0px||||false|false&#8221; custom_padding=&#8221;0px||||false|false&#8221; global_colors_info=&#8221;{}&#8221;][et_pb_fullwidth_code _builder_version=&#8221;4.17.4&#8243; _module_preset=&#8221;default&#8221; global_colors_info=&#8221;{}&#8221;]<\/p>\n<div id=\"map\"><\/div>\n<p>[\/et_pb_fullwidth_code][\/et_pb_section]<\/p>\n","protected":false},"excerpt":{"rendered":"<p>La Tienda online es el canal oficial en Internet de la Tienda-librer\u00eda de la Fundaci\u00f3n Amantes de Teruel donde contribuimos al desarrollo de las actividades que organiza la Fundaci\u00f3n y a la conservaci\u00f3n de uno de los patrimonios art\u00edsticos m\u00e1s extraordinarios de nuestro pa\u00eds. Tanto si vienes a visitar el Museo como si buscas un [&hellip;]<\/p>\n","protected":false},"author":1,"featured_media":0,"parent":0,"menu_order":0,"comment_status":"closed","ping_status":"closed","template":"","meta":{"_acf_changed":false,"_et_pb_use_builder":"on","_et_pb_old_content":"","_et_gb_content_width":"","footnotes":""},"class_list":["post-5067","page","type-page","status-publish","hentry"],"acf":[],"_links":{"self":[{"href":"https:\/\/amantesdeteruel.es\/en\/wp-json\/wp\/v2\/pages\/5067","targetHints":{"allow":["GET"]}}],"collection":[{"href":"https:\/\/amantesdeteruel.es\/en\/wp-json\/wp\/v2\/pages"}],"about":[{"href":"https:\/\/amantesdeteruel.es\/en\/wp-json\/wp\/v2\/types\/page"}],"author":[{"embeddable":true,"href":"https:\/\/amantesdeteruel.es\/en\/wp-json\/wp\/v2\/users\/1"}],"replies":[{"embeddable":true,"href":"https:\/\/amantesdeteruel.es\/en\/wp-json\/wp\/v2\/comments?post=5067"}],"version-history":[{"count":20,"href":"https:\/\/amantesdeteruel.es\/en\/wp-json\/wp\/v2\/pages\/5067\/revisions"}],"predecessor-version":[{"id":8250,"href":"https:\/\/amantesdeteruel.es\/en\/wp-json\/wp\/v2\/pages\/5067\/revisions\/8250"}],"wp:attachment":[{"href":"https:\/\/amantesdeteruel.es\/en\/wp-json\/wp\/v2\/media?parent=5067"}],"curies":[{"name":"wp","href":"https:\/\/api.w.org\/{rel}","templated":true}]}}