{"id":5530,"date":"2022-11-22T09:33:02","date_gmt":"2022-11-22T09:33:02","guid":{"rendered":"https:\/\/amantesdeteruel.es\/?page_id=5530"},"modified":"2023-01-16T10:13:37","modified_gmt":"2023-01-16T10:13:37","slug":"politica-de-cookies","status":"publish","type":"page","link":"https:\/\/amantesdeteruel.es\/en\/politica-de-cookies\/","title":{"rendered":"Pol\u00edtica de Cookies"},"content":{"rendered":"<p>[et_pb_section fb_built=&#8221;1&#8243; _builder_version=&#8221;4.17.4&#8243; _module_preset=&#8221;default&#8221; global_colors_info=&#8221;{}&#8221;][et_pb_row _builder_version=&#8221;4.17.4&#8243; _module_preset=&#8221;default&#8221; global_colors_info=&#8221;{}&#8221;][et_pb_column type=&#8221;4_4&#8243; _builder_version=&#8221;4.17.4&#8243; _module_preset=&#8221;default&#8221; global_colors_info=&#8221;{}&#8221;][et_pb_text _builder_version=&#8221;4.19.2&#8243; _module_preset=&#8221;default&#8221; hover_enabled=&#8221;0&#8243; global_colors_info=&#8221;{}&#8221; sticky_enabled=&#8221;0&#8243;]<\/p>\n<h3 style=\"text-align: center;\" class=\"fundacion\">POL\u00cdTICA DE COOKIES<\/h3>\n<h3 class=\"fundacion\">Definiciones<\/h3>\n<p>Una cookie es un fichero que se descarga en tu ordenador al acceder a determinadas p\u00e1ginas web, tel\u00e9fonos inteligentes, tabletas o dispositivos similares. Entre otras cosas, las cookies permiten a una p\u00e1gina web almacenar y recuperar informaci\u00f3n sobre los h\u00e1bitos de navegaci\u00f3n de un usuario o de su equipo y, dependiendo de la informaci\u00f3n que contengan y de la forma en que el usuario utilice su equipo, pueden servir para reconocerlo.<\/p>\n<p>El navegador del usuario memoriza cookies en el disco duro solamente durante la sesi\u00f3n actual, ocupando un espacio de memoria m\u00ednimo y no perjudicando al ordenador. Las cookies no contienen ninguna clase de informaci\u00f3n personal espec\u00edfica, y la mayor\u00eda de ellas se borran del disco duro al finalizar la sesi\u00f3n del navegador (son las denominadas cookies de sesi\u00f3n).<\/p>\n<p>&nbsp;<\/p>\n<h3 class=\"fundacion\">\u00bfQu\u00e9 tipos de cookies utiliza esta p\u00e1gina web?<\/h3>\n<p>Navegar por esta p\u00e1gina web implica que se pueden instalar los siguientes tipos de cookies.<\/p>\n<p>&nbsp;<\/p>\n<h3 class=\"fundacion\">Cookies de rendimiento<\/h3>\n<p>Estas cookies se utilizan para mejorar tu experiencia de navegaci\u00f3n y optimizar el funcionamiento de nuestro sitio web. Almacenan configuraciones de servicios para que no tengas que reconfigurarlos cada vez que nos visitas. Sus usos m\u00e1s habituales son:<\/p>\n<ul>\n<li>Velocidades de transmisi\u00f3n de v\u00eddeo \u00f3ptimas.<\/li>\n<li>Contenidos adaptados a tu navegaci\u00f3n.<\/li>\n<li>Facilidad de viralizar el contenido de tu preferencia.<\/li>\n<li>Almacenar la compra realizada en la cesta en los servicios de e-commerce.<\/li>\n<\/ul>\n<p>&nbsp;<\/p>\n<h3 class=\"fundacion\">Cookies de geolocalizaci\u00f3n<\/h3>\n<p>Estas cookies se utilizan para almacenar datos de geolocalizaci\u00f3n del ordenador o dispositivo para ofrecerte contenidos y servicios m\u00e1s adecuados para ti, como los referidos al pa\u00eds o ciudad en la que te encuentras, idioma, etc.<\/p>\n<p>&nbsp;<\/p>\n<h3 class=\"fundacion\">Cookies de registro<\/h3>\n<p>Las cookies de registro se crean al registrarte o cuando inicias sesi\u00f3n en uno de nuestra p\u00e1gina web. Sus usos m\u00e1s habituales son:<\/p>\n<ul>\n<li>Puedes mantener la sesi\u00f3n iniciada aunque cierres el navegador. As\u00ed cuando vuelvas seguir\u00e1s conectado siempre que no te desconectes o cierres la sesi\u00f3n.<\/li>\n<li>Para acceder a ciertas zonas de nuestra p\u00e1gina web, por ejemplo, para participar en un concurso.<\/li>\n<\/ul>\n<p>&nbsp;<\/p>\n<h3 class=\"fundacion\">Cookies anal\u00edticas<\/h3>\n<p>Estas cookies recopilan informaci\u00f3n de tu experiencia de navegaci\u00f3n en nuestra p\u00e1gina web de forma totalmente an\u00f3nima. Sus usos m\u00e1s habituales son:<\/p>\n<ul>\n<li>Contabilizar el n\u00famero de visitantes de la p\u00e1gina o los contenidos m\u00e1s vistos.<\/li>\n<li>Saber si el usuario que est\u00e1 accediendo es nuevo o repite visita.<\/li>\n<li>Esa informaci\u00f3n puede ayudarnos a mejorar la navegaci\u00f3n y darte un mejor servicio.<\/li>\n<\/ul>\n<p>&nbsp;<\/p>\n<h3 class=\"fundacion\">Cookies de publicidad<\/h3>\n<p>Estas cookies recogen informaci\u00f3n sobre los anuncios mostrados a cada usuario an\u00f3nimo en nuestra p\u00e1gina web. Sus usos m\u00e1s habituales son:<\/p>\n<ul>\n<li>Adaptar la publicidad al tipo de dispositivo desde el que el usuario se est\u00e1 conectando.<\/li>\n<li>Proporcionar anuncios gestionados a trav\u00e9s de terceros (&#8220;ad-servers&#8221;), que son mostrados en la p\u00e1gina en tiempo real.<\/li>\n<li>Conocer informaci\u00f3n sobre el resultado de las campa\u00f1as, como el n\u00famero de clics, duraci\u00f3n, frecuencia de visualizaci\u00f3n, etc.<\/li>\n<li>Ofrecerte publicidad de inter\u00e9s basada en tus h\u00e1bitos de navegaci\u00f3n.<\/li>\n<\/ul>\n<p>&nbsp;<\/p>\n<h3 class=\"fundacion\">Desactivaci\u00f3n de las cookies<\/h3>\n<p>En cualquier momento puedes elegir qu\u00e9 cookies quieres que funcionen en este sitio web mediante la configuraci\u00f3n de tu navegador; as\u00ed en<span>\u00a0<\/span><a href=\"http:\/\/support.google.com\/chrome\/bin\/answer.py?hl=es&amp;answer=95647\" target=\"_blank\" rel=\"noopener\">Chrome<\/a>,<span>\u00a0<\/span><a href=\"http:\/\/windows.microsoft.com\/es-es\/windows7\/how-to-manage-cookies-in-internet-explorer-9\" target=\"_blank\" rel=\"noopener\">Microsoft Edge<\/a>,\u00a0<a href=\"https:\/\/support.mozilla.org\/es\/kb\/habilitar-y-deshabilitar-cookies-sitios-web-rastrear-preferencias?redirectslug=habilitar-y-deshabilitar-cookies-que-los-sitios-we&amp;redirectlocale=es\" target=\"_blank\" rel=\"noopener\">Mozilla Firefox<\/a><span>\u00a0<\/span>o<span>\u00a0<\/span><a href=\"http:\/\/support.apple.com\/kb\/ph5042%C3%A7\" target=\"_blank\" rel=\"noopener\">Safari<\/a>.<\/p>\n<p>&nbsp;<\/p>\n<h3 class=\"fundacion\">Cookies utilizadas en www.amantesdeteruel.es<\/h3>\n<div class=\"page\" title=\"Page 5\">\n<div class=\"layoutArea\">\n<div class=\"column\">\n<p>A continuacio\u0301n se identifican las cookies que esta\u0301n siendo utilizadas en este portal asi\u0301 como su tipologi\u0301a y funcio\u0301n:<\/p>\n<\/div>\n<\/div>\n<\/div>\n<div id=\"listadodecookies\">\n<table>\n<tbody>\n<tr align=\"center\">\n<td>Nombre<\/td>\n<td>Categoria<\/td>\n<td>Descripci\u00f3n<\/td>\n<td>Propiedad<\/td>\n<td>Duraci\u00f3n<\/td>\n<\/tr>\n<tr id=\"_ga\" align=\"center\">\n<td><span>cookieyes-consent<\/span><\/td>\n<td>Necesarias<\/td>\n<td>CookieYes establece esta cookie para recordar las preferencias de consentimiento de los usuarios para que se respeten sus preferencias en sus visitas posteriores a este sitio.<\/td>\n<td>Propia<\/td>\n<td>1 a\u00f1os<\/td>\n<\/tr>\n<tr id=\"wordpress_\" align=\"center\">\n<td>wordpress_<\/td>\n<td>Funcionalidad<\/td>\n<td>Se activa durante el login y guarda los detalles de autentificaci\u00f3n.<\/td>\n<td>Propia<\/td>\n<td>1 a\u00f1o<\/td>\n<\/tr>\n<tr id=\"wordpress_logged_in_\" align=\"center\">\n<td>wordpress_logged_in_<\/td>\n<td>Funcionalidad<\/td>\n<td>Se activa durante el login y guarda los detalles de autentificaci\u00f3n.<\/td>\n<td>Propia<\/td>\n<td>1 a\u00f1o<\/td>\n<\/tr>\n<tr id=\"wordpress_test_cookie\" align=\"center\">\n<td>wordpress_test_cookie<\/td>\n<td>Funcionalidad<\/td>\n<td>Se activa durante el login y guarda los detalles de autentificaci\u00f3n.<\/td>\n<td>Propia<\/td>\n<td>1 a\u00f1o<\/td>\n<\/tr>\n<tr id=\"wp-settings-\" align=\"center\">\n<td>wp-settings-<\/td>\n<td>Funcionalidad<\/td>\n<td>Sirve para personalizar la Interfaz de Usuario.<\/td>\n<td>Propia<\/td>\n<td>1 a\u00f1o<\/td>\n<\/tr>\n<tr id=\"wp-settings-time-\" align=\"center\">\n<td>wp-settings-time-<\/td>\n<td>Funcionalidad<\/td>\n<td>Sirve para personalizar la Interfaz de Usuario.<\/td>\n<td>Propia<\/td>\n<td>Finalizaci\u00f3n de la sesi\u00f3n<\/td>\n<\/tr>\n<tr id=\"woocommerce_cart_hash\" align=\"center\">\n<td><span>woocommerce_cart_hash<\/span><\/td>\n<td>Funcionalidad<\/td>\n<td><span>Ayuda a WooCommerce a determinar cu\u00e1ndo cambia el contenido\/los datos del carrito.<\/span><\/td>\n<td>Propia<\/td>\n<td>Sesi\u00f3n<\/td>\n<\/tr>\n<tr id=\"woocommerce_items_in_cart\" align=\"center\">\n<td><span>woocommerce_items_in_cart<\/span><\/td>\n<td>Funcionalidad<\/td>\n<td><span>Ayuda a WooCommerce a determinar cu\u00e1ndo cambia el contenido\/los datos del carrito.<\/span><\/td>\n<td>Propia<\/td>\n<td>Sesi\u00f3n<\/td>\n<\/tr>\n<tr id=\"wp_woocommerce_session_\" align=\"center\">\n<td><span>wp_woocommerce_session_<\/span><\/td>\n<td>Funcionalidad<\/td>\n<td><span>Contiene un c\u00f3digo \u00fanico para cada cliente para que sepa d\u00f3nde encontrar los datos del carrito en la base de datos de cada cliente.<\/span><\/td>\n<td>Propia<\/td>\n<td>2 d\u00edas<\/td>\n<\/tr>\n<tr id=\"wpml_current_language\" align=\"center\">\n<td><span>wp-wpml_current_language<\/span><\/td>\n<td>Funcionalidad<\/td>\n<td><span>Almacena el idioma actual.<\/span><\/td>\n<td>Propia<\/td>\n<td>Sesi\u00f3n<\/td>\n<\/tr>\n<tr id=\"_ga\" align=\"center\">\n<td><span>_ga<\/span><\/td>\n<td>Anal\u00edticas<\/td>\n<td><span>Se usa para distinguir a los usuarios.<\/span><\/td>\n<td>Terceros<\/td>\n<td>2 a\u00f1os<\/td>\n<\/tr>\n<tr id=\"_gid\" align=\"center\">\n<td><span>_gid<\/span><\/td>\n<td>Anal\u00edticas<\/td>\n<td><span>Se usa para distinguir a los usuarios.<\/span><\/td>\n<td>Terceros<\/td>\n<td>24 horas<\/td>\n<\/tr>\n<tr id=\"_gat\" align=\"center\">\n<td><span>_gat<\/span><\/td>\n<td>Anal\u00edticas<\/td>\n<td><span>Se usa para limitar el porcentaje de solicitudes.<\/span><\/td>\n<td>Terceros<\/td>\n<td>1 minuto<\/td>\n<\/tr>\n<tr id=\"AMP_TOKEN\" align=\"center\">\n<td><span>AMP_TOKEN<\/span><\/td>\n<td>Anal\u00edticas<\/td>\n<td><span>Incluye un token que se puede utilizar para recuperar un ID de cliente del servicio de ID de cliente de AMP. Otros posibles valores indican inhabilitaciones, solicitudes en curso o errores obtenidos al recuperar un ID del servicio de ID de cliente de AMP.<\/span><\/td>\n<td>Terceros<\/td>\n<td>1 a\u00f1o<\/td>\n<\/tr>\n<tr id=\"_gac_\" align=\"center\">\n<td><span>_gac_<\/span><\/td>\n<td>Anal\u00edticas<\/td>\n<td><span>Incluye informaci\u00f3n de la campa\u00f1a relativa al usuario. Si has vinculado tus cuentas de Google Analytics y AdWords, las etiquetas de conversi\u00f3n de sitios web leer\u00e1n esta cookie, a menos que la inhabilites.<\/span><\/td>\n<td>Terceros<\/td>\n<td>90 d\u00edas<\/td>\n<\/tr>\n<\/tbody>\n<\/table>\n<\/div>\n<h3 class=\"fundacion\">Actualizaci\u00f3n de la pol\u00edtica de cookies<\/h3>\n<p>Es posible que actualicemos la pol\u00edtica de cookies de nuestro sitio web. Por ello te recomendamos revisar esta pol\u00edtica cada vez que accedas a nuestra p\u00e1gina con el objetivo de estar adecuadamente informado sobre c\u00f3mo y para qu\u00e9 usamos las cookies.<\/p>\n<p>[\/et_pb_text][\/et_pb_column][\/et_pb_row][\/et_pb_section]<\/p>\n","protected":false},"excerpt":{"rendered":"<p>POL\u00cdTICA DE COOKIES Definiciones Una cookie es un fichero que se descarga en tu ordenador al acceder a determinadas p\u00e1ginas web, tel\u00e9fonos inteligentes, tabletas o dispositivos similares. Entre otras cosas, las cookies permiten a una p\u00e1gina web almacenar y recuperar informaci\u00f3n sobre los h\u00e1bitos de navegaci\u00f3n de un usuario o de su equipo y, dependiendo [&hellip;]<\/p>\n","protected":false},"author":1,"featured_media":0,"parent":0,"menu_order":0,"comment_status":"closed","ping_status":"closed","template":"","meta":{"_acf_changed":false,"_et_pb_use_builder":"on","_et_pb_old_content":"","_et_gb_content_width":"","footnotes":""},"class_list":["post-5530","page","type-page","status-publish","hentry"],"acf":[],"_links":{"self":[{"href":"https:\/\/amantesdeteruel.es\/en\/wp-json\/wp\/v2\/pages\/5530","targetHints":{"allow":["GET"]}}],"collection":[{"href":"https:\/\/amantesdeteruel.es\/en\/wp-json\/wp\/v2\/pages"}],"about":[{"href":"https:\/\/amantesdeteruel.es\/en\/wp-json\/wp\/v2\/types\/page"}],"author":[{"embeddable":true,"href":"https:\/\/amantesdeteruel.es\/en\/wp-json\/wp\/v2\/users\/1"}],"replies":[{"embeddable":true,"href":"https:\/\/amantesdeteruel.es\/en\/wp-json\/wp\/v2\/comments?post=5530"}],"version-history":[{"count":9,"href":"https:\/\/amantesdeteruel.es\/en\/wp-json\/wp\/v2\/pages\/5530\/revisions"}],"predecessor-version":[{"id":7982,"href":"https:\/\/amantesdeteruel.es\/en\/wp-json\/wp\/v2\/pages\/5530\/revisions\/7982"}],"wp:attachment":[{"href":"https:\/\/amantesdeteruel.es\/en\/wp-json\/wp\/v2\/media?parent=5530"}],"curies":[{"name":"wp","href":"https:\/\/api.w.org\/{rel}","templated":true}]}}