{"id":5833,"date":"2022-12-19T10:20:38","date_gmt":"2022-12-19T10:20:38","guid":{"rendered":"https:\/\/amantesdeteruel.es\/?page_id=5833"},"modified":"2023-11-28T10:02:34","modified_gmt":"2023-11-28T10:02:34","slug":"bolsa-de-practicas","status":"publish","type":"page","link":"https:\/\/amantesdeteruel.es\/en\/bolsa-de-practicas\/","title":{"rendered":"Bolsa de Pr\u00e1cticas"},"content":{"rendered":"<p>[et_pb_section fb_built=&#8221;1&#8243; _builder_version=&#8221;4.19.2&#8243; _module_preset=&#8221;default&#8221; global_colors_info=&#8221;{}&#8221;][et_pb_row _builder_version=&#8221;4.19.2&#8243; _module_preset=&#8221;default&#8221; global_colors_info=&#8221;{}&#8221;][et_pb_column type=&#8221;4_4&#8243; _builder_version=&#8221;4.19.2&#8243; _module_preset=&#8221;default&#8221; global_colors_info=&#8221;{}&#8221;][et_pb_post_title meta=&#8221;off&#8221; featured_image=&#8221;off&#8221; _builder_version=&#8221;4.19.2&#8243; _module_preset=&#8221;default&#8221; global_colors_info=&#8221;{}&#8221;][\/et_pb_post_title][et_pb_text _builder_version=&#8221;4.19.2&#8243; _module_preset=&#8221;default&#8221; hover_enabled=&#8221;0&#8243; global_colors_info=&#8221;{}&#8221; sticky_enabled=&#8221;0&#8243;]<\/p>\n<h4>Ponte en contacto con tu centro educativo o universidad a trav\u00e9s de su oficina de empleo y pr\u00e1cticas.<\/h4>\n<p>La Fundaci\u00f3n potencia la atracci\u00f3n y formaci\u00f3n de j\u00f3venes con talento, colaborando con centros educativos, universidades y escuelas de postgrado y ofreciendo programas para estudiantes que completen as\u00ed sus conocimientos acad\u00e9micos con el inicio de pr\u00e1cticas profesionales.[\/et_pb_text][\/et_pb_column][\/et_pb_row][\/et_pb_section]<\/p>\n","protected":false},"excerpt":{"rendered":"<p>Ponte en contacto con tu centro educativo o universidad a trav\u00e9s de su oficina de empleo y pr\u00e1cticas. La Fundaci\u00f3n potencia la atracci\u00f3n y formaci\u00f3n de j\u00f3venes con talento, colaborando con centros educativos, universidades y escuelas de postgrado y ofreciendo programas para estudiantes que completen as\u00ed sus conocimientos acad\u00e9micos con el inicio de pr\u00e1cticas profesionales.<\/p>\n","protected":false},"author":1,"featured_media":0,"parent":0,"menu_order":0,"comment_status":"closed","ping_status":"closed","template":"","meta":{"_acf_changed":false,"_et_pb_use_builder":"on","_et_pb_old_content":"","_et_gb_content_width":"","footnotes":""},"class_list":["post-5833","page","type-page","status-publish","hentry"],"acf":[],"_links":{"self":[{"href":"https:\/\/amantesdeteruel.es\/en\/wp-json\/wp\/v2\/pages\/5833","targetHints":{"allow":["GET"]}}],"collection":[{"href":"https:\/\/amantesdeteruel.es\/en\/wp-json\/wp\/v2\/pages"}],"about":[{"href":"https:\/\/amantesdeteruel.es\/en\/wp-json\/wp\/v2\/types\/page"}],"author":[{"embeddable":true,"href":"https:\/\/amantesdeteruel.es\/en\/wp-json\/wp\/v2\/users\/1"}],"replies":[{"embeddable":true,"href":"https:\/\/amantesdeteruel.es\/en\/wp-json\/wp\/v2\/comments?post=5833"}],"version-history":[{"count":2,"href":"https:\/\/amantesdeteruel.es\/en\/wp-json\/wp\/v2\/pages\/5833\/revisions"}],"predecessor-version":[{"id":5835,"href":"https:\/\/amantesdeteruel.es\/en\/wp-json\/wp\/v2\/pages\/5833\/revisions\/5835"}],"wp:attachment":[{"href":"https:\/\/amantesdeteruel.es\/en\/wp-json\/wp\/v2\/media?parent=5833"}],"curies":[{"name":"wp","href":"https:\/\/api.w.org\/{rel}","templated":true}]}}