{"id":6018,"date":"2022-12-21T09:31:46","date_gmt":"2022-12-21T09:31:46","guid":{"rendered":"https:\/\/amantesdeteruel.es\/?page_id=6018"},"modified":"2023-11-28T10:02:34","modified_gmt":"2023-11-28T10:02:34","slug":"convocatorias-de-prensa","status":"publish","type":"page","link":"https:\/\/amantesdeteruel.es\/en\/convocatorias-de-prensa\/","title":{"rendered":"Convocatorias de Prensa"},"content":{"rendered":"<p>[et_pb_section fb_built=&#8221;1&#8243; _builder_version=&#8221;4.17.4&#8243; _module_preset=&#8221;default&#8221; custom_margin=&#8221;0px|0px|0px|0px|false|false&#8221; custom_padding=&#8221;0px|0px|0px|0px|false|false&#8221; global_colors_info=&#8221;{}&#8221;][et_pb_row _builder_version=&#8221;4.17.4&#8243; _module_preset=&#8221;default&#8221; width=&#8221;100%&#8221; max_width=&#8221;2560px&#8221; custom_margin=&#8221;0px|0px|0px|0px|false|false&#8221; custom_padding=&#8221;0px|0px|0px|0px|false|false&#8221; global_colors_info=&#8221;{}&#8221;][et_pb_column type=&#8221;4_4&#8243; _builder_version=&#8221;4.17.4&#8243; _module_preset=&#8221;default&#8221; global_colors_info=&#8221;{}&#8221;][et_pb_image src=&#8221;https:\/\/amantesdeteruel.es\/wp-content\/uploads\/2023\/01\/IMAGEN_PRENSA.jpg&#8221; title_text=&#8221;Prensa Amantes&#8221; _builder_version=&#8221;4.19.2&#8243; _module_preset=&#8221;default&#8221; custom_margin=&#8221;0px|0px|0px|0px|false|false&#8221; custom_padding=&#8221;0px|0px|0px|0px|false|false&#8221; hover_enabled=&#8221;0&#8243; global_colors_info=&#8221;{}&#8221; sticky_enabled=&#8221;0&#8243;][\/et_pb_image][\/et_pb_column][\/et_pb_row][et_pb_row column_structure=&#8221;1_3,1_3,1_3&#8243; _builder_version=&#8221;4.19.2&#8243; _module_preset=&#8221;default&#8221; locked=&#8221;off&#8221; global_colors_info=&#8221;{}&#8221;][et_pb_column type=&#8221;1_3&#8243; _builder_version=&#8221;4.19.2&#8243; _module_preset=&#8221;default&#8221; global_colors_info=&#8221;{}&#8221;][et_pb_button button_url=&#8221;@ET-DC@eyJkeW5hbWljIjp0cnVlLCJjb250ZW50IjoicG9zdF9saW5rX3VybF9wYWdlIiwic2V0dGluZ3MiOnsicG9zdF9pZCI6IjI4NCJ9fQ==@&#8221; button_text=&#8221;Dossieres&#8221; button_alignment=&#8221;center&#8221; _builder_version=&#8221;4.19.2&#8243; _dynamic_attributes=&#8221;button_url&#8221; _module_preset=&#8221;default&#8221; custom_button=&#8221;on&#8221; button_border_radius=&#8221;0px&#8221; global_colors_info=&#8221;{}&#8221;][\/et_pb_button][\/et_pb_column][et_pb_column type=&#8221;1_3&#8243; _builder_version=&#8221;4.19.2&#8243; _module_preset=&#8221;default&#8221; global_colors_info=&#8221;{}&#8221;][et_pb_button button_url=&#8221;@ET-DC@eyJkeW5hbWljIjp0cnVlLCJjb250ZW50IjoicG9zdF9saW5rX3VybF9wYWdlIiwic2V0dGluZ3MiOnsicG9zdF9pZCI6IjYwMTMifX0=@&#8221; button_text=&#8221;Notas&#8221; button_alignment=&#8221;center&#8221; _builder_version=&#8221;4.19.2&#8243; _dynamic_attributes=&#8221;button_url&#8221; _module_preset=&#8221;default&#8221; custom_button=&#8221;on&#8221; button_border_radius=&#8221;0px&#8221; global_colors_info=&#8221;{}&#8221;][\/et_pb_button][\/et_pb_column][et_pb_column type=&#8221;1_3&#8243; _builder_version=&#8221;4.19.2&#8243; _module_preset=&#8221;default&#8221; global_colors_info=&#8221;{}&#8221;][et_pb_button button_url=&#8221;@ET-DC@eyJkeW5hbWljIjp0cnVlLCJjb250ZW50IjoicG9zdF9saW5rX3VybF9wYWdlIiwic2V0dGluZ3MiOnsicG9zdF9pZCI6IjYwMTgifX0=@&#8221; button_text=&#8221;Convocatorias&#8221; button_alignment=&#8221;center&#8221; _builder_version=&#8221;4.19.2&#8243; _dynamic_attributes=&#8221;button_url&#8221; _module_preset=&#8221;default&#8221; custom_button=&#8221;on&#8221; button_border_radius=&#8221;0px&#8221; global_colors_info=&#8221;{}&#8221;][\/et_pb_button][\/et_pb_column][\/et_pb_row][et_pb_row _builder_version=&#8221;4.17.4&#8243; _module_preset=&#8221;default&#8221; width=&#8221;100%&#8221; max_width=&#8221;2560px&#8221; custom_margin=&#8221;||||false|false&#8221; custom_padding=&#8221;4%|7%|1%|7%|false|false&#8221; global_colors_info=&#8221;{}&#8221;][et_pb_column type=&#8221;4_4&#8243; _builder_version=&#8221;4.17.4&#8243; _module_preset=&#8221;default&#8221; global_colors_info=&#8221;{}&#8221;][et_pb_text _builder_version=&#8221;4.19.2&#8243; _module_preset=&#8221;default&#8221; global_colors_info=&#8221;{}&#8221;]<\/p>\n<h3 class=\"fundacion\">Convocatorias de Prensa<\/h3>\n<p>[\/et_pb_text][et_pb_code _builder_version=&#8221;4.19.2&#8243; _module_preset=&#8221;default&#8221; global_colors_info=&#8221;{}&#8221;]    <div id=\"post-grid-lazy-6067\" class=\"post-grid-lazy\"><img decoding=\"async\" src=\"\"\/><\/div>\r\n    <script>\r\n        jQuery('#post-grid-lazy-6067').ready(function($){\r\n            jQuery('#post-grid-lazy-6067').fadeOut();\r\n            jQuery('#post-grid-6067').fadeIn();\r\n        })\r\n    <\/script>\r\n    <style type=\"text\/css\">\r\n        #post-grid-6067{display: none;}\r\n        .post-grid-lazy{\r\n            text-align: center;\r\n        }\r\n    <\/style>\r\n        <div data-options='{\"id\":\"6067\",\"lazy_load\":\"yes\",\"masonry_enable\":\"no\",\"view_type\":\"grid\",\"no_posts_text\":\"\"}' id=\"post-grid-6067\" class=\"post-grid grid\">\r\n                <div class=\"grid-items\">\r\n            \r\n    <div class=\"item item-8383 skin flat even 0 \">\r\n                <div class=\"layer-wrapper layout-3007\">\r\n                <div class=\"element element_1667464624191  title \">\r\n                    <a target=\"_blank\" href=\"https:\/\/amantesdeteruel.es\/en\/post_prensa\/convocatoria-de-prensa-presentacion-dos-nuevas-colecciones-de-productos-para-su-tienda\/\">CONVOCATORIA DE PRENSA PRESENTACI\u00d3N DOS NUEVAS COLECCIONES DE PRODUCTOS PARA SU TIENDA<\/a>\r\n\r\n\t\t\r\n\r\n    <\/div>\r\n        <div class=\"element element_1669017426238  post_date \">\r\n                    16\/03\/2023            \r\n    <\/div>\r\n        <div class=\"element element_1667552265388  content \">\r\n        <p><!-- wp:paragraph --><\/p>\n<p>Los dise\u00f1os son exclusivos y han sido realizados por dise\u00f1adoras turolenses<\/p>\n<p><!-- \/wp:paragraph --><\/p>\n<p><!-- wp:paragraph --><\/p>\n<p><strong>Viernes, 17 marzo 2023<\/strong><\/p>\n<p><!-- \/wp:paragraph --><\/p>\n<p><!-- wp:paragraph --><\/p>\n<p><strong>Tienda Mausoleo de los Amantes----11:00h<\/strong><\/p>\n<p><!-- \/wp:paragraph --><\/p>\n    <\/div>\r\n            <\/div>\r\n    <\/div>\r\n    \r\n    <div class=\"item item-6138 skin flat odd 1 \">\r\n                <div class=\"layer-wrapper layout-3007\">\r\n                <div class=\"element element_1667464624191  title \">\r\n                    <a target=\"_blank\" href=\"https:\/\/amantesdeteruel.es\/en\/post_prensa\/convocatoria-prensa-amantes-de-cine-2015\/\">CONVOCATORIA PRENSA AMANTES DE CINE 2015<\/a>\r\n\r\n\t\t\r\n\r\n    <\/div>\r\n        <div class=\"element element_1669017426238  post_date \">\r\n                    05\/11\/2015            \r\n    <\/div>\r\n        <div class=\"element element_1667552265388  content \">\r\n        <p><!-- wp:paragraph --><\/p>\n<p><strong>XI CICLO AMANTES DE CINE, AMANTES DE TERUEL<\/strong><\/p>\n<p><!-- \/wp:paragraph --><\/p>\n<p><!-- wp:paragraph --><\/p>\n<p><strong>Convocatoria de prensa<\/strong><\/p>\n<p><!-- \/wp:paragraph --><\/p>\n<p><!-- wp:paragraph --><\/p>\n<p>Jueves, 5 de noviembre a las 11:30 h<\/p>\n<p><!-- \/wp:paragraph --><\/p>\n<p><!-- wp:paragraph --><\/p>\n<p>Mausoleo de los Amantes<\/p>\n<p><!-- \/wp:paragraph --><\/p>\n<p><!-- wp:paragraph --><\/p>\n<p>La Fundaci\u00f3n Amantes os convoca a la presentaci\u00f3n del XI ciclo AMANTES DE CINE, AMANTES DE TERUEL con&nbsp;<strong>la presencia de la actriz Lluvia Rojo<\/strong>, el&nbsp;<strong>jueves, 5 de noviembre a las 11:30h en el Mausoleo de los Amantes<\/strong>, donde podr\u00e9is entrevistarle.<\/p>\n<p><!-- \/wp:paragraph --><\/p>\n<p><!-- wp:paragraph --><\/p>\n<p>Os recordamos que las actividades AMANTES DE CINE, AMANTES DE TERUEL, comienzan el&nbsp;<strong>Mi\u00e9rcoles, 4 de noviembre<\/strong>&nbsp;con la pel\u00edcula&nbsp;<strong>Terraferma&nbsp;<\/strong>(Italia, 2011) en el&nbsp; sal\u00f3n de actos del&nbsp;<strong>Museo Provincial a las 19h.<\/strong><\/p>\n<p><!-- \/wp:paragraph --><\/p>\n<p><!-- wp:paragraph --><\/p>\n<p>El&nbsp;<strong>Jueves, 5 de noviembre<\/strong>&nbsp;tendr\u00e1 lugar el<strong>Taller con Lluvia Rojo, por un cine solidario y un mundo sostenible<\/strong>, coordinado por&nbsp;<strong>Carlos Gurpegui<\/strong>&nbsp;y dirigidos a estudiantes de Secundaria y bachillerato de los distintos centros educativos de la ciudad. El taller tendr\u00e1 lugar&nbsp;<strong>a las 12:30h, en la Sala Maravillas.<\/strong><\/p>\n<p><!-- \/wp:paragraph --><\/p>\n<p><!-- wp:paragraph --><\/p>\n<p>A partir de la proyecci\u00f3n de escenas protagonizadas por la actriz Lluvia Rojo \u2014Pili en la serie \u2018Cu\u00e9ntame\u2019\u2014, se establecer\u00e1n diversas din\u00e1micas y debates para estimular la mirada cr\u00edtica de los adolescentes ante los consumos audiovisuales \u2014cine, televisi\u00f3n, videoclip e Internet\u2014. Asimismo, a modo de campa\u00f1a, se invitar\u00e1 a la creaci\u00f3n de mensajes de buenas pr\u00e1cticas por un mundo solidario y sostenible.<\/p>\n<p><!-- \/wp:paragraph --><\/p>\n<p><!-- wp:paragraph --><\/p>\n<p>Ese&nbsp;<strong>mismo d\u00eda<\/strong>&nbsp;por la tarde a las&nbsp;<strong>19h en el Museo provincial<\/strong>&nbsp;y abierto a todos los p\u00fablicos tendr\u00e1 lugar:&nbsp;<strong>La mirada rubia. Encuentro coloquio con Lluvia Rojo.<\/strong><\/p>\n<p><!-- \/wp:paragraph --><\/p>\n<p><!-- wp:paragraph --><\/p>\n<p>Con la proyecci\u00f3n del cortometraje \u2018Chanel n\u00ba 5\u2019 y otras piezas interpretadas por la popular actriz.<\/p>\n<p><!-- \/wp:paragraph --><\/p>\n    <\/div>\r\n            <\/div>\r\n    <\/div>\r\n            <\/div>\r\n            <div class=\"pagination\">\r\n            <div class=\"paginate\">\r\n            <\/div>\r\n    <style type=\"text\/css\">\r\n        #post-grid-6067 .pagination .page-numbers{\r\n            font-size:16px;\r\n            color:#fff;\r\n            background:#646464;\r\n        }\r\n        #post-grid-6067 .pagination .page-numbers:hover,\r\n        #post-grid-6067 .pagination .page-numbers.current{\r\n            background:#4b4b4b;\r\n        }\r\n    <\/style>\r\n        <\/div>\r\n    <style type=\"text\/css\">\r\n.layout-3007 .element_1667464624191{\r\n    font-size: 20px;\r\n    margin: 10px 0;\r\n    text-align: left;\r\n}\r\n.layout-3007 .element_1667464624191 a{\r\n    font-size: 20px;\r\n}\r\n<\/style>\r\n    <style type=\"text\/css\">\r\n.layout-3007 .element_1669017426238{\r\n    text-align: left;\r\n}\r\n.layout-3007 .element_1669017426238 a{\r\n}\r\n<\/style>\r\n    \r\n                    <style type=\"text\/css\">\r\n            .post-grid .grid-items .item {\r\n\twidth: 100% !important;\r\n\tmargin: 0px 0px !important;\r\n}\r\n.layout-2269 {\r\n    width: 97% !important;\r\n    display: flex !important;\r\n\tflex-wrap: wrap;\r\n}        <\/style>\r\n    \r\n        <script>\r\n                    window.onload = function() {\t\r\n\tvar elmParent = document.getElementsByClassName('layout-3007');\r\n\t\r\n\tArray.prototype.forEach.call(elmParent, function(parent) {\r\n\t\tlet colContainer = document.createElement('div');\r\n\t\tcolContainer.classList.add('layout-container-text');\r\n\t\t\r\n\t\tlet elmTitl = parent.querySelector('.element_1667464624191');\r\n\t\tlet elmDate = parent.querySelector('.element_1669017426238');\r\n\t\tlet elmCont = parent.querySelector('.element_1667552265388');\r\n\t\t\r\n\t\telmTitl.children[0].removeAttribute('href');\r\n\t\t\r\n\t\tif (elmTitl) colContainer.appendChild(elmTitl);\r\n\t\tif (elmDate) colContainer.appendChild(elmDate);\r\n\t\tif (elmCont) colContainer.appendChild(elmCont);\r\n\t\t\r\n\t\tparent.appendChild(colContainer);\r\n\t});\r\n\t\r\n\t\r\n\r\n}            <\/script>\r\n        <style type=\"text\/css\">\r\n        #post-grid-6067 {\r\n                    padding:10px;\r\n                                        }\r\n        #post-grid-6067 .grid-items{\r\n                    text-align: center;\r\n                }\r\n        #post-grid-6067 .item{\r\n                    margin:10px;\r\n                            padding:0px;\r\n                            background:#fff;\r\n                }\r\n        #post-grid-6067  .item .layer-media{\r\n            height:auto;        }\r\n        @media only screen and ( min-width: 0px ) and ( max-width: 767px ) {\r\n            #post-grid-6067 .item{\r\n                            width:90%;\r\n                        height:auto;            }\r\n        }\r\n        @media only screen and ( min-width: 768px ) and ( max-width: 1023px ) {\r\n            #post-grid-6067 .item{\r\n                            width:280px;\r\n                        max-height:auto;            }\r\n        }\r\n        @media only screen and (min-width: 1024px ){\r\n            #post-grid-6067 .item{\r\n                            width:280px;\r\n                        height:auto;            }\r\n        }\r\n\r\n        \r\n\r\n    <\/style>\r\n        <\/div>\r\n    [\/et_pb_code][\/et_pb_column][\/et_pb_row][\/et_pb_section]<\/p>\n","protected":false},"excerpt":{"rendered":"<p>[et_pb_section fb_built=&#8221;1&#8243; _builder_version=&#8221;4.17.4&#8243; _module_preset=&#8221;default&#8221; custom_margin=&#8221;0px|0px|0px|0px|false|false&#8221; custom_padding=&#8221;0px|0px|0px|0px|false|false&#8221; global_colors_info=&#8221;{}&#8221;][et_pb_row _builder_version=&#8221;4.17.4&#8243; _module_preset=&#8221;default&#8221; width=&#8221;100%&#8221; max_width=&#8221;2560px&#8221; custom_margin=&#8221;0px|0px|0px|0px|false|false&#8221; custom_padding=&#8221;0px|0px|0px|0px|false|false&#8221; global_colors_info=&#8221;{}&#8221;][et_pb_column type=&#8221;4_4&#8243; _builder_version=&#8221;4.17.4&#8243; _module_preset=&#8221;default&#8221; global_colors_info=&#8221;{}&#8221;][et_pb_image src=&#8221;https:\/\/amantesdeteruel.es\/wp-content\/uploads\/2023\/01\/IMAGEN_PRENSA.jpg&#8221; title_text=&#8221;Prensa Amantes&#8221; _builder_version=&#8221;4.19.2&#8243; _module_preset=&#8221;default&#8221; custom_margin=&#8221;0px|0px|0px|0px|false|false&#8221; custom_padding=&#8221;0px|0px|0px|0px|false|false&#8221; hover_enabled=&#8221;0&#8243; global_colors_info=&#8221;{}&#8221; sticky_enabled=&#8221;0&#8243;][\/et_pb_image][\/et_pb_column][\/et_pb_row][et_pb_row column_structure=&#8221;1_3,1_3,1_3&#8243; _builder_version=&#8221;4.19.2&#8243; _module_preset=&#8221;default&#8221; locked=&#8221;off&#8221; global_colors_info=&#8221;{}&#8221;][et_pb_column type=&#8221;1_3&#8243; _builder_version=&#8221;4.19.2&#8243; _module_preset=&#8221;default&#8221; global_colors_info=&#8221;{}&#8221;][et_pb_button button_url=&#8221;@ET-DC@eyJkeW5hbWljIjp0cnVlLCJjb250ZW50IjoicG9zdF9saW5rX3VybF9wYWdlIiwic2V0dGluZ3MiOnsicG9zdF9pZCI6IjI4NCJ9fQ==@&#8221; button_text=&#8221;Dossieres&#8221; button_alignment=&#8221;center&#8221; _builder_version=&#8221;4.19.2&#8243; _dynamic_attributes=&#8221;button_url&#8221; _module_preset=&#8221;default&#8221; custom_button=&#8221;on&#8221; button_border_radius=&#8221;0px&#8221; global_colors_info=&#8221;{}&#8221;][\/et_pb_button][\/et_pb_column][et_pb_column type=&#8221;1_3&#8243; _builder_version=&#8221;4.19.2&#8243; _module_preset=&#8221;default&#8221; global_colors_info=&#8221;{}&#8221;][et_pb_button button_url=&#8221;@ET-DC@eyJkeW5hbWljIjp0cnVlLCJjb250ZW50IjoicG9zdF9saW5rX3VybF9wYWdlIiwic2V0dGluZ3MiOnsicG9zdF9pZCI6IjYwMTMifX0=@&#8221; button_text=&#8221;Notas&#8221; button_alignment=&#8221;center&#8221; _builder_version=&#8221;4.19.2&#8243; _dynamic_attributes=&#8221;button_url&#8221; [&hellip;]<\/p>\n","protected":false},"author":1,"featured_media":0,"parent":0,"menu_order":0,"comment_status":"closed","ping_status":"closed","template":"","meta":{"_acf_changed":false,"_et_pb_use_builder":"on","_et_pb_old_content":"","_et_gb_content_width":"","footnotes":""},"class_list":["post-6018","page","type-page","status-publish","hentry"],"acf":[],"_links":{"self":[{"href":"https:\/\/amantesdeteruel.es\/en\/wp-json\/wp\/v2\/pages\/6018","targetHints":{"allow":["GET"]}}],"collection":[{"href":"https:\/\/amantesdeteruel.es\/en\/wp-json\/wp\/v2\/pages"}],"about":[{"href":"https:\/\/amantesdeteruel.es\/en\/wp-json\/wp\/v2\/types\/page"}],"author":[{"embeddable":true,"href":"https:\/\/amantesdeteruel.es\/en\/wp-json\/wp\/v2\/users\/1"}],"replies":[{"embeddable":true,"href":"https:\/\/amantesdeteruel.es\/en\/wp-json\/wp\/v2\/comments?post=6018"}],"version-history":[{"count":7,"href":"https:\/\/amantesdeteruel.es\/en\/wp-json\/wp\/v2\/pages\/6018\/revisions"}],"predecessor-version":[{"id":8043,"href":"https:\/\/amantesdeteruel.es\/en\/wp-json\/wp\/v2\/pages\/6018\/revisions\/8043"}],"wp:attachment":[{"href":"https:\/\/amantesdeteruel.es\/en\/wp-json\/wp\/v2\/media?parent=6018"}],"curies":[{"name":"wp","href":"https:\/\/api.w.org\/{rel}","templated":true}]}}