{"id":7049,"date":"2022-10-25T06:13:10","date_gmt":"2022-10-25T06:13:10","guid":{"rendered":"https:\/\/amantesdeteruel.es\/cloister-st-peters-church\/"},"modified":"2022-12-29T11:26:57","modified_gmt":"2022-12-29T11:26:57","slug":"cloister-st-peters-church","status":"publish","type":"page","link":"https:\/\/amantesdeteruel.es\/en\/what-to-see\/cloister-st-peters-church\/","title":{"rendered":"Cloister, St. Peter\u2019s Church"},"content":{"rendered":"<p>[et_pb_section fb_built=&#8221;1&#8243; _builder_version=&#8221;4.17.4&#8243; _module_preset=&#8221;default&#8221; custom_margin=&#8221;0px|0px|0px|0px|false|false&#8221; custom_padding=&#8221;0px|0px|0px|0px|false|false&#8221; global_colors_info=&#8221;{}&#8221;][et_pb_row _builder_version=&#8221;4.17.4&#8243; _module_preset=&#8221;default&#8221; width=&#8221;100%&#8221; max_width=&#8221;2560px&#8221; custom_margin=&#8221;0px|0px|0px|0px|false|false&#8221; custom_padding=&#8221;0px|0px|0px|0px|false|false&#8221; global_colors_info=&#8221;{}&#8221;][et_pb_column type=&#8221;4_4&#8243; _builder_version=&#8221;4.17.4&#8243; _module_preset=&#8221;default&#8221; global_colors_info=&#8221;{}&#8221;][et_pb_image src=&#8221;https:\/\/amantesdeteruel.es\/wp-content\/uploads\/2022\/11\/claustro_banner.jpg&#8221; title_text=&#8221;claustro_banner&#8221; _builder_version=&#8221;4.17.4&#8243; _module_preset=&#8221;default&#8221; height_tablet=&#8221;&#8221; height_phone=&#8221;150px&#8221; height_last_edited=&#8221;on|phone&#8221; custom_margin=&#8221;0px|0px|0px|0px|false|false&#8221; custom_padding=&#8221;0px|0px|0px|0px|false|false&#8221; global_colors_info=&#8221;{}&#8221;][\/et_pb_image][\/et_pb_column][\/et_pb_row][et_pb_row column_structure=&#8221;1_2,1_2&#8243; custom_padding_last_edited=&#8221;on|phone&#8221; _builder_version=&#8221;4.17.4&#8243; _module_preset=&#8221;default&#8221; width=&#8221;100%&#8221; max_width=&#8221;2560px&#8221; custom_margin=&#8221;||||false|false&#8221; custom_padding=&#8221;75px|7%|1%|7%|false|false&#8221; custom_padding_tablet=&#8221;50px||||false|false&#8221; custom_padding_phone=&#8221;50px||||false|false&#8221; global_colors_info=&#8221;{}&#8221;][et_pb_column type=&#8221;1_2&#8243; _builder_version=&#8221;4.17.4&#8243; _module_preset=&#8221;default&#8221; global_colors_info=&#8221;{}&#8221;][et_pb_text _builder_version=&#8221;4.19.2&#8243; _module_preset=&#8221;default&#8221; text_font=&#8221;Lato||||||||&#8221; text_text_color=&#8221;#6d6d6d&#8221; text_font_size=&#8221;16px&#8221; header_text_align=&#8221;left&#8221; header_text_color=&#8221;#000000&#8243; custom_margin=&#8221;||||false|false&#8221; custom_padding=&#8221;||||false|false&#8221; hover_enabled=&#8221;0&#8243; global_colors_info=&#8221;{}&#8221; sticky_enabled=&#8221;0&#8243;]<\/p>\n<h3 class=\"fundacion\">Cloister, St. Peter\u2019s Church<\/h3>\n<p><span><br \/>\nBuilt in the second half of the XIV, it is one of four remaining Mud\u00e9jar cloisters in Aragon today, although this particular cloister is only partially in its original state. <\/span><\/p>\n<p>The cloister, which connects to the church from the right side, is south-facing and features a square design carried out with brick. There are three rounded arches through which the original Mud\u00e9jar brickwork can still be seen.<\/p>\n<p>The cloister, which was used to display the mummies of theAmantes of Teruel, has undergone several reforms throughout the centuries<span style=\"text-decoration: line-through;\"> <\/span>, leaving it very changed from its original state. Perhaps one of the greatest changes occurred at the beginning of the XX century, when the original floor was dropped and the space was covered with plaster and decorated in a neogothic style.<\/p>\n<p>The most recent restoration, completed in 2008, was led by architects Antonio P\u00e9rez and Jos\u00e9 Mar\u00eda Sanz. Their vision and care helped solidify the cultural and touristic importance of the cloister, and contributed to its becoming a part of theAmantes\u2019 Tour.<\/p>\n<p><span> <\/span>[\/et_pb_text][\/et_pb_column][et_pb_column type=&#8221;1_2&#8243; _builder_version=&#8221;4.17.4&#8243; _module_preset=&#8221;default&#8221; global_colors_info=&#8221;{}&#8221;][et_pb_image src=&#8221;https:\/\/amantesdeteruel.es\/wp-content\/uploads\/2022\/10\/claustro_principal.jpg&#8221; title_text=&#8221;claustro_principal&#8221; _builder_version=&#8221;4.17.4&#8243; _module_preset=&#8221;default&#8221; global_colors_info=&#8221;{}&#8221;][\/et_pb_image][\/et_pb_column][\/et_pb_row][et_pb_row _builder_version=&#8221;4.17.4&#8243; _module_preset=&#8221;default&#8221; width=&#8221;100%&#8221; max_width=&#8221;2560px&#8221; custom_margin=&#8221;||||false|false&#8221; custom_padding=&#8221;1%|7%|1%|7%|false|false&#8221; global_colors_info=&#8221;{}&#8221;][et_pb_column type=&#8221;4_4&#8243; _builder_version=&#8221;4.17.4&#8243; _module_preset=&#8221;default&#8221; global_colors_info=&#8221;{}&#8221;][lwp_image_carousel gallery_ids=&#8221;3575,3572,3569,3566,3563&#8243; slides_show=&#8221;5&#8243; show_dots=&#8221;off&#8221; autoplay_animation=&#8221;on&#8221; infinite_animation=&#8221;on&#8221; _builder_version=&#8221;4.17.4&#8243; _module_preset=&#8221;default&#8221; custom_margin=&#8221;72px||120px||false|false&#8221; global_colors_info=&#8221;{}&#8221;][\/lwp_image_carousel][\/et_pb_column][\/et_pb_row][\/et_pb_section]<\/p>\n","protected":false},"excerpt":{"rendered":"<p>Cloister, St. Peter\u2019s Church Built in the second half of the XIV, it is one of four remaining Mud\u00e9jar cloisters in Aragon today, although this particular cloister is only partially in its original state. The cloister, which connects to the church from the right side, is south-facing and features a square design carried out with [&hellip;]<\/p>\n","protected":false},"author":1,"featured_media":0,"parent":7058,"menu_order":0,"comment_status":"closed","ping_status":"closed","template":"","meta":{"_acf_changed":false,"_et_pb_use_builder":"on","_et_pb_old_content":"","_et_gb_content_width":"","footnotes":""},"class_list":["post-7049","page","type-page","status-publish","hentry"],"acf":[],"_links":{"self":[{"href":"https:\/\/amantesdeteruel.es\/en\/wp-json\/wp\/v2\/pages\/7049","targetHints":{"allow":["GET"]}}],"collection":[{"href":"https:\/\/amantesdeteruel.es\/en\/wp-json\/wp\/v2\/pages"}],"about":[{"href":"https:\/\/amantesdeteruel.es\/en\/wp-json\/wp\/v2\/types\/page"}],"author":[{"embeddable":true,"href":"https:\/\/amantesdeteruel.es\/en\/wp-json\/wp\/v2\/users\/1"}],"replies":[{"embeddable":true,"href":"https:\/\/amantesdeteruel.es\/en\/wp-json\/wp\/v2\/comments?post=7049"}],"version-history":[{"count":2,"href":"https:\/\/amantesdeteruel.es\/en\/wp-json\/wp\/v2\/pages\/7049\/revisions"}],"predecessor-version":[{"id":7051,"href":"https:\/\/amantesdeteruel.es\/en\/wp-json\/wp\/v2\/pages\/7049\/revisions\/7051"}],"up":[{"embeddable":true,"href":"https:\/\/amantesdeteruel.es\/en\/wp-json\/wp\/v2\/pages\/7058"}],"wp:attachment":[{"href":"https:\/\/amantesdeteruel.es\/en\/wp-json\/wp\/v2\/media?parent=7049"}],"curies":[{"name":"wp","href":"https:\/\/api.w.org\/{rel}","templated":true}]}}