{"id":7052,"date":"2022-10-24T09:01:45","date_gmt":"2022-10-24T09:01:45","guid":{"rendered":"https:\/\/amantesdeteruel.es\/church-of-san-pedro\/"},"modified":"2024-08-07T11:51:12","modified_gmt":"2024-08-07T11:51:12","slug":"church-of-san-pedro","status":"publish","type":"page","link":"https:\/\/amantesdeteruel.es\/en\/what-to-see\/church-of-san-pedro\/","title":{"rendered":"Church of San Pedro"},"content":{"rendered":"<p>[et_pb_section fb_built=&#8221;1&#8243; _builder_version=&#8221;4.17.4&#8243; _module_preset=&#8221;default&#8221; custom_margin=&#8221;0px|0px|0px|0px|false|false&#8221; custom_padding=&#8221;0px|0px|0px|0px|false|false&#8221; global_colors_info=&#8221;{}&#8221;][et_pb_row _builder_version=&#8221;4.17.4&#8243; _module_preset=&#8221;default&#8221; width=&#8221;100%&#8221; max_width=&#8221;2560px&#8221; custom_margin=&#8221;0px|0px|0px|0px|false|false&#8221; custom_padding=&#8221;0px|0px|0px|0px|false|false&#8221; global_colors_info=&#8221;{}&#8221;][et_pb_column type=&#8221;4_4&#8243; _builder_version=&#8221;4.17.4&#8243; _module_preset=&#8221;default&#8221; global_colors_info=&#8221;{}&#8221;][et_pb_image src=&#8221;https:\/\/amantesdeteruel.es\/wp-content\/uploads\/2022\/11\/iglesia_banner.jpg&#8221; title_text=&#8221;iglesia_banner&#8221; _builder_version=&#8221;4.17.4&#8243; _module_preset=&#8221;default&#8221; height_tablet=&#8221;&#8221; height_phone=&#8221;150px&#8221; height_last_edited=&#8221;on|phone&#8221; custom_margin=&#8221;0px|0px|0px|0px|false|false&#8221; custom_padding=&#8221;0px|0px|0px|0px|false|false&#8221; global_colors_info=&#8221;{}&#8221;][\/et_pb_image][\/et_pb_column][\/et_pb_row][et_pb_row column_structure=&#8221;1_2,1_2&#8243; custom_padding_last_edited=&#8221;on|phone&#8221; _builder_version=&#8221;4.17.4&#8243; _module_preset=&#8221;default&#8221; width=&#8221;100%&#8221; max_width=&#8221;2560px&#8221; custom_margin=&#8221;||||false|false&#8221; custom_padding=&#8221;75px|7%|1%|7%|false|false&#8221; custom_padding_tablet=&#8221;50px||||false|false&#8221; custom_padding_phone=&#8221;50px||||false|false&#8221; global_colors_info=&#8221;{}&#8221;][et_pb_column type=&#8221;1_2&#8243; _builder_version=&#8221;4.17.4&#8243; _module_preset=&#8221;default&#8221; global_colors_info=&#8221;{}&#8221;][et_pb_text _builder_version=&#8221;4.24.3&#8243; _module_preset=&#8221;default&#8221; text_font=&#8221;Lato||||||||&#8221; text_text_color=&#8221;#6d6d6d&#8221; text_font_size=&#8221;16px&#8221; header_text_align=&#8221;left&#8221; header_text_color=&#8221;#000000&#8243; custom_margin=&#8221;||||false|false&#8221; custom_padding=&#8221;||||false|false&#8221; hover_enabled=&#8221;0&#8243; global_colors_info=&#8221;{}&#8221; sticky_enabled=&#8221;0&#8243;]<\/p>\n<h3 class=\"fundacion\">Church of Saint Peter<\/h3>\n<p><span><br \/>Built throughout the 14th century, it answers to the typology of the one of a kind church nave consisting of the polygonal apse and lateral chapels which, covered with a dome made with simple transept, surrounds the whole temple. <\/span><\/p>\n<p><span>One of Moorish Aragon\u2019s distinctive features, a corridor superimposed between the lateral chapels surrounds the nave and the apse, opening them solely to the outside through a series of arches that recall the defensive functions of the fortified churches of medieval times. <\/span><\/p>\n<p><span>The Temple suffered numerous reforms and restorations that have come to transform the space. In the 18th century, the main door was replaced with the one known to us today. Subsequently, within the restorations which occurred in 1896, Salvador Gisbert left his important pictorial in the interior design. <\/span><\/p>\n<p><span>The most recent restoration effort, headed by architects Antonio P\u00e9rez and Jos\u00e9 Mar\u00eda Sanz, was undertaken at the beginning of the XXI century. The team worked to restore St. Peter\u2019s Church to its current state after having been closed to the public for more than a decade.<br \/><\/span><\/p>\n<p>[\/et_pb_text][\/et_pb_column][et_pb_column type=&#8221;1_2&#8243; _builder_version=&#8221;4.17.4&#8243; _module_preset=&#8221;default&#8221; global_colors_info=&#8221;{}&#8221;][et_pb_image src=&#8221;https:\/\/amantesdeteruel.es\/wp-content\/uploads\/2022\/10\/iglesia_principal.jpg&#8221; title_text=&#8221;iglesia_principal&#8221; _builder_version=&#8221;4.17.4&#8243; _module_preset=&#8221;default&#8221; global_colors_info=&#8221;{}&#8221;][\/et_pb_image][\/et_pb_column][\/et_pb_row][et_pb_row _builder_version=&#8221;4.17.4&#8243; _module_preset=&#8221;default&#8221; width=&#8221;100%&#8221; max_width=&#8221;2560px&#8221; custom_margin=&#8221;||||false|false&#8221; custom_padding=&#8221;1%|7%|1%|7%|false|false&#8221; global_colors_info=&#8221;{}&#8221;][et_pb_column type=&#8221;4_4&#8243; _builder_version=&#8221;4.17.4&#8243; _module_preset=&#8221;default&#8221; global_colors_info=&#8221;{}&#8221;][lwp_image_carousel gallery_ids=&#8221;3476,3479,3482,3485,3488&#8243; slides_show=&#8221;5&#8243; show_dots=&#8221;off&#8221; autoplay_animation=&#8221;on&#8221; infinite_animation=&#8221;on&#8221; _builder_version=&#8221;4.17.4&#8243; _module_preset=&#8221;default&#8221; custom_margin=&#8221;72px||120px||false|false&#8221; global_colors_info=&#8221;{}&#8221;][\/lwp_image_carousel][\/et_pb_column][\/et_pb_row][\/et_pb_section]<\/p>\n","protected":false},"excerpt":{"rendered":"<p>Church of Saint Peter Built throughout the 14th century, it answers to the typology of the one of a kind church nave consisting of the polygonal apse and lateral chapels which, covered with a dome made with simple transept, surrounds the whole temple. One of Moorish Aragon\u2019s distinctive features, a corridor superimposed between the lateral [&hellip;]<\/p>\n","protected":false},"author":1,"featured_media":0,"parent":7058,"menu_order":0,"comment_status":"closed","ping_status":"closed","template":"","meta":{"_acf_changed":false,"_et_pb_use_builder":"on","_et_pb_old_content":"","_et_gb_content_width":"","footnotes":""},"class_list":["post-7052","page","type-page","status-publish","hentry"],"acf":[],"_links":{"self":[{"href":"https:\/\/amantesdeteruel.es\/en\/wp-json\/wp\/v2\/pages\/7052","targetHints":{"allow":["GET"]}}],"collection":[{"href":"https:\/\/amantesdeteruel.es\/en\/wp-json\/wp\/v2\/pages"}],"about":[{"href":"https:\/\/amantesdeteruel.es\/en\/wp-json\/wp\/v2\/types\/page"}],"author":[{"embeddable":true,"href":"https:\/\/amantesdeteruel.es\/en\/wp-json\/wp\/v2\/users\/1"}],"replies":[{"embeddable":true,"href":"https:\/\/amantesdeteruel.es\/en\/wp-json\/wp\/v2\/comments?post=7052"}],"version-history":[{"count":3,"href":"https:\/\/amantesdeteruel.es\/en\/wp-json\/wp\/v2\/pages\/7052\/revisions"}],"predecessor-version":[{"id":11319,"href":"https:\/\/amantesdeteruel.es\/en\/wp-json\/wp\/v2\/pages\/7052\/revisions\/11319"}],"up":[{"embeddable":true,"href":"https:\/\/amantesdeteruel.es\/en\/wp-json\/wp\/v2\/pages\/7058"}],"wp:attachment":[{"href":"https:\/\/amantesdeteruel.es\/en\/wp-json\/wp\/v2\/media?parent=7052"}],"curies":[{"name":"wp","href":"https:\/\/api.w.org\/{rel}","templated":true}]}}