{"id":7330,"date":"2023-01-04T10:57:57","date_gmt":"2023-01-04T10:57:57","guid":{"rendered":"https:\/\/amantesdeteruel.es\/?page_id=7330"},"modified":"2023-11-28T10:02:33","modified_gmt":"2023-11-28T10:02:33","slug":"audiolibro-cpee-arboleda","status":"publish","type":"page","link":"https:\/\/amantesdeteruel.es\/en\/audiolibro-cpee-arboleda\/","title":{"rendered":"Audiolibro CPEE Arboleda"},"content":{"rendered":"<p>[et_pb_section fb_built=&#8221;1&#8243; _builder_version=&#8221;4.19.2&#8243; _module_preset=&#8221;default&#8221; global_colors_info=&#8221;{}&#8221;][et_pb_row _builder_version=&#8221;4.19.2&#8243; _module_preset=&#8221;default&#8221; global_colors_info=&#8221;{}&#8221;][et_pb_column type=&#8221;4_4&#8243; _builder_version=&#8221;4.19.2&#8243; _module_preset=&#8221;default&#8221; global_colors_info=&#8221;{}&#8221;][et_pb_image src=&#8221;https:\/\/amantesdeteruel.es\/wp-content\/uploads\/2023\/01\/cabeceraarboleda.png&#8221; title_text=&#8221;cabeceraarboleda&#8221; _builder_version=&#8221;4.19.2&#8243; _module_preset=&#8221;default&#8221; global_colors_info=&#8221;{}&#8221;][\/et_pb_image][et_pb_text _builder_version=&#8221;4.19.2&#8243; _module_preset=&#8221;default&#8221; global_colors_info=&#8221;{}&#8221; sticky_enabled=&#8221;0&#8243; text_font=&#8221;Montserrat||||||||&#8221; text_text_color=&#8221;#555555&#8243; text_font_size=&#8221;15px&#8221; custom_margin=&#8221;0px||30px||false|false&#8221; custom_padding=&#8221;0px||0px||false|false&#8221;]<\/p>\n<h2 class=\"letra_granate_30_helvetica\" style=\"text-align: center;\">AUDIOLIBRO<br \/>&#8220;LA MAS BELLA HISTORIA DE AMOR JAM\u00c1S CONTADA&#8221;<\/h2>\n<p class=\"letra_gris_13_helvetica\">\n<p class=\"letra_gris_13_helvetica\">Cuento realizado por alumnos y alumnas del CPEE Arboleda en el curso 2017\/2018.<\/p>\n<p class=\"letra_gris_13_helvetica\">En este colegio se escolarizan alumnos\/as que presentan necesidades educativas especiales permanentes asociadas a condiciones de discapacidad sensorial, motora, intelectual, trastornos graves de conducta, trastorno general del desarrollo, trastorno del espectro autista y plurideficiencias.<\/p>\n<p class=\"letra_gris_13_helvetica\">Se trata de un libro que pretende atender a diferentes necesidades especiales.<\/p>\n<p class=\"letra_gris_13_helvetica\">El texto del cuento aparece en may\u00fasculas, min\u00fasculas, pictogramas y braille, y lleva una ilustraci\u00f3n asociada al mismo. A trav\u00e9s de un c\u00f3digo QR se puede acceder a la locuci\u00f3n que los propios alumnos realizaron del cuento.<\/p>\n<p>&nbsp;<\/p>\n<div id=\"texto_normal\" class=\"letra_gris_13_helvetica\">Accede al audiolibro en la que los alumnos del Colegio Arboleda dibujan y narran la Historia de Los Amantes en dos formatos. Formato audiolibro y formato v\u00eddeo. Si decides visualizar el audiolibro se recomienda utilizar el navegador Google Chrome<\/div>\n<p>[\/et_pb_text][\/et_pb_column][\/et_pb_row][et_pb_row column_structure=&#8221;1_2,1_2&#8243; _builder_version=&#8221;4.19.2&#8243; _module_preset=&#8221;default&#8221; global_colors_info=&#8221;{}&#8221;][et_pb_column type=&#8221;1_2&#8243; _builder_version=&#8221;4.19.2&#8243; _module_preset=&#8221;default&#8221; global_colors_info=&#8221;{}&#8221;][et_pb_image src=&#8221;https:\/\/amantesdeteruel.es\/wp-content\/uploads\/2023\/01\/acceso-al-audiolibro.jpg&#8221; title_text=&#8221;acceso-al-audiolibro&#8221; _builder_version=&#8221;4.19.2&#8243; _module_preset=&#8221;default&#8221; global_colors_info=&#8221;{}&#8221;][\/et_pb_image][et_pb_text _builder_version=&#8221;4.19.2&#8243; _module_preset=&#8221;default&#8221; text_font=&#8221;Montserrat||||||||&#8221; text_text_color=&#8221;#555555&#8243; text_font_size=&#8221;15px&#8221; custom_margin=&#8221;0px||30px||false|false&#8221; custom_padding=&#8221;0px||0px||false|false&#8221; locked=&#8221;off&#8221; global_colors_info=&#8221;{}&#8221;]<\/p>\n<p style=\"text-align: center; font-size:19px;\"><strong>AUDIOLIBRO<\/strong><\/p>\n<p style=\"text-align: center;\"><span>Disfruta del audiolibro p\u00e1gina a p\u00e1gina<\/span><\/p>\n<p>[\/et_pb_text][et_pb_button button_url=&#8221;https:\/\/read.bookcreator.com\/E4TBximfYzcGD2g6b9Mcj5Drem82\/pp_WDhAgSu-KlKdKWpn__Q&#8221; url_new_window=&#8221;on&#8221; button_text=&#8221;Ver Audiogu\u00eda&#8221; button_alignment=&#8221;center&#8221; disabled_on=&#8221;off|off|off&#8221; _builder_version=&#8221;4.19.2&#8243; _module_preset=&#8221;default&#8221; custom_button=&#8221;on&#8221; button_text_size=&#8221;20px&#8221; button_text_color=&#8221;#5a6268&#8243; button_bg_color=&#8221;RGBA(255,255,255,0)&#8221; button_border_width=&#8221;3px&#8221; button_border_color=&#8221;#5a6268&#8243; button_border_radius=&#8221;0px&#8221; button_font=&#8221;Nunito|600|||||||&#8221; button_use_icon=&#8221;off&#8221; custom_margin=&#8221;auto||||false|false&#8221; custom_padding=&#8221;2px|30px|2px|30px|false|false&#8221; locked=&#8221;off&#8221; global_colors_info=&#8221;{}&#8221; button_text_color__hover_enabled=&#8221;on|hover&#8221; button_text_color__hover=&#8221;#FFFFFF&#8221; button_bg_color__hover_enabled=&#8221;on|hover&#8221; button_bg_color__hover=&#8221;#5a6268&#8243; button_bg_enable_color__hover=&#8221;on&#8221;][\/et_pb_button][\/et_pb_column][et_pb_column type=&#8221;1_2&#8243; _builder_version=&#8221;4.19.2&#8243; _module_preset=&#8221;default&#8221; global_colors_info=&#8221;{}&#8221;][et_pb_image src=&#8221;https:\/\/amantesdeteruel.es\/wp-content\/uploads\/2023\/01\/acceso-al-audiolibro.jpg&#8221; title_text=&#8221;acceso-al-audiolibro&#8221; _builder_version=&#8221;4.19.2&#8243; _module_preset=&#8221;default&#8221; global_colors_info=&#8221;{}&#8221;][\/et_pb_image][et_pb_text _builder_version=&#8221;4.19.2&#8243; _module_preset=&#8221;default&#8221; text_font=&#8221;Montserrat||||||||&#8221; text_text_color=&#8221;#555555&#8243; text_font_size=&#8221;15px&#8221; custom_margin=&#8221;0px||30px||false|false&#8221; custom_padding=&#8221;0px||0px||false|false&#8221; locked=&#8221;off&#8221; global_colors_info=&#8221;{}&#8221;]<\/p>\n<p style=\"text-align: center; font-size: 19px;\"><strong>V\u00cdDEO<\/strong><br \/><span><\/span><\/p>\n<p center=\"\" style=\"text-align: center;\"><span>Disfrutalo en formato v\u00eddeo<\/span><\/p>\n<p>[\/et_pb_text][et_pb_button button_url=&#8221;\/wp-content\/uploads\/2023\/01\/audiolibro2.mp4&#8243; button_text=&#8221;Ver V\u00eddeo&#8221; button_alignment=&#8221;center&#8221; disabled_on=&#8221;off|off|off&#8221; module_class=&#8221;popup-video&#8221; _builder_version=&#8221;4.19.2&#8243; _module_preset=&#8221;default&#8221; custom_button=&#8221;on&#8221; button_text_size=&#8221;20px&#8221; button_text_color=&#8221;#5a6268&#8243; button_bg_color=&#8221;RGBA(255,255,255,0)&#8221; button_border_width=&#8221;3px&#8221; button_border_color=&#8221;#5a6268&#8243; button_border_radius=&#8221;0px&#8221; button_font=&#8221;Nunito|600|||||||&#8221; button_use_icon=&#8221;off&#8221; custom_margin=&#8221;auto||||false|false&#8221; custom_padding=&#8221;2px|30px|2px|30px|false|false&#8221; locked=&#8221;off&#8221; global_colors_info=&#8221;{}&#8221; button_text_color__hover_enabled=&#8221;on|hover&#8221; button_text_color__hover=&#8221;#FFFFFF&#8221; button_bg_color__hover_enabled=&#8221;on|hover&#8221; button_bg_color__hover=&#8221;#5a6268&#8243; button_bg_enable_color__hover=&#8221;on&#8221;][\/et_pb_button][et_pb_code _builder_version=&#8221;4.19.2&#8243; _module_preset=&#8221;default&#8221; global_colors_info=&#8221;{}&#8221;]<script type=\"text\/javascript\"><!-- [et_pb_line_break_holder] -->\t(function($){<!-- [et_pb_line_break_holder] -->\t$(document).ready(function() {<!-- [et_pb_line_break_holder] -->\t  \/\/$( '#nombreID a' ).addClass('popup-video');<!-- [et_pb_line_break_holder] -->\t    $('.popup-video').magnificPopup({<!-- [et_pb_line_break_holder] -->\t        disableOn: 100,<!-- [et_pb_line_break_holder] -->\t        type: 'iframe',<!-- [et_pb_line_break_holder] -->\t        mainClass: 'mfp-fade',<!-- [et_pb_line_break_holder] -->\t        removalDelay: 160,<!-- [et_pb_line_break_holder] -->\t        preloader: false,<!-- [et_pb_line_break_holder] -->\t        fixedContentPos: false<!-- [et_pb_line_break_holder] -->\t    });<!-- [et_pb_line_break_holder] -->\t});<!-- [et_pb_line_break_holder] -->\t})(jQuery)<!-- [et_pb_line_break_holder] --><\/script>[\/et_pb_code][\/et_pb_column][\/et_pb_row][et_pb_row _builder_version=&#8221;4.19.2&#8243; _module_preset=&#8221;default&#8221; global_colors_info=&#8221;{}&#8221;][et_pb_column type=&#8221;4_4&#8243; _builder_version=&#8221;4.19.2&#8243; _module_preset=&#8221;default&#8221; global_colors_info=&#8221;{}&#8221;][et_pb_text _builder_version=&#8221;4.19.2&#8243; _module_preset=&#8221;default&#8221; global_colors_info=&#8221;{}&#8221; text_font=&#8221;Montserrat||||||||&#8221; text_text_color=&#8221;#555555&#8243; text_font_size=&#8221;15px&#8221; custom_margin=&#8221;0px||30px||false|false&#8221; custom_padding=&#8221;0px||0px||false|false&#8221;]<\/p>\n<p class=\"letra_gris_13_helvetica\"><span>Si quieres ver el cuento original que realizaron los alumnos pincha aqu\u00ed:<\/span><br \/>\n<a class=\"enlacedestacado\" href=\"https:\/\/www.ceearboleda.com\/index.php\/noticias\/noticias-2017-18\/138-cuento-de-los-amantes\" target=\"_blank\" rel=\"noopener\">https:\/\/www.ceearboleda.com\/index.php\/noticias\/noticias-2017-18\/138-cuento-de-los-amantes<\/a><span><\/span><\/p>\n<p>Si desea disponer de un ejemplar, contacte con Fundaci\u00f3n Amantes de Teruel ( <b><a class=\"enlacedestacado\" href=\"tel:978618398\">Tel: 978 618 398<\/a><\/b><span>\u00a0<\/span>&#8211;<span>\u00a0<\/span><a class=\"enlacedestacado\" href=\"mailto:fundacion@amantesdeteruel.es\">fundacion@amantesdeteruel.es<\/a><span>\u00a0<\/span>)[\/et_pb_text][\/et_pb_column][\/et_pb_row][\/et_pb_section]<\/p>\n","protected":false},"excerpt":{"rendered":"<p>AUDIOLIBRO&#8221;LA MAS BELLA HISTORIA DE AMOR JAM\u00c1S CONTADA&#8221; Cuento realizado por alumnos y alumnas del CPEE Arboleda en el curso 2017\/2018. En este colegio se escolarizan alumnos\/as que presentan necesidades educativas especiales permanentes asociadas a condiciones de discapacidad sensorial, motora, intelectual, trastornos graves de conducta, trastorno general del desarrollo, trastorno del espectro autista y plurideficiencias. [&hellip;]<\/p>\n","protected":false},"author":1,"featured_media":0,"parent":0,"menu_order":0,"comment_status":"closed","ping_status":"closed","template":"","meta":{"_acf_changed":false,"_et_pb_use_builder":"on","_et_pb_old_content":"<!-- wp:divi\/placeholder \/-->","_et_gb_content_width":"","footnotes":""},"class_list":["post-7330","page","type-page","status-publish","hentry"],"acf":[],"_links":{"self":[{"href":"https:\/\/amantesdeteruel.es\/en\/wp-json\/wp\/v2\/pages\/7330","targetHints":{"allow":["GET"]}}],"collection":[{"href":"https:\/\/amantesdeteruel.es\/en\/wp-json\/wp\/v2\/pages"}],"about":[{"href":"https:\/\/amantesdeteruel.es\/en\/wp-json\/wp\/v2\/types\/page"}],"author":[{"embeddable":true,"href":"https:\/\/amantesdeteruel.es\/en\/wp-json\/wp\/v2\/users\/1"}],"replies":[{"embeddable":true,"href":"https:\/\/amantesdeteruel.es\/en\/wp-json\/wp\/v2\/comments?post=7330"}],"version-history":[{"count":11,"href":"https:\/\/amantesdeteruel.es\/en\/wp-json\/wp\/v2\/pages\/7330\/revisions"}],"predecessor-version":[{"id":7490,"href":"https:\/\/amantesdeteruel.es\/en\/wp-json\/wp\/v2\/pages\/7330\/revisions\/7490"}],"wp:attachment":[{"href":"https:\/\/amantesdeteruel.es\/en\/wp-json\/wp\/v2\/media?parent=7330"}],"curies":[{"name":"wp","href":"https:\/\/api.w.org\/{rel}","templated":true}]}}