{"id":12475,"date":"2025-12-29T10:34:41","date_gmt":"2025-12-29T10:34:41","guid":{"rendered":"https:\/\/amantesdeteruel.es\/?post_type=product&#038;p=12475"},"modified":"2026-04-07T15:03:52","modified_gmt":"2026-04-07T15:03:52","slug":"jabon-artesano-mudejar","status":"publish","type":"product","link":"https:\/\/amantesdeteruel.es\/en\/producto\/jabon-artesano-mudejar\/","title":{"rendered":"JAB\u00d3N ARTESANO MUD\u00c9JAR"},"content":{"rendered":"","protected":false},"excerpt":{"rendered":"<p>Jab\u00f3n artesano producido de manera local y sostenible en ASAPME, Asociaci\u00f3n Salud Mental de Teruel.<\/p>\n<p>Esencia arom\u00e1tica de rosas o de jab\u00f3n de Marsella. Base libre de parabenos.<\/p>\n<p>La colecci\u00f3n Mud\u00e9jar ha sido dise\u00f1ada y producida por la Fundaci\u00f3n Amantes en colaboraci\u00f3n con Esther Negredo. Reinterpreta la esencia mud\u00e9jar en clave contempor\u00e1nea mediante la repetici\u00f3n de motivos geom\u00e9tricos equilibrados como la estrella de ocho puntas, s\u00edmbolo de la ciudad de Teruel.<\/p>\n","protected":false},"featured_media":12614,"template":"","meta":{"_acf_changed":false,"_et_pb_use_builder":"","_et_pb_old_content":"","_et_gb_content_width":""},"product_cat":[162,169],"product_tag":[],"class_list":["post-12475","product","type-product","status-publish","has-post-thumbnail","hentry","product_cat-coleccion-mudejar-classic","product_cat-souvenirs"],"acf":[],"_links":{"self":[{"href":"https:\/\/amantesdeteruel.es\/en\/wp-json\/wp\/v2\/product\/12475","targetHints":{"allow":["GET"]}}],"collection":[{"href":"https:\/\/amantesdeteruel.es\/en\/wp-json\/wp\/v2\/product"}],"about":[{"href":"https:\/\/amantesdeteruel.es\/en\/wp-json\/wp\/v2\/types\/product"}],"wp:featuredmedia":[{"embeddable":true,"href":"https:\/\/amantesdeteruel.es\/en\/wp-json\/wp\/v2\/media\/12614"}],"wp:attachment":[{"href":"https:\/\/amantesdeteruel.es\/en\/wp-json\/wp\/v2\/media?parent=12475"}],"wp:term":[{"taxonomy":"product_cat","embeddable":true,"href":"https:\/\/amantesdeteruel.es\/en\/wp-json\/wp\/v2\/product_cat?post=12475"},{"taxonomy":"product_tag","embeddable":true,"href":"https:\/\/amantesdeteruel.es\/en\/wp-json\/wp\/v2\/product_tag?post=12475"}],"curies":[{"name":"wp","href":"https:\/\/api.w.org\/{rel}","templated":true}]}}