{"id":12497,"date":"2025-12-29T09:52:12","date_gmt":"2025-12-29T09:52:12","guid":{"rendered":"https:\/\/amantesdeteruel.es\/?post_type=product&#038;p=12497"},"modified":"2026-02-01T11:34:03","modified_gmt":"2026-02-01T11:34:03","slug":"abanico-mudejar","status":"publish","type":"product","link":"https:\/\/amantesdeteruel.es\/en\/producto\/abanico-mudejar\/","title":{"rendered":"ABANICO MUD\u00c9JAR"},"content":{"rendered":"<p><img loading=\"lazy\" decoding=\"async\" class=\"aligncenter size-medium wp-image-12574\" src=\"https:\/\/amantesdeteruel.es\/wp-content\/uploads\/2025\/12\/classic-abanico-azul-2-300x300.png\" alt=\"\" width=\"300\" height=\"300\" \/> <img loading=\"lazy\" decoding=\"async\" class=\"aligncenter size-medium wp-image-12580\" src=\"https:\/\/amantesdeteruel.es\/wp-content\/uploads\/2025\/12\/classic-abanico-rojo-cerrado-300x300.png\" alt=\"\" width=\"300\" height=\"300\" \/> <img loading=\"lazy\" decoding=\"async\" class=\"aligncenter size-medium wp-image-12565\" src=\"https:\/\/amantesdeteruel.es\/wp-content\/uploads\/2025\/12\/classic-abanico-azul-cerrado-300x300.png\" alt=\"\" width=\"300\" height=\"300\" \/><\/p>\n","protected":false},"excerpt":{"rendered":"<p>Abanico Mud\u00e9jar de tela y madera, fabricado y dise\u00f1ado en Espa\u00f1a.<\/p>\n<p>La colecci\u00f3n Mud\u00e9jar ha sido dise\u00f1ada y producida por la Fundaci\u00f3n Amantes en colaboraci\u00f3n con Esther Negredo. Reinterpreta la esencia mud\u00e9jar en clave contempor\u00e1nea mediante la repetici\u00f3n de motivos geom\u00e9tricos equilibrados como la estrella de ocho puntas, s\u00edmbolo de la ciudad de Teruel.<\/p>\n","protected":false},"featured_media":12577,"template":"","meta":{"_acf_changed":false,"_et_pb_use_builder":"","_et_pb_old_content":"","_et_gb_content_width":""},"product_cat":[162,169],"product_tag":[],"class_list":["post-12497","product","type-product","status-publish","has-post-thumbnail","hentry","product_cat-coleccion-mudejar-classic","product_cat-souvenirs"],"acf":[],"_links":{"self":[{"href":"https:\/\/amantesdeteruel.es\/en\/wp-json\/wp\/v2\/product\/12497","targetHints":{"allow":["GET"]}}],"collection":[{"href":"https:\/\/amantesdeteruel.es\/en\/wp-json\/wp\/v2\/product"}],"about":[{"href":"https:\/\/amantesdeteruel.es\/en\/wp-json\/wp\/v2\/types\/product"}],"wp:featuredmedia":[{"embeddable":true,"href":"https:\/\/amantesdeteruel.es\/en\/wp-json\/wp\/v2\/media\/12577"}],"wp:attachment":[{"href":"https:\/\/amantesdeteruel.es\/en\/wp-json\/wp\/v2\/media?parent=12497"}],"wp:term":[{"taxonomy":"product_cat","embeddable":true,"href":"https:\/\/amantesdeteruel.es\/en\/wp-json\/wp\/v2\/product_cat?post=12497"},{"taxonomy":"product_tag","embeddable":true,"href":"https:\/\/amantesdeteruel.es\/en\/wp-json\/wp\/v2\/product_tag?post=12497"}],"curies":[{"name":"wp","href":"https:\/\/api.w.org\/{rel}","templated":true}]}}