{"id":12506,"date":"2025-12-29T10:02:50","date_gmt":"2025-12-29T10:02:50","guid":{"rendered":"https:\/\/amantesdeteruel.es\/?post_type=product&#038;p=12506"},"modified":"2026-02-01T12:47:17","modified_gmt":"2026-02-01T12:47:17","slug":"marcapaginas-mudejar","status":"publish","type":"product","link":"https:\/\/amantesdeteruel.es\/en\/producto\/marcapaginas-mudejar\/","title":{"rendered":"MARCAP\u00c1GINAS MUD\u00c9JAR"},"content":{"rendered":"<p><img loading=\"lazy\" decoding=\"async\" class=\"aligncenter size-medium wp-image-12586\" src=\"https:\/\/amantesdeteruel.es\/wp-content\/uploads\/2025\/12\/classic-marcapaginas-azul-1-300x300.png\" alt=\"\" width=\"300\" height=\"300\" \/><\/p>\n","protected":false},"excerpt":{"rendered":"<p>Marcap\u00e1ginas Mud\u00e9jar, disponible en color azul o rosa.<\/p>\n<p>La colecci\u00f3n Mud\u00e9jar ha sido dise\u00f1ada y producida por la Fundaci\u00f3n Amantes en colaboraci\u00f3n con Esther Negredo. Reinterpreta la esencia mud\u00e9jar en clave contempor\u00e1nea mediante la repetici\u00f3n de motivos geom\u00e9tricos equilibrados como la estrella de ocho puntas, s\u00edmbolo de la ciudad de Teruel.<\/p>\n","protected":false},"featured_media":12583,"template":"","meta":{"_acf_changed":false,"_et_pb_use_builder":"","_et_pb_old_content":"","_et_gb_content_width":""},"product_cat":[162,165],"product_tag":[],"class_list":["post-12506","product","type-product","status-publish","has-post-thumbnail","hentry","product_cat-coleccion-mudejar-classic","product_cat-papeleria"],"acf":[],"_links":{"self":[{"href":"https:\/\/amantesdeteruel.es\/en\/wp-json\/wp\/v2\/product\/12506","targetHints":{"allow":["GET"]}}],"collection":[{"href":"https:\/\/amantesdeteruel.es\/en\/wp-json\/wp\/v2\/product"}],"about":[{"href":"https:\/\/amantesdeteruel.es\/en\/wp-json\/wp\/v2\/types\/product"}],"wp:featuredmedia":[{"embeddable":true,"href":"https:\/\/amantesdeteruel.es\/en\/wp-json\/wp\/v2\/media\/12583"}],"wp:attachment":[{"href":"https:\/\/amantesdeteruel.es\/en\/wp-json\/wp\/v2\/media?parent=12506"}],"wp:term":[{"taxonomy":"product_cat","embeddable":true,"href":"https:\/\/amantesdeteruel.es\/en\/wp-json\/wp\/v2\/product_cat?post=12506"},{"taxonomy":"product_tag","embeddable":true,"href":"https:\/\/amantesdeteruel.es\/en\/wp-json\/wp\/v2\/product_tag?post=12506"}],"curies":[{"name":"wp","href":"https:\/\/api.w.org\/{rel}","templated":true}]}}