{"id":12509,"date":"2025-12-29T09:48:16","date_gmt":"2025-12-29T09:48:16","guid":{"rendered":"https:\/\/amantesdeteruel.es\/?post_type=product&#038;p=12509"},"modified":"2026-02-01T12:33:33","modified_gmt":"2026-02-01T12:33:33","slug":"libreta-mudejar-iconic","status":"publish","type":"product","link":"https:\/\/amantesdeteruel.es\/en\/producto\/libreta-mudejar-iconic\/","title":{"rendered":"LIBRETA MUD\u00c9JAR ICONIC"},"content":{"rendered":"<p><img loading=\"lazy\" decoding=\"async\" class=\"aligncenter size-medium wp-image-12562\" src=\"https:\/\/amantesdeteruel.es\/wp-content\/uploads\/2025\/12\/iconic-libreta-verde-02-300x300.png\" alt=\"\" width=\"300\" height=\"300\" \/><\/p>\n","protected":false},"excerpt":{"rendered":"<p>Libreta Mud\u00e9jar realizada con materiales reciclados en tama\u00f1o A5, cosida en el lomo y con hoja lisa.<\/p>\n<p>La colecci\u00f3n Mud\u00e9jar ha sido dise\u00f1ada y producida por la Fundaci\u00f3n Amantes en colaboraci\u00f3n con Esther Negredo. Reinterpreta la esencia mud\u00e9jar en clave contempor\u00e1nea mediante la repetici\u00f3n de motivos geom\u00e9tricos equilibrados como la estrella de ocho puntas, s\u00edmbolo de la ciudad de Teruel.<\/p>\n<p>&nbsp;<\/p>\n","protected":false},"featured_media":12559,"template":"","meta":{"_acf_changed":false,"_et_pb_use_builder":"","_et_pb_old_content":"","_et_gb_content_width":""},"product_cat":[205,165],"product_tag":[],"class_list":["post-12509","product","type-product","status-publish","has-post-thumbnail","hentry","product_cat-coleccion-mudejar-iconic","product_cat-papeleria"],"acf":[],"_links":{"self":[{"href":"https:\/\/amantesdeteruel.es\/en\/wp-json\/wp\/v2\/product\/12509","targetHints":{"allow":["GET"]}}],"collection":[{"href":"https:\/\/amantesdeteruel.es\/en\/wp-json\/wp\/v2\/product"}],"about":[{"href":"https:\/\/amantesdeteruel.es\/en\/wp-json\/wp\/v2\/types\/product"}],"wp:featuredmedia":[{"embeddable":true,"href":"https:\/\/amantesdeteruel.es\/en\/wp-json\/wp\/v2\/media\/12559"}],"wp:attachment":[{"href":"https:\/\/amantesdeteruel.es\/en\/wp-json\/wp\/v2\/media?parent=12509"}],"wp:term":[{"taxonomy":"product_cat","embeddable":true,"href":"https:\/\/amantesdeteruel.es\/en\/wp-json\/wp\/v2\/product_cat?post=12509"},{"taxonomy":"product_tag","embeddable":true,"href":"https:\/\/amantesdeteruel.es\/en\/wp-json\/wp\/v2\/product_tag?post=12509"}],"curies":[{"name":"wp","href":"https:\/\/api.w.org\/{rel}","templated":true}]}}