{"id":12513,"date":"2025-12-29T11:29:23","date_gmt":"2025-12-29T11:29:23","guid":{"rendered":"https:\/\/amantesdeteruel.es\/?post_type=product&#038;p=12513"},"modified":"2026-04-03T08:59:32","modified_gmt":"2026-04-03T08:59:32","slug":"monedero-el-amor-nuevo","status":"publish","type":"product","link":"https:\/\/amantesdeteruel.es\/en\/producto\/monedero-el-amor-nuevo\/","title":{"rendered":"MONEDERO AMOR NUEVO"},"content":{"rendered":"","protected":false},"excerpt":{"rendered":"<p>Monedero de tela del mural <em>El<\/em> <em>Amor Nuevo, <\/em>realizado en 2005 por el artista Jorge Gay.<\/p>\n<p>Producto realizado de manera local y sostenible. El trabajo de costura ha sido llevado a cabo por personas con enfermedad mental de ASAPME Teruel, en su Centro Especial de empleo, Trapecio, ubicado en nuestra ciudad. Este art\u00edculo se produce artesanalmente en peque\u00f1os lotes, por lo que el stock puede variar seg\u00fan disponibilidad en el momento de compra.<\/p>\n","protected":false},"featured_media":12651,"template":"","meta":{"_acf_changed":false,"_et_pb_use_builder":"","_et_pb_old_content":"","_et_gb_content_width":""},"product_cat":[161,167],"product_tag":[],"class_list":["post-12513","product","type-product","status-publish","has-post-thumbnail","hentry","product_cat-coleccion-el-amor-nuevo","product_cat-textil"],"acf":[],"_links":{"self":[{"href":"https:\/\/amantesdeteruel.es\/en\/wp-json\/wp\/v2\/product\/12513","targetHints":{"allow":["GET"]}}],"collection":[{"href":"https:\/\/amantesdeteruel.es\/en\/wp-json\/wp\/v2\/product"}],"about":[{"href":"https:\/\/amantesdeteruel.es\/en\/wp-json\/wp\/v2\/types\/product"}],"wp:featuredmedia":[{"embeddable":true,"href":"https:\/\/amantesdeteruel.es\/en\/wp-json\/wp\/v2\/media\/12651"}],"wp:attachment":[{"href":"https:\/\/amantesdeteruel.es\/en\/wp-json\/wp\/v2\/media?parent=12513"}],"wp:term":[{"taxonomy":"product_cat","embeddable":true,"href":"https:\/\/amantesdeteruel.es\/en\/wp-json\/wp\/v2\/product_cat?post=12513"},{"taxonomy":"product_tag","embeddable":true,"href":"https:\/\/amantesdeteruel.es\/en\/wp-json\/wp\/v2\/product_tag?post=12513"}],"curies":[{"name":"wp","href":"https:\/\/api.w.org\/{rel}","templated":true}]}}