{"id":12522,"date":"2025-12-29T10:53:06","date_gmt":"2025-12-29T10:53:06","guid":{"rendered":"https:\/\/amantesdeteruel.es\/?post_type=product&#038;p=12522"},"modified":"2026-03-15T09:44:01","modified_gmt":"2026-03-15T09:44:01","slug":"monedero-tela-mudejar","status":"publish","type":"product","link":"https:\/\/amantesdeteruel.es\/en\/producto\/monedero-tela-mudejar\/","title":{"rendered":"MONEDERO MUD\u00c9JAR CLASSIC"},"content":{"rendered":"\n\t\t<style type=\"text\/css\">\n\t\t\t#gallery-1 {\n\t\t\t\tmargin: auto;\n\t\t\t}\n\t\t\t#gallery-1 .gallery-item {\n\t\t\t\tfloat: left;\n\t\t\t\tmargin-top: 10px;\n\t\t\t\ttext-align: center;\n\t\t\t\twidth: 33%;\n\t\t\t}\n\t\t\t#gallery-1 img {\n\t\t\t\tborder: 2px solid #cfcfcf;\n\t\t\t}\n\t\t\t#gallery-1 .gallery-caption {\n\t\t\t\tmargin-left: 0;\n\t\t\t}\n\t\t\t\/* see gallery_shortcode() in wp-includes\/media.php *\/\n\t\t<\/style>\n\t\t<div id='gallery-1' class='gallery galleryid-12522 gallery-columns-3 gallery-size-thumbnail'><dl class='gallery-item'>\n\t\t\t<dt class='gallery-icon landscape'>\n\t\t\t\t<a href='https:\/\/amantesdeteruel.es\/en\/?attachment_id=12633'><img loading=\"lazy\" decoding=\"async\" width=\"150\" height=\"150\" src=\"https:\/\/amantesdeteruel.es\/wp-content\/uploads\/2025\/12\/classic-monedero-rojo-150x150.png\" class=\"attachment-thumbnail size-thumbnail\" alt=\"\" \/><\/a>\n\t\t\t<\/dt><\/dl><dl class='gallery-item'>\n\t\t\t<dt class='gallery-icon landscape'>\n\t\t\t\t<a href='https:\/\/amantesdeteruel.es\/en\/?attachment_id=12636'><img loading=\"lazy\" decoding=\"async\" width=\"150\" height=\"150\" src=\"https:\/\/amantesdeteruel.es\/wp-content\/uploads\/2025\/12\/classic-monedero-rojo-int-150x150.png\" class=\"attachment-thumbnail size-thumbnail\" alt=\"\" \/><\/a>\n\t\t\t<\/dt><\/dl><dl class='gallery-item'>\n\t\t\t<dt class='gallery-icon landscape'>\n\t\t\t\t<a href='https:\/\/amantesdeteruel.es\/en\/?attachment_id=12630'><img loading=\"lazy\" decoding=\"async\" width=\"150\" height=\"150\" src=\"https:\/\/amantesdeteruel.es\/wp-content\/uploads\/2025\/12\/classic-monedero-rojo-trasera-150x150.png\" class=\"attachment-thumbnail size-thumbnail\" alt=\"\" \/><\/a>\n\t\t\t<\/dt><\/dl><br style=\"clear: both\" \/><dl class='gallery-item'>\n\t\t\t<dt class='gallery-icon landscape'>\n\t\t\t\t<a href='https:\/\/amantesdeteruel.es\/en\/?attachment_id=12624'><img loading=\"lazy\" decoding=\"async\" width=\"150\" height=\"150\" src=\"https:\/\/amantesdeteruel.es\/wp-content\/uploads\/2025\/12\/classic-monedero-azul-150x150.png\" class=\"attachment-thumbnail size-thumbnail\" alt=\"\" \/><\/a>\n\t\t\t<\/dt><\/dl><dl class='gallery-item'>\n\t\t\t<dt class='gallery-icon landscape'>\n\t\t\t\t<a href='https:\/\/amantesdeteruel.es\/en\/?attachment_id=12627'><img loading=\"lazy\" decoding=\"async\" width=\"150\" height=\"150\" src=\"https:\/\/amantesdeteruel.es\/wp-content\/uploads\/2025\/12\/classic-monedero-azul-int-150x150.png\" class=\"attachment-thumbnail size-thumbnail\" alt=\"\" \/><\/a>\n\t\t\t<\/dt><\/dl><dl class='gallery-item'>\n\t\t\t<dt class='gallery-icon landscape'>\n\t\t\t\t<a href='https:\/\/amantesdeteruel.es\/en\/?attachment_id=12621'><img loading=\"lazy\" decoding=\"async\" width=\"150\" height=\"150\" src=\"https:\/\/amantesdeteruel.es\/wp-content\/uploads\/2025\/12\/classic-monedero-azul-trasera-150x150.png\" class=\"attachment-thumbnail size-thumbnail\" alt=\"\" \/><\/a>\n\t\t\t<\/dt><\/dl><br style=\"clear: both\" \/>\n\t\t<\/div>\n\n","protected":false},"excerpt":{"rendered":"<p>Monedero de tela Mud\u00e9jar\u00a0realizado de manera local y sostenible.<\/p>\n<p>El trabajo de costura ha sido llevado a cabo por personas con enfermedad mental de ASAPME Teruel, en su Centro Especial de empleo, Trapecio, ubicado en nuestra ciudad. Este art\u00edculo se produce artesanalmente en peque\u00f1os lotes, por lo que el stock puede variar seg\u00fan disponibilidad en el momento de compra.<\/p>\n<p>La colecci\u00f3n Mud\u00e9jar ha sido dise\u00f1ada y producida por la Fundaci\u00f3n Amantes en colaboraci\u00f3n con Esther Negredo. Reinterpreta la esencia mud\u00e9jar en clave contempor\u00e1nea mediante la repetici\u00f3n de motivos geom\u00e9tricos equilibrados como la estrella de ocho puntas, s\u00edmbolo de la ciudad de Teruel.<\/p>\n","protected":false},"featured_media":12623,"template":"","meta":{"_acf_changed":false,"_et_pb_use_builder":"","_et_pb_old_content":"","_et_gb_content_width":""},"product_cat":[162,167],"product_tag":[],"class_list":["post-12522","product","type-product","status-publish","has-post-thumbnail","hentry","product_cat-coleccion-mudejar-classic","product_cat-textil"],"acf":[],"_links":{"self":[{"href":"https:\/\/amantesdeteruel.es\/en\/wp-json\/wp\/v2\/product\/12522","targetHints":{"allow":["GET"]}}],"collection":[{"href":"https:\/\/amantesdeteruel.es\/en\/wp-json\/wp\/v2\/product"}],"about":[{"href":"https:\/\/amantesdeteruel.es\/en\/wp-json\/wp\/v2\/types\/product"}],"wp:featuredmedia":[{"embeddable":true,"href":"https:\/\/amantesdeteruel.es\/en\/wp-json\/wp\/v2\/media\/12623"}],"wp:attachment":[{"href":"https:\/\/amantesdeteruel.es\/en\/wp-json\/wp\/v2\/media?parent=12522"}],"wp:term":[{"taxonomy":"product_cat","embeddable":true,"href":"https:\/\/amantesdeteruel.es\/en\/wp-json\/wp\/v2\/product_cat?post=12522"},{"taxonomy":"product_tag","embeddable":true,"href":"https:\/\/amantesdeteruel.es\/en\/wp-json\/wp\/v2\/product_tag?post=12522"}],"curies":[{"name":"wp","href":"https:\/\/api.w.org\/{rel}","templated":true}]}}