{"id":2005,"date":"2014-07-16T13:17:01","date_gmt":"2014-07-16T13:17:01","guid":{"rendered":"https:\/\/amantesdeteruel.es\/product\/guia-didactica-3-5-anos\/"},"modified":"2025-04-28T00:00:07","modified_gmt":"2025-04-28T00:00:07","slug":"guia-didactica-3-5-anos","status":"publish","type":"product","link":"https:\/\/amantesdeteruel.es\/en\/producto\/guia-didactica-3-5-anos\/","title":{"rendered":"Gu\u00eda Did\u00e1ctica (3-5 a\u00f1os)"},"content":{"rendered":"","protected":false},"excerpt":{"rendered":"<p>Cuaderno did\u00e1ctico dedicado al p\u00fablico infantil de entre 3 y 5 a\u00f1os.<br \/>\nCon esta gu\u00eda se pretende que el ni\u00f1o a partir del juego se familiarice con formas caracter\u00edsticas de la Edad Media y se inicie en el conocimiento de los colores y los n\u00fameros.<\/p>\n","protected":false},"featured_media":4697,"template":"","meta":{"_acf_changed":false,"_et_pb_use_builder":"","_et_pb_old_content":"","_et_gb_content_width":""},"product_cat":[172],"product_tag":[],"class_list":["post-2005","product","type-product","status-publish","has-post-thumbnail","hentry","product_cat-publicaciones"],"acf":[],"_links":{"self":[{"href":"https:\/\/amantesdeteruel.es\/en\/wp-json\/wp\/v2\/product\/2005","targetHints":{"allow":["GET"]}}],"collection":[{"href":"https:\/\/amantesdeteruel.es\/en\/wp-json\/wp\/v2\/product"}],"about":[{"href":"https:\/\/amantesdeteruel.es\/en\/wp-json\/wp\/v2\/types\/product"}],"wp:featuredmedia":[{"embeddable":true,"href":"https:\/\/amantesdeteruel.es\/en\/wp-json\/wp\/v2\/media\/4697"}],"wp:attachment":[{"href":"https:\/\/amantesdeteruel.es\/en\/wp-json\/wp\/v2\/media?parent=2005"}],"wp:term":[{"taxonomy":"product_cat","embeddable":true,"href":"https:\/\/amantesdeteruel.es\/en\/wp-json\/wp\/v2\/product_cat?post=2005"},{"taxonomy":"product_tag","embeddable":true,"href":"https:\/\/amantesdeteruel.es\/en\/wp-json\/wp\/v2\/product_tag?post=2005"}],"curies":[{"name":"wp","href":"https:\/\/api.w.org\/{rel}","templated":true}]}}