{"id":2007,"date":"2014-07-16T13:32:08","date_gmt":"2014-07-16T13:32:08","guid":{"rendered":"https:\/\/amantesdeteruel.es\/product\/guia-didactica-10-13-anos\/"},"modified":"2025-04-28T00:00:07","modified_gmt":"2025-04-28T00:00:07","slug":"guia-didactica-10-13-anos","status":"publish","type":"product","link":"https:\/\/amantesdeteruel.es\/en\/producto\/guia-didactica-10-13-anos\/","title":{"rendered":"Gu\u00eda Did\u00e1ctica (10-13 a\u00f1os)"},"content":{"rendered":"<p>Est\u00e1 estructurada en tres secciones que se corresponden con las desarrolladas en la visita al Conjunto Amantes: Iglesia, Amantes y Torre Mud\u00e9jar.<\/p>\n","protected":false},"excerpt":{"rendered":"<p>Gu\u00eda did\u00e1ctica para ni\u00f1os de entre 10 y 13 a\u00f1os. El objetivo principal es acercar el Patrimonio Cultural y conseguir la reflexi\u00f3n y valoraci\u00f3n del mismo.<\/p>\n","protected":false},"featured_media":4691,"template":"","meta":{"_acf_changed":false,"_et_pb_use_builder":"","_et_pb_old_content":"","_et_gb_content_width":""},"product_cat":[172],"product_tag":[],"class_list":["post-2007","product","type-product","status-publish","has-post-thumbnail","hentry","product_cat-publicaciones"],"acf":[],"_links":{"self":[{"href":"https:\/\/amantesdeteruel.es\/en\/wp-json\/wp\/v2\/product\/2007","targetHints":{"allow":["GET"]}}],"collection":[{"href":"https:\/\/amantesdeteruel.es\/en\/wp-json\/wp\/v2\/product"}],"about":[{"href":"https:\/\/amantesdeteruel.es\/en\/wp-json\/wp\/v2\/types\/product"}],"wp:featuredmedia":[{"embeddable":true,"href":"https:\/\/amantesdeteruel.es\/en\/wp-json\/wp\/v2\/media\/4691"}],"wp:attachment":[{"href":"https:\/\/amantesdeteruel.es\/en\/wp-json\/wp\/v2\/media?parent=2007"}],"wp:term":[{"taxonomy":"product_cat","embeddable":true,"href":"https:\/\/amantesdeteruel.es\/en\/wp-json\/wp\/v2\/product_cat?post=2007"},{"taxonomy":"product_tag","embeddable":true,"href":"https:\/\/amantesdeteruel.es\/en\/wp-json\/wp\/v2\/product_tag?post=2007"}],"curies":[{"name":"wp","href":"https:\/\/api.w.org\/{rel}","templated":true}]}}