{"id":2008,"date":"2014-07-16T13:43:02","date_gmt":"2014-07-16T13:43:02","guid":{"rendered":"https:\/\/amantesdeteruel.es\/product\/guia-didactica-14-18-anos\/"},"modified":"2025-04-28T00:00:06","modified_gmt":"2025-04-28T00:00:06","slug":"guia-didactica-14-18-anos","status":"publish","type":"product","link":"https:\/\/amantesdeteruel.es\/en\/producto\/guia-didactica-14-18-anos\/","title":{"rendered":"Gu\u00eda Did\u00e1ctica (14-18 a\u00f1os)"},"content":{"rendered":"<p>Cada secci\u00f3n comprende una introducci\u00f3n te\u00f3rica y una serie de actividades l\u00fadicas relacionadas con cada uno de los temas expuestos.<\/p>\n","protected":false},"excerpt":{"rendered":"<p>Gu\u00eda destinada a un p\u00fablico de entre 14 y 18 a\u00f1os. Es una gu\u00eda estructurada en tres partes, profundizando en el conocimiento del Mud\u00e9jar y de los Amantes.<\/p>\n","protected":false},"featured_media":4694,"template":"","meta":{"_acf_changed":false,"_et_pb_use_builder":"","_et_pb_old_content":"","_et_gb_content_width":""},"product_cat":[172],"product_tag":[],"class_list":["post-2008","product","type-product","status-publish","has-post-thumbnail","hentry","product_cat-publicaciones"],"acf":[],"_links":{"self":[{"href":"https:\/\/amantesdeteruel.es\/en\/wp-json\/wp\/v2\/product\/2008","targetHints":{"allow":["GET"]}}],"collection":[{"href":"https:\/\/amantesdeteruel.es\/en\/wp-json\/wp\/v2\/product"}],"about":[{"href":"https:\/\/amantesdeteruel.es\/en\/wp-json\/wp\/v2\/types\/product"}],"wp:featuredmedia":[{"embeddable":true,"href":"https:\/\/amantesdeteruel.es\/en\/wp-json\/wp\/v2\/media\/4694"}],"wp:attachment":[{"href":"https:\/\/amantesdeteruel.es\/en\/wp-json\/wp\/v2\/media?parent=2008"}],"wp:term":[{"taxonomy":"product_cat","embeddable":true,"href":"https:\/\/amantesdeteruel.es\/en\/wp-json\/wp\/v2\/product_cat?post=2008"},{"taxonomy":"product_tag","embeddable":true,"href":"https:\/\/amantesdeteruel.es\/en\/wp-json\/wp\/v2\/product_tag?post=2008"}],"curies":[{"name":"wp","href":"https:\/\/api.w.org\/{rel}","templated":true}]}}