{"id":2009,"date":"2014-07-16T13:46:30","date_gmt":"2014-07-16T13:46:30","guid":{"rendered":"https:\/\/amantesdeteruel.es\/product\/el-amor-nuevo\/"},"modified":"2025-04-28T00:00:06","modified_gmt":"2025-04-28T00:00:06","slug":"el-amor-nuevo","status":"publish","type":"product","link":"https:\/\/amantesdeteruel.es\/en\/producto\/el-amor-nuevo\/","title":{"rendered":"EL AMOR NUEVO"},"content":{"rendered":"<p>Los textos ahondan en el tema del amor desde una amplia perspectiva y relatan el proceso de creaci\u00f3n de esta obra art\u00edstica. Adem\u00e1s, presenta abundantes bocetos y fotograf\u00edas relativas a esta pintura.<\/p>\n","protected":false},"excerpt":{"rendered":"<p>El Amor Nuevo contiene textos de Ignacio Mart\u00ednez de Pis\u00f3n y del pintor del mural, que lleva su mismo t\u00edtulo, situado en el Mausoleo de los Amantes, Jorge Gay.<\/p>\n","protected":false},"featured_media":4687,"template":"","meta":{"_acf_changed":false,"_et_pb_use_builder":"","_et_pb_old_content":"","_et_gb_content_width":""},"product_cat":[161,172,251],"product_tag":[],"class_list":["post-2009","product","type-product","status-publish","has-post-thumbnail","hentry","product_cat-coleccion-el-amor-nuevo","product_cat-publicaciones","product_cat-san-valentin"],"acf":[],"_links":{"self":[{"href":"https:\/\/amantesdeteruel.es\/en\/wp-json\/wp\/v2\/product\/2009","targetHints":{"allow":["GET"]}}],"collection":[{"href":"https:\/\/amantesdeteruel.es\/en\/wp-json\/wp\/v2\/product"}],"about":[{"href":"https:\/\/amantesdeteruel.es\/en\/wp-json\/wp\/v2\/types\/product"}],"wp:featuredmedia":[{"embeddable":true,"href":"https:\/\/amantesdeteruel.es\/en\/wp-json\/wp\/v2\/media\/4687"}],"wp:attachment":[{"href":"https:\/\/amantesdeteruel.es\/en\/wp-json\/wp\/v2\/media?parent=2009"}],"wp:term":[{"taxonomy":"product_cat","embeddable":true,"href":"https:\/\/amantesdeteruel.es\/en\/wp-json\/wp\/v2\/product_cat?post=2009"},{"taxonomy":"product_tag","embeddable":true,"href":"https:\/\/amantesdeteruel.es\/en\/wp-json\/wp\/v2\/product_tag?post=2009"}],"curies":[{"name":"wp","href":"https:\/\/api.w.org\/{rel}","templated":true}]}}