{"id":2010,"date":"2014-08-12T13:20:30","date_gmt":"2014-08-12T13:20:30","guid":{"rendered":"https:\/\/amantesdeteruel.es\/product\/edicion-facisimil-protocolo-yague-de-salas\/"},"modified":"2025-04-28T00:00:06","modified_gmt":"2025-04-28T00:00:06","slug":"edicion-facisimil-protocolo-yague-de-salas","status":"publish","type":"product","link":"https:\/\/amantesdeteruel.es\/en\/producto\/edicion-facisimil-protocolo-yague-de-salas\/","title":{"rendered":"EDICI\u00d3N FAC\u00cdSIMIL PROTOCOLO YAG\u00dcE DE SALAS"},"content":{"rendered":"<p>Edici\u00f3n facs\u00edmil del Acta del Protocolo del notario Yag\u00fce de Salas correspondiente a 1619. Contiene la primera referencia a la tradici\u00f3n amantista. La reproducci\u00f3n facs\u00edmil est\u00e1 acompa\u00f1ada de su transcripci\u00f3n donde aparece el Acta de desenterramiento y el papel de letra antigua, hoy desaparecido, que narra la historia de los Amantes<\/p>\n","protected":false},"excerpt":{"rendered":"<p>Edici\u00f3n facs\u00edmil del Acta del Protocolo del notario Yag\u00fce de Salas correspondiente a 1619. Contiene la primera referencia a la tradici\u00f3n amantista.<\/p>\n","protected":false},"featured_media":4680,"template":"","meta":{"_acf_changed":false,"_et_pb_use_builder":"","_et_pb_old_content":"","_et_gb_content_width":""},"product_cat":[172],"product_tag":[],"class_list":["post-2010","product","type-product","status-publish","has-post-thumbnail","hentry","product_cat-publicaciones"],"acf":[],"_links":{"self":[{"href":"https:\/\/amantesdeteruel.es\/en\/wp-json\/wp\/v2\/product\/2010","targetHints":{"allow":["GET"]}}],"collection":[{"href":"https:\/\/amantesdeteruel.es\/en\/wp-json\/wp\/v2\/product"}],"about":[{"href":"https:\/\/amantesdeteruel.es\/en\/wp-json\/wp\/v2\/types\/product"}],"wp:featuredmedia":[{"embeddable":true,"href":"https:\/\/amantesdeteruel.es\/en\/wp-json\/wp\/v2\/media\/4680"}],"wp:attachment":[{"href":"https:\/\/amantesdeteruel.es\/en\/wp-json\/wp\/v2\/media?parent=2010"}],"wp:term":[{"taxonomy":"product_cat","embeddable":true,"href":"https:\/\/amantesdeteruel.es\/en\/wp-json\/wp\/v2\/product_cat?post=2010"},{"taxonomy":"product_tag","embeddable":true,"href":"https:\/\/amantesdeteruel.es\/en\/wp-json\/wp\/v2\/product_tag?post=2010"}],"curies":[{"name":"wp","href":"https:\/\/api.w.org\/{rel}","templated":true}]}}