{"id":2011,"date":"2014-08-12T13:59:26","date_gmt":"2014-08-12T13:59:26","guid":{"rendered":"https:\/\/amantesdeteruel.es\/product\/edicion-facsimil-proceso-judicial-eclesiastico\/"},"modified":"2025-04-28T00:00:06","modified_gmt":"2025-04-28T00:00:06","slug":"edicion-facsimil-proceso-judicial-eclesiastico","status":"publish","type":"product","link":"https:\/\/amantesdeteruel.es\/en\/producto\/edicion-facsimil-proceso-judicial-eclesiastico\/","title":{"rendered":"EDICI\u00d3N FACS\u00cdMIL PROCESO JUDICIAL ECLESI\u00c1STICO"},"content":{"rendered":"<p>Edici\u00f3n facs\u00edmil del Proceso Judicial Eclesi\u00e1stico que se realiza contra tres racioneros y el sacrist\u00e1n de la Iglesia de San Pedro por desenterrar en el mes de abril de 1619 los cad\u00e1veres de los amantes sin tener permiso previo. A la edici\u00f3n facs\u00edmil se acompa\u00f1a la transcripci\u00f3n de la misma y su traducci\u00f3n al castellano.<\/p>\n","protected":false},"excerpt":{"rendered":"<p>Edici\u00f3n facs\u00edmil del Proceso Judicial Eclesi\u00e1stico que se realiza contra tres racioneros y el sacrist\u00e1n de la Iglesia de San Pedro por desenterrar en el mes de abril de 1619 los cad\u00e1veres de los amantes sin tener permiso previo<\/p>\n","protected":false},"featured_media":4684,"template":"","meta":{"_acf_changed":false,"_et_pb_use_builder":"","_et_pb_old_content":"","_et_gb_content_width":""},"product_cat":[172],"product_tag":[],"class_list":["post-2011","product","type-product","status-publish","has-post-thumbnail","hentry","product_cat-publicaciones"],"acf":[],"_links":{"self":[{"href":"https:\/\/amantesdeteruel.es\/en\/wp-json\/wp\/v2\/product\/2011","targetHints":{"allow":["GET"]}}],"collection":[{"href":"https:\/\/amantesdeteruel.es\/en\/wp-json\/wp\/v2\/product"}],"about":[{"href":"https:\/\/amantesdeteruel.es\/en\/wp-json\/wp\/v2\/types\/product"}],"wp:featuredmedia":[{"embeddable":true,"href":"https:\/\/amantesdeteruel.es\/en\/wp-json\/wp\/v2\/media\/4684"}],"wp:attachment":[{"href":"https:\/\/amantesdeteruel.es\/en\/wp-json\/wp\/v2\/media?parent=2011"}],"wp:term":[{"taxonomy":"product_cat","embeddable":true,"href":"https:\/\/amantesdeteruel.es\/en\/wp-json\/wp\/v2\/product_cat?post=2011"},{"taxonomy":"product_tag","embeddable":true,"href":"https:\/\/amantesdeteruel.es\/en\/wp-json\/wp\/v2\/product_tag?post=2011"}],"curies":[{"name":"wp","href":"https:\/\/api.w.org\/{rel}","templated":true}]}}