{"id":2013,"date":"2014-08-26T11:15:45","date_gmt":"2014-08-26T11:15:45","guid":{"rendered":"https:\/\/amantesdeteruel.es\/product\/los-amantes-de-teruel-lecturas-para-una-pasion\/"},"modified":"2025-04-28T00:00:06","modified_gmt":"2025-04-28T00:00:06","slug":"los-amantes-de-teruel-lecturas-para-una-pasion","status":"publish","type":"product","link":"https:\/\/amantesdeteruel.es\/en\/producto\/los-amantes-de-teruel-lecturas-para-una-pasion\/","title":{"rendered":"LOS AMANTES DE TERUEL. LECTURAS PARA UNA PASI\u00d3N"},"content":{"rendered":"<p>Cat\u00e1logo de la exposici\u00f3n bibliografica celebrada en la Iglesia de San Pedro en Teruel entre el 3 de diciembre de 2004 y el 30 de enero de 2005. La muestra consta de unas 50 obras de tem\u00e1tica amantista seleccionadas por el comisario de la exposici\u00f3n, Francisco Mart\u00edn Mart\u00edn. Se trata de una selecci\u00f3n de obras procedentes todas ellas de fondos p\u00fablicos y privados de la ciudad de Teruel, en relaci\u00f3n con los tres g\u00e9neros literarios: prosa, poes\u00eda y teatro. El cat\u00e1logo est\u00e1 dividido en cuatro partes, siguiendo el orden expositivo y de acuerdo con las estampas compartimentadas de la pasi\u00f3n amantista. En la publicaci\u00f3n aparece referenciada cada una de las obras expuestas con un breve comentario sobre la misma, realizada por el propio comisario.<\/p>\n","protected":false},"excerpt":{"rendered":"<p>Cat\u00e1logo de la exposici\u00f3n bibliografica celebrada en la Iglesia de San Pedro en Teruel entre el 3 de diciembre de 2004 y el 30 de enero de 2005.<\/p>\n","protected":false},"featured_media":4703,"template":"","meta":{"_acf_changed":false,"_et_pb_use_builder":"","_et_pb_old_content":"","_et_gb_content_width":""},"product_cat":[172],"product_tag":[],"class_list":["post-2013","product","type-product","status-publish","has-post-thumbnail","hentry","product_cat-publicaciones"],"acf":[],"_links":{"self":[{"href":"https:\/\/amantesdeteruel.es\/en\/wp-json\/wp\/v2\/product\/2013","targetHints":{"allow":["GET"]}}],"collection":[{"href":"https:\/\/amantesdeteruel.es\/en\/wp-json\/wp\/v2\/product"}],"about":[{"href":"https:\/\/amantesdeteruel.es\/en\/wp-json\/wp\/v2\/types\/product"}],"wp:featuredmedia":[{"embeddable":true,"href":"https:\/\/amantesdeteruel.es\/en\/wp-json\/wp\/v2\/media\/4703"}],"wp:attachment":[{"href":"https:\/\/amantesdeteruel.es\/en\/wp-json\/wp\/v2\/media?parent=2013"}],"wp:term":[{"taxonomy":"product_cat","embeddable":true,"href":"https:\/\/amantesdeteruel.es\/en\/wp-json\/wp\/v2\/product_cat?post=2013"},{"taxonomy":"product_tag","embeddable":true,"href":"https:\/\/amantesdeteruel.es\/en\/wp-json\/wp\/v2\/product_tag?post=2013"}],"curies":[{"name":"wp","href":"https:\/\/api.w.org\/{rel}","templated":true}]}}