{"id":2014,"date":"2014-08-26T11:37:00","date_gmt":"2014-08-26T11:37:00","guid":{"rendered":"https:\/\/amantesdeteruel.es\/product\/visitando-la-edad-media-representaciones-del-medievo-en-la-espana-del-siglo-xix\/"},"modified":"2025-04-28T00:00:06","modified_gmt":"2025-04-28T00:00:06","slug":"visitando-la-edad-media-representaciones-del-medievo-en-la-espana-del-siglo-xix","status":"publish","type":"product","link":"https:\/\/amantesdeteruel.es\/en\/producto\/visitando-la-edad-media-representaciones-del-medievo-en-la-espana-del-siglo-xix\/","title":{"rendered":"Visitando la Edad Media: representaciones del medievo en la Espa\u00f1a del siglo XIX"},"content":{"rendered":"<p>En este libro los autores tratan de analizar desde su perspectiva del siglo XXI, la imagen que en el Ochocientos se ten\u00eda del Medievo. Libro que recoge las ponencias de las Jornadas cuyo objetivo\u00a0ha sido construir un punto de arranque destinado a precisar los procedimientos empleados en la labor de construcci\u00f3n de la categor\u00eda Edad Media, e intentar comprender c\u00f3mo fue pensada en el Ochocientos.<\/p>\n","protected":false},"excerpt":{"rendered":"<p>En este libro los autores tratan de analizar desde su perspectiva del siglo XXI, la imagen que en el Ochocientos se ten\u00eda del Medievo. Libro que recoge las ponencias de las Jornadas cuyo objetivo\u00a0ha sido construir un punto de arranque destinado a precisar los procedimientos empleados en la labor de construcci\u00f3n de la categor\u00eda Edad Media, e intentar comprender c\u00f3mo fue pensada en el Ochocientos.<\/p>\n","protected":false},"featured_media":4706,"template":"","meta":{"_acf_changed":false,"_et_pb_use_builder":"","_et_pb_old_content":"","_et_gb_content_width":""},"product_cat":[172],"product_tag":[],"class_list":["post-2014","product","type-product","status-publish","has-post-thumbnail","hentry","product_cat-publicaciones"],"acf":[],"_links":{"self":[{"href":"https:\/\/amantesdeteruel.es\/en\/wp-json\/wp\/v2\/product\/2014","targetHints":{"allow":["GET"]}}],"collection":[{"href":"https:\/\/amantesdeteruel.es\/en\/wp-json\/wp\/v2\/product"}],"about":[{"href":"https:\/\/amantesdeteruel.es\/en\/wp-json\/wp\/v2\/types\/product"}],"wp:featuredmedia":[{"embeddable":true,"href":"https:\/\/amantesdeteruel.es\/en\/wp-json\/wp\/v2\/media\/4706"}],"wp:attachment":[{"href":"https:\/\/amantesdeteruel.es\/en\/wp-json\/wp\/v2\/media?parent=2014"}],"wp:term":[{"taxonomy":"product_cat","embeddable":true,"href":"https:\/\/amantesdeteruel.es\/en\/wp-json\/wp\/v2\/product_cat?post=2014"},{"taxonomy":"product_tag","embeddable":true,"href":"https:\/\/amantesdeteruel.es\/en\/wp-json\/wp\/v2\/product_tag?post=2014"}],"curies":[{"name":"wp","href":"https:\/\/api.w.org\/{rel}","templated":true}]}}