{"id":2022,"date":"2014-12-10T14:19:25","date_gmt":"2014-12-10T14:19:25","guid":{"rendered":"https:\/\/amantesdeteruel.es\/product\/datacion-de-la-historia-de-los-amantes-de-teruel\/"},"modified":"2025-04-28T00:00:06","modified_gmt":"2025-04-28T00:00:06","slug":"datacion-de-la-historia-de-los-amantes-de-teruel","status":"publish","type":"product","link":"https:\/\/amantesdeteruel.es\/en\/producto\/datacion-de-la-historia-de-los-amantes-de-teruel\/","title":{"rendered":"DATACI\u00d3N DE LA HISTORIA DE LOS AMANTES DE TERUEL"},"content":{"rendered":"","protected":false},"excerpt":{"rendered":"<p>Libro escrito por Fernando L\u00f3pez Rajadel. En la presente publicaci\u00f3n el autor estudia la fuente primordial de donde han derivado las versiones literarias de la leyenda de los Amantes de Teruel. Analiza los datos socioecon\u00f3micos que aparecen en el relato para averiguar a qu\u00e9 \u00e9poca hist\u00f3rica corresponden, y as\u00ed poder datar el momento en el que se compuso la obra.<\/p>\n","protected":false},"featured_media":4668,"template":"","meta":{"_acf_changed":false,"_et_pb_use_builder":"","_et_pb_old_content":"","_et_gb_content_width":""},"product_cat":[172],"product_tag":[181],"class_list":["post-2022","product","type-product","status-publish","has-post-thumbnail","hentry","product_cat-publicaciones","product_tag-amantes-de-teruel"],"acf":[],"_links":{"self":[{"href":"https:\/\/amantesdeteruel.es\/en\/wp-json\/wp\/v2\/product\/2022","targetHints":{"allow":["GET"]}}],"collection":[{"href":"https:\/\/amantesdeteruel.es\/en\/wp-json\/wp\/v2\/product"}],"about":[{"href":"https:\/\/amantesdeteruel.es\/en\/wp-json\/wp\/v2\/types\/product"}],"wp:featuredmedia":[{"embeddable":true,"href":"https:\/\/amantesdeteruel.es\/en\/wp-json\/wp\/v2\/media\/4668"}],"wp:attachment":[{"href":"https:\/\/amantesdeteruel.es\/en\/wp-json\/wp\/v2\/media?parent=2022"}],"wp:term":[{"taxonomy":"product_cat","embeddable":true,"href":"https:\/\/amantesdeteruel.es\/en\/wp-json\/wp\/v2\/product_cat?post=2022"},{"taxonomy":"product_tag","embeddable":true,"href":"https:\/\/amantesdeteruel.es\/en\/wp-json\/wp\/v2\/product_tag?post=2022"}],"curies":[{"name":"wp","href":"https:\/\/api.w.org\/{rel}","templated":true}]}}