{"id":2048,"date":"2014-12-16T10:29:13","date_gmt":"2014-12-16T10:29:13","guid":{"rendered":"https:\/\/amantesdeteruel.es\/product\/comic-los-amantes-de-teruel\/"},"modified":"2026-01-08T16:34:46","modified_gmt":"2026-01-08T16:34:46","slug":"comic-los-amantes-de-teruel","status":"publish","type":"product","link":"https:\/\/amantesdeteruel.es\/en\/producto\/comic-los-amantes-de-teruel\/","title":{"rendered":"C\u00d3MIC LOS AMANTES DE TERUEL"},"content":{"rendered":"","protected":false},"excerpt":{"rendered":"<p>C\u00f3mic en el que se cuenta la historia de los Amantes de Teruel de forma sencilla y did\u00e1ctica. Disponible en ingl\u00e9s y franc\u00e9s.<\/p>\n","protected":false},"featured_media":7270,"template":"","meta":{"_acf_changed":false,"_et_pb_use_builder":"","_et_pb_old_content":"","_et_gb_content_width":""},"product_cat":[172],"product_tag":[181,190],"class_list":["post-2048","product","type-product","status-publish","has-post-thumbnail","hentry","product_cat-publicaciones","product_tag-amantes-de-teruel","product_tag-comic","pa_idioma-frances","pa_idioma-ingles"],"acf":[],"_links":{"self":[{"href":"https:\/\/amantesdeteruel.es\/en\/wp-json\/wp\/v2\/product\/2048","targetHints":{"allow":["GET"]}}],"collection":[{"href":"https:\/\/amantesdeteruel.es\/en\/wp-json\/wp\/v2\/product"}],"about":[{"href":"https:\/\/amantesdeteruel.es\/en\/wp-json\/wp\/v2\/types\/product"}],"wp:featuredmedia":[{"embeddable":true,"href":"https:\/\/amantesdeteruel.es\/en\/wp-json\/wp\/v2\/media\/7270"}],"wp:attachment":[{"href":"https:\/\/amantesdeteruel.es\/en\/wp-json\/wp\/v2\/media?parent=2048"}],"wp:term":[{"taxonomy":"product_cat","embeddable":true,"href":"https:\/\/amantesdeteruel.es\/en\/wp-json\/wp\/v2\/product_cat?post=2048"},{"taxonomy":"product_tag","embeddable":true,"href":"https:\/\/amantesdeteruel.es\/en\/wp-json\/wp\/v2\/product_tag?post=2048"}],"curies":[{"name":"wp","href":"https:\/\/api.w.org\/{rel}","templated":true}]}}