{"id":2156,"date":"2019-01-09T14:11:50","date_gmt":"2019-01-09T14:11:50","guid":{"rendered":"https:\/\/amantesdeteruel.es\/product\/marcapaginas-serie-mudejar\/"},"modified":"2024-11-26T12:35:01","modified_gmt":"2024-11-26T12:35:01","slug":"marcapaginas-serie-mudejar","status":"publish","type":"product","link":"https:\/\/amantesdeteruel.es\/en\/producto\/marcapaginas-serie-mudejar\/","title":{"rendered":"MARCAP\u00c1GINAS SERIE MUDEJAR"},"content":{"rendered":"","protected":false},"excerpt":{"rendered":"<p>Juego de tres marcap\u00e1ginas inspirados en la arquitectura mud\u00e9jar. Dise\u00f1ados por el artista Mariano Calv\u00e9.<\/p>\n","protected":false},"featured_media":7237,"template":"","meta":{"_acf_changed":false,"_et_pb_use_builder":"","_et_pb_old_content":"","_et_gb_content_width":""},"product_cat":[162,165],"product_tag":[],"class_list":["post-2156","product","type-product","status-publish","has-post-thumbnail","hentry","product_cat-coleccion-mudejar-classic","product_cat-papeleria"],"acf":[],"_links":{"self":[{"href":"https:\/\/amantesdeteruel.es\/en\/wp-json\/wp\/v2\/product\/2156","targetHints":{"allow":["GET"]}}],"collection":[{"href":"https:\/\/amantesdeteruel.es\/en\/wp-json\/wp\/v2\/product"}],"about":[{"href":"https:\/\/amantesdeteruel.es\/en\/wp-json\/wp\/v2\/types\/product"}],"wp:featuredmedia":[{"embeddable":true,"href":"https:\/\/amantesdeteruel.es\/en\/wp-json\/wp\/v2\/media\/7237"}],"wp:attachment":[{"href":"https:\/\/amantesdeteruel.es\/en\/wp-json\/wp\/v2\/media?parent=2156"}],"wp:term":[{"taxonomy":"product_cat","embeddable":true,"href":"https:\/\/amantesdeteruel.es\/en\/wp-json\/wp\/v2\/product_cat?post=2156"},{"taxonomy":"product_tag","embeddable":true,"href":"https:\/\/amantesdeteruel.es\/en\/wp-json\/wp\/v2\/product_tag?post=2156"}],"curies":[{"name":"wp","href":"https:\/\/api.w.org\/{rel}","templated":true}]}}