{"id":2193,"date":"2023-08-31T09:05:24","date_gmt":"2023-08-31T09:05:24","guid":{"rendered":"https:\/\/amantesdeteruel.es\/?post_type=product&#038;p=2193"},"modified":"2025-05-18T08:43:24","modified_gmt":"2025-05-18T08:43:24","slug":"el-arte-mudejar-en-teruel-y-su-provincia","status":"publish","type":"product","link":"https:\/\/amantesdeteruel.es\/en\/producto\/el-arte-mudejar-en-teruel-y-su-provincia\/","title":{"rendered":"EL ARTE MUD\u00c9JAR EN TERUEL Y SU PROVINCIA"},"content":{"rendered":"","protected":false},"excerpt":{"rendered":"<p>Visi\u00f3n actualizada de la arquitectura mud\u00e9jar aragonesa. Textos: Gonzalo Borr\u00e1s Gualis. Instituto de Estudios Turolenses, 2008.<\/p>\n","protected":false},"featured_media":8678,"template":"","meta":{"_acf_changed":false,"_et_pb_use_builder":"","_et_pb_old_content":"","_et_gb_content_width":""},"product_cat":[162,172],"product_tag":[],"class_list":["post-2193","product","type-product","status-publish","has-post-thumbnail","hentry","product_cat-coleccion-mudejar-classic","product_cat-publicaciones"],"acf":[],"_links":{"self":[{"href":"https:\/\/amantesdeteruel.es\/en\/wp-json\/wp\/v2\/product\/2193","targetHints":{"allow":["GET"]}}],"collection":[{"href":"https:\/\/amantesdeteruel.es\/en\/wp-json\/wp\/v2\/product"}],"about":[{"href":"https:\/\/amantesdeteruel.es\/en\/wp-json\/wp\/v2\/types\/product"}],"wp:featuredmedia":[{"embeddable":true,"href":"https:\/\/amantesdeteruel.es\/en\/wp-json\/wp\/v2\/media\/8678"}],"wp:attachment":[{"href":"https:\/\/amantesdeteruel.es\/en\/wp-json\/wp\/v2\/media?parent=2193"}],"wp:term":[{"taxonomy":"product_cat","embeddable":true,"href":"https:\/\/amantesdeteruel.es\/en\/wp-json\/wp\/v2\/product_cat?post=2193"},{"taxonomy":"product_tag","embeddable":true,"href":"https:\/\/amantesdeteruel.es\/en\/wp-json\/wp\/v2\/product_tag?post=2193"}],"curies":[{"name":"wp","href":"https:\/\/api.w.org\/{rel}","templated":true}]}}