{"id":8129,"date":"2023-02-01T13:02:36","date_gmt":"2023-02-01T13:02:36","guid":{"rendered":"https:\/\/amantesdeteruel.es\/?post_type=product&#038;p=8129"},"modified":"2026-03-15T10:03:49","modified_gmt":"2026-03-15T10:03:49","slug":"taza-beso-en-la-noche","status":"publish","type":"product","link":"https:\/\/amantesdeteruel.es\/en\/producto\/taza-beso-en-la-noche\/","title":{"rendered":"TAZA BESO EN LA NOCHE"},"content":{"rendered":"","protected":false},"excerpt":{"rendered":"<p>Taza de cer\u00e1mica dise\u00f1ado y producido en exclusiva para la Fundaci\u00f3n Amantes de Teruel.<br \/>\nReproduce a los Amantes unidos por un beso o separados por una estrecha e irregular l\u00ednea. Trasmite el concepto del Amor.<\/p>\n","protected":false},"featured_media":8130,"template":"","meta":{"_acf_changed":false,"_et_pb_use_builder":"","_et_pb_old_content":"","_et_gb_content_width":""},"product_cat":[171,200,164,251,169],"product_tag":[181,229],"class_list":["post-8129","product","type-product","status-publish","has-post-thumbnail","hentry","product_cat-ceramica","product_cat-coleccion-beso-en-la-noche","product_cat-destacados","product_cat-san-valentin","product_cat-souvenirs","product_tag-amantes-de-teruel","product_tag-taza"],"acf":[],"_links":{"self":[{"href":"https:\/\/amantesdeteruel.es\/en\/wp-json\/wp\/v2\/product\/8129","targetHints":{"allow":["GET"]}}],"collection":[{"href":"https:\/\/amantesdeteruel.es\/en\/wp-json\/wp\/v2\/product"}],"about":[{"href":"https:\/\/amantesdeteruel.es\/en\/wp-json\/wp\/v2\/types\/product"}],"wp:featuredmedia":[{"embeddable":true,"href":"https:\/\/amantesdeteruel.es\/en\/wp-json\/wp\/v2\/media\/8130"}],"wp:attachment":[{"href":"https:\/\/amantesdeteruel.es\/en\/wp-json\/wp\/v2\/media?parent=8129"}],"wp:term":[{"taxonomy":"product_cat","embeddable":true,"href":"https:\/\/amantesdeteruel.es\/en\/wp-json\/wp\/v2\/product_cat?post=8129"},{"taxonomy":"product_tag","embeddable":true,"href":"https:\/\/amantesdeteruel.es\/en\/wp-json\/wp\/v2\/product_tag?post=8129"}],"curies":[{"name":"wp","href":"https:\/\/api.w.org\/{rel}","templated":true}]}}