{"id":8144,"date":"2023-02-01T13:32:23","date_gmt":"2023-02-01T13:32:23","guid":{"rendered":"https:\/\/amantesdeteruel.es\/?post_type=product&#038;p=8144"},"modified":"2025-11-23T12:03:14","modified_gmt":"2025-11-23T12:03:14","slug":"8144","status":"publish","type":"product","link":"https:\/\/amantesdeteruel.es\/en\/producto\/8144\/","title":{"rendered":"NECESER BESO EN LA NOCHE"},"content":{"rendered":"","protected":false},"excerpt":{"rendered":"<p>Neceser de algod\u00f3n org\u00e1nico dise\u00f1ado y producido en exclusiva para la Fundaci\u00f3n Amantes de Teruel.<br \/>\nReproduce a los Amantes unidos por un beso o separados por una estrecha e irregular l\u00ednea. Trasmite el concepto del Amor.<\/p>\n","protected":false},"featured_media":8145,"template":"","meta":{"_acf_changed":false,"_et_pb_use_builder":"","_et_pb_old_content":"","_et_gb_content_width":""},"product_cat":[200,164,251,169,167],"product_tag":[181,231],"class_list":["post-8144","product","type-product","status-publish","has-post-thumbnail","hentry","product_cat-coleccion-beso-en-la-noche","product_cat-destacados","product_cat-san-valentin","product_cat-souvenirs","product_cat-textil","product_tag-amantes-de-teruel","product_tag-neceser"],"acf":[],"_links":{"self":[{"href":"https:\/\/amantesdeteruel.es\/en\/wp-json\/wp\/v2\/product\/8144","targetHints":{"allow":["GET"]}}],"collection":[{"href":"https:\/\/amantesdeteruel.es\/en\/wp-json\/wp\/v2\/product"}],"about":[{"href":"https:\/\/amantesdeteruel.es\/en\/wp-json\/wp\/v2\/types\/product"}],"wp:featuredmedia":[{"embeddable":true,"href":"https:\/\/amantesdeteruel.es\/en\/wp-json\/wp\/v2\/media\/8145"}],"wp:attachment":[{"href":"https:\/\/amantesdeteruel.es\/en\/wp-json\/wp\/v2\/media?parent=8144"}],"wp:term":[{"taxonomy":"product_cat","embeddable":true,"href":"https:\/\/amantesdeteruel.es\/en\/wp-json\/wp\/v2\/product_cat?post=8144"},{"taxonomy":"product_tag","embeddable":true,"href":"https:\/\/amantesdeteruel.es\/en\/wp-json\/wp\/v2\/product_tag?post=8144"}],"curies":[{"name":"wp","href":"https:\/\/api.w.org\/{rel}","templated":true}]}}