{"id":8190,"date":"2023-02-02T10:10:53","date_gmt":"2023-02-02T10:10:53","guid":{"rendered":"https:\/\/amantesdeteruel.es\/?post_type=product&#038;p=8190"},"modified":"2026-03-15T10:02:41","modified_gmt":"2026-03-15T10:02:41","slug":"bolsa-beso-en-la-noche","status":"publish","type":"product","link":"https:\/\/amantesdeteruel.es\/en\/producto\/bolsa-beso-en-la-noche\/","title":{"rendered":"BOLSA BESO EN LA NOCHE"},"content":{"rendered":"","protected":false},"excerpt":{"rendered":"<p>Bolsa de algod\u00f3n org\u00e1nico dise\u00f1ada y producida en exclusiva para la Fundaci\u00f3n Amantes de Teruel.<br \/>\nReproduce a los Amantes unidos por un beso o separados por una estrecha e irregular l\u00ednea. Trasmite el concepto del Amor.<\/p>\n","protected":false},"featured_media":8191,"template":"","meta":{"_acf_changed":false,"_et_pb_use_builder":"","_et_pb_old_content":"","_et_gb_content_width":""},"product_cat":[200,251,169,167],"product_tag":[237],"class_list":["post-8190","product","type-product","status-publish","has-post-thumbnail","hentry","product_cat-coleccion-beso-en-la-noche","product_cat-san-valentin","product_cat-souvenirs","product_cat-textil","product_tag-bolsa-amantes-de-teruel"],"acf":[],"_links":{"self":[{"href":"https:\/\/amantesdeteruel.es\/en\/wp-json\/wp\/v2\/product\/8190","targetHints":{"allow":["GET"]}}],"collection":[{"href":"https:\/\/amantesdeteruel.es\/en\/wp-json\/wp\/v2\/product"}],"about":[{"href":"https:\/\/amantesdeteruel.es\/en\/wp-json\/wp\/v2\/types\/product"}],"wp:featuredmedia":[{"embeddable":true,"href":"https:\/\/amantesdeteruel.es\/en\/wp-json\/wp\/v2\/media\/8191"}],"wp:attachment":[{"href":"https:\/\/amantesdeteruel.es\/en\/wp-json\/wp\/v2\/media?parent=8190"}],"wp:term":[{"taxonomy":"product_cat","embeddable":true,"href":"https:\/\/amantesdeteruel.es\/en\/wp-json\/wp\/v2\/product_cat?post=8190"},{"taxonomy":"product_tag","embeddable":true,"href":"https:\/\/amantesdeteruel.es\/en\/wp-json\/wp\/v2\/product_tag?post=8190"}],"curies":[{"name":"wp","href":"https:\/\/api.w.org\/{rel}","templated":true}]}}