{"id":8850,"date":"2023-12-18T15:53:29","date_gmt":"2023-12-18T15:53:29","guid":{"rendered":"https:\/\/amantesdeteruel.es\/?post_type=product&#038;p=8850"},"modified":"2026-04-11T17:23:14","modified_gmt":"2026-04-11T17:23:14","slug":"camiseta-manga-larga","status":"publish","type":"product","link":"https:\/\/amantesdeteruel.es\/en\/producto\/camiseta-manga-larga\/","title":{"rendered":"CAMISETA LARGA INFANTIL"},"content":{"rendered":"","protected":false},"excerpt":{"rendered":"<p>Camisetas de manga larga en diferentes tallas y dos modelos diferentes, fabricado en algod\u00f3n 100% org\u00e1nico, siguiendo los m\u00e1s altos est\u00e1ndares de sostenibilidad, calidad y producci\u00f3n local.<\/p>\n","protected":false},"featured_media":8860,"template":"","meta":{"_acf_changed":false,"_et_pb_use_builder":"","_et_pb_old_content":"","_et_gb_content_width":""},"product_cat":[206,169,167],"product_tag":[],"class_list":["post-8850","product","type-product","status-publish","has-post-thumbnail","hentry","product_cat-coleccion-infantil-amantes-de-teruel","product_cat-souvenirs","product_cat-textil"],"acf":[],"_links":{"self":[{"href":"https:\/\/amantesdeteruel.es\/en\/wp-json\/wp\/v2\/product\/8850","targetHints":{"allow":["GET"]}}],"collection":[{"href":"https:\/\/amantesdeteruel.es\/en\/wp-json\/wp\/v2\/product"}],"about":[{"href":"https:\/\/amantesdeteruel.es\/en\/wp-json\/wp\/v2\/types\/product"}],"wp:featuredmedia":[{"embeddable":true,"href":"https:\/\/amantesdeteruel.es\/en\/wp-json\/wp\/v2\/media\/8860"}],"wp:attachment":[{"href":"https:\/\/amantesdeteruel.es\/en\/wp-json\/wp\/v2\/media?parent=8850"}],"wp:term":[{"taxonomy":"product_cat","embeddable":true,"href":"https:\/\/amantesdeteruel.es\/en\/wp-json\/wp\/v2\/product_cat?post=8850"},{"taxonomy":"product_tag","embeddable":true,"href":"https:\/\/amantesdeteruel.es\/en\/wp-json\/wp\/v2\/product_tag?post=8850"}],"curies":[{"name":"wp","href":"https:\/\/api.w.org\/{rel}","templated":true}]}}