{"id":8877,"date":"2024-01-03T15:51:19","date_gmt":"2024-01-03T15:51:19","guid":{"rendered":"https:\/\/amantesdeteruel.es\/?post_type=product&#038;p=8877"},"modified":"2026-02-02T09:49:30","modified_gmt":"2026-02-02T09:49:30","slug":"cojin-amantes-de-teruel","status":"publish","type":"product","link":"https:\/\/amantesdeteruel.es\/en\/producto\/cojin-amantes-de-teruel\/","title":{"rendered":"Coj\u00edn Amantes de Teruel"},"content":{"rendered":"\n\t\t<style type=\"text\/css\">\n\t\t\t#gallery-1 {\n\t\t\t\tmargin: auto;\n\t\t\t}\n\t\t\t#gallery-1 .gallery-item {\n\t\t\t\tfloat: left;\n\t\t\t\tmargin-top: 10px;\n\t\t\t\ttext-align: center;\n\t\t\t\twidth: 33%;\n\t\t\t}\n\t\t\t#gallery-1 img {\n\t\t\t\tborder: 2px solid #cfcfcf;\n\t\t\t}\n\t\t\t#gallery-1 .gallery-caption {\n\t\t\t\tmargin-left: 0;\n\t\t\t}\n\t\t\t\/* see gallery_shortcode() in wp-includes\/media.php *\/\n\t\t<\/style>\n\t\t<div id='gallery-1' class='gallery galleryid-8877 gallery-columns-3 gallery-size-thumbnail'><dl class='gallery-item'>\n\t\t\t<dt class='gallery-icon landscape'>\n\t\t\t\t<a href='https:\/\/amantesdeteruel.es\/en\/?attachment_id=8882'><img loading=\"lazy\" decoding=\"async\" width=\"150\" height=\"150\" src=\"https:\/\/amantesdeteruel.es\/wp-content\/uploads\/2024\/01\/AMANTES-COJIN-CARA1-72-150x150.png\" class=\"attachment-thumbnail size-thumbnail\" alt=\"\" \/><\/a>\n\t\t\t<\/dt><\/dl><dl class='gallery-item'>\n\t\t\t<dt class='gallery-icon landscape'>\n\t\t\t\t<a href='https:\/\/amantesdeteruel.es\/en\/?attachment_id=8879'><img loading=\"lazy\" decoding=\"async\" width=\"150\" height=\"150\" src=\"https:\/\/amantesdeteruel.es\/wp-content\/uploads\/2024\/01\/AMANTES-COJIN-CARA2-72-150x150.png\" class=\"attachment-thumbnail size-thumbnail\" alt=\"\" \/><\/a>\n\t\t\t<\/dt><\/dl><dl class='gallery-item'>\n\t\t\t<dt class='gallery-icon landscape'>\n\t\t\t\t<a href='https:\/\/amantesdeteruel.es\/en\/?attachment_id=8885'><img loading=\"lazy\" decoding=\"async\" width=\"150\" height=\"150\" src=\"https:\/\/amantesdeteruel.es\/wp-content\/uploads\/2024\/01\/AMANTES-COJIN-DET-72-150x150.png\" class=\"attachment-thumbnail size-thumbnail\" alt=\"\" \/><\/a>\n\t\t\t<\/dt><\/dl><br style=\"clear: both\" \/>\n\t\t<\/div>\n\n","protected":false},"excerpt":{"rendered":"<p>Este producto ha sido realizado con tejido corto de calidad premium 100 % poli\u00e9ster con relleno de fibra hueca siliconada. Transpirable, hipoalerg\u00e9nico y con un tratamiento anti\u00e1caros. Puede lavarse en la lavadora. El trabajo de costura ha sido realizado por personas con enfermedad mental de ASAPME Teruel, en su centro Especial de Empleo Trapecio, ubicado en nuestra ciudad.<\/p>\n<p>Tama\u00f1o 30x50cm<\/p>\n","protected":false},"featured_media":8881,"template":"","meta":{"_acf_changed":false,"_et_pb_use_builder":"","_et_pb_old_content":"","_et_gb_content_width":""},"product_cat":[206,169,167],"product_tag":[],"class_list":["post-8877","product","type-product","status-publish","has-post-thumbnail","hentry","product_cat-coleccion-infantil-amantes-de-teruel","product_cat-souvenirs","product_cat-textil"],"acf":[],"_links":{"self":[{"href":"https:\/\/amantesdeteruel.es\/en\/wp-json\/wp\/v2\/product\/8877","targetHints":{"allow":["GET"]}}],"collection":[{"href":"https:\/\/amantesdeteruel.es\/en\/wp-json\/wp\/v2\/product"}],"about":[{"href":"https:\/\/amantesdeteruel.es\/en\/wp-json\/wp\/v2\/types\/product"}],"wp:featuredmedia":[{"embeddable":true,"href":"https:\/\/amantesdeteruel.es\/en\/wp-json\/wp\/v2\/media\/8881"}],"wp:attachment":[{"href":"https:\/\/amantesdeteruel.es\/en\/wp-json\/wp\/v2\/media?parent=8877"}],"wp:term":[{"taxonomy":"product_cat","embeddable":true,"href":"https:\/\/amantesdeteruel.es\/en\/wp-json\/wp\/v2\/product_cat?post=8877"},{"taxonomy":"product_tag","embeddable":true,"href":"https:\/\/amantesdeteruel.es\/en\/wp-json\/wp\/v2\/product_tag?post=8877"}],"curies":[{"name":"wp","href":"https:\/\/api.w.org\/{rel}","templated":true}]}}