{"id":10161,"date":"2022-11-25T08:24:20","date_gmt":"2022-11-25T08:24:20","guid":{"rendered":"https:\/\/amantesdeteruel.es\/atelier-dart-mudejar-enjambre-mudejar\/"},"modified":"2024-05-08T06:52:17","modified_gmt":"2024-05-08T06:52:17","slug":"atelier-dart-mudejar-enjambre-mudejar","status":"publish","type":"page","link":"https:\/\/amantesdeteruel.es\/fr\/atelier-dart-mudejar-enjambre-mudejar\/","title":{"rendered":"Atelier d&rsquo;Art Mud\u00e9jar : Enjambre Mud\u00e9jar"},"content":{"rendered":"<p>[et_pb_section fb_built=\u00a0\u00bb1&Prime; _builder_version=\u00a0\u00bb4.17.4&Prime; _module_preset=\u00a0\u00bbdefault\u00a0\u00bb locked=\u00a0\u00bboff\u00a0\u00bb global_colors_info=\u00a0\u00bb{}\u00a0\u00bb][et_pb_row use_custom_gutter=\u00a0\u00bbon\u00a0\u00bb gutter_width=\u00a0\u00bb4&Prime; _builder_version=\u00a0\u00bb4.17.4&Prime; _module_preset=\u00a0\u00bbdefault\u00a0\u00bb max_width=\u00a0\u00bb2560px\u00a0\u00bb global_colors_info=\u00a0\u00bb{}\u00a0\u00bb][et_pb_column type=\u00a0\u00bb4_4&Prime; _builder_version=\u00a0\u00bb4.17.4&Prime; _module_preset=\u00a0\u00bbdefault\u00a0\u00bb global_colors_info=\u00a0\u00bb{}\u00a0\u00bb][et_pb_button button_url=\u00a0\u00bb@ET-DC@eyJkeW5hbWljIjp0cnVlLCJjb250ZW50IjoicG9zdF9saW5rX3VybF9wYWdlIiwic2V0dGluZ3MiOnsicG9zdF9pZCI6IjIzMiIsImVuYWJsZV9odG1sIjoib2ZmIn19@\u00a0\u00bb button_text=\u00a0\u00bbVolver a educaci\u00f3n\u00a0\u00bb _builder_version=\u00a0\u00bb4.17.4&Prime; _dynamic_attributes=\u00a0\u00bbbutton_url\u00a0\u00bb _module_preset=\u00a0\u00bbdefault\u00a0\u00bb custom_button=\u00a0\u00bbon\u00a0\u00bb button_text_size=\u00a0\u00bb15px\u00a0\u00bb button_text_color=\u00a0\u00bb#adadad\u00a0\u00bb button_bg_color=\u00a0\u00bbRGBA(255,255,255,0)\u00a0\u00bb button_border_width=\u00a0\u00bb0px\u00a0\u00bb button_border_color=\u00a0\u00bbRGBA(255,255,255,0)\u00a0\u00bb button_border_radius=\u00a0\u00bb0px\u00a0\u00bb button_font=\u00a0\u00bbNunito||||||||\u00a0\u00bb button_icon=\u00a0\u00bb&#x34;||divi||400&Prime; button_icon_placement=\u00a0\u00bbleft\u00a0\u00bb custom_margin=\u00a0\u00bb||30px||false|false\u00a0\u00bb hover_enabled=\u00a0\u00bb0&Prime; locked=\u00a0\u00bboff\u00a0\u00bb global_colors_info=\u00a0\u00bb{}\u00a0\u00bb sticky_enabled=\u00a0\u00bb0&Prime;][\/et_pb_button][et_pb_text _builder_version=\u00a0\u00bb4.17.4&Prime; _module_preset=\u00a0\u00bbdefault\u00a0\u00bb text_font=\u00a0\u00bbMontserrat|700|||||||\u00a0\u00bb text_text_color=\u00a0\u00bb#333333&Prime; text_font_size=\u00a0\u00bb48px\u00a0\u00bb text_line_height=\u00a0\u00bb1em\u00a0\u00bb custom_margin=\u00a0\u00bb||27px|||\u00a0\u00bb hover_enabled=\u00a0\u00bb0&Prime; global_colors_info=\u00a0\u00bb{}\u00a0\u00bb sticky_enabled=\u00a0\u00bb0&Prime;]Atelier d&rsquo;Art Mud\u00e9jar : Enjambre Mud\u00e9jar[\/et_pb_text][et_pb_text _builder_version=\u00a0\u00bb4.17.4&Prime; _module_preset=\u00a0\u00bbdefault\u00a0\u00bb text_font=\u00a0\u00bbNunito||||||||\u00a0\u00bb hover_enabled=\u00a0\u00bb0&Prime; global_colors_info=\u00a0\u00bb{}\u00a0\u00bb sticky_enabled=\u00a0\u00bb0&Prime;]<\/p>\n<p><img loading=\"lazy\" decoding=\"async\" style=\"width: 380px; float: right;\" src=\"https:\/\/amantesdeteruel.es\/wp-content\/uploads\/2022\/10\/accordion1-300x222.jpg\" width=\"300\" height=\"222\" alt=\"\" class=\"wp-image-248 alignnone size-medium\"><\/p>\n<p>L&rsquo;art mud\u00e9jar est la manifestation artistique la plus caract\u00e9ristique de notre ville, tant par sa profusion que par sa valeur artistique.<\/p>\n<p>Son \u00e9tude peut \u00eatre abord\u00e9e sous de nombreux angles, artistique, historique, mais avec cet atelier, nous allons aborder l&rsquo;art mud\u00e9jar \u00e0 travers les math\u00e9matiques, et plus pr\u00e9cis\u00e9ment la g\u00e9om\u00e9trie plane, sans n\u00e9gliger l&rsquo;histoire et l&rsquo;esth\u00e9tique.<\/p>\n<p>L&rsquo;objectif n&rsquo;est pas de faire une \u00e9tude th\u00e9orique de la g\u00e9om\u00e9trie, mais d&rsquo;apprendre \u00e0 localiser certaines structures g\u00e9om\u00e9triques dans la d\u00e9coration mud\u00e9jar, principe essentiel de cette manifestation artistique, et une fois localis\u00e9es, de pouvoir les manipuler et les interpr\u00e9ter. De cette mani\u00e8re, nous parviendrons \u00e0 relier l&rsquo;art \u00e0 d&rsquo;autres disciplines et \u00e0 appr\u00e9cier expressivement et esth\u00e9tiquement la g\u00e9om\u00e9trie.<\/p>\n<p>Les ateliers s&rsquo;adressent aux \u00e9l\u00e8ves de 3 \u00e0 18 ans, en diff\u00e9renciant les contenus par \u00e9tapes \u00e9ducatives. Leur \u00e9laboration a pris en compte les contenus du programme scolaire, de mani\u00e8re \u00e0 les compl\u00e9ter avec les activit\u00e9s men\u00e9es dans l&rsquo;\u00e9tablissement scolaire.<\/p>\n<p>&nbsp;<\/p>\n<h3><strong>Niveau enfant<\/strong><\/h3>\n<p>\u00c0 travers un climat ludique, participatif et didactique, nous initierons les \u00e9l\u00e8ves \u00e0 la connaissance de l&rsquo;Art Mud\u00e9jar, en tenant compte que la base de sa d\u00e9coration est math\u00e9matique et plus pr\u00e9cis\u00e9ment g\u00e9om\u00e9trique.<\/p>\n<p>Tout d&rsquo;abord, nous travaillerons sur les formes g\u00e9om\u00e9triques planes de base qui apparaissent dans notre quotidien. Guid\u00e9s, les enfants identifieront les formes g\u00e9om\u00e9triques planes qu&rsquo;ils connaissent dans une s\u00e9rie d&rsquo;objets de tous les jours que nous appellerons \u00ab\u00a0tr\u00e9sors\u00a0\u00bb.<\/p>\n<p>Ensuite, apr\u00e8s l&rsquo;analyse de la d\u00e9coration de la Tour Mud\u00e9jar de San Pedro et l&rsquo;identification des formes g\u00e9om\u00e9triques planes qu&rsquo;elle renferme, nous construirons une tour mud\u00e9jar particuli\u00e8re en utilisant ces formes. Chaque enfant construira \u00e9galement sa propre tour avec du mat\u00e9riel scolaire.<\/p>\n<p>&nbsp;<\/p>\n<h3><strong>Niveau primaire<\/strong><\/h3>\n<p><strong><\/strong><\/p>\n<p>En tenant compte que la base de la d\u00e9coration mud\u00e9jar est la g\u00e9om\u00e9trie et en utilisant le jeu comme principal moteur d&rsquo;apprentissage, les \u00e9l\u00e8ves exploreront et interpr\u00e9teront l&rsquo;Art Mud\u00e9jar \u00e0 travers cette branche des math\u00e9matiques.<\/p>\n<p>En manipulant diff\u00e9rentes formes g\u00e9om\u00e9triques, chaque enfant construira une \u00e9toile mud\u00e9jar, qui sera utilis\u00e9e pour comprendre l&rsquo;un des \u00e9l\u00e9ments d\u00e9coratifs utilis\u00e9s par les mud\u00e9jares : les frises.<\/p>\n<p>Pour conclure l&rsquo;activit\u00e9, chaque enfant mettra en pratique les connaissances acquises et \u00e9laborera quatre frises trouv\u00e9es dans notre Ensemble mud\u00e9jar de San Pedro.<\/p>\n<p>&nbsp;<\/p>\n<h3><strong>Niveau secondaire<\/strong><\/h3>\n<p><strong><\/strong><\/p>\n<p>En utilisant le travail de groupe comme m\u00e9thode efficace d&rsquo;apprentissage, nous aborderons la d\u00e9coration mud\u00e9jar \u00e0 partir d&rsquo;un de ses principes fondamentaux, les math\u00e9matiques et plus pr\u00e9cis\u00e9ment la g\u00e9om\u00e9trie.<\/p>\n<p>\u00c0 travers diff\u00e9rentes transformations isom\u00e9triques, les \u00e9l\u00e8ves \u00e9laboreront des frises pr\u00e9sentes dans l&rsquo;Art Mud\u00e9jar. Ensuite, ils identifieront ces travaux sur les tours mud\u00e9jares de Teruel. Cette strat\u00e9gie permettra de comprendre l&rsquo;interaction entre l&rsquo;Art et les Math\u00e9matiques dans cette manifestation artistique.<\/p>\n<p>[\/et_pb_text][\/et_pb_column][\/et_pb_row][\/et_pb_section]<\/p>\n","protected":false},"excerpt":{"rendered":"<p>Atelier d&rsquo;Art Mud\u00e9jar : Enjambre Mud\u00e9jar L&rsquo;art mud\u00e9jar est la manifestation artistique la plus caract\u00e9ristique de notre ville, tant par sa profusion que par sa valeur artistique. Son \u00e9tude peut \u00eatre abord\u00e9e sous de nombreux angles, artistique, historique, mais avec cet atelier, nous allons aborder l&rsquo;art mud\u00e9jar \u00e0 travers les math\u00e9matiques, et plus pr\u00e9cis\u00e9ment la [&hellip;]<\/p>\n","protected":false},"author":1,"featured_media":0,"parent":0,"menu_order":0,"comment_status":"closed","ping_status":"closed","template":"","meta":{"_acf_changed":false,"_et_pb_use_builder":"on","_et_pb_old_content":"","_et_gb_content_width":"","footnotes":""},"class_list":["post-10161","page","type-page","status-publish","hentry"],"acf":[],"_links":{"self":[{"href":"https:\/\/amantesdeteruel.es\/fr\/wp-json\/wp\/v2\/pages\/10161","targetHints":{"allow":["GET"]}}],"collection":[{"href":"https:\/\/amantesdeteruel.es\/fr\/wp-json\/wp\/v2\/pages"}],"about":[{"href":"https:\/\/amantesdeteruel.es\/fr\/wp-json\/wp\/v2\/types\/page"}],"author":[{"embeddable":true,"href":"https:\/\/amantesdeteruel.es\/fr\/wp-json\/wp\/v2\/users\/1"}],"replies":[{"embeddable":true,"href":"https:\/\/amantesdeteruel.es\/fr\/wp-json\/wp\/v2\/comments?post=10161"}],"version-history":[{"count":2,"href":"https:\/\/amantesdeteruel.es\/fr\/wp-json\/wp\/v2\/pages\/10161\/revisions"}],"predecessor-version":[{"id":10163,"href":"https:\/\/amantesdeteruel.es\/fr\/wp-json\/wp\/v2\/pages\/10161\/revisions\/10163"}],"wp:attachment":[{"href":"https:\/\/amantesdeteruel.es\/fr\/wp-json\/wp\/v2\/media?parent=10161"}],"curies":[{"name":"wp","href":"https:\/\/api.w.org\/{rel}","templated":true}]}}