{"id":10168,"date":"2022-11-25T08:28:24","date_gmt":"2022-11-25T08:28:24","guid":{"rendered":"https:\/\/amantesdeteruel.es\/taller-de-theorie-des-couleurs-colorearte\/"},"modified":"2024-05-08T07:04:38","modified_gmt":"2024-05-08T07:04:38","slug":"taller-de-theorie-des-couleurs-colorearte","status":"publish","type":"page","link":"https:\/\/amantesdeteruel.es\/fr\/taller-de-theorie-des-couleurs-colorearte\/","title":{"rendered":"Taller de th\u00e9orie des couleurs : Colorearte"},"content":{"rendered":"<p>[et_pb_section fb_built=\u00a0\u00bb1&Prime; _builder_version=\u00a0\u00bb4.17.4&Prime; _module_preset=\u00a0\u00bbdefault\u00a0\u00bb locked=\u00a0\u00bboff\u00a0\u00bb global_colors_info=\u00a0\u00bb{}\u00a0\u00bb][et_pb_row use_custom_gutter=\u00a0\u00bbon\u00a0\u00bb gutter_width=\u00a0\u00bb4&Prime; _builder_version=\u00a0\u00bb4.17.4&Prime; _module_preset=\u00a0\u00bbdefault\u00a0\u00bb max_width=\u00a0\u00bb2560px\u00a0\u00bb global_colors_info=\u00a0\u00bb{}\u00a0\u00bb][et_pb_column type=\u00a0\u00bb4_4&Prime; _builder_version=\u00a0\u00bb4.17.4&Prime; _module_preset=\u00a0\u00bbdefault\u00a0\u00bb global_colors_info=\u00a0\u00bb{}\u00a0\u00bb][et_pb_button button_url=\u00a0\u00bb@ET-DC@eyJkeW5hbWljIjp0cnVlLCJjb250ZW50IjoicG9zdF9saW5rX3VybF9wYWdlIiwic2V0dGluZ3MiOnsicG9zdF9pZCI6IjIzMiIsImVuYWJsZV9odG1sIjoib2ZmIn19@\u00a0\u00bb button_text=\u00a0\u00bbVolver a educaci\u00f3n\u00a0\u00bb _builder_version=\u00a0\u00bb4.17.4&Prime; _dynamic_attributes=\u00a0\u00bbbutton_url\u00a0\u00bb _module_preset=\u00a0\u00bbdefault\u00a0\u00bb custom_button=\u00a0\u00bbon\u00a0\u00bb button_text_size=\u00a0\u00bb15px\u00a0\u00bb button_text_color=\u00a0\u00bb#adadad\u00a0\u00bb button_bg_color=\u00a0\u00bbRGBA(255,255,255,0)\u00a0\u00bb button_border_width=\u00a0\u00bb0px\u00a0\u00bb button_border_color=\u00a0\u00bbRGBA(255,255,255,0)\u00a0\u00bb button_border_radius=\u00a0\u00bb0px\u00a0\u00bb button_font=\u00a0\u00bbNunito||||||||\u00a0\u00bb button_icon=\u00a0\u00bb&#x34;||divi||400&Prime; button_icon_placement=\u00a0\u00bbleft\u00a0\u00bb custom_margin=\u00a0\u00bb||30px||false|false\u00a0\u00bb hover_enabled=\u00a0\u00bb0&Prime; locked=\u00a0\u00bboff\u00a0\u00bb global_colors_info=\u00a0\u00bb{}\u00a0\u00bb sticky_enabled=\u00a0\u00bb0&Prime;][\/et_pb_button][et_pb_text _builder_version=\u00a0\u00bb4.17.4&Prime; _module_preset=\u00a0\u00bbdefault\u00a0\u00bb text_font=\u00a0\u00bbMontserrat|700|||||||\u00a0\u00bb text_text_color=\u00a0\u00bb#333333&Prime; text_font_size=\u00a0\u00bb48px\u00a0\u00bb text_line_height=\u00a0\u00bb1em\u00a0\u00bb custom_margin=\u00a0\u00bb||27px|||\u00a0\u00bb global_colors_info=\u00a0\u00bb{}\u00a0\u00bb]<\/p>\n<p>Taller de th\u00e9orie des couleurs : Colorearte<\/p>\n<p>[\/et_pb_text][et_pb_text _builder_version=\u00a0\u00bb4.17.4&Prime; _module_preset=\u00a0\u00bbdefault\u00a0\u00bb text_font=\u00a0\u00bbNunito||||||||\u00a0\u00bb global_colors_info=\u00a0\u00bb{}\u00a0\u00bb]<img loading=\"lazy\" decoding=\"async\" style=\"float: right;\" src=\"https:\/\/amantesdeteruel.es\/wp-content\/uploads\/2022\/10\/accordion2.jpg\" width=\"380\" height=\"509\" alt=\"\" class=\"wp-image-258 alignnone size-full\"><\/p>\n<p>Dans cet atelier, nous souhaitons que les \u00e9l\u00e8ves s&rsquo;immergent de mani\u00e8re ludique et exp\u00e9rimentale dans le monde de la couleur et de la lumi\u00e8re. D&rsquo;une part, d&rsquo;un point de vue scientifique, en analysant les th\u00e9ories les plus importantes tant des artistes que des scientifiques, et d&rsquo;autre part, d&rsquo;un point de vue empirique, en r\u00e9alisant des exp\u00e9riences bas\u00e9es sur ces th\u00e9ories et en observant comment les artistes les ont mises en pratique, toujours adapt\u00e9es aux niveaux \u00e9ducatifs correspondants. De cette mani\u00e8re, nous parviendrons \u00e0 unir diff\u00e9rentes disciplines dans une seule activit\u00e9, la chimie, la physique et l&rsquo;art.<\/p>\n<p>&nbsp;<\/p>\n<h3><b>Niveau Infantil<\/b><\/h3>\n<p>\u00c0 travers un monde empli de magie et de fantaisie, et en tenant compte des trois principes d&rsquo;apprentissage (cr\u00e9atif, actif et participatif), nous initierons les \u00e9l\u00e8ves \u00e0 la th\u00e9orie des couleurs.<\/p>\n<p>Tout d&rsquo;abord, nous pr\u00e9senterons aux plus petits les couleurs primaires et secondaires \u00e0 l&rsquo;aide de marionnettes.<\/p>\n<p>Ensuite, en utilisant des fiches comme m\u00e9thode de travail, les enfants r\u00e9aliseront les m\u00e9langes appropri\u00e9s avec les couleurs primaires pour obtenir les couleurs secondaires et diff\u00e9rencieront les couleurs chaudes des couleurs froides dans des objets de la vie quotidienne.<\/p>\n<p>Pour finir, chaque enfant construira un objet simple pour mieux comprendre le monde des couleurs.<\/p>\n<p>&nbsp;<\/p>\n<h3><strong>Niveau primaire<\/strong><\/h3>\n<p>En cr\u00e9ant un environnement de confiance o\u00f9 la d\u00e9couverte est l&rsquo;un des principaux axes du d\u00e9veloppement de l&rsquo;\u00e9l\u00e8ve pour devenir le protagoniste de son propre apprentissage, nous parviendrons \u00e0 comprendre l&rsquo;importance de la couleur dans le langage visuel et artistique.<\/p>\n<p>Tout d&rsquo;abord, nous choisirons comme centre d&rsquo;activit\u00e9 des physiciens et des artistes reconnus, \u00e0 travers lesquels et gr\u00e2ce \u00e0 de petites exp\u00e9riences, nous d\u00e9couvrirons la th\u00e9orie des couleurs et le ph\u00e9nom\u00e8ne de la lumi\u00e8re.<\/p>\n<p>Pour conclure l&rsquo;activit\u00e9, chaque \u00e9l\u00e8ve construira un objet simple qui \u00e9veille la fascination et stimule la cr\u00e9ativit\u00e9. Il existe deux niveaux pour cet atelier (Primaire I et Primaire II), la diff\u00e9rence \u00e9tant l&rsquo;objet construit.<\/p>\n<p>&nbsp;<\/p>\n<h3><strong>Niveau secondaire<\/strong><\/h3>\n<p>En cr\u00e9ant un environnement de confiance o\u00f9 la d\u00e9couverte est l&rsquo;un des principaux axes du d\u00e9veloppement de l&rsquo;\u00e9l\u00e8ve pour devenir le protagoniste de son propre apprentissage, nous parviendrons \u00e0 comprendre l&rsquo;importance de la couleur dans le langage visuel et artistique.<\/p>\n<p>Tout d&rsquo;abord, nous choisirons comme centre d&rsquo;activit\u00e9 des physiciens et des artistes reconnus, \u00e0 travers lesquels et gr\u00e2ce \u00e0 de petites exp\u00e9riences, nous d\u00e9couvrirons la th\u00e9orie des couleurs et le ph\u00e9nom\u00e8ne de la lumi\u00e8re.<\/p>\n<p>our conclure l&rsquo;activit\u00e9, nous \u00e9tudierons les effets de la lumi\u00e8re et ses d\u00e9rivations chromatiques \u00e0 travers certaines techniques utilis\u00e9es par certaines courants picturaux.[\/et_pb_text][\/et_pb_column][\/et_pb_row][\/et_pb_section]<\/p>\n","protected":false},"excerpt":{"rendered":"<p>Taller de th\u00e9orie des couleurs : Colorearte Dans cet atelier, nous souhaitons que les \u00e9l\u00e8ves s&rsquo;immergent de mani\u00e8re ludique et exp\u00e9rimentale dans le monde de la couleur et de la lumi\u00e8re. D&rsquo;une part, d&rsquo;un point de vue scientifique, en analysant les th\u00e9ories les plus importantes tant des artistes que des scientifiques, et d&rsquo;autre part, d&rsquo;un [&hellip;]<\/p>\n","protected":false},"author":1,"featured_media":0,"parent":0,"menu_order":0,"comment_status":"closed","ping_status":"closed","template":"","meta":{"_acf_changed":false,"_et_pb_use_builder":"on","_et_pb_old_content":"","_et_gb_content_width":"","footnotes":""},"class_list":["post-10168","page","type-page","status-publish","hentry"],"acf":[],"_links":{"self":[{"href":"https:\/\/amantesdeteruel.es\/fr\/wp-json\/wp\/v2\/pages\/10168","targetHints":{"allow":["GET"]}}],"collection":[{"href":"https:\/\/amantesdeteruel.es\/fr\/wp-json\/wp\/v2\/pages"}],"about":[{"href":"https:\/\/amantesdeteruel.es\/fr\/wp-json\/wp\/v2\/types\/page"}],"author":[{"embeddable":true,"href":"https:\/\/amantesdeteruel.es\/fr\/wp-json\/wp\/v2\/users\/1"}],"replies":[{"embeddable":true,"href":"https:\/\/amantesdeteruel.es\/fr\/wp-json\/wp\/v2\/comments?post=10168"}],"version-history":[{"count":2,"href":"https:\/\/amantesdeteruel.es\/fr\/wp-json\/wp\/v2\/pages\/10168\/revisions"}],"predecessor-version":[{"id":10170,"href":"https:\/\/amantesdeteruel.es\/fr\/wp-json\/wp\/v2\/pages\/10168\/revisions\/10170"}],"wp:attachment":[{"href":"https:\/\/amantesdeteruel.es\/fr\/wp-json\/wp\/v2\/media?parent=10168"}],"curies":[{"name":"wp","href":"https:\/\/api.w.org\/{rel}","templated":true}]}}