{"id":10175,"date":"2022-11-25T08:37:10","date_gmt":"2022-11-25T08:37:10","guid":{"rendered":"https:\/\/amantesdeteruel.es\/atelier-le-nouvel-amour-par-jorge-gay\/"},"modified":"2024-05-08T08:42:50","modified_gmt":"2024-05-08T08:42:50","slug":"atelier-le-nouvel-amour-par-jorge-gay","status":"publish","type":"page","link":"https:\/\/amantesdeteruel.es\/fr\/atelier-le-nouvel-amour-par-jorge-gay\/","title":{"rendered":"Atelier : \u00ab\u00a0Le nouvel amour\u00a0\u00bb par Jorge Gay"},"content":{"rendered":"<p>[et_pb_section fb_built=\u00a0\u00bb1&Prime; _builder_version=\u00a0\u00bb4.17.4&Prime; _module_preset=\u00a0\u00bbdefault\u00a0\u00bb locked=\u00a0\u00bboff\u00a0\u00bb global_colors_info=\u00a0\u00bb{}\u00a0\u00bb][et_pb_row use_custom_gutter=\u00a0\u00bbon\u00a0\u00bb gutter_width=\u00a0\u00bb4&Prime; _builder_version=\u00a0\u00bb4.17.4&Prime; _module_preset=\u00a0\u00bbdefault\u00a0\u00bb max_width=\u00a0\u00bb2560px\u00a0\u00bb global_colors_info=\u00a0\u00bb{}\u00a0\u00bb][et_pb_column type=\u00a0\u00bb4_4&Prime; _builder_version=\u00a0\u00bb4.17.4&Prime; _module_preset=\u00a0\u00bbdefault\u00a0\u00bb global_colors_info=\u00a0\u00bb{}\u00a0\u00bb][et_pb_button button_url=\u00a0\u00bb@ET-DC@eyJkeW5hbWljIjp0cnVlLCJjb250ZW50IjoicG9zdF9saW5rX3VybF9wYWdlIiwic2V0dGluZ3MiOnsicG9zdF9pZCI6IjIzMiIsImVuYWJsZV9odG1sIjoib2ZmIn19@\u00a0\u00bb button_text=\u00a0\u00bbVolver a educaci\u00f3n\u00a0\u00bb _builder_version=\u00a0\u00bb4.17.4&Prime; _dynamic_attributes=\u00a0\u00bbbutton_url\u00a0\u00bb _module_preset=\u00a0\u00bbdefault\u00a0\u00bb custom_button=\u00a0\u00bbon\u00a0\u00bb button_text_size=\u00a0\u00bb15px\u00a0\u00bb button_text_color=\u00a0\u00bb#adadad\u00a0\u00bb button_bg_color=\u00a0\u00bbRGBA(255,255,255,0)\u00a0\u00bb button_border_width=\u00a0\u00bb0px\u00a0\u00bb button_border_color=\u00a0\u00bbRGBA(255,255,255,0)\u00a0\u00bb button_border_radius=\u00a0\u00bb0px\u00a0\u00bb button_font=\u00a0\u00bbNunito||||||||\u00a0\u00bb button_icon=\u00a0\u00bb&#x34;||divi||400&Prime; button_icon_placement=\u00a0\u00bbleft\u00a0\u00bb custom_margin=\u00a0\u00bb||30px||false|false\u00a0\u00bb locked=\u00a0\u00bboff\u00a0\u00bb global_colors_info=\u00a0\u00bb{}\u00a0\u00bb][\/et_pb_button][et_pb_text _builder_version=\u00a0\u00bb4.17.4&Prime; _module_preset=\u00a0\u00bbdefault\u00a0\u00bb text_font=\u00a0\u00bbMontserrat|700|||||||\u00a0\u00bb text_text_color=\u00a0\u00bb#333333&Prime; text_font_size=\u00a0\u00bb48px\u00a0\u00bb text_line_height=\u00a0\u00bb1em\u00a0\u00bb custom_margin=\u00a0\u00bb||27px|||\u00a0\u00bb global_colors_info=\u00a0\u00bb{}\u00a0\u00bb]Atelier : \u00ab\u00a0Le nouvel amour\u00a0\u00bb par Jorge Gay[\/et_pb_text][et_pb_text _builder_version=\u00a0\u00bb4.19.2&Prime; _module_preset=\u00a0\u00bbdefault\u00a0\u00bb text_font=\u00a0\u00bbNunito||||||||\u00a0\u00bb hover_enabled=\u00a0\u00bb0&Prime; global_colors_info=\u00a0\u00bb{}\u00a0\u00bb sticky_enabled=\u00a0\u00bb0&Prime;]Cet atelier est d\u00e9di\u00e9 au peintre aragonais Jorge Gay et \u00e0 son \u0153uvre \u00ab\u00a0Le nouvel amour\u00a0\u00bb. L&rsquo;auteur a sp\u00e9cialement r\u00e9alis\u00e9 ce tableau pour <img loading=\"lazy\" decoding=\"async\" src=\"https:\/\/amantesdeteruel.es\/wp-content\/uploads\/2022\/12\/taller-jorge-gay-1-300x200.jpg\" style=\"float:right\" width=\"300\" height=\"200\" alt=\"\" class=\"wp-image-5969 alignnone size-medium\"> l&rsquo;ouverture du nouveau b\u00e2timent de la Fondation Amantes en 2005.<\/p>\n<p>&lsquo;activit\u00e9 est con\u00e7ue pour que les \u00e9l\u00e8ves commencent \u00e0 reconna\u00eetre les concepts artistiques de base et apprennent \u00e0 \u00eatre critiques face \u00e0 une \u0153uvre d&rsquo;art. L&rsquo;un des objectifs principaux est de conna\u00eetre notre patrimoine le plus r\u00e9cent et d&rsquo;apprendre \u00e0 le valoriser et le respecter.<\/p>\n<p>&nbsp;<\/p>\n<h3><b>Niveau primaire:<\/b><\/h3>\n<p>\u00c0 ce niveau, les \u00e9l\u00e8ves apprendront \u00e0 conna\u00eetre Jorge Gay et son \u0153uvre. Posteriormente nos centramos en su mural El Amor Nuevo, que preside la sala principal del Mausoleo de los Amantes de Teruel.<\/p>\n<p>Tras su estudio los escolares reinterpretar\u00e1n dicho cuadro reconvirti\u00e9ndolo en una obra de arte diferente.<\/p>\n<p>&nbsp;<\/p>\n<h3><strong>Premier cycle de secondaire (1\u00e8re et 2\u00e8me ESO) :<\/strong><\/h3>\n<p>\u00c0 ce niveau, les \u00e9l\u00e8ves apprendront \u00e0 conna\u00eetre Jorge Gay et son \u0153uvre. Ensuite, nous nous concentrerons sur sa fresque \u00ab\u00a0Le nouvel amour\u00a0\u00bb, qui tr\u00f4ne dans la salle principale du Mausol\u00e9e des Amantes de Teruel.<\/p>\n<p>Apr\u00e8s son \u00e9tude, les \u00e9l\u00e8ves r\u00e9interpr\u00e9teront cette peinture en la transformant en une \u0153uvre d&rsquo;art diff\u00e9rente.<\/p>\n<p>Pour conclure l&rsquo;atelier, l&rsquo;auteur lui-m\u00eame fera une revue de son propre travail de mani\u00e8re virtuelle, en mettant l&rsquo;accent sur les d\u00e9tails les plus importants.[\/et_pb_text][\/et_pb_column][\/et_pb_row][\/et_pb_section]<\/p>\n","protected":false},"excerpt":{"rendered":"<p>Atelier : \u00ab\u00a0Le nouvel amour\u00a0\u00bb par Jorge GayCet atelier est d\u00e9di\u00e9 au peintre aragonais Jorge Gay et \u00e0 son \u0153uvre \u00ab\u00a0Le nouvel amour\u00a0\u00bb. L&rsquo;auteur a sp\u00e9cialement r\u00e9alis\u00e9 ce tableau pour l&rsquo;ouverture du nouveau b\u00e2timent de la Fondation Amantes en 2005. &lsquo;activit\u00e9 est con\u00e7ue pour que les \u00e9l\u00e8ves commencent \u00e0 reconna\u00eetre les concepts artistiques de base [&hellip;]<\/p>\n","protected":false},"author":1,"featured_media":0,"parent":0,"menu_order":0,"comment_status":"closed","ping_status":"closed","template":"","meta":{"_acf_changed":false,"_et_pb_use_builder":"on","_et_pb_old_content":"","_et_gb_content_width":"","footnotes":""},"class_list":["post-10175","page","type-page","status-publish","hentry"],"acf":[],"_links":{"self":[{"href":"https:\/\/amantesdeteruel.es\/fr\/wp-json\/wp\/v2\/pages\/10175","targetHints":{"allow":["GET"]}}],"collection":[{"href":"https:\/\/amantesdeteruel.es\/fr\/wp-json\/wp\/v2\/pages"}],"about":[{"href":"https:\/\/amantesdeteruel.es\/fr\/wp-json\/wp\/v2\/types\/page"}],"author":[{"embeddable":true,"href":"https:\/\/amantesdeteruel.es\/fr\/wp-json\/wp\/v2\/users\/1"}],"replies":[{"embeddable":true,"href":"https:\/\/amantesdeteruel.es\/fr\/wp-json\/wp\/v2\/comments?post=10175"}],"version-history":[{"count":2,"href":"https:\/\/amantesdeteruel.es\/fr\/wp-json\/wp\/v2\/pages\/10175\/revisions"}],"predecessor-version":[{"id":10177,"href":"https:\/\/amantesdeteruel.es\/fr\/wp-json\/wp\/v2\/pages\/10175\/revisions\/10177"}],"wp:attachment":[{"href":"https:\/\/amantesdeteruel.es\/fr\/wp-json\/wp\/v2\/media?parent=10175"}],"curies":[{"name":"wp","href":"https:\/\/api.w.org\/{rel}","templated":true}]}}