{"id":10182,"date":"2022-11-28T07:10:23","date_gmt":"2022-11-28T07:10:23","guid":{"rendered":"https:\/\/amantesdeteruel.es\/visites-pour-les-etablissements-scolaires-et-les-ampas\/"},"modified":"2024-05-08T08:56:45","modified_gmt":"2024-05-08T08:56:45","slug":"visites-pour-les-etablissements-scolaires-et-les-ampas","status":"publish","type":"page","link":"https:\/\/amantesdeteruel.es\/fr\/visites-pour-les-etablissements-scolaires-et-les-ampas\/","title":{"rendered":"Visites pour les \u00e9tablissements scolaires et les AMPAS"},"content":{"rendered":"<p>[et_pb_section fb_built=\u00a0\u00bb1&Prime; _builder_version=\u00a0\u00bb4.17.4&Prime; _module_preset=\u00a0\u00bbdefault\u00a0\u00bb locked=\u00a0\u00bboff\u00a0\u00bb global_colors_info=\u00a0\u00bb{}\u00a0\u00bb][et_pb_row use_custom_gutter=\u00a0\u00bbon\u00a0\u00bb gutter_width=\u00a0\u00bb4&Prime; _builder_version=\u00a0\u00bb4.17.4&Prime; _module_preset=\u00a0\u00bbdefault\u00a0\u00bb max_width=\u00a0\u00bb2560px\u00a0\u00bb global_colors_info=\u00a0\u00bb{}\u00a0\u00bb][et_pb_column type=\u00a0\u00bb4_4&Prime; _builder_version=\u00a0\u00bb4.17.4&Prime; _module_preset=\u00a0\u00bbdefault\u00a0\u00bb global_colors_info=\u00a0\u00bb{}\u00a0\u00bb][et_pb_button button_url=\u00a0\u00bb@ET-DC@eyJkeW5hbWljIjp0cnVlLCJjb250ZW50IjoicG9zdF9saW5rX3VybF9wYWdlIiwic2V0dGluZ3MiOnsicG9zdF9pZCI6IjIzMiIsImVuYWJsZV9odG1sIjoib2ZmIn19@\u00a0\u00bb button_text=\u00a0\u00bbVolver a educaci\u00f3n\u00a0\u00bb _builder_version=\u00a0\u00bb4.17.4&Prime; _dynamic_attributes=\u00a0\u00bbbutton_url\u00a0\u00bb _module_preset=\u00a0\u00bbdefault\u00a0\u00bb custom_button=\u00a0\u00bbon\u00a0\u00bb button_text_size=\u00a0\u00bb15px\u00a0\u00bb button_text_color=\u00a0\u00bb#adadad\u00a0\u00bb button_bg_color=\u00a0\u00bbRGBA(255,255,255,0)\u00a0\u00bb button_border_width=\u00a0\u00bb0px\u00a0\u00bb button_border_color=\u00a0\u00bbRGBA(255,255,255,0)\u00a0\u00bb button_border_radius=\u00a0\u00bb0px\u00a0\u00bb button_font=\u00a0\u00bbNunito||||||||\u00a0\u00bb button_icon=\u00a0\u00bb&#x34;||divi||400&Prime; button_icon_placement=\u00a0\u00bbleft\u00a0\u00bb custom_margin=\u00a0\u00bb||30px||false|false\u00a0\u00bb locked=\u00a0\u00bboff\u00a0\u00bb global_colors_info=\u00a0\u00bb{}\u00a0\u00bb][\/et_pb_button][et_pb_text _builder_version=\u00a0\u00bb4.17.4&Prime; _module_preset=\u00a0\u00bbdefault\u00a0\u00bb text_font=\u00a0\u00bbMontserrat|700|||||||\u00a0\u00bb text_text_color=\u00a0\u00bb#333333&Prime; text_font_size=\u00a0\u00bb48px\u00a0\u00bb text_line_height=\u00a0\u00bb1em\u00a0\u00bb custom_margin=\u00a0\u00bb||27px|||\u00a0\u00bb global_colors_info=\u00a0\u00bb{}\u00a0\u00bb]<\/p>\n<p>Visites pour les \u00e9tablissements scolaires et les AMPAS<\/p>\n<p>[\/et_pb_text][et_pb_text _builder_version=\u00a0\u00bb4.19.2&Prime; _module_preset=\u00a0\u00bbdefault\u00a0\u00bb text_font=\u00a0\u00bbNunito||||||||\u00a0\u00bb hover_enabled=\u00a0\u00bb0&Prime; global_colors_info=\u00a0\u00bb{}\u00a0\u00bb sticky_enabled=\u00a0\u00bb0&Prime;]<img loading=\"lazy\" decoding=\"async\" style=\"float: right;\" src=\"https:\/\/amantesdeteruel.es\/wp-content\/uploads\/2022\/12\/visita-centro-educativos-y-ampas-300x169.jpg\" width=\"300\" height=\"169\" alt=\"\" class=\"wp-image-6261 alignnone size-medium\"><\/p>\n<p>Le service \u00e9ducatif de la Fondation Amantes de Teruel a mis au point un itin\u00e9raire \u00e0 travers l&rsquo;ensemble Amantes, comprenant le Mausol\u00e9e des Amantes, l&rsquo;\u00e9glise de San Pedro, le clo\u00eetre, le jardin, la tour et l&rsquo;androne Ces visites sont adapt\u00e9es aux niveaux d&rsquo;enseignement de la maternelle, de l&rsquo;\u00e9cole primaire, du coll\u00e8ge et du lyc\u00e9e.<\/p>\n<p>Le guide accompagne le groupe d&rsquo;\u00e9l\u00e8ves en observant et en analysant les espaces, en favorisant le dialogue et la compr\u00e9hension des \u0153uvres par ceux-ci. L&rsquo;interaction entre les deux parties est \u00e9lev\u00e9e afin que les \u00e9l\u00e8ves comprennent mieux les contenus et qu&rsquo;un apprentissage rapide et plaisant ait lieu.<\/p>\n<p>Les visites auront lieu toute l&rsquo;ann\u00e9e, sur r\u00e9servation pr\u00e9alable.<\/p>\n<p>Le nombre recommand\u00e9 d&rsquo;enfants par session sera de 20 \u00e0 25 \u00e9l\u00e8ves.<\/p>\n<p>&nbsp;<\/p>\n<p>&nbsp;[\/et_pb_text][\/et_pb_column][\/et_pb_row][\/et_pb_section]<\/p>\n","protected":false},"excerpt":{"rendered":"<p>Visites pour les \u00e9tablissements scolaires et les AMPAS Le service \u00e9ducatif de la Fondation Amantes de Teruel a mis au point un itin\u00e9raire \u00e0 travers l&rsquo;ensemble Amantes, comprenant le Mausol\u00e9e des Amantes, l&rsquo;\u00e9glise de San Pedro, le clo\u00eetre, le jardin, la tour et l&rsquo;androne Ces visites sont adapt\u00e9es aux niveaux d&rsquo;enseignement de la maternelle, de [&hellip;]<\/p>\n","protected":false},"author":1,"featured_media":0,"parent":0,"menu_order":0,"comment_status":"closed","ping_status":"closed","template":"","meta":{"_acf_changed":false,"_et_pb_use_builder":"on","_et_pb_old_content":"","_et_gb_content_width":"","footnotes":""},"class_list":["post-10182","page","type-page","status-publish","hentry"],"acf":[],"_links":{"self":[{"href":"https:\/\/amantesdeteruel.es\/fr\/wp-json\/wp\/v2\/pages\/10182","targetHints":{"allow":["GET"]}}],"collection":[{"href":"https:\/\/amantesdeteruel.es\/fr\/wp-json\/wp\/v2\/pages"}],"about":[{"href":"https:\/\/amantesdeteruel.es\/fr\/wp-json\/wp\/v2\/types\/page"}],"author":[{"embeddable":true,"href":"https:\/\/amantesdeteruel.es\/fr\/wp-json\/wp\/v2\/users\/1"}],"replies":[{"embeddable":true,"href":"https:\/\/amantesdeteruel.es\/fr\/wp-json\/wp\/v2\/comments?post=10182"}],"version-history":[{"count":2,"href":"https:\/\/amantesdeteruel.es\/fr\/wp-json\/wp\/v2\/pages\/10182\/revisions"}],"predecessor-version":[{"id":10184,"href":"https:\/\/amantesdeteruel.es\/fr\/wp-json\/wp\/v2\/pages\/10182\/revisions\/10184"}],"wp:attachment":[{"href":"https:\/\/amantesdeteruel.es\/fr\/wp-json\/wp\/v2\/media?parent=10182"}],"curies":[{"name":"wp","href":"https:\/\/api.w.org\/{rel}","templated":true}]}}