{"id":10324,"date":"2022-10-25T08:00:48","date_gmt":"2022-10-25T08:00:48","guid":{"rendered":"https:\/\/amantesdeteruel.es\/evenements-dentreprise\/"},"modified":"2024-05-09T08:07:57","modified_gmt":"2024-05-09T08:07:57","slug":"evenements-dentreprise","status":"publish","type":"page","link":"https:\/\/amantesdeteruel.es\/fr\/evenements-dentreprise\/","title":{"rendered":"\u00c9v\u00e9nements d&rsquo;entreprise"},"content":{"rendered":"<p>[et_pb_section fb_built=\u00a0\u00bb1&Prime; _builder_version=\u00a0\u00bb4.17.4&Prime; _module_preset=\u00a0\u00bbdefault\u00a0\u00bb custom_margin=\u00a0\u00bb0px|0px|0px|0px|false|false\u00a0\u00bb custom_padding=\u00a0\u00bb0px|0px|0px|0px|false|false\u00a0\u00bb global_colors_info=\u00a0\u00bb{}\u00a0\u00bb][et_pb_row _builder_version=\u00a0\u00bb4.17.4&Prime; _module_preset=\u00a0\u00bbdefault\u00a0\u00bb width=\u00a0\u00bb100%\u00a0\u00bb max_width=\u00a0\u00bb2560px\u00a0\u00bb custom_margin=\u00a0\u00bb0px|0px|0px|0px|false|false\u00a0\u00bb custom_padding=\u00a0\u00bb0px|0px|0px|0px|false|false\u00a0\u00bb global_colors_info=\u00a0\u00bb{}\u00a0\u00bb][et_pb_column type=\u00a0\u00bb4_4&Prime; _builder_version=\u00a0\u00bb4.17.4&Prime; _module_preset=\u00a0\u00bbdefault\u00a0\u00bb global_colors_info=\u00a0\u00bb{}\u00a0\u00bb][et_pb_image src=\u00a0\u00bbhttps:\/\/amantesdeteruel.es\/wp-content\/uploads\/2022\/11\/banner-eventos.jpg\u00a0\u00bb title_text=\u00a0\u00bbbanner-eventos\u00a0\u00bb _builder_version=\u00a0\u00bb4.17.4&Prime; _module_preset=\u00a0\u00bbdefault\u00a0\u00bb height_tablet=\u00a0\u00bb\u00a0\u00bb height_phone=\u00a0\u00bb150px\u00a0\u00bb height_last_edited=\u00a0\u00bbon|phone\u00a0\u00bb custom_margin=\u00a0\u00bb0px|0px|0px|0px|false|false\u00a0\u00bb custom_padding=\u00a0\u00bb0px|0px|0px|0px|false|false\u00a0\u00bb global_colors_info=\u00a0\u00bb{}\u00a0\u00bb][\/et_pb_image][\/et_pb_column][\/et_pb_row][et_pb_row column_structure=\u00a0\u00bb1_2,1_2&Prime; custom_padding_last_edited=\u00a0\u00bbon|tablet\u00a0\u00bb _builder_version=\u00a0\u00bb4.17.4&Prime; _module_preset=\u00a0\u00bbdefault\u00a0\u00bb width=\u00a0\u00bb100%\u00a0\u00bb max_width=\u00a0\u00bb2560px\u00a0\u00bb custom_margin=\u00a0\u00bb||||false|false\u00a0\u00bb custom_padding=\u00a0\u00bb75px|7%|1%|7%|false|false\u00a0\u00bb custom_padding_tablet=\u00a0\u00bb50px||||false|false\u00a0\u00bb custom_padding_phone=\u00a0\u00bb50px||||false|false\u00a0\u00bb global_colors_info=\u00a0\u00bb{}\u00a0\u00bb][et_pb_column type=\u00a0\u00bb1_2&Prime; _builder_version=\u00a0\u00bb4.17.4&Prime; _module_preset=\u00a0\u00bbdefault\u00a0\u00bb global_colors_info=\u00a0\u00bb{}\u00a0\u00bb][et_pb_text _builder_version=\u00a0\u00bb4.19.2&Prime; _module_preset=\u00a0\u00bbdefault\u00a0\u00bb text_font=\u00a0\u00bbNunito||||||||\u00a0\u00bb text_text_color=\u00a0\u00bb#5a6268&Prime; text_line_height=\u00a0\u00bb1.5em\u00a0\u00bb header_text_align=\u00a0\u00bbleft\u00a0\u00bb header_text_color=\u00a0\u00bb#000000&Prime; custom_margin=\u00a0\u00bb||||false|false\u00a0\u00bb custom_padding=\u00a0\u00bb||||false|false\u00a0\u00bb hover_enabled=\u00a0\u00bb0&Prime; global_colors_info=\u00a0\u00bb{}\u00a0\u00bb sticky_enabled=\u00a0\u00bb0&Prime;]<\/p>\n<h3 class=\"fundacion\">\u00c9v\u00e9nements d&rsquo;entreprise<\/h3>\n<div style=\"padding: 10px 0px;\"><strong>La Fondation Amantes de Teruel<\/strong> propose la possibilit\u00e9 de louer des espaces exclusifs de la Fondation pour organiser des \u00e9v\u00e9nements, des pr\u00e9sentations et des activit\u00e9s d&rsquo;int\u00e9r\u00eat.<\/div>\n<div style=\"padding: 10px 0px;\">La Fondation offre deux grands espaces pour la tenue de <strong>pr\u00e9sentations et de cocktails :<\/strong> le Clo\u00eetre et le Jardin de San Pedro.<\/div>\n<div style=\"padding: 10px 0px;\">Il existe un autre espace pour la tenue de <strong>concerts <\/strong> : l&rsquo;\u00c9glise de San Pedro.<\/div>\n<div style=\"padding: 10px 0px;\">D&rsquo;autres zones sont disponibles pour de petites <strong>r\u00e9unions et des \u00e9v\u00e9nements d&rsquo;entreprise <\/strong> : la Salle d&rsquo;\u00c9ducation et la Salle de Projection du Mausol\u00e9e des Amantes.<\/div>\n<div style=\"padding: 10px 0px;\">Ces espaces sont principalement d\u00e9di\u00e9s aux activit\u00e9s de la Fondation Amantes et, par cons\u00e9quent, ne sont disponibles que pour des utilisations corporatives \u00e0 des horaires et dates restreints.<\/div>\n<div style=\"padding: 30px 0px;\"><strong>Informations et r\u00e9servations<\/strong><\/div>\n<p>Service des \u00c9v\u00e9nements Sp\u00e9ciaux<\/p>\n<p><strong>T\u00e9l\u00e9phone <\/strong> : 978 618 398<\/p>\n<p><strong>Fax:<\/strong> 978 618 399<\/p>\n<p><strong>Email<\/strong>: fundacion@amantesdeteruel.es[\/et_pb_text][\/et_pb_column][et_pb_column type=\u00a0\u00bb1_2&Prime; _builder_version=\u00a0\u00bb4.17.4&Prime; _module_preset=\u00a0\u00bbdefault\u00a0\u00bb global_colors_info=\u00a0\u00bb{}\u00a0\u00bb][et_pb_image src=\u00a0\u00bbhttps:\/\/amantesdeteruel.es\/wp-content\/uploads\/2022\/10\/eventos-principal.jpg\u00a0\u00bb title_text=\u00a0\u00bbMausol\u00e9e des Amantes &#8211; Salle principale\u00a0\u00bb _builder_version=\u00a0\u00bb4.17.4&Prime; _module_preset=\u00a0\u00bbdefault\u00a0\u00bb global_colors_info=\u00a0\u00bb{}\u00a0\u00bb][\/et_pb_image][\/et_pb_column][\/et_pb_row][et_pb_row _builder_version=\u00a0\u00bb4.17.4&Prime; _module_preset=\u00a0\u00bbdefault\u00a0\u00bb width=\u00a0\u00bb100%\u00a0\u00bb max_width=\u00a0\u00bb2560px\u00a0\u00bb custom_margin=\u00a0\u00bb||||false|false\u00a0\u00bb custom_padding=\u00a0\u00bb4%|7%|4%|7%|false|false\u00a0\u00bb global_colors_info=\u00a0\u00bb{}\u00a0\u00bb][et_pb_column type=\u00a0\u00bb4_4&Prime; _builder_version=\u00a0\u00bb4.17.4&Prime; _module_preset=\u00a0\u00bbdefault\u00a0\u00bb global_colors_info=\u00a0\u00bb{}\u00a0\u00bb][et_pb_text _builder_version=\u00a0\u00bb4.19.2&Prime; _module_preset=\u00a0\u00bbdefault\u00a0\u00bb custom_margin=\u00a0\u00bb0px||0px||false|false\u00a0\u00bb custom_padding=\u00a0\u00bb0px||0px||false|false\u00a0\u00bb hover_enabled=\u00a0\u00bb0&Prime; global_colors_info=\u00a0\u00bb{}\u00a0\u00bb sticky_enabled=\u00a0\u00bb0&Prime;]<\/p>\n<h3 class=\"fundacion\">Espace couvert<\/h3>\n<p>[\/et_pb_text][et_pb_accordion open_toggle_background_color=\u00a0\u00bb#FFFFFF\u00a0\u00bb closed_toggle_background_color=\u00a0\u00bb#FFFFFF\u00a0\u00bb toggle_icon=\u00a0\u00bb&#x4c;||divi||400&Prime; icon_color=\u00a0\u00bb#FFFFFF\u00a0\u00bb use_icon_font_size=\u00a0\u00bbon\u00a0\u00bb icon_font_size=\u00a0\u00bb40px\u00a0\u00bb module_class=\u00a0\u00bbcustom-accordion\u00a0\u00bb _builder_version=\u00a0\u00bb4.19.2&Prime; _module_preset=\u00a0\u00bbdefault\u00a0\u00bb toggle_text_color=\u00a0\u00bb#FFFFFF\u00a0\u00bb toggle_font=\u00a0\u00bbMontserrat|700|||||||\u00a0\u00bb toggle_font_size=\u00a0\u00bb33px\u00a0\u00bb background_color=\u00a0\u00bb#FFFFFF\u00a0\u00bb custom_margin=\u00a0\u00bb||100px||false|false\u00a0\u00bb custom_padding=\u00a0\u00bb||||false|false\u00a0\u00bb hover_transition_duration=\u00a0\u00bb100ms\u00a0\u00bb custom_css_toggle_title=\u00a0\u00bbbackground: #555;||border: 1px solid #707070;||padding:11px 25px !important;\u00a0\u00bb custom_css_toggle_icon=\u00a0\u00bbright: 12px !important;\u00a0\u00bb border_width_all=\u00a0\u00bb0px\u00a0\u00bb global_colors_info=\u00a0\u00bb{}\u00a0\u00bb toggle_icon__hover_enabled=\u00a0\u00bboff|hover\u00a0\u00bb toggle_icon__hover=\u00a0\u00bbL||divi||400&Prime;][et_pb_accordion_item title=\u00a0\u00bbMausol\u00e9e des Amantes &#8211; Salle de classe\u00a0\u00bb open=\u00a0\u00bbon\u00a0\u00bb _builder_version=\u00a0\u00bb4.17.4&Prime; _module_preset=\u00a0\u00bbdefault\u00a0\u00bb body_font=\u00a0\u00bbNunito||||||||\u00a0\u00bb body_text_color=\u00a0\u00bb#5a6268&Prime; global_colors_info=\u00a0\u00bb{}\u00a0\u00bb toggle_font_size=\u00a0\u00bb33px\u00a0\u00bb closed_toggle_font_size=\u00a0\u00bb16px\u00a0\u00bb toggle_font_size_tablet=\u00a0\u00bb33px\u00a0\u00bb toggle_font_size_phone=\u00a0\u00bb16px\u00a0\u00bb toggle_font_size_last_edited=\u00a0\u00bbon|phone\u00a0\u00bb]<\/p>\n<p><img loading=\"lazy\" decoding=\"async\" style=\"float: right;\" src=\"https:\/\/amantesdeteruel.es\/wp-content\/uploads\/2022\/10\/accordion-1-1024x387.jpg\" width=\"826\" height=\"313\" alt=\"\" class=\"wp-image-274 alignnone size-large\"><\/p>\n<p>En raison de son emplacement, c&rsquo;est l&rsquo;endroit id\u00e9al pour servir un cocktail \u00e0 un groupe d&rsquo;invit\u00e9s plus restreint que dans le clo\u00eetre ou pendant les saisons d&rsquo;hiver.<\/p>\n<p>D\u00e9tails :<br \/>&#8211; Espace couvert<br \/>&#8211; Capacit\u00e9 maximale de 50 personnes<br \/>&#8211; Prises de son et de lumi\u00e8re dans tous les coins<br \/>&#8211; Disponibilit\u00e9 : tous les jours de l&rsquo;ann\u00e9e sauf en ao\u00fbt, lorsque le Mausol\u00e9e est ferm\u00e9 au public.<\/p>\n<p>[\/et_pb_accordion_item][et_pb_accordion_item title=\u00a0\u00bbMausol\u00e9e des Amantes &#8211; Salle de classe\u00a0\u00bb _builder_version=\u00a0\u00bb4.17.4&Prime; _module_preset=\u00a0\u00bbdefault\u00a0\u00bb body_font=\u00a0\u00bbNunito||||||||\u00a0\u00bb body_text_color=\u00a0\u00bb#5a6268&Prime; global_colors_info=\u00a0\u00bb{}\u00a0\u00bb toggle_font_size=\u00a0\u00bb33px\u00a0\u00bb closed_toggle_font_size=\u00a0\u00bb16px\u00a0\u00bb toggle_font_size_tablet=\u00a0\u00bb33px\u00a0\u00bb toggle_font_size_phone=\u00a0\u00bb16px\u00a0\u00bb toggle_font_size_last_edited=\u00a0\u00bbon|phone\u00a0\u00bb open=\u00a0\u00bboff\u00a0\u00bb]<img loading=\"lazy\" decoding=\"async\" style=\"float:right\" src=\"https:\/\/amantesdeteruel.es\/wp-content\/uploads\/2022\/10\/accordion-2-1024x387.jpg\" width=\"826\" height=\"313\" alt=\"\" class=\"wp-image-276 alignnone size-large\">Un espace pour organiser des r\u00e9unions et des conf\u00e9rences pour un maximum de 50 personnes<\/p>\n<p>D\u00e9tails :<\/p>\n<p>&#8211; Espace couvert.<\/p>\n<p>&#8211; Capacit\u00e9 maximale de 50 personnes.<\/p>\n<p>&#8211; Espace pour de petites r\u00e9unions et conf\u00e9rences.<\/p>\n<p>&#8211; Disponibilit\u00e9 : tous les jours de l&rsquo;ann\u00e9e[\/et_pb_accordion_item][et_pb_accordion_item title=\u00a0\u00bbMausol\u00e9e des Amantes &#8211; Salle de projection\u00a0\u00bb _builder_version=\u00a0\u00bb4.17.4&Prime; _module_preset=\u00a0\u00bbdefault\u00a0\u00bb body_font=\u00a0\u00bbNunito||||||||\u00a0\u00bb body_text_color=\u00a0\u00bb#5a6268&Prime; global_colors_info=\u00a0\u00bb{}\u00a0\u00bb toggle_font_size=\u00a0\u00bb33px\u00a0\u00bb closed_toggle_font_size=\u00a0\u00bb16px\u00a0\u00bb toggle_font_size_tablet=\u00a0\u00bb33px\u00a0\u00bb toggle_font_size_phone=\u00a0\u00bb16px\u00a0\u00bb toggle_font_size_last_edited=\u00a0\u00bbon|phone\u00a0\u00bb open=\u00a0\u00bboff\u00a0\u00bb]<img loading=\"lazy\" decoding=\"async\" style=\"float:right;\" src=\"https:\/\/amantesdeteruel.es\/wp-content\/uploads\/2022\/10\/accordion-3-1024x388.jpg\" width=\"826\" height=\"313\" alt=\"\" class=\"wp-image-278 alignnone size-large\">Un espace pour organiser des r\u00e9unions et des conf\u00e9rences pour un maximum de 50 personnes.<\/p>\n<p>D\u00e9tails :<\/p>\n<p>&#8211; \u00c9quip\u00e9 des syst\u00e8mes audiovisuels les plus avanc\u00e9s.<\/p>\n<p>&#8211; Capacit\u00e9 maximale de 50 personnes.<\/p>\n<p>&#8211; Service de projecteur, pr\u00e9sentations par ordinateur, vid\u00e9o, DVD et cin\u00e9ma.<\/p>\n<p>&#8211; Pour de petites pr\u00e9sentations et conf\u00e9rences.<\/p>\n<p>&#8211; Disponibilit\u00e9 : possible tous les jours lorsque le mausol\u00e9e est ferm\u00e9.[\/et_pb_accordion_item][et_pb_accordion_item title=\u00a0\u00bb\u00c9glise de San Pedro\u00a0\u00bb _builder_version=\u00a0\u00bb4.17.4&Prime; _module_preset=\u00a0\u00bbdefault\u00a0\u00bb body_font=\u00a0\u00bbNunito||||||||\u00a0\u00bb body_text_color=\u00a0\u00bb#5a6268&Prime; global_colors_info=\u00a0\u00bb{}\u00a0\u00bb toggle_font_size=\u00a0\u00bb33px\u00a0\u00bb closed_toggle_font_size=\u00a0\u00bb16px\u00a0\u00bb toggle_font_size_tablet=\u00a0\u00bb33px\u00a0\u00bb toggle_font_size_phone=\u00a0\u00bb16px\u00a0\u00bb toggle_font_size_last_edited=\u00a0\u00bbon|phone\u00a0\u00bb open=\u00a0\u00bboff\u00a0\u00bb]<img loading=\"lazy\" decoding=\"async\" style=\"float:right\" src=\"https:\/\/amantesdeteruel.es\/wp-content\/uploads\/2022\/10\/accordion-4-1024x386.jpg\" width=\"826\" height=\"313\" alt=\"\" class=\"wp-image-279 alignnone size-large\">L&rsquo;\u00e9glise de San Pedro est l&rsquo;un des espaces les plus embl\u00e9matiques de la Fondation Amantes de Teruel. C&rsquo;est un lieu extraordinaire pour la tenue d&rsquo;\u00e9v\u00e9nements institutionnels et de concerts.<\/p>\n<p>D\u00e9tails :<\/p>\n<p>&#8211; Superficie : \u00e9glise principale de 422 m2 incluant le choeur bas d&rsquo;une superficie de 50m2 (Les chapelles lat\u00e9rales ne sont pas incluses dans cette superficie). Les dimensions de la zone de l&rsquo;autel sont de 12,80 m x 3,84 m.<\/p>\n<p>&#8211; Capacit\u00e9 : 370 personnes.<\/p>\n<p>&#8211; Prises de lumi\u00e8re et de son d&rsquo;une capacit\u00e9 de 30KW.<\/p>\n<p>&#8211; Type d&rsquo;utilisation : anniversaires, remises de prix, pr\u00e9sentations institutionnelles et concerts.<\/p>\n<p>&#8211; Son utilisation est soumise \u00e0 l&rsquo;approbation de l&rsquo;\u00c9v\u00each\u00e9 de Teruel.[\/et_pb_accordion_item][et_pb_accordion_item title=\u00a0\u00bbClo\u00eetre de San Pedro\u00a0\u00bb _builder_version=\u00a0\u00bb4.17.4&Prime; _module_preset=\u00a0\u00bbdefault\u00a0\u00bb body_font=\u00a0\u00bbNunito||||||||\u00a0\u00bb body_text_color=\u00a0\u00bb#5a6268&Prime; global_colors_info=\u00a0\u00bb{}\u00a0\u00bb toggle_font_size=\u00a0\u00bb33px\u00a0\u00bb closed_toggle_font_size=\u00a0\u00bb16px\u00a0\u00bb toggle_font_size_tablet=\u00a0\u00bb33px\u00a0\u00bb toggle_font_size_phone=\u00a0\u00bb16px\u00a0\u00bb toggle_font_size_last_edited=\u00a0\u00bbon|phone\u00a0\u00bb open=\u00a0\u00bboff\u00a0\u00bb]<img loading=\"lazy\" decoding=\"async\" style=\"float:right\" src=\"https:\/\/amantesdeteruel.es\/wp-content\/uploads\/2022\/10\/accordion-5-1024x385.jpg\" width=\"826\" height=\"313\" alt=\"\" class=\"wp-image-280 alignnone size-large\">En raison de ses caract\u00e9ristiques, il est possible d&rsquo;organiser de petites r\u00e9unions, des pr\u00e9sentations, des conf\u00e9rences de presse et des concerts.<\/p>\n<p>D\u00e9tails :<\/p>\n<p>&#8211; Espace non couvert.<\/p>\n<p>&#8211; Capacit\u00e9 maximale de 200 personnes (150 assises), avec acc\u00e8s ind\u00e9pendant des espaces d&rsquo;exposition.<\/p>\n<p>&#8211; Prises de son et de lumi\u00e8re dans tous les coins.<\/p>\n<p>&#8211; Utilisation : tous les jours de l&rsquo;ann\u00e9e sauf en ao\u00fbt.[\/et_pb_accordion_item][et_pb_accordion_item title=\u00a0\u00bbJardin de San Pedro\u00a0\u00bb _builder_version=\u00a0\u00bb4.17.4&Prime; _module_preset=\u00a0\u00bbdefault\u00a0\u00bb body_font=\u00a0\u00bbNunito||||||||\u00a0\u00bb body_text_color=\u00a0\u00bb#5a6268&Prime; global_colors_info=\u00a0\u00bb{}\u00a0\u00bb toggle_font_size=\u00a0\u00bb33px\u00a0\u00bb closed_toggle_font_size=\u00a0\u00bb16px\u00a0\u00bb toggle_font_size_tablet=\u00a0\u00bb33px\u00a0\u00bb toggle_font_size_phone=\u00a0\u00bb16px\u00a0\u00bb toggle_font_size_last_edited=\u00a0\u00bbon|phone\u00a0\u00bb open=\u00a0\u00bboff\u00a0\u00bb]<\/p>\n<p><img loading=\"lazy\" decoding=\"async\" style=\"float: right;\" src=\"https:\/\/amantesdeteruel.es\/wp-content\/uploads\/2022\/10\/accordion-6-1024x385.jpg\" width=\"826\" height=\"313\" alt=\"\" class=\"wp-image-281 alignnone size-large\">En raison de son emplacement \u00e0 c\u00f4t\u00e9 du clo\u00eetre et de l&rsquo;\u00e9glise de San Pedro, c&rsquo;est l&rsquo;endroit id\u00e9al pour offrir une collation en compl\u00e9ment \u00e0 un \u00e9v\u00e9nement se d\u00e9roulant dans le clo\u00eetre ou l&rsquo;\u00e9glise, ou simplement pour servir un cocktail \u00e0 un groupe d&rsquo;invit\u00e9s.<\/p>\n<p>D\u00e9tails :<\/p>\n<p>&#8211; Espace non couvert.<\/p>\n<p>&#8211; Dimensions : 200 m2 et une capacit\u00e9 jusqu&rsquo;\u00e0 300 personnes debout (150-200 assises). Acc\u00e8s ind\u00e9pendant des espaces d&rsquo;exposition.<\/p>\n<p>&#8211; Type d&rsquo;utilisation : cocktails, concerts, services compl\u00e9mentaires \u00e0 ceux du clo\u00eetre.<\/p>\n<p>&#8211; Utilisation : tous les jours de l&rsquo;ann\u00e9e.<\/p>\n<p>[\/et_pb_accordion_item][et_pb_accordion_item title=\u00a0\u00bbTarifs &#8211; Location\u00a0\u00bb _builder_version=\u00a0\u00bb4.19.2&Prime; _module_preset=\u00a0\u00bbdefault\u00a0\u00bb body_font=\u00a0\u00bbNunito||||||||\u00a0\u00bb body_text_color=\u00a0\u00bb#5a6268&Prime; global_colors_info=\u00a0\u00bb{}\u00a0\u00bb toggle_font_size=\u00a0\u00bb33px\u00a0\u00bb closed_toggle_font_size=\u00a0\u00bb16px\u00a0\u00bb toggle_font_size_tablet=\u00a0\u00bb33px\u00a0\u00bb toggle_font_size_phone=\u00a0\u00bb16px\u00a0\u00bb toggle_font_size_last_edited=\u00a0\u00bbon|phone\u00a0\u00bb open=\u00a0\u00bboff\u00a0\u00bb]<\/p>\n<p><strong><a style=\"font-size: 18px;\" href=\"https:\/\/amantesdeteruel.es\/wp-content\/uploads\/2022\/12\/EVENTOS_ESPECIALES_ESPACIOS.pdf\" rel=\"attachment wp-att-5954\">T\u00e9l\u00e9chargez ici le document des tarifs de location<\/a><\/strong><\/p>\n<p>Location Fixe: 350\u20ac<\/p>\n<p>\u00c0 ce tarif s&rsquo;ajoutent les heures n\u00e9cessaires pendant les heures de visite, qui varient selon la saison.<\/p>\n<p>* Pendant les heures de visite<\/p>\n<p>Haute Saison (Tous les week-ends de l&rsquo;ann\u00e9e, les jours f\u00e9ri\u00e9s et les jours des mois de mai, juin, juillet et septembre) : 425\u20ac par heure.<\/p>\n<p>Moyenne Saison (mois de mars, avril, octobre et novembre sauf les week-ends et les jours f\u00e9ri\u00e9s): 325\u20ac par heure.<\/p>\n<p>Basse Saison (mois de janvier, f\u00e9vrier et d\u00e9cembre sauf les week-ends et les jours f\u00e9ri\u00e9s) : 175\u20ac par heure.<\/p>\n<p>* En dehors des heures de visite (\u00e0 partir de 20h)<\/p>\n<p>175\u20ac par heure.<\/p>\n<p>Ce prix inclut<\/p>\n<p>\u2022 La location proprement dite de l&rsquo;espace<\/p>\n<p>\u2022 \u00c9lectricit\u00e9, etc. (*)<\/p>\n<p>En ao\u00fbt, les ponts et d&rsquo;autres dates \u00e0 la discr\u00e9tion de la Fondation ne sont pas lou\u00e9s. En ao\u00fbt, les ponts et d&rsquo;autres dates \u00e0 la discr\u00e9tion de la Fondation ne sont pas lou\u00e9s.<\/p>\n<p>(*)CO\u00dbT PAR HEURE &#8211; Les heures de location seront calcul\u00e9es \u00e0 partir du moment o\u00f9 le montage commence jusqu&rsquo;\u00e0 sa r\u00e9cup\u00e9ration totale.<\/p>\n<p>[\/et_pb_accordion_item][\/et_pb_accordion][\/et_pb_column][\/et_pb_row][\/et_pb_section]<\/p>\n","protected":false},"excerpt":{"rendered":"<p>\u00c9v\u00e9nements d&rsquo;entreprise La Fondation Amantes de Teruel propose la possibilit\u00e9 de louer des espaces exclusifs de la Fondation pour organiser des \u00e9v\u00e9nements, des pr\u00e9sentations et des activit\u00e9s d&rsquo;int\u00e9r\u00eat. La Fondation offre deux grands espaces pour la tenue de pr\u00e9sentations et de cocktails : le Clo\u00eetre et le Jardin de San Pedro. Il existe un autre [&hellip;]<\/p>\n","protected":false},"author":1,"featured_media":0,"parent":0,"menu_order":0,"comment_status":"closed","ping_status":"closed","template":"","meta":{"_acf_changed":false,"_et_pb_use_builder":"on","_et_pb_old_content":"","_et_gb_content_width":"","footnotes":""},"class_list":["post-10324","page","type-page","status-publish","hentry"],"acf":[],"_links":{"self":[{"href":"https:\/\/amantesdeteruel.es\/fr\/wp-json\/wp\/v2\/pages\/10324","targetHints":{"allow":["GET"]}}],"collection":[{"href":"https:\/\/amantesdeteruel.es\/fr\/wp-json\/wp\/v2\/pages"}],"about":[{"href":"https:\/\/amantesdeteruel.es\/fr\/wp-json\/wp\/v2\/types\/page"}],"author":[{"embeddable":true,"href":"https:\/\/amantesdeteruel.es\/fr\/wp-json\/wp\/v2\/users\/1"}],"replies":[{"embeddable":true,"href":"https:\/\/amantesdeteruel.es\/fr\/wp-json\/wp\/v2\/comments?post=10324"}],"version-history":[{"count":5,"href":"https:\/\/amantesdeteruel.es\/fr\/wp-json\/wp\/v2\/pages\/10324\/revisions"}],"predecessor-version":[{"id":10329,"href":"https:\/\/amantesdeteruel.es\/fr\/wp-json\/wp\/v2\/pages\/10324\/revisions\/10329"}],"wp:attachment":[{"href":"https:\/\/amantesdeteruel.es\/fr\/wp-json\/wp\/v2\/media?parent=10324"}],"curies":[{"name":"wp","href":"https:\/\/api.w.org\/{rel}","templated":true}]}}