{"id":11899,"date":"2024-04-18T11:47:52","date_gmt":"2024-04-18T11:47:52","guid":{"rendered":"https:\/\/amantesdeteruel.es\/bibliotheque\/"},"modified":"2024-10-08T21:22:06","modified_gmt":"2024-10-08T21:22:06","slug":"bibliotheque","status":"publish","type":"page","link":"https:\/\/amantesdeteruel.es\/fr\/centre-hartzenbusch\/bibliotheque\/","title":{"rendered":"Biblioth\u00e8que"},"content":{"rendered":"<p>[et_pb_section fb_built=\u00a0\u00bb1&Prime; _builder_version=\u00a0\u00bb4.24.3&Prime; _module_preset=\u00a0\u00bbdefault\u00a0\u00bb background_image=\u00a0\u00bbhttps:\/\/amantesdeteruel.es\/wp-content\/uploads\/2024\/04\/portada_biblioteca_centro_hartzenbusch.png\u00a0\u00bb height=\u00a0\u00bb425px\u00a0\u00bb custom_padding=\u00a0\u00bb|10vh||10vh|false|true\u00a0\u00bb global_colors_info=\u00a0\u00bb{}\u00a0\u00bb][et_pb_row _builder_version=\u00a0\u00bb4.24.3&Prime; _module_preset=\u00a0\u00bbdefault\u00a0\u00bb width=\u00a0\u00bb100%\u00a0\u00bb max_width=\u00a0\u00bb2560px\u00a0\u00bb global_colors_info=\u00a0\u00bb{}\u00a0\u00bb][et_pb_column type=\u00a0\u00bb4_4&Prime; _builder_version=\u00a0\u00bb4.24.3&Prime; _module_preset=\u00a0\u00bbdefault\u00a0\u00bb global_colors_info=\u00a0\u00bb{}\u00a0\u00bb][et_pb_text _builder_version=\u00a0\u00bb4.24.3&Prime; _module_preset=\u00a0\u00bbdefault\u00a0\u00bb header_font=\u00a0\u00bbMontserrat|800||on|||||\u00a0\u00bb header_text_color=\u00a0\u00bb#FFFFFF\u00a0\u00bb header_font_size=\u00a0\u00bb6vw\u00a0\u00bb header_letter_spacing=\u00a0\u00bb6px\u00a0\u00bb header_font_size_tablet=\u00a0\u00bb8vw\u00a0\u00bb header_font_size_phone=\u00a0\u00bb9vw\u00a0\u00bb header_font_size_last_edited=\u00a0\u00bbon|phone\u00a0\u00bb header_letter_spacing_tablet=\u00a0\u00bb6px\u00a0\u00bb header_letter_spacing_phone=\u00a0\u00bb2px\u00a0\u00bb header_letter_spacing_last_edited=\u00a0\u00bbon|phone\u00a0\u00bb custom_css_main_element=\u00a0\u00bboverflow-wrap: normal;\u00a0\u00bb global_colors_info=\u00a0\u00bb{}\u00a0\u00bb]<\/p>\n<h1>Biblioth\u00e8que<\/h1>\n<p>[\/et_pb_text][\/et_pb_column][\/et_pb_row][\/et_pb_section][et_pb_section fb_built=\u00a0\u00bb1&Prime; _builder_version=\u00a0\u00bb4.24.3&Prime; _module_preset=\u00a0\u00bbdefault\u00a0\u00bb background_enable_image=\u00a0\u00bboff\u00a0\u00bb custom_margin=\u00a0\u00bb60px|0px|60px|0px|true|false\u00a0\u00bb custom_padding=\u00a0\u00bb0px|0px|0px|0px|false|false\u00a0\u00bb global_colors_info=\u00a0\u00bb{}\u00a0\u00bb][et_pb_row custom_padding_last_edited=\u00a0\u00bbon|phone\u00a0\u00bb _builder_version=\u00a0\u00bb4.24.3&Prime; _module_preset=\u00a0\u00bbdefault\u00a0\u00bb custom_margin=\u00a0\u00bb||60px||false|false\u00a0\u00bb custom_padding=\u00a0\u00bb|7%|||false|false\u00a0\u00bb custom_padding_tablet=\u00a0\u00bb50px||||false|false\u00a0\u00bb custom_padding_phone=\u00a0\u00bb50px||||false|false\u00a0\u00bb global_colors_info=\u00a0\u00bb{}\u00a0\u00bb][et_pb_column type=\u00a0\u00bb4_4&Prime; _builder_version=\u00a0\u00bb4.17.4&Prime; _module_preset=\u00a0\u00bbdefault\u00a0\u00bb global_colors_info=\u00a0\u00bb{}\u00a0\u00bb][et_pb_text _builder_version=\u00a0\u00bb4.24.3&Prime; _module_preset=\u00a0\u00bbdefault\u00a0\u00bb text_font=\u00a0\u00bbLato||||||||\u00a0\u00bb text_text_color=\u00a0\u00bb#6d6d6d\u00a0\u00bb text_font_size=\u00a0\u00bb16px\u00a0\u00bb header_text_align=\u00a0\u00bbleft\u00a0\u00bb header_text_color=\u00a0\u00bb#000000&Prime; header_3_font=\u00a0\u00bbMontserrat|800|||||||\u00a0\u00bb header_3_text_color=\u00a0\u00bb#773442&Prime; custom_margin=\u00a0\u00bb||20px||false|false\u00a0\u00bb custom_padding=\u00a0\u00bb||||false|false\u00a0\u00bb global_colors_info=\u00a0\u00bb{}\u00a0\u00bb]<\/p>\n<h3 class=\"fundacion\">Catalog of Fundaci\u00f3n Amantes de Teruel<span><\/span><\/h3>\n<p>[\/et_pb_text][et_pb_text _builder_version=\u00a0\u00bb4.24.3&Prime; _module_preset=\u00a0\u00bbdefault\u00a0\u00bb text_font=\u00a0\u00bbNunito|300|||||||\u00a0\u00bb text_text_color=\u00a0\u00bb#6d6d6d\u00a0\u00bb text_font_size=\u00a0\u00bb16px\u00a0\u00bb text_line_height=\u00a0\u00bb1.3em\u00a0\u00bb header_text_align=\u00a0\u00bbleft\u00a0\u00bb header_text_color=\u00a0\u00bb#000000&Prime; header_3_font=\u00a0\u00bbMontserrat|800|||||||\u00a0\u00bb header_3_text_color=\u00a0\u00bb#773442&Prime; header_4_font=\u00a0\u00bbMontserrat|700|||||||\u00a0\u00bb header_4_text_color=\u00a0\u00bb#773442&Prime; header_4_font_size=\u00a0\u00bb16px\u00a0\u00bb custom_margin=\u00a0\u00bb||||false|false\u00a0\u00bb custom_padding=\u00a0\u00bb||||false|false\u00a0\u00bb global_colors_info=\u00a0\u00bb{}\u00a0\u00bb]<\/p>\n<p><span>Plongez dans les profondeurs du romantisme et d\u00e9couvrez un tr\u00e9sor litt\u00e9raire dans la biblioth\u00e8que de la Fundaci\u00f3n Amantes de Teruel. Avec un catalogue qui couvre <strong>plus de 500 \u0153uvres<\/strong> de diff\u00e9rentes p\u00e9riodes, cette collection offre une fen\u00eatre unique sur le <strong>mouvement culturel du romantisme <\/strong> et sur <strong>l&rsquo;histoire fascinante des Amantes de Teruel.<\/strong> <\/span><\/p>\n<p><span> Des classiques intemporels aux joyaux litt\u00e9raires moins connus, chaque volume de cette collection raconte sa propre histoire, transportant le lecteur \u00e0 travers les passions, les id\u00e9aux et les conflits d&rsquo;une \u00e9poque remplie d&rsquo;\u00e9motion et de ferveur cr\u00e9ative. <\/span><\/p>\n<p><span>Que vous souhaitiez vous immerger dans les chefs-d&rsquo;\u0153uvre des grands \u00e9crivains romantiques ou explorer les influences culturelles qui ont fa\u00e7onn\u00e9 ce mouvement, la Biblioth\u00e8que de la Fundaci\u00f3n Amantes de Teruel vous propose une exp\u00e9rience enrichissante et captivante. <\/span><\/p>\n<p><span>Plongez dans les pages de romans embl\u00e9matiques, d\u00e9couvrez la po\u00e9sie passionn\u00e9e des romantiques ou explorez des essais et des trait\u00e9s qui \u00e9clairent les aspects culturels, sociaux et politiques de l&rsquo;\u00e9poque. Avec chaque livre, vous embarquerez pour un voyage \u00e0 travers le temps, en vous connectant aux \u00e9motions et aux id\u00e9aux qui continuent de r\u00e9sonner aujourd&rsquo;hui.  <\/span><\/p>\n<p><span>Explorez le catalogue de la Fundaci\u00f3n Amantes de Teruel et laissez-vous captiver par la richesse et la diversit\u00e9 du romantisme. Plongez-vous dans un monde o\u00f9 l&rsquo;amour, la trag\u00e9die et la recherche de libert\u00e9 s&rsquo;entrelacent \u00e0 chaque page, nous rappelant la pertinence \u00e9ternelle de ces histoires et de leurs protagonistes dans notre propre exp\u00e9rience humaine. <\/span><\/p>\n<p>[\/et_pb_text][\/et_pb_column][\/et_pb_row][\/et_pb_section][et_pb_section fb_built=\u00a0\u00bb1&Prime; _builder_version=\u00a0\u00bb4.24.3&Prime; _module_preset=\u00a0\u00bbdefault\u00a0\u00bb background_color=\u00a0\u00bb#773442&Prime; width=\u00a0\u00bb80%\u00a0\u00bb module_alignment=\u00a0\u00bbcenter\u00a0\u00bb custom_margin=\u00a0\u00bb0px||100px||false|false\u00a0\u00bb custom_padding=\u00a0\u00bb65px||65px||false|false\u00a0\u00bb global_colors_info=\u00a0\u00bb{}\u00a0\u00bb][et_pb_row disabled_on=\u00a0\u00bbon|on|on\u00a0\u00bb _builder_version=\u00a0\u00bb4.24.3&Prime; _module_preset=\u00a0\u00bbdefault\u00a0\u00bb width=\u00a0\u00bb50%\u00a0\u00bb module_alignment=\u00a0\u00bbcenter\u00a0\u00bb disabled=\u00a0\u00bbon\u00a0\u00bb global_colors_info=\u00a0\u00bb{}\u00a0\u00bb][et_pb_column type=\u00a0\u00bb4_4&Prime; _builder_version=\u00a0\u00bb4.24.3&Prime; _module_preset=\u00a0\u00bbdefault\u00a0\u00bb global_colors_info=\u00a0\u00bb{}\u00a0\u00bb][et_pb_text disabled_on=\u00a0\u00bboff|off|off\u00a0\u00bb _builder_version=\u00a0\u00bb4.24.3&Prime; _module_preset=\u00a0\u00bbdefault\u00a0\u00bb text_text_color=\u00a0\u00bb#FFFFFF\u00a0\u00bb header_4_font=\u00a0\u00bbMontserrat|700|||||||\u00a0\u00bb header_4_text_color=\u00a0\u00bb#FFFFFF\u00a0\u00bb header_4_font_size=\u00a0\u00bb16px\u00a0\u00bb z_index=\u00a0\u00bb999&Prime; custom_margin=\u00a0\u00bb|-20px||-20px|false|false\u00a0\u00bb global_colors_info=\u00a0\u00bb{}\u00a0\u00bb]<\/p>\n<form data-sf-form-id='9873' data-is-rtl='0' data-maintain-state='' data-results-url='https:\/\/amantesdeteruel.es\/centro-hartzenbusch\/biblioteca\/resultados-busqueda' data-ajax-url='https:\/\/amantesdeteruel.es\/fr\/?sfid=9873&amp;sf_action=get_data&amp;sf_data=results' data-ajax-form-url='https:\/\/amantesdeteruel.es\/fr\/?sfid=9873&amp;sf_action=get_data&amp;sf_data=form' data-display-result-method='shortcode' data-use-history-api='1' data-template-loaded='0' data-lang-code='fr' data-ajax='1' data-ajax-data-type='json' data-ajax-links-selector='.pagination a' data-ajax-target='#search-filter-results-9873' data-ajax-pagination-type='normal' data-update-ajax-url='1' data-only-results-ajax='1' data-scroll-to-pos='0' data-init-paged='1' data-auto-update='' action='https:\/\/amantesdeteruel.es\/centro-hartzenbusch\/biblioteca\/resultados-busqueda' method='post' class='searchandfilter' id='search-filter-form-9873' autocomplete='off' data-instance-count='1'><ul><li class=\"sf-field-search\" data-sf-field-name=\"search\" data-sf-field-type=\"search\" data-sf-field-input-type=\"\"><h4>B\u00fasqueda<\/h4>\t\t<label>\n\t\t\t\t   \t\t\t<span class=\"screen-reader-text\">texto<\/span><input placeholder=\"Escribe lo que quieras buscar...\" name=\"_sf_search[]\" class=\"sf-input-text\" type=\"text\" value=\"\" title=\"texto\"><\/label>\t\t<\/li><li class=\"sf-field-taxonomy-layout_category\" data-sf-field-name=\"_sft_layout_category\" data-sf-field-type=\"taxonomy\" data-sf-field-input-type=\"select\"><h4>Categor\u00eda<\/h4>\t\t<label>\n\t\t\t\t   \t\t<select name=\"_sft_layout_category[]\" class=\"sf-input-select\" title=\"\">\n\t\t\t\t\t\t  \t\t\t<\/select><\/label>\t\t\t\t\t\t\t\t\t\t<\/li><li class=\"sf-field-post-meta-_ano_de_publicacion\" data-sf-field-name=\"_sfm__ano_de_publicacion\" data-sf-field-type=\"post_meta\" data-sf-field-input-type=\"range-number\" data-sf-meta-type=\"number\">\t\t<div  data-start-min=\"0\" data-start-max=\"2030\" data-start-min-formatted=\"0\" data-start-max-formatted=\"2030\" data-min=\"0\" data-max=\"2030\" data-step=\"10\" data-decimal-places=\"0\" data-thousand-seperator=\"\" data-decimal-seperator=\".\" data-display-values-as=\"textinput\" data-sf-field-name=\"_sfm__ano_de_publicacion\" class=\"sf-meta-range sf-meta-range-number\">\n\t\t\n\t\t\t\t\t<label>\n\t\t\t\t   <input class=\"sf-input-range-number sf-range-min sf-input-number\" min=\"0\" max=\"2030\" step=\"10\" name=\"_sfm__ano_de_publicacion[]\" type=\"number\" value=\"0\" title=\"\"><\/label>\t\t<span class=\"sf-range-values-seperator\"> - <\/span>\t\t<label>\n\t\t\t\t   <input class=\"sf-input-range-number sf-range-max sf-input-number\" min=\"0\" max=\"2030\" step=\"10\" name=\"_sfm__ano_de_publicacion[]\" type=\"number\" value=\"2030\" title=\"\"><\/label>\t\t\t\t\t\n\t\t<\/div>\n\t\t<\/li><li class=\"sf-field-submit\" data-sf-field-name=\"submit\" data-sf-field-type=\"submit\" data-sf-field-input-type=\"\"><input type=\"submit\" name=\"_sf_submit\" value=\"Buscar\"><\/li><\/ul><\/form>\n<p>[\/et_pb_text][\/et_pb_column][\/et_pb_row][et_pb_row _builder_version=\u00a0\u00bb4.24.3&Prime; _module_preset=\u00a0\u00bbdefault\u00a0\u00bb global_colors_info=\u00a0\u00bb{}\u00a0\u00bb][et_pb_column type=\u00a0\u00bb4_4&Prime; _builder_version=\u00a0\u00bb4.24.3&Prime; _module_preset=\u00a0\u00bbdefault\u00a0\u00bb global_colors_info=\u00a0\u00bb{}\u00a0\u00bb][et_pb_text _builder_version=\u00a0\u00bb4.24.3&Prime; _module_preset=\u00a0\u00bbdefault\u00a0\u00bb text_font=\u00a0\u00bbLato||||||||\u00a0\u00bb text_text_color=\u00a0\u00bb#6d6d6d\u00a0\u00bb text_font_size=\u00a0\u00bb16px\u00a0\u00bb header_text_align=\u00a0\u00bbleft\u00a0\u00bb header_text_color=\u00a0\u00bb#000000&Prime; header_3_font=\u00a0\u00bbMontserrat|800|||||||\u00a0\u00bb header_3_text_color=\u00a0\u00bb#FFFFFF\u00a0\u00bb custom_margin=\u00a0\u00bb||20px||false|false\u00a0\u00bb custom_padding=\u00a0\u00bb||||false|false\u00a0\u00bb global_colors_info=\u00a0\u00bb{}\u00a0\u00bb]<\/p>\n<h3>Formulaire de recherche<\/h3>\n<p>[\/et_pb_text][et_pb_text _builder_version=\u00a0\u00bb4.24.3&Prime; _module_preset=\u00a0\u00bbdefault\u00a0\u00bb text_font=\u00a0\u00bbLato||||||||\u00a0\u00bb text_text_color=\u00a0\u00bb#FFFFFF\u00a0\u00bb text_font_size=\u00a0\u00bb16px\u00a0\u00bb header_text_align=\u00a0\u00bbleft\u00a0\u00bb header_text_color=\u00a0\u00bb#000000&Prime; header_3_font=\u00a0\u00bbMontserrat|800|||||||\u00a0\u00bb header_3_text_color=\u00a0\u00bb#FFFFFF\u00a0\u00bb custom_margin=\u00a0\u00bb||25px||false|false\u00a0\u00bb custom_padding=\u00a0\u00bb||||false|false\u00a0\u00bb hover_enabled=\u00a0\u00bb0&Prime; global_colors_info=\u00a0\u00bb{}\u00a0\u00bb sticky_enabled=\u00a0\u00bb0&Prime;]<\/p>\n<p>Entrez les champs de recherche<\/p>\n<p>[\/et_pb_text][et_pb_code _builder_version=\u00a0\u00bb4.24.3&Prime; _module_preset=\u00a0\u00bbdefault\u00a0\u00bb global_colors_info=\u00a0\u00bb{}\u00a0\u00bb]\t<style type=\"text\/css\">\n\t\t.searchandfilter>ul>li {\n\t\t\tpadding-top: 10px;\n\t\t}\n\t\t.et_pb_code_0 h4{    \n\t\t\tfont-family: 'Montserrat', Helvetica, Arial, Lucida, sans-serif;\n\t\t\tfont-weight: 700;\n\t\t\tfont-size: 16px;\n\t\t\tcolor: #FFFFFF !important;\n\t\t}\n\t\t\n\t\t#materia *\n\t\t{color:white !important;\n\t\t}\n\t\ttextarea:focus, input:focus {\n    \t\tcolor: #ffffff !important;\n\t\t}\n\n\t\tinput, select, textarea {\n\t\t\tcolor: #ffffff !important;\n\t\t}\n\t\t\n\t\t\/*ESTILOS TABLA RESULTADO*\/\n.responsive-table {\n      width: 100% ;\n\t\tmargin: -13% !important;\n\t\tmargin-top: 25px !important;\n      overflow-x: scroll;\n}\n\n.responsive-table th, .responsive-table td {\n      padding: 8px;\n      text-align: left;\n      border-top: 1px solid #ddd;\n}\n\n.responsive-table th {\n      background-color: #66323a;\n}\n\t\t\n.responsive-table h3 {\n      color: #66323a;\n}\n\n.responsive-table tbody tr:nth-child(even) {\n      background-color: #ffedd7;\n\n}\n\t\t\n.responsive-table tbody tr {\n      background-color: #ffffff;\n\n}\n\n \n\n@media (max-width: 767px) {\n.responsive-table thead {\n      display: none; \/* Oculta los encabezados en dispositivos m\u00f3viles *\/\n}\n\n.responsive-table tr {\n      margin-bottom: 0.625em;\n      display: block;\n      border-bottom: 2px solid #ddd;\n}\n\n.responsive-table td {\n     display: block;\n     text-align: right;\n     position: relative;\n     padding-left: 50%;\n}\n\n.responsive-table td::before {\n     content: attr(data-label);\n     position: absolute;\n     left: 0;\n     width: 50%;\n     padding-left: 15px;\n     font-weight: bold;\n     text-align: left;\n}\n}\n\t\tinput[type=text] {\n    width: inherit !important;\n}\n\t\t\n\t<\/style>\n<style>\n        body {\n            font-family: Arial, sans-serif;\n            margin: 0;\n            padding: 0;\n            background-color: #f0f0f0;\n        }\n.containerlibros {\n    display: flex;\n    flex-wrap: wrap;\n    justify-content: center;\n    padding: 40px 25px 20px 0;\n}\n\n.book {\n    background-color: #ffffff;\n    border: 1px solid #ddd;\n    border-radius: 5px;\n    margin: 10px;\n    padding: 15px;\n    width: 100%;\/* calc(33.333% - 40px); Ajuste para 3 columnas con espacio entre ellas *\/\n    box-shadow: 0 2px 5px rgba(0, 0, 0, 0.1);\n    cursor: pointer;\n    transition: transform 0.2s;\n}\n\n.book:hover {\n    transform: scale(1.05);\n}\n\t\n.book h3 {\n    margin: 0 0 10px;\n\tcolor:#66323a;\n\tfont-family: 'Montserrat', Helvetica, Arial, Lucida, sans-serif;\n\tfont-weight: 700;\n}\n\t\n        .book p {\n            margin: 5px 0;\n        }\n        \/* Popup overlay *\/\n        .popup-overlay {\n            position: fixed;\n            top: 0;\n            left: 0;\n            width: 100%;\n            height: 100%;\n            background: rgba(0, 0, 0, 0.7);\n            display: none;\n            justify-content: center;\n            align-items: center;\n        }\n        \/* Popup content *\/\n        .popup-content {\n            background-color: #fff;\n            padding: 20px;\n            border-radius: 8px;\n            width: 80%;\n            max-width: 600px;\n            max-height: 80%;\n            overflow-y: auto;\n        }\n        .popup-content table {\n            width: 100%;\n            border-collapse: collapse;\n        }\n        .popup-content th, .popup-content td {\n            border: 1px solid #ddd;\n            padding: 8px;\n            text-align: left;\n        }\n        .popup-content th {\n            background-color: #f2f2f2;\n        }\n        .close-btn {\n            background-color: #66323a;\n            color: white;\n            padding: 5px 10px;\n            border: none;\n            border-radius: 5px;\n            cursor: pointer;\n            float: right;\n            margin-top: -10px;\n\t\t\tmargin-bottom: 10px;\n        }\n\t\n\t\t\/* Media query para pantallas medianas *\/\n\t\t@media (max-width: 900px) {\n\t\t\t.book {\n\t\t\t\twidth: calc(50% - 40px); \/* Dos columnas en pantallas medianas *\/\n\t\t\t}\n\t\t}\n\n\t\t\/* Media query para pantallas peque\u00f1as *\/\n\t\t@media (max-width: 600px) {\n\t\t\t.containerlibros {\n\t\t\t\tpadding: 10px;\n\t\t\t}\n\t\t\t.book {\n\t\t\t\twidth:100%; \/* Una columna en pantallas peque\u00f1as *\/\n\t\t\t}\n\t\t\t.et_pb_section_2 {\n\t\t\t width: 100% !important; \n\t\t\t}\n\t\t\t.popup-content {\n\t\t\t\twidth: 85%;\n\t\t\t\tmargin-top: 120px;\n\t\t\t}\n\t\t}\n    <\/style>\n\n    <div class=\"search-container\">\n\t\t<div class=\"et_pb_module et_pb_text et_pb_text_3  et_pb_text_align_left et_pb_bg_layout_light\">\n\t\t\t<div class=\"et_pb_text_inner\"><h3>Recherche Avanc\u00e9e<\/h3><\/div>\n\t\t<\/div>\n        <form action=\"#ancla\"  id=\"advancedSearchForm\" class=\"searchandfilter\" method=\"post\">\n            <!-- Aqu\u00ed va el formulario HTML que te proporcion\u00e9 antes -->\n\t\t\t\n\t\t   <ul>\n\t\t\t    <li class=\"sf-field-search\" ><h4>Auteur<\/h4><label><span class=\"screen-reader-text\">Auteur<\/span><\/label>\t\n\t\t\t\t   <input title=\"Auteur\" type=\"text\" id=\"autor\" name=\"autor\" placeholder=\"Auteur\" class=\"sf-input-text\" >\t\n\t\t\t   <\/li>\n\t\t\t    <li class=\"sf-field-search\" ><h4>Titre<\/h4><label><span class=\"screen-reader-text\">Titre<\/span><\/label>\t\n\t\t\t\t   <input title=\"Titre\" type=\"text\" id=\"titulo\" name=\"titulo\" placeholder=\"Titre\" class=\"sf-input-text\" >\t\n\t\t\t   <\/li>\n\t\t\t   \n\t\t\t   \n\t\t\t    <li class=\"sf-field-search\" ><h4>Ann\u00e9e de parution<\/h4><label><span class=\"screen-reader-text\">Ann\u00e9e de parution<\/span><\/label>\t\n\t\t\t\t   <input title=\"Ann\u00e9e de parution\" type=\"text\" id=\"ano_publicacion\" name=\"ano_publicacion\" placeholder=\"Ann\u00e9e de parution\" class=\"sf-input-text\">\t\n\t\t\t   <\/li>\n\t\t\t    <li class=\"sf-field-search\" ><h4>ISBN<\/h4><label><span class=\"screen-reader-text\">ISBN<\/span><\/label>\t\n\t\t\t\t   <input style=\"color:#ffffff !important\" title=\"ISBN\" type=\"text\" id=\"isbn\" name=\"isbn\" placeholder=\"ISBN\" class=\"sf-input-text\" >\t\n\t\t\t   <\/li>\n\t\t\t  \t\t\t   \n\t\t\t   \n\t\t\t   <\/ul>\n\t\t\t<ul><li class=\"sf-field-submit\"  data-sf-field-name=\"submit\" data-sf-field-type=\"submit\" data-sf-field-input-type=\"\"><input style=\"color:#66323a !important; margin: 0 60px 0 0;\" type=\"submit\" name=\"_sf_submit\" value=\"Recherche\"><\/li><\/ul>\n        <\/form>\n    <\/div>\n   [\/et_pb_code][\/et_pb_column][\/et_pb_row][\/et_pb_section][et_pb_section fb_built=\u00a0\u00bb1&Prime; disabled_on=\u00a0\u00bbon|on|on\u00a0\u00bb _builder_version=\u00a0\u00bb4.24.3&Prime; _module_preset=\u00a0\u00bbdefault\u00a0\u00bb custom_margin=\u00a0\u00bb||80px||false|false\u00a0\u00bb disabled=\u00a0\u00bbon\u00a0\u00bb global_colors_info=\u00a0\u00bb{}\u00a0\u00bb][et_pb_row _builder_version=\u00a0\u00bb4.24.3&Prime; _module_preset=\u00a0\u00bbdefault\u00a0\u00bb custom_margin=\u00a0\u00bb0px||0px||false|false\u00a0\u00bb custom_padding=\u00a0\u00bb20px|0px|20px|0px|false|false\u00a0\u00bb global_colors_info=\u00a0\u00bb{}\u00a0\u00bb][et_pb_column type=\u00a0\u00bb4_4&Prime; _builder_version=\u00a0\u00bb4.24.3&Prime; _module_preset=\u00a0\u00bbdefault\u00a0\u00bb global_colors_info=\u00a0\u00bb{}\u00a0\u00bb][et_pb_code _builder_version=\u00a0\u00bb4.24.3&Prime; _module_preset=\u00a0\u00bbdefault\u00a0\u00bb width=\u00a0\u00bb100%\u00a0\u00bb custom_margin=\u00a0\u00bb|0px||0px|false|false\u00a0\u00bb custom_padding=\u00a0\u00bb0px|0px|0px|0px|false|false\u00a0\u00bb global_colors_info=\u00a0\u00bb{}\u00a0\u00bb][wp_books_gallery][\/et_pb_code][\/et_pb_column][\/et_pb_row][\/et_pb_section]<\/p>\n","protected":false},"excerpt":{"rendered":"<p>Biblioth\u00e8queCatalog of Fundaci\u00f3n Amantes de TeruelPlongez dans les profondeurs du romantisme et d\u00e9couvrez un tr\u00e9sor litt\u00e9raire dans la biblioth\u00e8que de la Fundaci\u00f3n Amantes de Teruel. Avec un catalogue qui couvre plus de 500 \u0153uvres de diff\u00e9rentes p\u00e9riodes, cette collection offre une fen\u00eatre unique sur le mouvement culturel du romantisme et sur l&rsquo;histoire fascinante des Amantes [&hellip;]<\/p>\n","protected":false},"author":2,"featured_media":0,"parent":11905,"menu_order":0,"comment_status":"closed","ping_status":"closed","template":"","meta":{"_acf_changed":false,"_et_pb_use_builder":"on","_et_pb_old_content":"","_et_gb_content_width":"","footnotes":""},"class_list":["post-11899","page","type-page","status-publish","hentry"],"acf":[],"_links":{"self":[{"href":"https:\/\/amantesdeteruel.es\/fr\/wp-json\/wp\/v2\/pages\/11899","targetHints":{"allow":["GET"]}}],"collection":[{"href":"https:\/\/amantesdeteruel.es\/fr\/wp-json\/wp\/v2\/pages"}],"about":[{"href":"https:\/\/amantesdeteruel.es\/fr\/wp-json\/wp\/v2\/types\/page"}],"author":[{"embeddable":true,"href":"https:\/\/amantesdeteruel.es\/fr\/wp-json\/wp\/v2\/users\/2"}],"replies":[{"embeddable":true,"href":"https:\/\/amantesdeteruel.es\/fr\/wp-json\/wp\/v2\/comments?post=11899"}],"version-history":[{"count":4,"href":"https:\/\/amantesdeteruel.es\/fr\/wp-json\/wp\/v2\/pages\/11899\/revisions"}],"predecessor-version":[{"id":11904,"href":"https:\/\/amantesdeteruel.es\/fr\/wp-json\/wp\/v2\/pages\/11899\/revisions\/11904"}],"up":[{"embeddable":true,"href":"https:\/\/amantesdeteruel.es\/fr\/wp-json\/wp\/v2\/pages\/11905"}],"wp:attachment":[{"href":"https:\/\/amantesdeteruel.es\/fr\/wp-json\/wp\/v2\/media?parent=11899"}],"curies":[{"name":"wp","href":"https:\/\/api.w.org\/{rel}","templated":true}]}}