{"id":11914,"date":"2024-04-18T11:48:32","date_gmt":"2024-04-18T11:48:32","guid":{"rendered":"https:\/\/amantesdeteruel.es\/centre-hartzenbusch\/bibliographie-amantes\/"},"modified":"2024-10-08T22:07:49","modified_gmt":"2024-10-08T22:07:49","slug":"bibliographie-amantes","status":"publish","type":"page","link":"https:\/\/amantesdeteruel.es\/fr\/centre-hartzenbusch\/bibliographie-amantes\/","title":{"rendered":"Bibliographie Amantes"},"content":{"rendered":"<p>[et_pb_section fb_built=\u00a0\u00bb1&Prime; _builder_version=\u00a0\u00bb4.24.3&Prime; _module_preset=\u00a0\u00bbdefault\u00a0\u00bb background_image=\u00a0\u00bbhttps:\/\/amantesdeteruel.es\/wp-content\/uploads\/2024\/04\/portada_bibliografia_amantes_centro_hartzenbusch.jpg\u00a0\u00bb height=\u00a0\u00bb425px\u00a0\u00bb custom_padding=\u00a0\u00bb|10vh||10vh|false|true\u00a0\u00bb global_colors_info=\u00a0\u00bb{}\u00a0\u00bb][et_pb_row _builder_version=\u00a0\u00bb4.24.3&Prime; _module_preset=\u00a0\u00bbdefault\u00a0\u00bb width=\u00a0\u00bb100%\u00a0\u00bb max_width=\u00a0\u00bb2560px\u00a0\u00bb global_colors_info=\u00a0\u00bb{}\u00a0\u00bb][et_pb_column type=\u00a0\u00bb4_4&Prime; _builder_version=\u00a0\u00bb4.24.3&Prime; _module_preset=\u00a0\u00bbdefault\u00a0\u00bb global_colors_info=\u00a0\u00bb{}\u00a0\u00bb][et_pb_text _builder_version=\u00a0\u00bb4.24.3&Prime; _module_preset=\u00a0\u00bbdefault\u00a0\u00bb header_font=\u00a0\u00bbMontserrat|200||on|||||\u00a0\u00bb header_text_color=\u00a0\u00bb#FFFFFF\u00a0\u00bb header_font_size=\u00a0\u00bb6vw\u00a0\u00bb header_letter_spacing=\u00a0\u00bb6px\u00a0\u00bb header_font_size_tablet=\u00a0\u00bb8vw\u00a0\u00bb header_font_size_phone=\u00a0\u00bb10vw\u00a0\u00bb header_font_size_last_edited=\u00a0\u00bbon|phone\u00a0\u00bb header_letter_spacing_tablet=\u00a0\u00bb4px\u00a0\u00bb header_letter_spacing_phone=\u00a0\u00bb2px\u00a0\u00bb header_letter_spacing_last_edited=\u00a0\u00bbon|phone\u00a0\u00bb custom_css_main_element=\u00a0\u00bboverflow-wrap: normal;\u00a0\u00bb global_colors_info=\u00a0\u00bb{}\u00a0\u00bb]<\/p>\n<h1>BIBLIOGRAF\u00cdA<br \/><strong>AMANTES<\/strong><\/h1>\n<p>[\/et_pb_text][\/et_pb_column][\/et_pb_row][\/et_pb_section][et_pb_section fb_built=\u00a0\u00bb1&Prime; _builder_version=\u00a0\u00bb4.24.3&Prime; _module_preset=\u00a0\u00bbdefault\u00a0\u00bb background_enable_image=\u00a0\u00bboff\u00a0\u00bb custom_margin=\u00a0\u00bb60px|0px|60px|0px|true|false\u00a0\u00bb custom_padding=\u00a0\u00bb0px|0px|0px|0px|false|false\u00a0\u00bb global_colors_info=\u00a0\u00bb{}\u00a0\u00bb][et_pb_row custom_padding_last_edited=\u00a0\u00bbon|phone\u00a0\u00bb _builder_version=\u00a0\u00bb4.24.3&Prime; _module_preset=\u00a0\u00bbdefault\u00a0\u00bb custom_margin=\u00a0\u00bb||60px||false|false\u00a0\u00bb custom_padding=\u00a0\u00bb|7%|||false|false\u00a0\u00bb custom_padding_tablet=\u00a0\u00bb50px||||false|false\u00a0\u00bb custom_padding_phone=\u00a0\u00bb50px||||false|false\u00a0\u00bb global_colors_info=\u00a0\u00bb{}\u00a0\u00bb][et_pb_column type=\u00a0\u00bb4_4&Prime; _builder_version=\u00a0\u00bb4.17.4&Prime; _module_preset=\u00a0\u00bbdefault\u00a0\u00bb global_colors_info=\u00a0\u00bb{}\u00a0\u00bb][et_pb_text _builder_version=\u00a0\u00bb4.24.3&Prime; _module_preset=\u00a0\u00bbdefault\u00a0\u00bb text_font=\u00a0\u00bbLato||||||||\u00a0\u00bb text_text_color=\u00a0\u00bb#6d6d6d\u00a0\u00bb text_font_size=\u00a0\u00bb16px\u00a0\u00bb header_text_align=\u00a0\u00bbleft\u00a0\u00bb header_text_color=\u00a0\u00bb#000000&Prime; header_3_font=\u00a0\u00bbMontserrat|800|||||||\u00a0\u00bb header_3_text_color=\u00a0\u00bb#3b3d3d\u00a0\u00bb custom_margin=\u00a0\u00bb||20px||false|false\u00a0\u00bb custom_padding=\u00a0\u00bb||||false|false\u00a0\u00bb global_colors_info=\u00a0\u00bb{}\u00a0\u00bb]<\/p>\n<h3>BIBLIOGRAPHIE AMANTES DE TERUEL<\/h3>\n<p>[\/et_pb_text][et_pb_button button_url=\u00a0\u00bbhttps:\/\/amantesdeteruel.es\/wp-content\/uploads\/2024\/05\/bibliografia_amantes.pdf\u00a0\u00bb url_new_window=\u00a0\u00bbon\u00a0\u00bb button_text=\u00a0\u00bbT\u00e9l\u00e9chargez le document en cliquant ici\u00a0\u00bb _builder_version=\u00a0\u00bb4.24.3&Prime; _module_preset=\u00a0\u00bbdefault\u00a0\u00bb custom_button=\u00a0\u00bbon\u00a0\u00bb button_text_size=\u00a0\u00bb16px\u00a0\u00bb button_bg_color=\u00a0\u00bb#5a6268&Prime; button_border_radius=\u00a0\u00bb0px\u00a0\u00bb global_colors_info=\u00a0\u00bb{}\u00a0\u00bb][\/et_pb_button][et_pb_text _builder_version=\u00a0\u00bb4.24.3&Prime; _module_preset=\u00a0\u00bbdefault\u00a0\u00bb text_font=\u00a0\u00bbNunito|300|||||||\u00a0\u00bb text_text_color=\u00a0\u00bb#6d6d6d\u00a0\u00bb text_font_size=\u00a0\u00bb16px\u00a0\u00bb text_line_height=\u00a0\u00bb1.3em\u00a0\u00bb header_text_align=\u00a0\u00bbleft\u00a0\u00bb header_text_color=\u00a0\u00bb#000000&Prime; header_3_font=\u00a0\u00bbMontserrat|800|||||||\u00a0\u00bb header_3_text_color=\u00a0\u00bb#773442&Prime; header_4_font=\u00a0\u00bbMontserrat|700|||||||\u00a0\u00bb header_4_text_color=\u00a0\u00bb#773442&Prime; header_4_font_size=\u00a0\u00bb16px\u00a0\u00bb custom_margin=\u00a0\u00bb||||false|false\u00a0\u00bb custom_padding=\u00a0\u00bb||||false|false\u00a0\u00bb global_colors_info=\u00a0\u00bb{}\u00a0\u00bb]<\/p>\n<p>Acta de traslaci\u00f3n de las momias de los celebrados Amantes de Teruel, Don Diego Mart\u00ednez de Marcilla y D\u00aa Isabel de Segura, 27 de mayo de 1902.<\/p>\n<p>Acta de traslado de las momias de los Amantes, 11 de enero de 1940.<\/p>\n<p>Acta de traslado 1959. -AGUADO, L., \u00ab\u00a0Isabel de Segura y Juan de Marcilla, los locos de amor\u00a0\u00bb, Gaceta Ilustrada, 23-2-1963. <\/p>\n<p>AGUIRRE, F.J., \u00ab\u00a0Teruel y sus amantes\u00a0\u00bb, Tr\u00e9bede, n\u00ba 51, Zaragoza, Cremallo ediciones, 2001 pp. 59-67. <\/p>\n<p>AGUIRRE, F.J., \u00ab\u00a0Los Amantes de Teruel en la m\u00fasica contempor\u00e1nea\u00a0\u00bb, Arag\u00f3n Tur\u00edstico y Monumental, n\u00ba 356, S.I.P.A., Zaragoza, 2003.<\/p>\n<p>AGUIRRE LAHUERTA, \u00c1., La fuente del canto, Valencia, Imp. Pascual Ib\u00e1\u00f1ez, 1976.<\/p>\n<p>ALCINA FRANCH, J., Teatro Rom\u00e1ntico, Bruguera, Barcelona, varias ediciones.<\/p>\n<p>ALVENTOSA, P.de., Historia lastimosa y sentida de los dos tiernos amantes Marcilla y Segura, naturales de Teruel, ahora nuevamente copilada y dada a luz por Pedro de Alventosa, vecino de dicha ciudad. s.l., s.a. (ca. 1555). Edici\u00f3n vista por el bibli\u00f3grafo Gayangos en la biblioteca de los duques de Marlborough, en Inglaterra, en 1838. Se desconoce el paradero actual de dicho ejemplar.<\/p>\n<p>ANDR\u00c9S, R., Los Amantes de Teruel. Introducci\u00f3n y notas a la edici\u00f3n de Hartzenbusch, Barcelona, Planeta, 1989. <\/p>\n<p>ANDR\u00c9S Y TORNERO, F., \u00ab\u00a0Yag\u00fae de Salas y su poema\u00a0\u00bb, La Espa\u00f1a Ilustrada, Zaragoza, 1894.<\/p>\n<p>ANDR\u00c9S Y TORNERO, F., Historia cr\u00edtica de los Amantes de Teruel, Teruel, Manuscrito, Biblioteca P\u00fablica de Teruel, 1894.<\/p>\n<p>ANDR\u00c9S Y TORNERO, F., \u00ab\u00a0En justa defensa\u00a0\u00bb, El Eco de Teruel, marzo de 1895.<\/p>\n<p>ANDR\u00c9S Y TORNERO, F., \u00ab\u00a0D. Aureliano Fern\u00e1ndez-Guerra y los Amantes de Teruel\u00a0\u00bb, El Eco de Teruel, Mayo de 1895.<\/p>\n<p>ANDR\u00c9S Y TORNERO, F., Breve resumen de la Historia de los Amantes de Teruel, Imprenta de la Beneficencia, Ilustrado por Salvador Gisbert, 1895.<\/p>\n<p>ANDR\u00c9S Y TORNERO, F., Album turolense, Teruel, imprenta de Perruca 1896.<\/p>\n<p>ANDR\u00c9S Y TORNERO, F. y GISBERT, S., Leyendas y tradiciones turolenses, Teruel, Impr. de Dionisio Zarzoso, 1901.<\/p>\n<p>ANDR\u00c9S Y TORNERO, F., Los Amantes de Teruel en la literatura, Teruel, 1903.<\/p>\n<p>AN\u00d3NIMO, La Isabel. Tragedia, Madrid, s.a.(hacia 1800) <\/p>\n<p>AN\u00d3NIMO, Los Amantes de Teruel. Nueva relaci\u00f3n hist\u00f3rica y compendiada de los amores y tr\u00e1gico suceso de dichos Amantes, Pliego de cordel (dos partes), Barcelona, Viuda de A. Llorens, (siglo XIX) <\/p>\n<p>AN\u00d3NIMO, Los Amantes de Teruel, Barcelona, Sopena, (principios del XX).<\/p>\n<p>AN\u00d3NIMO, Los Amantes de Teruel. Nueva relaci\u00f3n hist\u00f3rica y compendiada de los amores y tr\u00e1gico suceso de dichos amantes don Diego de Marcilla y do\u00f1a Isabel de Segura, Primera Parte, Impr. \u00ab\u00a0El Abanico\u00a0\u00bb, ()  <\/p>\n<p>AN\u00d3NIMO, Los Amantes de Teruel o historia de D. Diego de Marcilla y Do\u00f1a Isabel de Segura, Barcelona, s.a., (ca. 1850)<\/p>\n<p>AN\u00d3NIMO, Mojiganga de los Amantes de Teruel. Arcadia de Entremeses escritos por los ingenios m\u00e1s cl\u00e1sicos de Espa\u00f1a, Pamplona, 1691 y 1700. <\/p>\n<p>AN\u00d3NIMO, Nueva historia de los Amantes de Teruel, Madrid, Antigua Imprenta Universal, s.s., (ca. 1850)<\/p>\n<p>AN\u00d3NIMO, Papel de letra antigua. Escrito encontrado por Juan Yag\u00fce de Salas en uno de los archivos del concejo de Teruel en abril de 1619, transcrito el d\u00eda 18 del mismo mes en su protocolo notarial correspondiente a aquel a\u00f1o (folios 128-138) y descubierto por el investigador Jaime Caruana el 9 de febrero de 1958. El mismo texto fue copiado, con abundantes variantes ortogr\u00e1ficas, por los notarios Juan Hern\u00e1ndez de Teruel y F\u00e9lix Lardi\u00e9s de Zaragoza, en sus respectivos protocolos de 1619.  <\/p>\n<p>AN\u00d3NIMO, Papel de San Pedro. Escrito ap\u00f3crifo que se guardaba en la sacrist\u00eda de dicha iglesia. Fue redactado en el \u00faltimo tercio del siglo XVIII y encontrado por Isidoro de Antill\u00f3n en 1806, desaparecido despu\u00e9s.  <\/p>\n<p>AN\u00d3NIMO., Los Amantes de Teruel. Apuntes hist\u00f3ricos , Semanario Pintoresco, n 45, Madrid, 1837.<\/p>\n<p>AN\u00d3NIMO, Recuerdos de un viaje por Espa\u00f1a (vol. III), Madrid, Mellado, (1849-51)<\/p>\n<p>AN\u00d3NIMO, Relaci\u00f3n burlesca intitulada Los Amantes de Teruel, C\u00f3rdoba, Rafael Garc\u00eda Rodr\u00edguez, s.a. Segunda edici\u00f3n en Valencia, Agust\u00edn Laborda, s.a. (hacia 1812). Existen otras reediciones de C\u00f3rdoba (Cat\u00e1logo de Ramos, n 31 y 121) que cita Valdenebro en La imprenta de C\u00f3rdoba , n 1695 y 1785. <\/p>\n<p>AN\u00d3NIMO, Descubrimiento y translaciones de los cuerpos de los Amantes de Teruel , Semanario Pintoresco , n 30, Madrid, 1849.<\/p>\n<p>AN\u00d3NIMO, Relaci\u00f3n hist\u00f3rica del tr\u00e1gico suceso de los amores de Don Diego de Marcilla y Do\u00f1a Isabel de Segura, llamados los Amantes de Teruel. Teruel, Juan Garc\u00eda, 1844. Otras ediciones: Teruel, Pruneda y Zarzoso, s.a. (1860-1865) y Teruel, Zarzoso, 1883 y 1892.  <\/p>\n<p>AN\u00d3NIMO, Jornada de su majestad Felipe III y Alteza la Infanta Do\u00f1a Isabel desde Madrid (a Valencia). Relaciones hist\u00f3ricas de los siglos XVI y XVII, Sociedad de Bibli\u00f3filos Espa\u00f1oles, Madrid, 1896. <\/p>\n<p>AN\u00d3NIMO, Album turolense, Rondalla de los Amantes, Teruel, Perruca, 1900.<\/p>\n<p>AN\u00d3NIMO, Rese\u00f1a hist\u00f3rica de los Amantes de Teruel, Teruel, Zarzoso, 1901.<\/p>\n<p>AN\u00d3NIMO, Historia de los Amantes de Teruel, Teruel, s.a.<\/p>\n<p>AN\u00d3NIMO, Buhay Nang dalanang magcasintahan na si Diego Marcilla at si Isabel de Segura sa ciudad Nang Teruel (poema en verso tagalo), Manila, Imprenta de los Amigos del Pa\u00eds, (19..)<\/p>\n<p>AN\u00d3NIMO, Historia de los Amantes de Teruel, Marcilla y Segura, Valladolid, F. Santar\u00e9n, 1904.<\/p>\n<p>AN\u00d3NIMO, Teruel. Pasado, presente y porvenir. Devociones de la ciudad y su provincia, Gestas en la Cruzada Nacional. Publicaciones \u00ab\u00a0Blanco y Azul\u00a0\u00bb. Valencia, 1940.    <\/p>\n<p>AN\u00d3NIMO, \u00ab\u00a0\u00bfExistieron los Amantes de Teruel?\u00a0\u00bb, Semanario Domingo, 23-8-1953. -AN\u00d3NIMO., \u00ab\u00a0Pol\u00e9mica en torno a la existencia de los Amantes de Teruel\u00a0\u00bb, Diario Arriba, 5-9-1953.<\/p>\n<p>AN\u00d3NIMO, \u00ab\u00a0El amor y la fatalidad en Teruel\u00a0\u00bb, Diario Excelsior (M\u00e9jico), 24-04-1977.<\/p>\n<p>ANTILL\u00d3N, I. de., Noticias hist\u00f3ricas sobre los Amantes de Teruel, Madrid, Fuentenebro, 1806.<\/p>\n<p>ARELLANO, I, (director), Comedias Burlescas del Siglo de Oro, edici\u00f3n del Griso, Iberoamericana (Madrid), Universidad de Navarra (Pamplona), Vervuert (Frankfurt), Biblioteca Aura hisp\u00e1nica (13, 16, 19), 2002-2003.<\/p>\n<p>[\/et_pb_text][et_pb_text _builder_version=\u00a0\u00bb4.24.3&Prime; _module_preset=\u00a0\u00bbdefault\u00a0\u00bb text_font=\u00a0\u00bbLato||||||||\u00a0\u00bb text_text_color=\u00a0\u00bb#6d6d6d\u00a0\u00bb text_font_size=\u00a0\u00bb16px\u00a0\u00bb header_text_align=\u00a0\u00bbleft\u00a0\u00bb header_text_color=\u00a0\u00bb#000000&Prime; header_3_font=\u00a0\u00bbMontserrat|800|||||||\u00a0\u00bb header_3_text_color=\u00a0\u00bb#773442&Prime; custom_margin=\u00a0\u00bb||||false|false\u00a0\u00bb custom_padding=\u00a0\u00bb||||false|false\u00a0\u00bb global_colors_info=\u00a0\u00bb{}\u00a0\u00bb]<\/p>\n<p><strong>Selecci\u00f3n bibliogr\u00e1fica realizada por: Jos\u00e9 Antonio L\u00e1zaro Fern\u00e1ndez<\/strong><\/p>\n<p>[\/et_pb_text][\/et_pb_column][\/et_pb_row][\/et_pb_section]<\/p>\n","protected":false},"excerpt":{"rendered":"<p>BIBLIOGRAF\u00cdAAMANTESBIBLIOGRAPHIE AMANTES DE TERUELActa de traslaci\u00f3n de las momias de los celebrados Amantes de Teruel, Don Diego Mart\u00ednez de Marcilla y D\u00aa Isabel de Segura, 27 de mayo de 1902. Acta de traslado de las momias de los Amantes, 11 de enero de 1940. Acta de traslado 1959. -AGUADO, L., \u00ab\u00a0Isabel de Segura y Juan [&hellip;]<\/p>\n","protected":false},"author":2,"featured_media":0,"parent":11905,"menu_order":0,"comment_status":"closed","ping_status":"closed","template":"","meta":{"_acf_changed":false,"_et_pb_use_builder":"on","_et_pb_old_content":"","_et_gb_content_width":"","footnotes":""},"class_list":["post-11914","page","type-page","status-publish","hentry"],"acf":[],"_links":{"self":[{"href":"https:\/\/amantesdeteruel.es\/fr\/wp-json\/wp\/v2\/pages\/11914","targetHints":{"allow":["GET"]}}],"collection":[{"href":"https:\/\/amantesdeteruel.es\/fr\/wp-json\/wp\/v2\/pages"}],"about":[{"href":"https:\/\/amantesdeteruel.es\/fr\/wp-json\/wp\/v2\/types\/page"}],"author":[{"embeddable":true,"href":"https:\/\/amantesdeteruel.es\/fr\/wp-json\/wp\/v2\/users\/2"}],"replies":[{"embeddable":true,"href":"https:\/\/amantesdeteruel.es\/fr\/wp-json\/wp\/v2\/comments?post=11914"}],"version-history":[{"count":2,"href":"https:\/\/amantesdeteruel.es\/fr\/wp-json\/wp\/v2\/pages\/11914\/revisions"}],"predecessor-version":[{"id":11916,"href":"https:\/\/amantesdeteruel.es\/fr\/wp-json\/wp\/v2\/pages\/11914\/revisions\/11916"}],"up":[{"embeddable":true,"href":"https:\/\/amantesdeteruel.es\/fr\/wp-json\/wp\/v2\/pages\/11905"}],"wp:attachment":[{"href":"https:\/\/amantesdeteruel.es\/fr\/wp-json\/wp\/v2\/media?parent=11914"}],"curies":[{"name":"wp","href":"https:\/\/api.w.org\/{rel}","templated":true}]}}