{"id":11917,"date":"2024-04-18T11:49:02","date_gmt":"2024-04-18T11:49:02","guid":{"rendered":"https:\/\/amantesdeteruel.es\/centre-hartzenbusch\/bibliographie-romantisme\/"},"modified":"2024-10-08T22:14:12","modified_gmt":"2024-10-08T22:14:12","slug":"bibliographie-romantisme","status":"publish","type":"page","link":"https:\/\/amantesdeteruel.es\/fr\/centre-hartzenbusch\/bibliographie-romantisme\/","title":{"rendered":"Bibliographie Romantisme"},"content":{"rendered":"<p>[et_pb_section fb_built=\u00a0\u00bb1&Prime; _builder_version=\u00a0\u00bb4.24.3&Prime; _module_preset=\u00a0\u00bbdefault\u00a0\u00bb background_image=\u00a0\u00bbhttps:\/\/amantesdeteruel.es\/wp-content\/uploads\/2024\/04\/portada_bibliografia_romanticismo_centro_hartzenbusch.jpg\u00a0\u00bb height=\u00a0\u00bb425px\u00a0\u00bb custom_padding=\u00a0\u00bb|10vh||10vh|false|true\u00a0\u00bb global_colors_info=\u00a0\u00bb{}\u00a0\u00bb][et_pb_row _builder_version=\u00a0\u00bb4.24.3&Prime; _module_preset=\u00a0\u00bbdefault\u00a0\u00bb width=\u00a0\u00bb100%\u00a0\u00bb max_width=\u00a0\u00bb2560px\u00a0\u00bb global_colors_info=\u00a0\u00bb{}\u00a0\u00bb][et_pb_column type=\u00a0\u00bb4_4&Prime; _builder_version=\u00a0\u00bb4.24.3&Prime; _module_preset=\u00a0\u00bbdefault\u00a0\u00bb global_colors_info=\u00a0\u00bb{}\u00a0\u00bb][et_pb_text _builder_version=\u00a0\u00bb4.24.3&Prime; _module_preset=\u00a0\u00bbdefault\u00a0\u00bb header_font=\u00a0\u00bbMontserrat|200||on|||||\u00a0\u00bb header_text_color=\u00a0\u00bb#FFFFFF\u00a0\u00bb header_font_size=\u00a0\u00bb6vw\u00a0\u00bb header_letter_spacing=\u00a0\u00bb6px\u00a0\u00bb header_font_size_tablet=\u00a0\u00bb8vw\u00a0\u00bb header_font_size_phone=\u00a0\u00bb8.5vw\u00a0\u00bb header_font_size_last_edited=\u00a0\u00bbon|phone\u00a0\u00bb header_letter_spacing_tablet=\u00a0\u00bb4px\u00a0\u00bb header_letter_spacing_phone=\u00a0\u00bb2px\u00a0\u00bb header_letter_spacing_last_edited=\u00a0\u00bbon|phone\u00a0\u00bb custom_css_main_element=\u00a0\u00bboverflow-wrap: normal;\u00a0\u00bb locked=\u00a0\u00bboff\u00a0\u00bb global_colors_info=\u00a0\u00bb{}\u00a0\u00bb]<\/p>\n<h1>BIBLIOGRAF\u00cdA<br \/><strong>ROMANTICISMO<\/strong><\/h1>\n<p>[\/et_pb_text][\/et_pb_column][\/et_pb_row][\/et_pb_section][et_pb_section fb_built=\u00a0\u00bb1&Prime; _builder_version=\u00a0\u00bb4.24.3&Prime; _module_preset=\u00a0\u00bbdefault\u00a0\u00bb background_enable_image=\u00a0\u00bboff\u00a0\u00bb custom_margin=\u00a0\u00bb60px|0px|60px|0px|true|false\u00a0\u00bb custom_padding=\u00a0\u00bb0px|0px|0px|0px|false|false\u00a0\u00bb global_colors_info=\u00a0\u00bb{}\u00a0\u00bb][et_pb_row custom_padding_last_edited=\u00a0\u00bbon|phone\u00a0\u00bb _builder_version=\u00a0\u00bb4.24.3&Prime; _module_preset=\u00a0\u00bbdefault\u00a0\u00bb custom_margin=\u00a0\u00bb||60px||false|false\u00a0\u00bb custom_padding=\u00a0\u00bb|7%|||false|false\u00a0\u00bb custom_padding_tablet=\u00a0\u00bb50px||||false|false\u00a0\u00bb custom_padding_phone=\u00a0\u00bb50px||||false|false\u00a0\u00bb global_colors_info=\u00a0\u00bb{}\u00a0\u00bb][et_pb_column type=\u00a0\u00bb4_4&Prime; _builder_version=\u00a0\u00bb4.17.4&Prime; _module_preset=\u00a0\u00bbdefault\u00a0\u00bb global_colors_info=\u00a0\u00bb{}\u00a0\u00bb][et_pb_text _builder_version=\u00a0\u00bb4.24.3&Prime; _module_preset=\u00a0\u00bbdefault\u00a0\u00bb text_font=\u00a0\u00bbLato||||||||\u00a0\u00bb text_text_color=\u00a0\u00bb#6d6d6d\u00a0\u00bb text_font_size=\u00a0\u00bb16px\u00a0\u00bb header_text_align=\u00a0\u00bbleft\u00a0\u00bb header_text_color=\u00a0\u00bb#000000&Prime; header_3_font=\u00a0\u00bbMontserrat|800|||||||\u00a0\u00bb header_3_text_color=\u00a0\u00bb#3b3d3d\u00a0\u00bb custom_margin=\u00a0\u00bb||20px||false|false\u00a0\u00bb custom_padding=\u00a0\u00bb||||false|false\u00a0\u00bb global_colors_info=\u00a0\u00bb{}\u00a0\u00bb]<\/p>\n<h3>BIBLIOGRAPHIE ROMANTISME<\/h3>\n<p>[\/et_pb_text][et_pb_button button_url=\u00a0\u00bbhttps:\/\/amantesdeteruel.es\/wp-content\/uploads\/2024\/05\/bibliografia_romanticismo.pdf\u00a0\u00bb url_new_window=\u00a0\u00bbon\u00a0\u00bb button_text=\u00a0\u00bbT\u00e9l\u00e9chargez le document en cliquant ici\u00a0\u00bb _builder_version=\u00a0\u00bb4.24.3&Prime; _module_preset=\u00a0\u00bbdefault\u00a0\u00bb custom_button=\u00a0\u00bbon\u00a0\u00bb button_text_size=\u00a0\u00bb16px\u00a0\u00bb button_bg_color=\u00a0\u00bb#5a6268&Prime; button_border_radius=\u00a0\u00bb0px\u00a0\u00bb locked=\u00a0\u00bboff\u00a0\u00bb global_colors_info=\u00a0\u00bb{}\u00a0\u00bb][\/et_pb_button][et_pb_text _builder_version=\u00a0\u00bb4.24.3&Prime; _module_preset=\u00a0\u00bbdefault\u00a0\u00bb text_font=\u00a0\u00bbNunito|300|||||||\u00a0\u00bb text_text_color=\u00a0\u00bb#6d6d6d\u00a0\u00bb text_font_size=\u00a0\u00bb16px\u00a0\u00bb text_line_height=\u00a0\u00bb1.3em\u00a0\u00bb header_text_align=\u00a0\u00bbleft\u00a0\u00bb header_text_color=\u00a0\u00bb#000000&Prime; header_3_font=\u00a0\u00bbMontserrat|800|||||||\u00a0\u00bb header_3_text_color=\u00a0\u00bb#773442&Prime; header_4_font=\u00a0\u00bbMontserrat|700|||||||\u00a0\u00bb header_4_text_color=\u00a0\u00bb#773442&Prime; header_4_font_size=\u00a0\u00bb16px\u00a0\u00bb custom_margin=\u00a0\u00bb||||false|false\u00a0\u00bb custom_padding=\u00a0\u00bb||||false|false\u00a0\u00bb hover_enabled=\u00a0\u00bb0&Prime; global_colors_info=\u00a0\u00bb{}\u00a0\u00bb sticky_enabled=\u00a0\u00bb0&Prime;]<\/p>\n<p>ALBORG, J. L. (1980) Historia de la Literatura Espa\u00f1ola, t. IV. El Romanticismo, Madrid, Gredos.  <\/p>\n<p>BALLESTEROS DORADO, A. I. (2003) Espacios del drama rom\u00e1ntico espa\u00f1ol, Madrid, CSIC.<\/p>\n<p>BAQUERO GOYANES, M. (1949) El cuento espa\u00f1ol en el siglo XIX, Madrid, CISC. BERNARDI, A. (2005), La mujer en la novela hist\u00f3rica rom\u00e1ntica, Perugia, Morlacchi Editore. <\/p>\n<p>BLANCO GARC\u00cdA, F. (1891-1894) La literatura Espa\u00f1ola en el siglo XIX (3 vols.) Madrid, S\u00e1enz de Jubera Hermanos.<\/p>\n<p>BOYD, C. P. (2000) Historia patria. Pol\u00edtica, historia e identidad nacional en Espa\u00f1a: 1875-1975, Barcelona, Pomares-Corredor. <\/p>\n<p>BROWN, R. F. (1953) La novela espa\u00f1ola: 1700-1850, Madrid, Direcci\u00f3n General de Archivos y Bibliotecas.<\/p>\n<p>BUEND\u00cdA, F. (ed.) (1963) Antolog\u00eda de la novela hist\u00f3rica espa\u00f1ola (1830-1844), Madrid, Aguilar.<\/p>\n<p>CALDERA, E. (2001) El teatro espa\u00f1ol en la \u00e9poca rom\u00e1ntica, Madrid, Castalia.<\/p>\n<p>CARNERO, G. (1978) Los or\u00edgenes del romanticismo reaccionario espa\u00f1ol: el matrimonio B hl de Faber, Valencia, Universidad de Valencia.<\/p>\n<p>CASTRO, A. (c. 1927) Les Grands Romantiques Espagnols, Par\u00eds, La Renaissnace du Livre.<\/p>\n<p>CEREZO GAL\u00c1N, P. (2003) El mal del siglo. El conflicto entre Ilustraci\u00f3n y Romanticismo en la crisis finisecular del siglo XIX, Granada, Universidad de Granada-Madrid, Biblioteca Nueva. <\/p>\n<p>CIRUJANO, P.; ELORRIAGA, M. T. y P\u00c9REZ GARZ\u00d3N, J. S. (1985) Historiograf\u00eda y nacionalismo espa\u00f1ol (1834-1868), Madrid, CSIC.<\/p>\n<p>CORRAL, J. del (2003) Tragedias en el Madrid rom\u00e1ntico, Madrid, La Librer\u00eda.<\/p>\n<p>DENDLE, B. J. (2000) \u00ab\u00a0Bibliograf\u00eda del Romanticismo en Espa\u00f1a (2000)\u00a0\u00bb, Siglo Diecinueve, 6, pp. 7-23. <\/p>\n<p>D\u00cdAZ PLAJA, G. (1942) Introducci\u00f3n al estudio del Romanticismo espa\u00f1ol, Madrid, Espasa-Calpe.<\/p>\n<p>FERN\u00c1NDEZ PRIETO, C. (1998) Historia y novela: Po\u00e9tica de la novela hist\u00f3rica, Pamplona, EUNSA.<\/p>\n<p>FERRAZ MART\u00cdNEZ, A. (1992) La novela hist\u00f3rica contempor\u00e1nea del siglo XIX anterior a Gald\u00f3s (2 vols.), Madrid, Universidad Complutense.<\/p>\n<p>FERRERAS, J. I. (1972a) La novela por entregas, 1840-1900, Madrid, Taurus.<\/p>\n<p>FERRERAS, J. I. (1972b) Los or\u00edgenes de la novela decimon\u00f3nica (1800-1830), Madrid, Taurus.<\/p>\n<p>FERRERAS, J. I. (1973) Introducci\u00f3n a la sociolog\u00eda de la novela espa\u00f1ola del siglo XIX, Madrid, Edicusa.<\/p>\n<p>FERRERAS, J. I. (1976) El triunfo del liberalismo y de la novela hist\u00f3rica (1830-1870), Madrid, Taurus.<\/p>\n<p>FERRERAS, J. I. (1976) El triunfo del liberalismo y de la novela hist\u00f3rica (1830-1870), Madrid, Taurus.<\/p>\n<p>FERRERAS, J. I. (1979) Cat\u00e1logo de novelas y novelistas espa\u00f1ole del siglo XIX, Madrid, C\u00e1tedra.<\/p>\n<p>FERRERAS, J. I. (1990) La novela en el siglo XIX (Historia y Cr\u00edtica de la Literatura Hisp\u00e1nica), Madrid, Taurus.<\/p>\n<p>FLITTER, D. (1995) Teor\u00eda y cr\u00edtica del romanticismo espa\u00f1ol, Cambridge, Cambridge University Press.<\/p>\n<p>FLITTER, D. (2006) Spanish Romanticism and the Uses of History: Ideology and the Historical Imagination, Londres, Legenda.<\/p>\n<p>FRADERA, J. M. (2003) Cultura nacional en una sociedad dividida. Catalu\u00f1a, 1838-1868, Madrid, Marcial Pons. <\/p>\n<p>GARC\u00cdA CASTA\u00d1EDA, S. (1971) Valent\u00edn de Llanos (1795-1885) y los or\u00edgenes de la novela hist\u00f3rica rom\u00e1ntica, Valladolid, Diputaci\u00f3n Provincial de Valladolid.<\/p>\n<p>GARC\u00cdA CASTA\u00d1EDA, S. (1971) Las ideas literarias en Espa\u00f1a entre 1840 y 1850, Berkeley, University of California Press.<\/p>\n<p>GARC\u00cdA CASTA\u00d1EDA, S. (1982) \u00ab\u00a0La fortuna del teatro rom\u00e1ntico\u00a0\u00bb, en Historia y Cr\u00edtica de la Literatura Espa\u00f1ola, t. IV, Madrid, Cr\u00edtica. <\/p>\n<p>GARC\u00cdA DE LA CONCHA, V. (1998) Historia de la Literatura Espa\u00f1ola. El siglo XIX (I), Madrid, Espasa-Calpe. <\/p>\n<p>GARC\u00cdA S\u00c1NCHEZ, F. (1993) Tres aproximaciones a la novela hist\u00f3rica rom\u00e1ntica, Ottawa, Dovehouse Editions. GIES, D. T. (1996) El teatro en la Espa\u00f1a del siglo XIX, Cambridge, Cambridge University Press. <\/p>\n<p>GOENAGA, \u00c1ngel, MAGUNA, Juan P. (1997) Teatro espa\u00f1ol del siglo XIX. An\u00e1lisis de obras, Madrid, C\u00e1tedra. <\/p>\n<p>GOGORZA FLETCHER, M. (1974) The Spanish Historical Novel, 1870-1970: : a study of ten Spanish novelists, and their treatment of the &lsquo;episodio nacional&rsquo;, Londres, Tamsesis Book.<\/p>\n<p>GONZ\u00c1LEZ L\u00d3PEZ, E. (1965) Historia de la literatura espa\u00f1ola. La Edad Moderna (Siglos XVIII y XIX), New York, Las Am\u00e9ricas Publishing Company. <\/p>\n<p>GONZ\u00c1LEZ SUB\u00cdAS, J. L. (2005) Cat\u00e1logo de estudios sobre el teatro rom\u00e1ntico espa\u00f1ol y sus autores. Fuentes bibliogr\u00e1ficas, Madrid, Fundaci\u00f3n Universitaria Espa\u00f1ola. <\/p>\n<p>G NTER, G. y VARELA, J. L. (eds.) (1986) Entre el pueblo y la corona. Larra, Espronceda y la novela hist\u00f3rica del Romanticismo, Madrid, Universidad Complutense de Madrid. <\/p>\n<p>LA RUBIA PRADO, F. (2004) Retorno al futuro. Amor, muerte y desencanto en el Romanticismo espa\u00f1ol, Madrid, Biblioteca Nueva. <\/p>\n<p>LITVAK, L. (1998) Im\u00e1genes y textos. Estudios sobre literatura y pintura 1849-1936, \u00c1msterdam-Atlanta, Rodopi. <\/p>\n<p>LLOR\u00c9NS, V. (1979) Liberales y rom\u00e1nticos: una emigraci\u00f3n espa\u00f1ola en Inglaterra (1823-1834), Castalia, Valencia. LLORENS, V. (1980; 1983) El Romanticismo espa\u00f1ol, Madrid, Fundaci\u00f3n Juan March-Castalia. <\/p>\n<p>LOVETT, G. H. (1990) Romantic Spain, New York, American University Studies.<\/p>\n<p>MARRAST, R. (1974) Jos\u00e9 de Espronceda y su tiempo. Literatura, sociedad y pol\u00edtica en tiempos del romanticismo, Barcelona, Cr\u00edtica. <\/p>\n<p>MART\u00cdNEZ CACHERO, J. M. (1999) \u00ab\u00a0El siglo XIX\u00a0\u00bb, en J. Men\u00e9ndez Pel\u00e1ez, Historia de la literatura espa\u00f1ola, III, Siglo XVIII, XIX y XX, Le\u00f3n, Everest.<\/p>\n<p>MART\u00cdNEZ TORR\u00d3N, D. (ed.) (2000) Estudios de Literatura Rom\u00e1ntica Espa\u00f1ola, C\u00f3rdoba, Universidad de C\u00f3rdoba.<\/p>\n<p>MENARINI, P. (1982) El teatro rom\u00e1ntico espa\u00f1ol (1830-1850). Autores, obras, bibliograf\u00eda, Bolonia, Atesa. <\/p>\n<p>MIRALLES, E. (1979) La novela espa\u00f1ola de la Restauraci\u00f3n (1875-1885): sus formas y enunciados narrativos, Barcelona, Puvill.<\/p>\n<p>MONTESINOS, J. F. (1955) Introducci\u00f3n a una historia de la novela en Espa\u00f1a, en el siglo XIX, seguida del Esbozo de una bibliograf\u00eda espa\u00f1ola de traducciones de novelas (1800-1850), Madrid, Castalia.<\/p>\n<p>MONTESINOS, J. F. (1982) Introducci\u00f3n a una historia de la novela en Espa\u00f1a en el siglo XIX, Madrid, Castalia.<\/p>\n<p>MORALES MOYA, A. (1993) \u00ab\u00a0Historia de la historiograf\u00eda espa\u00f1ola\u00a0\u00bb, en M. Artola (dir.), Enciclopedia de Historia de Espa\u00f1a, Madrid, Alianza, t. VII, pp. 583-684.  <\/p>\n<p>MORENO ALONSO, M. (1979) Historiograf\u00eda rom\u00e1ntica espa\u00f1ola. Introducci\u00f3n al estudio de la historia en el siglo XIX, Sevilla, Universidad de Sevilla. <\/p>\n<p>PEDRAZA, F. y RODR\u00cdGUEZ, M. (1982) Manual de literatura espa\u00f1ola, t. VI. \u00c9poca rom\u00e1ntica, Tafalla, C\u00e9nlit.  <\/p>\n<p>PEERS, E.A. (1954; 1973) Historia del movimiento rom\u00e1ntico en Espa\u00f1a (2 vols.), Madrid, Gredos.<\/p>\n<p>PEIR\u00d3 MARTIN, I. (1995; 20062) Los guardianes de la Historia. La historiograf\u00eda acad\u00e9mica de la Restauraci\u00f3n, Zaragoza, Instituci\u00f3n \u00ab\u00a0Fernando el Cat\u00f3lico\u00a0\u00bb. <\/p>\n<p>PEIR\u00d3 MARTIN, I. (1996) \u00ab\u00a0Los historiadores oficiales de la Restauraci\u00f3n (1874-1910)\u00a0\u00bb, Bolet\u00edn de la Real Academia de la Historia, CXCIII\/I, pp. 13-72. <\/p>\n<p>PEIR\u00d3 MARTIN, I. (2008) El espect\u00e1culo de la Historia. Im\u00e1genes del pasado nacional y representaciones del oficio de historiador, Salamanca, Prensas Universitarias de Salamanca. <\/p>\n<p>PORRAS CASTRO, S. (1999) La novela hist\u00f3rica y el Risorgimento. Espa\u00f1a y la novela hist\u00f3rica italiana, Valladolid, Universidad de Valladolid. <\/p>\n<p>REES, MARGARET A. (2001) The Nineteent-Century Theatre in Spain: A Bibliography of Criticism and Documentation, Publications of the Bulletin of Hispanic Studies, LXXVIII, Suppplement, Glasgow, The University of Glasgow\/Abingdon, Carfax, Taylor &amp; Francis Ltd.<\/p>\n<p>RIBAO PEREIRA, M. (1999) Textos y representaci\u00f3n del drama hist\u00f3rico en el Romanticismo espa\u00f1ol, Pamplona, EUNSA.<\/p>\n<p>ROMERO TOBAR, L. (1976) La novela popular espa\u00f1ola del siglo XIX, Madrid, Fundaci\u00f3n Juan March-Ariel.<\/p>\n<p>ROMERO TOBAR, L. (1994) Panorama cr\u00edtico del romanticismo espa\u00f1ol, Madrid, Castalia.<\/p>\n<p>RUBIO JIM\u00c9NEZ, J. (1982) Ideolog\u00eda y teatro en Espa\u00f1a: 1890-1900, Zaragoza, Universidad de Zaragoza-P\u00f3rtico.<\/p>\n<p>RUBIO JIM\u00c9NEZ, J. (1983) El teatro en el siglo XIX, Madrid, Playor.<\/p>\n<p>RUIZ RAM\u00d3N, F. (1986) Historia del teatro espa\u00f1ol, Madrid, C\u00e1tedra.<\/p>\n<p>SEBOLD, R. P. (1983) Trayectoria del Romanticismo espa\u00f1ol. Desde la Ilustraci\u00f3n hasta B\u00e9cquer, Barcelona, Cr\u00edtica. <\/p>\n<p>SEBOLD, R. P. (2002) La novela rom\u00e1ntica en Espa\u00f1a. Entre el libro de caballer\u00edas y novela moderna, Salamanca, Universidad de Salamanca. <\/p>\n<p>SEBOLD, P. (1952) De ilustrados y rom\u00e1nticos, Madrid, El Museo Universal SHAW, D. L. (1973) Historia de la literatura espa\u00f1ola, t. V. El siglo XIX. Letras e ideas, Barcelona, Ariel.  <\/p>\n<p>SILVER, Ph.W. (1996) Ruina y restituci\u00f3n: Reinterpretaci\u00f3n del Romanticismo en Espa\u00f1a, Madrid, C\u00e1tedra.  <\/p>\n<p>SPANG, R. P.; ARELLANO, I. y MATA, C. (1995) La novela hist\u00f3rica. Teor\u00eda y comentarios, Mutilva Baja, Ediciones de la Universidad de Navarra.<\/p>\n<p>THATCHER GIES, D. (1996) El teatro en la Espa\u00f1a del siglo XIX, Cambridge, Cambridge University Press.<\/p>\n<p>TRANC\u00d3N LAGUNAS, M. (2000) La literatura fant\u00e1stica en la prensa del romanticismo, Valencia, Instituci\u00f3n Alfons el Magn nim.<\/p>\n<p>VALBUENA PRATT, \u00c1. (1968) Historia de la Literatura Espa\u00f1ola, t. VIII, Barcelona.   <\/p>\n<p>VARELA J\u00c1COME, B. (1974) Estructuras novel\u00edsticas del siglo XIX, Barcelona, Aub\u00ed. VV.AA (1984) Teatro romantico spagnolo, Quaderni Della Facult\u00e1 di Lettere e Filosofia Della Universit\u00e1 di Bolonia, 4, Bolonia. VV.AA. (1988) La narrativa rom\u00e1ntica. Romanticismo, 3-4.     <\/p>\n<p>WARD, Th. (2004) La teor\u00eda literaria: Romanticismo, krausismo y modernismo ante la globalizaci\u00f3n industrials, University of Mississippi.  <\/p>\n<p>Y\u00c1\u00d1EZ, P. (1991) La historia, inagotable tem\u00e1tica novelesca. Esbozo de estudio sobre la novela hist\u00f3rica espa\u00f1ola hasta 1834 y an\u00e1lisis de la aportaci\u00f3n de Larra al g\u00e9nero, Berna, Lang. <\/p>\n<p>ZAVALA, I. M. (1971) Ideolog\u00eda y pol\u00edtica en la novela espa\u00f1ola del siglo XIX, Salamanca, Anaya.<\/p>\n<p>ZAVALA, I. M. (1982) \u00ab\u00a0La fortuna del teatro rom\u00e1ntico\u00a0\u00bb, en Historia y cr\u00edtica de la literatura espa\u00f1ola, t. 5, Barcelona, Cr\u00edtica, pp. 183-199.  <\/p>\n<p>ZELLARS, G. (1938) La novela hist\u00f3rica en Espa\u00f1a, 1828-1850, Nueva York, Instituto de Espa\u00f1a.<\/p>\n<p>[\/et_pb_text][et_pb_text _builder_version=\u00a0\u00bb4.24.3&Prime; _module_preset=\u00a0\u00bbdefault\u00a0\u00bb text_font=\u00a0\u00bbLato||||||||\u00a0\u00bb text_text_color=\u00a0\u00bb#6d6d6d\u00a0\u00bb text_font_size=\u00a0\u00bb16px\u00a0\u00bb header_text_align=\u00a0\u00bbleft\u00a0\u00bb header_text_color=\u00a0\u00bb#000000&Prime; header_3_font=\u00a0\u00bbMontserrat|800|||||||\u00a0\u00bb header_3_text_color=\u00a0\u00bb#773442&Prime; custom_margin=\u00a0\u00bb||||false|false\u00a0\u00bb custom_padding=\u00a0\u00bb||||false|false\u00a0\u00bb hover_enabled=\u00a0\u00bb0&Prime; global_colors_info=\u00a0\u00bb{}\u00a0\u00bb sticky_enabled=\u00a0\u00bb0&Prime;]<strong>Selecci\u00f3n bibliogr\u00e1fica realizada por: Juli\u00e1n Ortega<\/strong>[\/et_pb_text][\/et_pb_column][\/et_pb_row][\/et_pb_section]<\/p>\n","protected":false},"excerpt":{"rendered":"<p>BIBLIOGRAF\u00cdAROMANTICISMOBIBLIOGRAPHIE ROMANTISMEALBORG, J. L. (1980) Historia de la Literatura Espa\u00f1ola, t. IV. El Romanticismo, Madrid, Gredos. BALLESTEROS DORADO, A. I. (2003) Espacios del drama rom\u00e1ntico espa\u00f1ol, Madrid, CSIC. BAQUERO GOYANES, M. (1949) El cuento espa\u00f1ol en el siglo XIX, Madrid, CISC. BERNARDI, A. (2005), La mujer en la novela hist\u00f3rica rom\u00e1ntica, Perugia, Morlacchi Editore. BLANCO [&hellip;]<\/p>\n","protected":false},"author":2,"featured_media":0,"parent":11905,"menu_order":0,"comment_status":"closed","ping_status":"closed","template":"","meta":{"_acf_changed":false,"_et_pb_use_builder":"on","_et_pb_old_content":"","_et_gb_content_width":"","footnotes":""},"class_list":["post-11917","page","type-page","status-publish","hentry"],"acf":[],"_links":{"self":[{"href":"https:\/\/amantesdeteruel.es\/fr\/wp-json\/wp\/v2\/pages\/11917","targetHints":{"allow":["GET"]}}],"collection":[{"href":"https:\/\/amantesdeteruel.es\/fr\/wp-json\/wp\/v2\/pages"}],"about":[{"href":"https:\/\/amantesdeteruel.es\/fr\/wp-json\/wp\/v2\/types\/page"}],"author":[{"embeddable":true,"href":"https:\/\/amantesdeteruel.es\/fr\/wp-json\/wp\/v2\/users\/2"}],"replies":[{"embeddable":true,"href":"https:\/\/amantesdeteruel.es\/fr\/wp-json\/wp\/v2\/comments?post=11917"}],"version-history":[{"count":2,"href":"https:\/\/amantesdeteruel.es\/fr\/wp-json\/wp\/v2\/pages\/11917\/revisions"}],"predecessor-version":[{"id":11919,"href":"https:\/\/amantesdeteruel.es\/fr\/wp-json\/wp\/v2\/pages\/11917\/revisions\/11919"}],"up":[{"embeddable":true,"href":"https:\/\/amantesdeteruel.es\/fr\/wp-json\/wp\/v2\/pages\/11905"}],"wp:attachment":[{"href":"https:\/\/amantesdeteruel.es\/fr\/wp-json\/wp\/v2\/media?parent=11917"}],"curies":[{"name":"wp","href":"https:\/\/api.w.org\/{rel}","templated":true}]}}