{"id":5714,"date":"2022-11-25T14:28:20","date_gmt":"2022-11-25T14:28:20","guid":{"rendered":"https:\/\/amantesdeteruel.es\/?page_id=5714"},"modified":"2022-11-25T14:50:52","modified_gmt":"2022-11-25T14:50:52","slug":"visita-familiar-ninos-desde-7-anos","status":"publish","type":"page","link":"https:\/\/amantesdeteruel.es\/fr\/visita-familiar-ninos-desde-7-anos\/","title":{"rendered":"Visita familiar (ni\u00f1os desde 7 a\u00f1os)"},"content":{"rendered":"<p>[et_pb_section fb_built=\u00a0\u00bb1&Prime; _builder_version=\u00a0\u00bb4.17.4&Prime; _module_preset=\u00a0\u00bbdefault\u00a0\u00bb locked=\u00a0\u00bboff\u00a0\u00bb global_colors_info=\u00a0\u00bb{}\u00a0\u00bb][et_pb_row use_custom_gutter=\u00a0\u00bbon\u00a0\u00bb gutter_width=\u00a0\u00bb4&Prime; _builder_version=\u00a0\u00bb4.17.4&Prime; _module_preset=\u00a0\u00bbdefault\u00a0\u00bb max_width=\u00a0\u00bb2560px\u00a0\u00bb global_colors_info=\u00a0\u00bb{}\u00a0\u00bb][et_pb_column type=\u00a0\u00bb4_4&Prime; _builder_version=\u00a0\u00bb4.17.4&Prime; _module_preset=\u00a0\u00bbdefault\u00a0\u00bb global_colors_info=\u00a0\u00bb{}\u00a0\u00bb][et_pb_button button_url=\u00a0\u00bb@ET-DC@eyJkeW5hbWljIjp0cnVlLCJjb250ZW50IjoicG9zdF9saW5rX3VybF9wYWdlIiwic2V0dGluZ3MiOnsicG9zdF9pZCI6IjIzMiJ9fQ==@\u00a0\u00bb button_text=\u00a0\u00bbVolver a educaci\u00f3n\u00a0\u00bb _builder_version=\u00a0\u00bb4.17.4&Prime; _dynamic_attributes=\u00a0\u00bbbutton_url\u00a0\u00bb _module_preset=\u00a0\u00bbdefault\u00a0\u00bb custom_button=\u00a0\u00bbon\u00a0\u00bb button_text_size=\u00a0\u00bb15px\u00a0\u00bb button_text_color=\u00a0\u00bb#adadad\u00a0\u00bb button_bg_color=\u00a0\u00bbRGBA(255,255,255,0)\u00a0\u00bb button_border_width=\u00a0\u00bb0px\u00a0\u00bb button_border_color=\u00a0\u00bbRGBA(255,255,255,0)\u00a0\u00bb button_border_radius=\u00a0\u00bb0px\u00a0\u00bb button_font=\u00a0\u00bbNunito||||||||\u00a0\u00bb button_icon=\u00a0\u00bb&#x34;||divi||400&Prime; button_icon_placement=\u00a0\u00bbleft\u00a0\u00bb custom_margin=\u00a0\u00bb||30px||false|false\u00a0\u00bb locked=\u00a0\u00bboff\u00a0\u00bb global_colors_info=\u00a0\u00bb{}\u00a0\u00bb][\/et_pb_button][et_pb_text _builder_version=\u00a0\u00bb4.17.4&Prime; _module_preset=\u00a0\u00bbdefault\u00a0\u00bb text_font=\u00a0\u00bbMontserrat|700|||||||\u00a0\u00bb text_text_color=\u00a0\u00bb#333333&Prime; text_font_size=\u00a0\u00bb48px\u00a0\u00bb text_line_height=\u00a0\u00bb1em\u00a0\u00bb custom_margin=\u00a0\u00bb||27px|||\u00a0\u00bb hover_enabled=\u00a0\u00bb0&Prime; global_colors_info=\u00a0\u00bb{}\u00a0\u00bb sticky_enabled=\u00a0\u00bb0&Prime;]<\/p>\n<p>Visita familiar (ni\u00f1os desde 7 a\u00f1os)<\/p>\n<p>[\/et_pb_text][et_pb_text _builder_version=\u00a0\u00bb4.17.4&Prime; _module_preset=\u00a0\u00bbdefault\u00a0\u00bb text_font=\u00a0\u00bbNunito||||||||\u00a0\u00bb hover_enabled=\u00a0\u00bb0&Prime; global_colors_info=\u00a0\u00bb{}\u00a0\u00bb sticky_enabled=\u00a0\u00bb0&Prime;]<img loading=\"lazy\" decoding=\"async\" style=\"float: right;\" src=\"https:\/\/amantesdeteruel.es\/wp-content\/uploads\/2022\/10\/accordion3-300x222.jpg\" width=\"380\" height=\"222\" alt=\"\" class=\"wp-image-261 alignnone size-medium\" \/><\/p>\n<p>Ven a disfrutar en familia con los m\u00e1s peque\u00f1os de una visita diferente al Conjunto Amantes. Conocer\u00e1s la historia de los Amantes y uno de los m\u00e1s bellos y completos conjuntos mud\u00e9jares de Teruel. El lenguaje de la visita ser\u00e1 cercano, divertido y adaptado para que los m\u00e1s peque\u00f1os disfruten de esta experiencia en familia.<\/p>\n<p>&nbsp;<\/p>\n<p><strong>Tipo de actividad: <\/strong>Visita guiada familiar. Adaptada a ni\u00f1os a partir de 7 a\u00f1os (nivel primaria).<\/p>\n<p><strong>Duraci\u00f3n: <\/strong>1:30 horas aproximadamente<\/p>\n<p><strong>Incluye: <\/strong>Visita guiada por el Mausoleo de los Amantes y el Conjunto Mud\u00e9jar de San Pedro.<\/p>\n<p><strong>Requisitos: <\/strong>Es una visita familiar. Los ni\u00f1os deben ir acompa\u00f1ados por al menos un adulto.<\/p>\n<p><strong>Fechas: S\u00e1bados y domingos a las 12:00 y 17:00 h.<\/strong><\/p>\n<p><strong>(enlace venta entradas familiares)<\/strong><\/p>\n<p>&nbsp;<\/p>\n<p>&nbsp;[\/et_pb_text][\/et_pb_column][\/et_pb_row][\/et_pb_section]<\/p>\n","protected":false},"excerpt":{"rendered":"<p>Visita familiar (ni\u00f1os desde 7 a\u00f1os) Ven a disfrutar en familia con los m\u00e1s peque\u00f1os de una visita diferente al Conjunto Amantes. Conocer\u00e1s la historia de los Amantes y uno de los m\u00e1s bellos y completos conjuntos mud\u00e9jares de Teruel. El lenguaje de la visita ser\u00e1 cercano, divertido y adaptado para que los m\u00e1s peque\u00f1os [&hellip;]<\/p>\n","protected":false},"author":1,"featured_media":0,"parent":0,"menu_order":0,"comment_status":"closed","ping_status":"closed","template":"","meta":{"_acf_changed":false,"_et_pb_use_builder":"on","_et_pb_old_content":"","_et_gb_content_width":"","footnotes":""},"class_list":["post-5714","page","type-page","status-publish","hentry"],"acf":[],"_links":{"self":[{"href":"https:\/\/amantesdeteruel.es\/fr\/wp-json\/wp\/v2\/pages\/5714","targetHints":{"allow":["GET"]}}],"collection":[{"href":"https:\/\/amantesdeteruel.es\/fr\/wp-json\/wp\/v2\/pages"}],"about":[{"href":"https:\/\/amantesdeteruel.es\/fr\/wp-json\/wp\/v2\/types\/page"}],"author":[{"embeddable":true,"href":"https:\/\/amantesdeteruel.es\/fr\/wp-json\/wp\/v2\/users\/1"}],"replies":[{"embeddable":true,"href":"https:\/\/amantesdeteruel.es\/fr\/wp-json\/wp\/v2\/comments?post=5714"}],"version-history":[{"count":3,"href":"https:\/\/amantesdeteruel.es\/fr\/wp-json\/wp\/v2\/pages\/5714\/revisions"}],"predecessor-version":[{"id":5718,"href":"https:\/\/amantesdeteruel.es\/fr\/wp-json\/wp\/v2\/pages\/5714\/revisions\/5718"}],"wp:attachment":[{"href":"https:\/\/amantesdeteruel.es\/fr\/wp-json\/wp\/v2\/media?parent=5714"}],"curies":[{"name":"wp","href":"https:\/\/api.w.org\/{rel}","templated":true}]}}