{"id":589,"date":"2022-10-28T09:33:06","date_gmt":"2022-10-28T09:33:06","guid":{"rendered":"https:\/\/amantesdeteruel.es\/?page_id=589"},"modified":"2023-01-17T07:37:19","modified_gmt":"2023-01-17T07:37:19","slug":"refund_returns","status":"publish","type":"page","link":"https:\/\/amantesdeteruel.es\/fr\/refund_returns\/","title":{"rendered":"Pol\u00edtica de reembolso y devoluciones"},"content":{"rendered":"<p>[et_pb_section fb_built=\u00a0\u00bb1&Prime; _builder_version=\u00a0\u00bb4.16&Prime; global_colors_info=\u00a0\u00bb{}\u00a0\u00bb][et_pb_row _builder_version=\u00a0\u00bb4.16&Prime; background_size=\u00a0\u00bbinitial\u00a0\u00bb background_position=\u00a0\u00bbtop_left\u00a0\u00bb background_repeat=\u00a0\u00bbrepeat\u00a0\u00bb global_colors_info=\u00a0\u00bb{}\u00a0\u00bb][et_pb_column type=\u00a0\u00bb4_4&Prime; _builder_version=\u00a0\u00bb4.16&Prime; custom_padding=\u00a0\u00bb|||\u00a0\u00bb global_colors_info=\u00a0\u00bb{}\u00a0\u00bb custom_padding__hover=\u00a0\u00bb|||\u00a0\u00bb][et_pb_text _builder_version=\u00a0\u00bb4.19.2&Prime; background_size=\u00a0\u00bbinitial\u00a0\u00bb background_position=\u00a0\u00bbtop_left\u00a0\u00bb background_repeat=\u00a0\u00bbrepeat\u00a0\u00bb hover_enabled=\u00a0\u00bb0&Prime; global_colors_info=\u00a0\u00bb{}\u00a0\u00bb sticky_enabled=\u00a0\u00bb0&Prime;]<\/p>\n<h1 style=\"font-size: 36px; text-align: center;\"><strong>POL\u00cdTICA DE REEMBOLSO Y DEVOLUCIONES<\/strong><\/h1>\n<p><strong><\/strong><\/p>\n<p><strong><\/strong><\/p>\n<p>El objetivo de la tienda online de la Fundaci\u00f3n Amantes es proporcionar el mejor servicio posible. Salvo en los supuestos que se detallan a continuaci\u00f3n, si por alguna raz\u00f3n no est\u00e1s satisfecho con tu pedido, puedes cancelarlo y, si ya lo has recibido, devolver los art\u00edculos que hayas pedido, en el plazo de hasta 14 d\u00edas naturales desde la recepci\u00f3n o retirada del pedido y recibir el reembolso del importe de la compra, es decir, excluyendo los gastos de env\u00edo. Para realizar una devoluci\u00f3n comun\u00edcalo cuanto antes a <a href=\"mailto:fundacion@amantesdeteruel.es\">fundacion@amantesdeteruel.es<br \/><\/a><br \/>No ser\u00e1 aplicable el derecho de desistimiento (devoluci\u00f3n) en los supuestos de adquisici\u00f3n de grabaciones sonoras, de v\u00eddeo, libros, que hubiesen sido desprecintados o aquellos art\u00edculos que, por su naturaleza, no puedan ser devueltos o puedan deteriorarse o caducar con rapidez.<\/p>\n<p>Tampoco de todos aquellos objetos ya desprecintados.<\/p>\n<p>&nbsp;<\/p>\n<div class=\"letra_gris_13_helvetica\"><\/div>\n<div class=\"letra_gris_13_helvetica\"><\/div>\n<div class=\"letra_gris_13_helvetica\"><\/div>\n<div class=\"letra_gris_13_helvetica\">\n<p>Una vez recibida la comunicaci\u00f3n de la intenci\u00f3n de devolver un pedido daremos acuse de recibo sin demora y te indicaremos c\u00f3mo proceder para facilitarte la devoluci\u00f3n todo lo posible. El producto o productos del pedido deben ser devueltos en perfectas condiciones (debe estar en buen estado de funcionamiento). Si la devoluci\u00f3n no se hace en el mismo embalaje o retractilado de origen se entender\u00e1 que el producto ha sufrido una depreciaci\u00f3n que ser\u00e1 estimada por la Fundaci\u00f3n de manera justa y proporcionada para ser deducida del importe que ser\u00e1 reintegrado.<\/p>\n<p>La Fundaci\u00f3n Amantes no se har\u00e1 cargo de las devoluciones de pedidos.<\/p>\n<p>Importante: En la Tienda del Mausoleo no se aceptar\u00e1n devoluciones de pedidos de la Tienda online. Estas devoluciones se deben gestionar como se ha descrito anteriormente contactando previamente por e-mail y se debe esperar a recibir respuesta antes de nada.<\/p>\n<p>No es posible cambiar un art\u00edculo elegido por otro.<\/p>\n<p>Los reembolsos se har\u00e1n mediante el mismo medio de pago que se us\u00f3 para la compra.<br \/>Estos reembolsos se har\u00e1n lo antes posible y dentro de los plazos legalmente establecidos una vez que haya sido recibida la devoluci\u00f3n y el respeto de los t\u00e9rminos y las condiciones de devoluci\u00f3n.<\/p>\n<\/div>\n<p>[\/et_pb_text][\/et_pb_column][\/et_pb_row][\/et_pb_section]<\/p>\n","protected":false},"excerpt":{"rendered":"<p>POL\u00cdTICA DE REEMBOLSO Y DEVOLUCIONES El objetivo de la tienda online de la Fundaci\u00f3n Amantes es proporcionar el mejor servicio posible. Salvo en los supuestos que se detallan a continuaci\u00f3n, si por alguna raz\u00f3n no est\u00e1s satisfecho con tu pedido, puedes cancelarlo y, si ya lo has recibido, devolver los art\u00edculos que hayas pedido, en [&hellip;]<\/p>\n","protected":false},"author":1,"featured_media":0,"parent":0,"menu_order":0,"comment_status":"closed","ping_status":"closed","template":"","meta":{"_acf_changed":false,"_et_pb_use_builder":"on","_et_pb_old_content":"<!-- wp:paragraph -->\n<p>El objetivo de la tienda online de la Fundaci\u00f3n Amantes es proporcionar el mejor servicio posible. Salvo en los supuestos que se detallan a continuaci\u00f3n, si por alguna raz\u00f3n no est\u00e1s satisfecho con tu pedido, puedes cancelarlo y, si ya lo has recibido, devolver los art\u00edculos que hayas pedido, en el plazo de hasta 14 d\u00edas naturales desde la recepci\u00f3n o retirada del pedido y recibir el reembolso del importe de la compra, es decir, excluyendo los gastos de env\u00edo. Para realizar una devoluci\u00f3n comun\u00edcalo cuanto antes a <a href=\"mailto:fundacion@amantesdeteruel.es\">fundacion@amantesdeteruel.es<\/a><\/p>\n<!-- \/wp:paragraph -->\n\n<!-- wp:paragraph -->\n<p><br>No ser\u00e1 aplicable el derecho de desistimiento (devoluci\u00f3n) en los supuestos de adquisici\u00f3n de grabaciones sonoras, de v\u00eddeo, libros, que hubiesen sido desprecintados o aquellos art\u00edculos que, por su naturaleza, no puedan ser devueltos o puedan deteriorarse o caducar con rapidez.<\/p>\n<!-- \/wp:paragraph -->\n\n<!-- wp:paragraph -->\n<p><br>Tampoco de todos aquellos objetos ya desprecintados.<br><\/p>\n<!-- \/wp:paragraph -->\n\n<!-- wp:paragraph -->\n<p>Una vez recibida la comunicaci\u00f3n de la intenci\u00f3n de devolver un pedido daremos acuse de recibo sin demora y te indicaremos c\u00f3mo proceder para facilitarte la devoluci\u00f3n todo lo posible. El producto o productos del pedido deben ser devueltos en perfectas condiciones (debe estar en buen estado de funcionamiento). Si la devoluci\u00f3n no se hace en el mismo embalaje o retractilado de origen se entender\u00e1 que el producto ha sufrido una depreciaci\u00f3n que ser\u00e1 estimada por la Fundaci\u00f3n de manera justa y proporcionada para ser deducida del importe que ser\u00e1 reintegrado.<\/p>\n<!-- \/wp:paragraph -->\n\n<!-- wp:paragraph -->\n<p><br>La Fundaci\u00f3n Amantes no se har\u00e1 cargo de las devoluciones de pedidos.<\/p>\n<!-- \/wp:paragraph -->\n\n<!-- wp:paragraph -->\n<p><br>Importante: En la Tienda del Mausoleo no se aceptar\u00e1n devoluciones de pedidos de la Tienda online. Estas devoluciones se deben gestionar como se ha descrito anteriormente contactando previamente por e-mail y se debe esperar a recibir respuesta antes de nada.<\/p>\n<!-- \/wp:paragraph -->\n\n<!-- wp:paragraph -->\n<p><br>No es posible cambiar un art\u00edculo elegido por otro.<br><\/p>\n<!-- \/wp:paragraph -->\n\n<!-- wp:paragraph -->\n<p>Los reembolsos se har\u00e1n mediante el mismo medio de pago que se us\u00f3 para la compra.<br><\/p>\n<!-- \/wp:paragraph -->\n\n<!-- wp:paragraph -->\n<p>Estos reembolsos se har\u00e1n lo antes posible y dentro de los plazos legalmente establecidos una vez que haya sido recibida la devoluci\u00f3n y el respeto de los t\u00e9rminos y las condiciones de devoluci\u00f3n.<\/p>\n<!-- \/wp:paragraph -->\n\n<!-- wp:paragraph -->\n<p><\/p>\n<!-- \/wp:paragraph -->\n\n<!-- wp:paragraph -->\n<p><\/p>\n<!-- \/wp:paragraph -->","_et_gb_content_width":"1080","footnotes":""},"class_list":["post-589","page","type-page","status-publish","hentry"],"acf":[],"_links":{"self":[{"href":"https:\/\/amantesdeteruel.es\/fr\/wp-json\/wp\/v2\/pages\/589","targetHints":{"allow":["GET"]}}],"collection":[{"href":"https:\/\/amantesdeteruel.es\/fr\/wp-json\/wp\/v2\/pages"}],"about":[{"href":"https:\/\/amantesdeteruel.es\/fr\/wp-json\/wp\/v2\/types\/page"}],"author":[{"embeddable":true,"href":"https:\/\/amantesdeteruel.es\/fr\/wp-json\/wp\/v2\/users\/1"}],"replies":[{"embeddable":true,"href":"https:\/\/amantesdeteruel.es\/fr\/wp-json\/wp\/v2\/comments?post=589"}],"version-history":[{"count":12,"href":"https:\/\/amantesdeteruel.es\/fr\/wp-json\/wp\/v2\/pages\/589\/revisions"}],"predecessor-version":[{"id":8018,"href":"https:\/\/amantesdeteruel.es\/fr\/wp-json\/wp\/v2\/pages\/589\/revisions\/8018"}],"wp:attachment":[{"href":"https:\/\/amantesdeteruel.es\/fr\/wp-json\/wp\/v2\/media?parent=589"}],"curies":[{"name":"wp","href":"https:\/\/api.w.org\/{rel}","templated":true}]}}